{"id":1047737,"date":"2024-06-17T15:26:14","date_gmt":"2024-06-17T07:26:14","guid":{"rendered":"https:\/\/vimaterial.de\/product\/molibdeno-metalico-4\/"},"modified":"2024-06-17T15:26:14","modified_gmt":"2024-06-17T07:26:14","slug":"molibdeno-metalico-4","status":"publish","type":"product","link":"https:\/\/vimaterial.de\/es\/product\/molibdeno-metalico-4\/","title":{"rendered":"Molibdeno met\u00e1lico"},"content":{"rendered":"<p>La l\u00e1mina de molibdeno es un tipo de l\u00e1mina met\u00e1lica con alto punto de fusi\u00f3n, alta resistencia y dureza, buena conductividad t\u00e9rmica y conductividad el\u00e9ctrica, bajo coeficiente de expansi\u00f3n t\u00e9rmica, excelente resistencia a la corrosi\u00f3n y buena flexibilidad, etc. Se prepara mediante un proceso de laminado o el m\u00e9todo de deposici\u00f3n qu\u00edmica de vapor, y se utiliza ampliamente en los campos de la electr\u00f3nica, la \u00f3ptica, la aviaci\u00f3n y la industria aeroespacial, la industria qu\u00edmica, la atenci\u00f3n m\u00e9dica, la energ\u00eda, etc.<\/p>\n<p>VIMATERIAL ofrece <span style=\"color: #0000ff;\"><a style=\"color: #0000ff;\" href=\"https:\/\/vimaterial.de\/es\/search\/?type=element&#038;keyword=Mo\">molibdeno met\u00e1lico<\/a><\/span> de alta calidad y pureza; los tama\u00f1os pueden adaptarse a sus necesidades. <span style=\"color: #0000ff;\"><a style=\"color: #0000ff;\" href=\"https:\/\/vimaterial.de\/es\/contacto\/\">P\u00f3ngase en contacto con nosotros<\/a><\/span> para m\u00e1s informaci\u00f3n.<\/p>\n<h2><span style=\"font-size: 14pt;\">Propiedades f\u00edsicas<\/span><\/h2>\n<p>Punto de fusi\u00f3n: alrededor de 2620\u2103-2623\u2103.<\/p>\n<p>Punto de ebullici\u00f3n: aproximadamente 4639\u2103-5560\u2103.<\/p>\n<p>Densidad: 10,2 g\/cm\u00b3.<\/p>\n<p>Resistividad: alrededor de 0,05\u03a9\u30fbmm\u00b2\/m a temperatura ambiente, incluso menos de 0,5\u03a9\u30fbmm\u00b2 a 1500\u2103.<\/p>\n<p>Coeficiente de expansi\u00f3n t\u00e9rmica: peque\u00f1o, buena estabilidad t\u00e9rmica, peque\u00f1os cambios dimensionales durante los cambios de temperatura.<\/p>\n<p>Propiedades mec\u00e1nicas: alta dureza y resistencia, mientras que en comparaci\u00f3n con tungsteno y otros metales con mejor flexibilidad, hasta cierto punto, puede ser doblado, doblado y otras operaciones de procesamiento.<\/p>\n<h2><span style=\"font-size: 14pt;\">Aplicaciones de la l\u00e1mina de molibdeno<\/span><\/h2>\n<p>Industria electr\u00f3nica: La l\u00e1mina de molibdeno se utiliza en componentes electr\u00f3nicos como tubos, transistores y circuitos integrados para electrodos, filamentos y estructuras de soporte. Su buena conductividad, resistencia a altas temperaturas y estabilidad ayudan a proteger el rendimiento de los dispositivos. Tambi\u00e9n puede servir como material de encapsulaci\u00f3n para mejorar la disipaci\u00f3n del calor y la resistencia mec\u00e1nica.<\/p>\n<p>Campo \u00f3ptico: Se utiliza en instrumentos \u00f3pticos para espejos, campanas, filtros y estructuras de soporte. Su baja expansi\u00f3n t\u00e9rmica y buena maquinabilidad garantizan la precisi\u00f3n, estabilidad y fiabilidad de los componentes \u00f3pticos.<\/p>\n<p>Sector aeroespacial: La l\u00e1mina de molibdeno se utiliza en piezas de motores de alta temperatura, protecci\u00f3n t\u00e9rmica de naves espaciales y estructuras de sat\u00e9lites. Su alta resistencia, resistencia al calor y baja densidad satisfacen las exigencias de los entornos aeroespaciales extremos.<\/p>\n<p>Industria qu\u00edmica: Se utiliza como material resistente a la corrosi\u00f3n para reactores, intercambiadores de calor, tuber\u00edas y revestimientos protectores. Resiste \u00e1cidos, \u00e1lcalis y sales, prolongando la vida \u00fatil de los equipos y reduciendo los costes de mantenimiento.<\/p>\n<p>Sector m\u00e9dico: Se utiliza en \u00e1nodos de tubos de rayos X, blindaje contra radiaciones y otros dispositivos m\u00e9dicos. Su elevado punto de fusi\u00f3n, densidad y absorci\u00f3n de rayos garantizan la seguridad y el correcto funcionamiento.<\/p>\n<p>Sector energ\u00e9tico: Se utiliza en bater\u00edas, pilas de combustible y otros equipos energ\u00e9ticos como colectores de electrodos o soportes de membrana, mejorando el rendimiento y la eficiencia.<\/p>\n<h2><span style=\"font-size: 14pt;\">Embalaje y almacenamiento<\/span><\/h2>\n<p>La l\u00e1mina de molibdeno suele embalarse en bolsas o cajas selladas resistentes a la humedad y la oxidaci\u00f3n, a menudo con capas protectoras para evitar que se doble o da\u00f1e durante el transporte.<\/p>\n<p>Debe almacenarse en un entorno seco, ventilado y fresco, alejado de la humedad, los productos qu\u00edmicos corrosivos y las altas temperaturas, para mantener su estabilidad y la calidad de su superficie.<\/p>\n","protected":false},"excerpt":{"rendered":"<p>La l\u00e1mina de molibdeno es un tipo de l\u00e1mina met\u00e1lica con alto punto de fusi\u00f3n, alta resistencia y dureza, buena conductividad t\u00e9rmica y conductividad el\u00e9ctrica, bajo coeficiente de expansi\u00f3n t\u00e9rmica, excelente resistencia a la corrosi\u00f3n y buena flexibilidad, etc. Se prepara mediante un proceso de laminado o el m\u00e9todo de deposici\u00f3n qu\u00edmica de vapor, y [&hellip;]<\/p>\n","protected":false},"featured_media":1031757,"comment_status":"open","ping_status":"closed","template":"","meta":{"_acf_changed":false},"product_brand":[],"product_cat":[188],"product_tag":[],"class_list":{"0":"post-1047737","1":"product","2":"type-product","3":"status-publish","4":"has-post-thumbnail","6":"product_cat-perfil","8":"first","9":"instock","10":"shipping-taxable","11":"product-type-variable"},"acf":[],"_links":{"self":[{"href":"https:\/\/vimaterial.de\/es\/wp-json\/wp\/v2\/product\/1047737","targetHints":{"allow":["GET"]}}],"collection":[{"href":"https:\/\/vimaterial.de\/es\/wp-json\/wp\/v2\/product"}],"about":[{"href":"https:\/\/vimaterial.de\/es\/wp-json\/wp\/v2\/types\/product"}],"replies":[{"embeddable":true,"href":"https:\/\/vimaterial.de\/es\/wp-json\/wp\/v2\/comments?post=1047737"}],"wp:featuredmedia":[{"embeddable":true,"href":"https:\/\/vimaterial.de\/es\/wp-json\/wp\/v2\/media\/1031757"}],"wp:attachment":[{"href":"https:\/\/vimaterial.de\/es\/wp-json\/wp\/v2\/media?parent=1047737"}],"wp:term":[{"taxonomy":"product_brand","embeddable":true,"href":"https:\/\/vimaterial.de\/es\/wp-json\/wp\/v2\/product_brand?post=1047737"},{"taxonomy":"product_cat","embeddable":true,"href":"https:\/\/vimaterial.de\/es\/wp-json\/wp\/v2\/product_cat?post=1047737"},{"taxonomy":"product_tag","embeddable":true,"href":"https:\/\/vimaterial.de\/es\/wp-json\/wp\/v2\/product_tag?post=1047737"}],"curies":[{"name":"wp","href":"https:\/\/api.w.org\/{rel}","templated":true}]}}