{"id":1047698,"date":"2024-06-17T15:26:15","date_gmt":"2024-06-17T07:26:15","guid":{"rendered":"https:\/\/vimaterial.de\/product\/molibdeno-metalico-3\/"},"modified":"2024-06-17T15:26:15","modified_gmt":"2024-06-17T07:26:15","slug":"molibdeno-metalico-3","status":"publish","type":"product","link":"https:\/\/vimaterial.de\/es\/product\/molibdeno-metalico-3\/","title":{"rendered":"Molibdeno met\u00e1lico"},"content":{"rendered":"<p><span style=\"color: #0000ff;\"><a style=\"color: #0000ff;\" href=\"https:\/\/vimaterial.de\/es\/search\/?type=name&#038;keyword=molybdenum\">Molibdeno met\u00e1lico<\/a><\/span> el molibdeno met\u00e1lico en polvo es un importante material met\u00e1lico en polvo que se caracteriza por su gran pureza, tama\u00f1o de part\u00edcula fino, buena fluidez, alto punto de fusi\u00f3n, gran resistencia y buena estabilidad qu\u00edmica, entre otras caracter\u00edsticas. Se prepara por el m\u00e9todo de trituraci\u00f3n mec\u00e1nica y tiene una amplia gama de aplicaciones en pulvimetalurgia, materiales electr\u00f3nicos, catalizadores, materiales de revestimiento y campos energ\u00e9ticos.<\/p>\n<p>VIMATERIAL ofrece polvo de molibdeno de alta calidad con gran pureza y una amplia distribuci\u00f3n del tama\u00f1o de las part\u00edculas. <span style=\"color: #0000ff;\"><a style=\"color: #0000ff;\" href=\"https:\/\/vimaterial.de\/es\/contacto\/\">P\u00f3ngase en contacto con nosotros<\/a><\/span> para obtener m\u00e1s informaci\u00f3n profesional.<\/p>\n<h2><span style=\"font-size: 14pt;\">Propiedades f\u00edsicas<\/span><\/h2>\n<p>F\u00f3rmula qu\u00edmica: Mo<\/p>\n<p>Peso at\u00f3mico: 95,95 g\/mol<\/p>\n<p>Densidad: 10,22 g\/cm\u00b3<\/p>\n<p>Punto de fusi\u00f3n: 2610\u2103-2623\u2103.<\/p>\n<p>Punto de ebullici\u00f3n: 4639\u2103-5560\u2103.<\/p>\n<p>Color: Gris plateado o gris oscuro<\/p>\n<p>Resistencia a la tracci\u00f3n: 200-550 MPa<\/p>\n<p>Conductividad t\u00e9rmica: 138 W\/m-K<\/p>\n<h2><span style=\"font-size: 14pt;\">Aplicaciones del polvo met\u00e1lico de molibdeno<\/span><\/h2>\n<p>1. Metalurgia de polvos: El polvo de molibdeno se mezcla con otros polvos met\u00e1licos, se prensa y se sinteriza para producir piezas de aleaci\u00f3n de molibdeno como moldes, herramientas de corte y c\u00e1todos para sputtering. Estos productos se utilizan ampliamente en el mecanizado, la electr\u00f3nica y la industria aeroespacial.<\/p>\n<p>2. Materiales electr\u00f3nicos: Se utiliza para fabricar pastas electr\u00f3nicas y materiales de embalaje. Ayuda a formar l\u00edneas conductoras y electrodos y mejora la conductividad t\u00e9rmica y la resistencia mec\u00e1nica en componentes electr\u00f3nicos.<\/p>\n<p>3. Catalizadores: Por su gran superficie y buena estabilidad qu\u00edmica, el polvo de molibdeno se utiliza como catalizador o soporte de catalizadores en procesos petroqu\u00edmicos y reacciones qu\u00edmicas, mejorando su eficacia.<\/p>\n<p>4. Materiales de recubrimiento: Se utiliza en pulverizaci\u00f3n t\u00e9rmica y deposici\u00f3n f\u00edsica de vapor para formar revestimientos resistentes al desgaste, a la corrosi\u00f3n y a altas temperaturas.<\/p>\n<p>5. Aplicaciones energ\u00e9ticas: El polvo met\u00e1lico de molibdeno se utiliza en bater\u00edas de iones de litio y pilas de combustible para mejorar el rendimiento, la eficiencia y la vida \u00fatil de las bater\u00edas.<\/p>\n<h2><span style=\"font-size: 14pt;\">Envasado y almacenamiento<\/span><\/h2>\n<p>El polvo de molibdeno suele envasarse en sacos o bidones sellados a prueba de humedad y oxidaci\u00f3n, a menudo con materiales antiest\u00e1ticos y resistentes a los golpes para un transporte y almacenamiento seguros.<\/p>\n<p>Debe almacenarse en un ambiente seco, ventilado y fresco, lejos de la humedad, las altas temperaturas y los \u00e1cidos o \u00e1lcalis fuertes, para mantener la estabilidad qu\u00edmica y la fluidez.<\/p>\n","protected":false},"excerpt":{"rendered":"<p>Molibdeno met\u00e1lico el molibdeno met\u00e1lico en polvo es un importante material met\u00e1lico en polvo que se caracteriza por su gran pureza, tama\u00f1o de part\u00edcula fino, buena fluidez, alto punto de fusi\u00f3n, gran resistencia y buena estabilidad qu\u00edmica, entre otras caracter\u00edsticas. Se prepara por el m\u00e9todo de trituraci\u00f3n mec\u00e1nica y tiene una amplia gama de aplicaciones [&hellip;]<\/p>\n","protected":false},"featured_media":1049378,"comment_status":"open","ping_status":"closed","template":"","meta":{"_acf_changed":false},"product_brand":[],"product_cat":[193],"product_tag":[],"class_list":{"0":"post-1047698","1":"product","2":"type-product","3":"status-publish","4":"has-post-thumbnail","6":"product_cat-polvo-de-aleaciones-y-metales-puros","8":"first","9":"instock","10":"shipping-taxable","11":"purchasable","12":"product-type-variable"},"acf":[],"_links":{"self":[{"href":"https:\/\/vimaterial.de\/es\/wp-json\/wp\/v2\/product\/1047698","targetHints":{"allow":["GET"]}}],"collection":[{"href":"https:\/\/vimaterial.de\/es\/wp-json\/wp\/v2\/product"}],"about":[{"href":"https:\/\/vimaterial.de\/es\/wp-json\/wp\/v2\/types\/product"}],"replies":[{"embeddable":true,"href":"https:\/\/vimaterial.de\/es\/wp-json\/wp\/v2\/comments?post=1047698"}],"wp:featuredmedia":[{"embeddable":true,"href":"https:\/\/vimaterial.de\/es\/wp-json\/wp\/v2\/media\/1049378"}],"wp:attachment":[{"href":"https:\/\/vimaterial.de\/es\/wp-json\/wp\/v2\/media?parent=1047698"}],"wp:term":[{"taxonomy":"product_brand","embeddable":true,"href":"https:\/\/vimaterial.de\/es\/wp-json\/wp\/v2\/product_brand?post=1047698"},{"taxonomy":"product_cat","embeddable":true,"href":"https:\/\/vimaterial.de\/es\/wp-json\/wp\/v2\/product_cat?post=1047698"},{"taxonomy":"product_tag","embeddable":true,"href":"https:\/\/vimaterial.de\/es\/wp-json\/wp\/v2\/product_tag?post=1047698"}],"curies":[{"name":"wp","href":"https:\/\/api.w.org\/{rel}","templated":true}]}}