{"id":1047658,"date":"2024-06-17T15:26:16","date_gmt":"2024-06-17T07:26:16","guid":{"rendered":"https:\/\/vimaterial.de\/product\/molibdeno-metalico\/"},"modified":"2024-06-17T15:26:16","modified_gmt":"2024-06-17T07:26:16","slug":"molibdeno-metalico","status":"publish","type":"product","link":"https:\/\/vimaterial.de\/es\/product\/molibdeno-metalico\/","title":{"rendered":"Molibdeno met\u00e1lico"},"content":{"rendered":"<p>La varilla de molibdeno es un tipo de varilla met\u00e1lica con alto punto de fusi\u00f3n, alta resistencia, bajo coeficiente de expansi\u00f3n t\u00e9rmica, etc. Se produce por pulvimetalurgia o m\u00e9todo de fusi\u00f3n, y se utiliza ampliamente en los campos de la electr\u00f3nica, la electricidad, los hornos de alta temperatura, el mecanizado, la industria aeroespacial y la industria qu\u00edmica.<\/p>\n<p>VIMATERIAL ofrece una gran variedad de molibdeno met\u00e1lico de gran pureza <span style=\"color: #0000ff;\"><a style=\"color: #0000ff;\" href=\"https:\/\/vimaterial.de\/es\/search\/?type=name&#038;keyword=molybdenum+metal\">molibdeno met\u00e1lico<\/a><\/span> de alta pureza, como barras de molibdeno, c\u00e1todos de molibdeno para sputtering, polvo de molibdeno, l\u00e1minas de molibdeno y gr\u00e1nulos de molibdeno. <span style=\"color: #0000ff;\"><a style=\"color: #0000ff;\" href=\"https:\/\/vimaterial.de\/es\/contacto\/\">P\u00f3ngase en contacto<\/a><\/span> para m\u00e1s informaci\u00f3n.<\/p>\n<h2><span style=\"font-size: 14pt;\">Propiedades de la varilla de molibdeno<\/span><\/h2>\n<p>Alto punto de fusi\u00f3n: Funde a 2623\u00b0C, lo que lo hace estable a altas temperaturas y adecuado para entornos de calor extremo.<\/p>\n<p>Alta resistencia y dureza: Puede soportar grandes fuerzas sin deformarse ni romperse, ideal para fabricar piezas duraderas y resistentes al desgaste.<\/p>\n<p>Baja expansi\u00f3n t\u00e9rmica: No se dilata mucho con los cambios de temperatura, manteniendo el tama\u00f1o y la precisi\u00f3n en equipos sensibles.<\/p>\n<p>Buena conductividad t\u00e9rmica y el\u00e9ctrica: Conduce eficazmente el calor y la electricidad, por lo que es \u00fatil en electr\u00f3nica y sistemas el\u00e9ctricos.<\/p>\n<p>Excelente resistencia a la corrosi\u00f3n: Resiste la corrosi\u00f3n de muchos productos qu\u00edmicos, por lo que es ideal para piezas en entornos dif\u00edciles.<\/p>\n<h2><span style=\"font-size: 14pt;\">Aplicaciones de la varilla de molibdeno<\/span><\/h2>\n<p>El\u00e9ctrica y electr\u00f3nica: Se utiliza como material de electrodos en tubos electr\u00f3nicos, transistores, circuitos integrados e industrias de la luz, como filamentos para l\u00e1mparas incandescentes y fluorescentes.<\/p>\n<p>Hornos de alta temperatura: Las piezas de molibdeno, como elementos calefactores y soportes, se utilizan en hornos (de vac\u00edo, resistencia, inducci\u00f3n) para mantener temperaturas estables y mejorar la eficacia del calentamiento y la calidad del producto.<\/p>\n<p>Mecanizado: Se utiliza para fabricar herramientas como brocas, herramientas de corte y moldes debido a su resistencia, dureza y resistencia al desgaste, mejorando la vida \u00fatil y la precisi\u00f3n de las herramientas.<\/p>\n<p>Aeroespacial: La varilla de molibdeno se utiliza en piezas de alta temperatura para motores y cohetes, como \u00e1labes de turbina y revestimientos de c\u00e1maras de combusti\u00f3n, para soportar condiciones extremas.<\/p>\n<p>Industria qu\u00edmica: Su resistencia a la corrosi\u00f3n lo hace ideal para reactores qu\u00edmicos, intercambiadores de calor y tuber\u00edas, ayudando a estos componentes a resistir los materiales corrosivos y durar m\u00e1s.<\/p>\n<h2><span style=\"font-size: 14pt;\">Embalaje y almacenamiento<\/span><\/h2>\n<p>Las barras de molibdeno suelen envasarse en materiales resistentes a la humedad, como bolsas de pl\u00e1stico selladas o bolsas de vac\u00edo, para evitar su oxidaci\u00f3n. A continuaci\u00f3n, se colocan en cajas de cart\u00f3n resistente o cajones de madera para protegerlas durante el transporte.<\/p>\n<p>Las barras de molibdeno deben almacenarse en un entorno seco y fresco, lejos de las altas temperaturas y la humedad. Deben mantenerse alejadas de sustancias corrosivas y protegidas de golpes y ara\u00f1azos.<\/p>\n","protected":false},"excerpt":{"rendered":"<p>La varilla de molibdeno es un tipo de varilla met\u00e1lica con alto punto de fusi\u00f3n, alta resistencia, bajo coeficiente de expansi\u00f3n t\u00e9rmica, etc. Se produce por pulvimetalurgia o m\u00e9todo de fusi\u00f3n, y se utiliza ampliamente en los campos de la electr\u00f3nica, la electricidad, los hornos de alta temperatura, el mecanizado, la industria aeroespacial y la [&hellip;]<\/p>\n","protected":false},"featured_media":1031777,"comment_status":"open","ping_status":"closed","template":"","meta":{"_acf_changed":false},"product_brand":[],"product_cat":[188],"product_tag":[],"class_list":{"0":"post-1047658","1":"product","2":"type-product","3":"status-publish","4":"has-post-thumbnail","6":"product_cat-perfil","8":"first","9":"instock","10":"shipping-taxable","11":"purchasable","12":"product-type-variable"},"acf":[],"_links":{"self":[{"href":"https:\/\/vimaterial.de\/es\/wp-json\/wp\/v2\/product\/1047658","targetHints":{"allow":["GET"]}}],"collection":[{"href":"https:\/\/vimaterial.de\/es\/wp-json\/wp\/v2\/product"}],"about":[{"href":"https:\/\/vimaterial.de\/es\/wp-json\/wp\/v2\/types\/product"}],"replies":[{"embeddable":true,"href":"https:\/\/vimaterial.de\/es\/wp-json\/wp\/v2\/comments?post=1047658"}],"wp:featuredmedia":[{"embeddable":true,"href":"https:\/\/vimaterial.de\/es\/wp-json\/wp\/v2\/media\/1031777"}],"wp:attachment":[{"href":"https:\/\/vimaterial.de\/es\/wp-json\/wp\/v2\/media?parent=1047658"}],"wp:term":[{"taxonomy":"product_brand","embeddable":true,"href":"https:\/\/vimaterial.de\/es\/wp-json\/wp\/v2\/product_brand?post=1047658"},{"taxonomy":"product_cat","embeddable":true,"href":"https:\/\/vimaterial.de\/es\/wp-json\/wp\/v2\/product_cat?post=1047658"},{"taxonomy":"product_tag","embeddable":true,"href":"https:\/\/vimaterial.de\/es\/wp-json\/wp\/v2\/product_tag?post=1047658"}],"curies":[{"name":"wp","href":"https:\/\/api.w.org\/{rel}","templated":true}]}}