{"id":1047585,"date":"2024-06-17T16:12:08","date_gmt":"2024-06-17T08:12:08","guid":{"rendered":"https:\/\/vimaterial.de\/product\/oxido-de-disprosio-3\/"},"modified":"2024-06-17T16:12:08","modified_gmt":"2024-06-17T08:12:08","slug":"oxido-de-disprosio-3","status":"publish","type":"product","link":"https:\/\/vimaterial.de\/es\/product\/oxido-de-disprosio-3\/","title":{"rendered":"\u00d3xido de disprosio"},"content":{"rendered":"<p><span style=\"color: #0000ff;\"><a style=\"color: #0000ff;\" href=\"https:\/\/vimaterial.de\/es\/product\/oxido-de-disprosio-2\/\">El \u00f3xido de disprosio<\/a><\/span> es un importante compuesto inorg\u00e1nico de tierras raras, que suele presentarse en forma de polvo blanco o amarillo claro, y es conocido por su buena estabilidad qu\u00edmica, as\u00ed como por sus propiedades magn\u00e9ticas y \u00f3pticas \u00fanicas. Se utiliza ampliamente en materiales magn\u00e9ticos, materiales l\u00e1ser, la industria nuclear y la cer\u00e1mica funcional, y desempe\u00f1a un papel importante en la fabricaci\u00f3n de materiales avanzados y la investigaci\u00f3n cient\u00edfica.<\/p>\n<p>VIMATERIAL ofrece <strong>\u00f3xido de disprosio de alta calidad<\/strong> con gran pureza y propiedades estables, adecuado para materiales magn\u00e9ticos, l\u00e1seres, cer\u00e1micas y otras aplicaciones industriales y de investigaci\u00f3n avanzadas. Si lo desea, podemos ofrecerle soluciones y servicios personalizados. No dude en<span style=\"color: #0000ff;\"><a style=\"color: #0000ff;\" href=\"https:\/\/vimaterial.de\/es\/contacto\/\"> ponerse en contacto con nosotros<\/a>.<\/span><\/p>\n<h2><span style=\"font-size: 14pt;\">Propiedades f\u00edsicas<\/span><\/h2>\n<p>F\u00f3rmula molecular: Dy\u2082O\u2083<\/p>\n<p>Peso molecular: 373,00 g\/mol<\/p>\n<p>Aspecto: Blanco a amarillo claro<\/p>\n<p>Densidad: 7,81 g\/cm\u00b3 (25\u00b0C)<\/p>\n<p>Punto de fusi\u00f3n: 2330 &#8211; 2352\u00b0C<\/p>\n<p>Estructura cristalina: Sistema cristalino c\u00fabico<\/p>\n<p>Solubilidad: insoluble en agua, soluble en \u00e1cido concentrado caliente.<\/p>\n<p>Estabilidad: Estable en el aire, necesita ser sellado contra la humedad.<\/p>\n<h2><span style=\"font-size: 14pt;\">Aplicaciones del \u00f3xido de disprosio<\/span><\/h2>\n<p>Materiales magn\u00e9ticos permanentes: la adici\u00f3n de aproximadamente un 2-3% de \u00f3xido de disprosio a los imanes permanentes de NdFeB puede mejorar significativamente su coercitividad, lo que constituye un aditivo importante para los imanes de NdFeB.<\/p>\n<p>\u00d3ptica: El \u00f3xido de disprosio puede utilizarse en la fabricaci\u00f3n de l\u00e1mparas de halogenuros met\u00e1licos y otras fuentes de iluminaci\u00f3n para mejorar la eficiencia luminosa y la reproducci\u00f3n crom\u00e1tica de las fuentes de luz, y tambi\u00e9n puede utilizarse en la fabricaci\u00f3n de l\u00e1mparas de disprosio, que son un nuevo tipo de fuente de luz con alto brillo y buen color de luz, adem\u00e1s de utilizarse como revestimiento de \u00e1nodos.<\/p>\n<p>Materiales de almacenamiento magneto-\u00f3ptico: Estos materiales pueden utilizarse para preparar materiales de almacenamiento magneto-\u00f3pticos, que utilizan el efecto magneto-\u00f3ptico para almacenar y leer informaci\u00f3n.<\/p>\n<p>Industria del vidrio: La adici\u00f3n de una cantidad adecuada de \u00f3xido de disprosio puede mejorar las propiedades \u00f3pticas y la estabilidad t\u00e9rmica y qu\u00edmica del vidrio.<\/p>\n<h2><span style=\"font-size: 14pt;\">Control de calidad<\/span><\/h2>\n<p><span style=\"color: #0000ff;\"><a style=\"color: #0000ff;\" href=\"https:\/\/vimaterial.de\/es\/control-de-calidad\/\">VI HALBLEITERMATERIAL GmbH <\/a><\/span>aplica un estricto control de calidad de todo el proceso y un mecanismo de resoluci\u00f3n de problemas 8D para garantizar que los productos cumplen las normas REACH, ASTM y del sector, y apoyar el desarrollo sostenible y la trazabilidad de la cadena de suministro. La empresa se compromete a proporcionar a los clientes productos y servicios de alta calidad gestionando todo el proceso, desde la I+D hasta la entrega, y adhiri\u00e9ndose al principio de reelaboraci\u00f3n de los productos no conformes.<\/p>\n<h2><span style=\"font-size: 14pt;\">Embalaje<\/span><\/h2>\n<p>Envasado interior: Embotellado o embolsado y sellado al vac\u00edo.<\/p>\n<p>Envasado exterior: Los productos sellados al vac\u00edo se colocan en cajas de cart\u00f3n especialmente dise\u00f1adas.<\/p>\n<p>Envasado personalizado: La capacidad y los formatos de los envases pueden personalizarse de forma flexible seg\u00fan los requisitos del cliente.<\/p>\n<h2><span style=\"font-size: 14pt;\">Manipulaci\u00f3n y almacenamiento<\/span><\/h2>\n<p>Manipulaci\u00f3n: Manipular en un \u00e1rea bien ventilada y evitar la formaci\u00f3n de polvo. Llevar equipo de protecci\u00f3n adecuado.<\/p>\n<p>Almacenamiento: Almacenar en recipientes herm\u00e9ticamente cerrados en un lugar fresco y seco, lejos de la humedad.<\/p>\n","protected":false},"excerpt":{"rendered":"<p>El \u00f3xido de disprosio es un importante compuesto inorg\u00e1nico de tierras raras, que suele presentarse en forma de polvo blanco o amarillo claro, y es conocido por su buena estabilidad qu\u00edmica, as\u00ed como por sus propiedades magn\u00e9ticas y \u00f3pticas \u00fanicas. Se utiliza ampliamente en materiales magn\u00e9ticos, materiales l\u00e1ser, la industria nuclear y la cer\u00e1mica funcional, [&hellip;]<\/p>\n","protected":false},"featured_media":1038567,"comment_status":"open","ping_status":"closed","template":"","meta":{"_acf_changed":false},"product_brand":[],"product_cat":[186,184],"product_tag":[],"class_list":{"0":"post-1047585","1":"product","2":"type-product","3":"status-publish","4":"has-post-thumbnail","6":"product_cat-materiales-de-oxido-hidroxido","7":"product_cat-materiales-de-tierras-raras","9":"first","10":"instock","11":"shipping-taxable","12":"purchasable","13":"product-type-variable"},"acf":[],"_links":{"self":[{"href":"https:\/\/vimaterial.de\/es\/wp-json\/wp\/v2\/product\/1047585","targetHints":{"allow":["GET"]}}],"collection":[{"href":"https:\/\/vimaterial.de\/es\/wp-json\/wp\/v2\/product"}],"about":[{"href":"https:\/\/vimaterial.de\/es\/wp-json\/wp\/v2\/types\/product"}],"replies":[{"embeddable":true,"href":"https:\/\/vimaterial.de\/es\/wp-json\/wp\/v2\/comments?post=1047585"}],"wp:featuredmedia":[{"embeddable":true,"href":"https:\/\/vimaterial.de\/es\/wp-json\/wp\/v2\/media\/1038567"}],"wp:attachment":[{"href":"https:\/\/vimaterial.de\/es\/wp-json\/wp\/v2\/media?parent=1047585"}],"wp:term":[{"taxonomy":"product_brand","embeddable":true,"href":"https:\/\/vimaterial.de\/es\/wp-json\/wp\/v2\/product_brand?post=1047585"},{"taxonomy":"product_cat","embeddable":true,"href":"https:\/\/vimaterial.de\/es\/wp-json\/wp\/v2\/product_cat?post=1047585"},{"taxonomy":"product_tag","embeddable":true,"href":"https:\/\/vimaterial.de\/es\/wp-json\/wp\/v2\/product_tag?post=1047585"}],"curies":[{"name":"wp","href":"https:\/\/api.w.org\/{rel}","templated":true}]}}