{"id":1047554,"date":"2024-06-17T15:26:18","date_gmt":"2024-06-17T07:26:18","guid":{"rendered":"https:\/\/vimaterial.de\/product\/cloruro-de-molibdeno-2\/"},"modified":"2024-06-17T15:26:18","modified_gmt":"2024-06-17T07:26:18","slug":"cloruro-de-molibdeno-2","status":"publish","type":"product","link":"https:\/\/vimaterial.de\/es\/product\/cloruro-de-molibdeno-2\/","title":{"rendered":"Cloruro de molibdeno"},"content":{"rendered":"<p><span style=\"color: #0000ff;\"><a style=\"color: #0000ff;\" href=\"https:\/\/vimaterial.de\/es\/search\/?type=name&#038;keyword=Molybdenum+Chloride\">Cloruro de molibdeno<\/a><\/span> (MoCl\u2085) es un importante compuesto inorg\u00e1nico que suele presentarse en forma de cristal o polvo de color oscuro y se caracteriza por su alta reactividad. Se utiliza ampliamente en la cat\u00e1lisis de s\u00edntesis org\u00e1nica, los reactivos qu\u00edmicos y la investigaci\u00f3n de materiales, y desempe\u00f1a un papel importante en la qu\u00edmica fina y la investigaci\u00f3n cient\u00edfica.<\/p>\n<p>Ofrecemos pentacloruro de molibdeno de alta calidad con alta pureza y rendimiento estable, adecuado para aplicaciones tales como la cat\u00e1lisis de s\u00edntesis org\u00e1nica, reactivos qu\u00edmicos, y el uso de la investigaci\u00f3n. Si tiene alg\u00fan requisito, no dude en ponerse en contacto con nosotros; le ofreceremos soluciones y servicios profesionales y personalizados basados en sus necesidades de aplicaci\u00f3n y requisitos t\u00e9cnicos espec\u00edficos.<\/p>\n<h2><span style=\"font-size: 14pt;\">Propiedades f\u00edsicas <\/span><\/h2>\n<p>F\u00f3rmula qu\u00edmica\uff1a MoCl\u2085<\/p>\n<p>Peso molecular: 273,20 g\/mol<\/p>\n<p>Aspecto: Negro verdoso<\/p>\n<p>Punto de fusi\u00f3n: Se descompone alrededor de 194 \u00b0C.<\/p>\n<p>Solubilidad: Se hidroliza en agua y reacciona con la humedad del aire.<\/p>\n<p>Estructura: El MoCl\u2085 es generalmente dim\u00e9rico en estado s\u00f3lido, formando unidades (MoCl\u2085)\u2082.<\/p>\n<h2><span style=\"font-size: 14pt;\">Aplicaciones del cloruro de molibdeno(V) en polvo<\/span><\/h2>\n<p><strong>1. Cat\u00e1lisis:<\/strong> El cloruro de molibdeno se utiliza como catalizador en s\u00edntesis org\u00e1nica, especialmente en reacciones como la polimerizaci\u00f3n de olefinas y otros tipos de transformaciones qu\u00edmicas en las que el molibdeno puede actuar como \u00e1cido de Lewis.<\/p>\n<p><strong>2. Ciencia de los materiales:<\/strong> Se utiliza en la preparaci\u00f3n de compuestos y materiales a base de molibdeno, que se emplean en aplicaciones de alta temperatura y resistentes a la corrosi\u00f3n.<\/p>\n<p><strong>3. Precursores de pel\u00edculas finas:<\/strong> El MoCl\u2085 puede servir como precursor para la deposici\u00f3n de pel\u00edculas finas de molibdeno o compuestos que contienen molibdeno, especialmente en la fabricaci\u00f3n de productos electr\u00f3nicos y semiconductores.<\/p>\n<p><strong>4. S\u00edntesis de compuestos de molibdeno:<\/strong> El MoCl\u2085 se utiliza para sintetizar otros compuestos de molibdeno, como \u00f3xidos, sulfuros y haluros de molibdeno, que tienen diversas aplicaciones en cat\u00e1lisis y ciencia de materiales.<\/p>\n<h2><span style=\"font-size: 14pt;\">Manipulaci\u00f3n y almacenamiento<\/span><\/h2>\n<p><strong>Condiciones de manipulaci\u00f3n:<\/strong> El pentacloruro de molibdeno es altamente reactivo y debe manipularse en un ambiente seco y bien ventilado. Debe evitarse la exposici\u00f3n prolongada a la humedad y al aire. Se recomienda trabajar en atm\u00f3sfera inerte y llevar equipo de protecci\u00f3n personal adecuado, como guantes protectores, gafas de seguridad y ropa de laboratorio, para evitar la irritaci\u00f3n o corrosi\u00f3n de la piel y los ojos.<\/p>\n<p><strong>Condiciones de almacenamiento:<\/strong> El cloruro de molibdeno debe almacenarse en un recipiente herm\u00e9ticamente cerrado en un lugar fresco y seco, lejos de la humedad, la humedad y los agentes oxidantes fuertes. Se recomiendan recipientes con buena resistencia a la corrosi\u00f3n y cierre herm\u00e9tico, y es preferible el almacenamiento bajo un gas inerte o en un ambiente seco para mantener la estabilidad qu\u00edmica y la calidad del producto.<\/p>\n<h2><span style=\"font-size: 14pt;\">Envasado del pentacloruro de molibdeno Polvo<\/span><\/h2>\n<p>Suele envasarse en recipientes herm\u00e9ticos revestidos de materiales inertes para aislarlo eficazmente del aire y la humedad. Se pueden suministrar envases de distintos tama\u00f1os y especificaciones seg\u00fan los requisitos del cliente, garantizando una calidad estable y la seguridad durante el transporte y el almacenamiento.<\/p>\n<p>Productos relacionados<\/p>\n<table style=\"border-collapse: collapse; width: 100%; height: 48px;\">\n<tbody>\n<tr style=\"height: 24px;\">\n<td style=\"width: 33.3333%; height: 24px;\"><strong><span style=\"color: #0000ff;\"><a style=\"color: #0000ff;\" href=\"https:\/\/vimaterial.de\/es\/search\/?type=name&#038;keyword=Molybdenum+metal\">Molibdeno met\u00e1lico<\/a><\/span><\/strong><\/td>\n<td style=\"width: 33.3333%; height: 24px;\"><strong><span style=\"color: #0000ff;\"><a style=\"color: #0000ff;\" href=\"https:\/\/vimaterial.de\/es\/search\/?type=name&#038;keyword=Molybdenum+oxide\">\u00d3xido de molibdeno<\/a><\/span><\/strong><\/td>\n<td style=\"width: 33.3333%; height: 24px;\"><strong><span style=\"color: #0000ff;\"><a style=\"color: #0000ff;\" href=\"https:\/\/vimaterial.de\/es\/search\/?type=name&#038;keyword=Molybdenum+sulfide\">Sulfuro de molibdeno<\/a><\/span><\/strong><\/td>\n<\/tr>\n<tr style=\"height: 24px;\">\n<td style=\"width: 33.3333%; height: 24px;\"><strong><span style=\"color: #0000ff;\"><a style=\"color: #0000ff;\" href=\"https:\/\/vimaterial.de\/es\/search\/?type=name&#038;keyword=Molybdenum+boride\">Boruro de molibdeno<\/a><\/span><\/strong><\/td>\n<td style=\"width: 33.3333%; height: 24px;\"><strong><span style=\"color: #0000ff;\"><a style=\"color: #0000ff;\" href=\"https:\/\/vimaterial.de\/es\/search\/?type=name&#038;keyword=Molybdenum+carbide\">Carburo de molibdeno<\/a><\/span><\/strong><\/td>\n<td style=\"width: 33.3333%; height: 24px;\"><strong><span style=\"color: #0000ff;\"><a style=\"color: #0000ff;\" href=\"https:\/\/vimaterial.de\/es\/search\/?type=name&#038;keyword=Molybdenum+silicide\">Siliciuro de molibdeno<\/a><\/span><\/strong><\/td>\n<\/tr>\n<\/tbody>\n<\/table>\n","protected":false},"excerpt":{"rendered":"<p>Cloruro de molibdeno (MoCl\u2085) es un importante compuesto inorg\u00e1nico que suele presentarse en forma de cristal o polvo de color oscuro y se caracteriza por su alta reactividad. Se utiliza ampliamente en la cat\u00e1lisis de s\u00edntesis org\u00e1nica, los reactivos qu\u00edmicos y la investigaci\u00f3n de materiales, y desempe\u00f1a un papel importante en la qu\u00edmica fina y [&hellip;]<\/p>\n","protected":false},"featured_media":1031812,"comment_status":"open","ping_status":"closed","template":"","meta":{"_acf_changed":false},"product_brand":[],"product_cat":[182],"product_tag":[],"class_list":{"0":"post-1047554","1":"product","2":"type-product","3":"status-publish","4":"has-post-thumbnail","6":"product_cat-materiales-halogenados","8":"first","9":"instock","10":"shipping-taxable","11":"purchasable","12":"product-type-variable"},"acf":[],"_links":{"self":[{"href":"https:\/\/vimaterial.de\/es\/wp-json\/wp\/v2\/product\/1047554","targetHints":{"allow":["GET"]}}],"collection":[{"href":"https:\/\/vimaterial.de\/es\/wp-json\/wp\/v2\/product"}],"about":[{"href":"https:\/\/vimaterial.de\/es\/wp-json\/wp\/v2\/types\/product"}],"replies":[{"embeddable":true,"href":"https:\/\/vimaterial.de\/es\/wp-json\/wp\/v2\/comments?post=1047554"}],"wp:featuredmedia":[{"embeddable":true,"href":"https:\/\/vimaterial.de\/es\/wp-json\/wp\/v2\/media\/1031812"}],"wp:attachment":[{"href":"https:\/\/vimaterial.de\/es\/wp-json\/wp\/v2\/media?parent=1047554"}],"wp:term":[{"taxonomy":"product_brand","embeddable":true,"href":"https:\/\/vimaterial.de\/es\/wp-json\/wp\/v2\/product_brand?post=1047554"},{"taxonomy":"product_cat","embeddable":true,"href":"https:\/\/vimaterial.de\/es\/wp-json\/wp\/v2\/product_cat?post=1047554"},{"taxonomy":"product_tag","embeddable":true,"href":"https:\/\/vimaterial.de\/es\/wp-json\/wp\/v2\/product_tag?post=1047554"}],"curies":[{"name":"wp","href":"https:\/\/api.w.org\/{rel}","templated":true}]}}