{"id":1047468,"date":"2024-06-18T18:28:43","date_gmt":"2024-06-18T10:28:43","guid":{"rendered":"https:\/\/vimaterial.de\/product\/carburo-de-boro-3\/"},"modified":"2024-06-18T18:28:43","modified_gmt":"2024-06-18T10:28:43","slug":"carburo-de-boro-3","status":"publish","type":"product","link":"https:\/\/vimaterial.de\/es\/product\/carburo-de-boro-3\/","title":{"rendered":"Carburo de boro"},"content":{"rendered":"<p>El polvo <span style=\"color: #0000ff;\"><a style=\"color: #0000ff;\" href=\"https:\/\/vimaterial.de\/es\/product\/carburo-de-boro\/\">de carburo de boro<\/a><\/span><br \/>\nes un compuesto covalente duro compuesto por boro y carbono. Es uno de los materiales m\u00e1s duros que se conocen y se utiliza habitualmente en aplicaciones que requieren durabilidad, resistencia al desgaste y alto rendimiento, principalmente en herramientas abrasivas, materiales refractarios, semiconductores y otras aplicaciones.<\/p>\n<p>VIMATERIAL produce polvos de alta pureza, bajas impurezas y tama\u00f1o de part\u00edcula uniforme, y nuestros productos est\u00e1n disponibles en envases peque\u00f1os, con cantidades m\u00ednimas de pedido reducidas y plazos de entrega cortos. Estamos profundamente comprometidos con la innovaci\u00f3n de materiales qu\u00edmicos inorg\u00e1nicos y contamos con un equipo t\u00e9cnico experimentado para apoyar cualquier personalizaci\u00f3n y desarrollo de nuevos productos. Si lo necesita, <span style=\"color: #0000ff;\"><a style=\"color: #0000ff;\" href=\"https:\/\/vimaterial.de\/es\/contacto\/\">p\u00f3ngase en contacto con nosotros<\/a><\/span><br \/>\n.<\/p>\n<h2><span style=\"font-size: 14pt;\">Caracter\u00edsticas<\/span><\/h2>\n<p>F\u00f3rmula: B\u2084C.<\/p>\n<p>Peso molecular: 55,25 g\/mol.<\/p>\n<p>Apariencia: Negro o gris oscuro.<\/p>\n<p>Dureza: El carburo de boro es extremadamente duro, con una dureza de aproximadamente 9,3 en la escala de Mohs.<\/p>\n<p>Densidad: ~2,52 g\/cm\u00b3.<\/p>\n<p>Punto de fusi\u00f3n: Aproximadamente 2350 \u00b0C (4270 \u00b0F).<\/p>\n<p>Estructura cristalina: Sistema cristalino hexagonal, grupo espacial R-3m. En su estructura cristalina, los \u00e1tomos de carbono y boro est\u00e1n conectados entre s\u00ed a trav\u00e9s de enlaces covalentes, formando una estructura de red tridimensional compleja y ordenada.<\/p>\n<h2><span style=\"font-size: 14pt;\">Aplicaciones<\/span><\/h2>\n<p><strong>Abrasivos:<\/strong><br \/>\ndebido a su extrema dureza, el carburo de boro se utiliza ampliamente como material abrasivo en herramientas de esmerilado, pulido y corte, especialmente para materiales duros como metales, cer\u00e1micas y compuestos.<\/p>\n<p><strong>Materiales refractarios:<\/strong><br \/>\nsu alto punto de fusi\u00f3n hace que el carburo de boro sea \u00fatil en aplicaciones de alta temperatura, como crisoles para el manejo de metales fundidos y escudos t\u00e9rmicos.<\/p>\n<p><strong>Semiconductores:<\/strong><br \/>\nEl carburo de boro se utiliza en la fabricaci\u00f3n de semiconductores, especialmente en aplicaciones en las que se requiere su estabilidad a altas temperaturas y sus propiedades aislantes.<\/p>\n<h2><span style=\"font-size: 14pt;\">Control de calidad<\/span><\/h2>\n<p><span style=\"color: #0000ff;\"><a style=\"color: #0000ff;\" href=\"https:\/\/vimaterial.de\/es\/control-de-calidad\/\">Nuestros productos<\/a><\/span><br \/>\nsiguen estrictamente un sistema de gesti\u00f3n de calidad integral. Desde la cuidadosa selecci\u00f3n de las materias primas, el procesamiento, el control estricto de la temperatura, la presi\u00f3n y otros par\u00e1metros del proceso para garantizar un tama\u00f1o de part\u00edcula uniforme y una composici\u00f3n estable de los gr\u00e1nulos, hasta la inspecci\u00f3n final y las pruebas de f\u00e1brica, cada paso del proceso ha establecido estrictas normas de inspecci\u00f3n. Podemos proporcionar muestras para que los clientes las vuelvan a inspeccionar seg\u00fan sus requisitos espec\u00edficos.<\/p>\n<h2><span style=\"font-size: 14pt;\">Embalaje y almacenamiento<\/span><\/h2>\n<p>El polvo de carburo de boro se envasa en bolsas o botellas con doble vac\u00edo, y el embalaje exterior es de cart\u00f3n para garantizar la seguridad del transporte.<\/p>\n<p>El polvo de carburo de boro debe almacenarse en un entorno seco y limpio, con una temperatura adecuada y sin gases corrosivos, y envasarse al vac\u00edo con pel\u00edcula laminada para evitar la humedad, la oxidaci\u00f3n o la contaminaci\u00f3n que puedan afectar a su rendimiento.<\/p>\n","protected":false},"excerpt":{"rendered":"<p>El polvo de carburo de boro es un compuesto covalente duro compuesto por boro y carbono. Es uno de los materiales m\u00e1s duros que se conocen y se utiliza habitualmente en aplicaciones que requieren durabilidad, resistencia al desgaste y alto rendimiento, principalmente en herramientas abrasivas, materiales refractarios, semiconductores y otras aplicaciones. VIMATERIAL produce polvos de [&hellip;]<\/p>\n","protected":false},"featured_media":999129,"comment_status":"open","ping_status":"closed","template":"","meta":{"_acf_changed":false},"product_brand":[],"product_cat":[183],"product_tag":[],"class_list":{"0":"post-1047468","1":"product","2":"type-product","3":"status-publish","4":"has-post-thumbnail","6":"product_cat-c-n-b-si-materiales","8":"first","9":"instock","10":"shipping-taxable","11":"purchasable","12":"product-type-variable"},"acf":[],"_links":{"self":[{"href":"https:\/\/vimaterial.de\/es\/wp-json\/wp\/v2\/product\/1047468","targetHints":{"allow":["GET"]}}],"collection":[{"href":"https:\/\/vimaterial.de\/es\/wp-json\/wp\/v2\/product"}],"about":[{"href":"https:\/\/vimaterial.de\/es\/wp-json\/wp\/v2\/types\/product"}],"replies":[{"embeddable":true,"href":"https:\/\/vimaterial.de\/es\/wp-json\/wp\/v2\/comments?post=1047468"}],"wp:featuredmedia":[{"embeddable":true,"href":"https:\/\/vimaterial.de\/es\/wp-json\/wp\/v2\/media\/999129"}],"wp:attachment":[{"href":"https:\/\/vimaterial.de\/es\/wp-json\/wp\/v2\/media?parent=1047468"}],"wp:term":[{"taxonomy":"product_brand","embeddable":true,"href":"https:\/\/vimaterial.de\/es\/wp-json\/wp\/v2\/product_brand?post=1047468"},{"taxonomy":"product_cat","embeddable":true,"href":"https:\/\/vimaterial.de\/es\/wp-json\/wp\/v2\/product_cat?post=1047468"},{"taxonomy":"product_tag","embeddable":true,"href":"https:\/\/vimaterial.de\/es\/wp-json\/wp\/v2\/product_tag?post=1047468"}],"curies":[{"name":"wp","href":"https:\/\/api.w.org\/{rel}","templated":true}]}}