{"id":1046984,"date":"2025-11-25T15:43:03","date_gmt":"2025-11-25T07:43:03","guid":{"rendered":"https:\/\/vimaterial.de\/product\/nitruro-de-silicio-4\/"},"modified":"2025-11-25T15:43:03","modified_gmt":"2025-11-25T07:43:03","slug":"nitruro-de-silicio-4","status":"publish","type":"product","link":"https:\/\/vimaterial.de\/es\/product\/nitruro-de-silicio-4\/","title":{"rendered":"Nitruro de silicio"},"content":{"rendered":"<p><span style=\"color: #0000ff;\"><strong><a style=\"color: #0000ff;\" href=\"https:\/\/vimaterial.de\/es\/search\/?type=element&#038;keyword=si3n4\">El nitruro de silicio<\/a><\/strong><\/span> los gr\u00e1nulos de nitruro de silicio son un tipo de material de deposici\u00f3n de vapor con estructura estable, bajo coeficiente de expansi\u00f3n t\u00e9rmica y excelente resistencia a la oxidaci\u00f3n y la corrosi\u00f3n. Se utilizan ampliamente en cer\u00e1micas estructurales de alta tecnolog\u00eda, diversos materiales resistentes al desgaste y materiales refractarios.<\/p>\n<p>Nuestra empresa (<strong><span style=\"color: #0000ff;\"><a style=\"color: #0000ff;\" href=\"https:\/\/vimaterial.de\/es\/sobre-nosotros\/\">VIMATERIAL<\/a><\/span><\/strong>) produce l\u00e1minas de nitruro de silicio de gran pureza, alto contenido en nitr\u00f3geno y elevada actividad de sinterizaci\u00f3n. Tambi\u00e9n suministramos polvo de nitruro de silicio y c\u00e1todos de nitruro de silicio. Por favor <strong><span style=\"color: #0000ff;\"><a style=\"color: #0000ff;\" href=\"https:\/\/vimaterial.de\/es\/contacto\/\">p\u00f3ngase en contacto con nosotros<\/a><\/span><\/strong> si tiene alguna necesidad.<\/p>\n<h2><span style=\"font-size: 14pt;\">Propiedades f\u00edsicas<\/span><\/h2>\n<p>F\u00f3rmula qu\u00edmica Si3N4<\/p>\n<p>Color: gris claro<\/p>\n<p>Pureza: 99,5<\/p>\n<p>Tama\u00f1os: \u00d8 4 mm x 8 mm \/ \u00d8 18 mm x 12 mm \/ 1mm &#8211; 3 mm \/ 3mm &#8211; 6 mm (Se puede personalizar seg\u00fan las necesidades)<\/p>\n<p>Cristal: amorfo \u03b1 fase \u03b2 fase<\/p>\n<p>Punto de fusi\u00f3n: 1900\u2103<\/p>\n<p>Conductividad t\u00e9rmica: 25W\/m.K<\/p>\n<p>Densidad: 3.<sup>2g\/cm3<\/sup><\/p>\n<p>Resistividad: 1011~1012\u03a9.cm<\/p>\n<p>Dureza Mohs: 9<\/p>\n<h2><span style=\"font-size: 14pt;\">Aplicaciones de los gr\u00e1nulos de nitruro de silicio<\/span><\/h2>\n<p><strong>Recubrimientos \u00f3pticos:<\/strong> El nitruro de silicio se utiliza como capa de alto \u00edndice para reducir la reflexi\u00f3n y mejorar la durabilidad de la superficie en pel\u00edculas \u00f3pticas.<\/p>\n<p><strong>Dispositivos semiconductores<\/strong>: Sirve como capa aislante y de pasivaci\u00f3n que protege los circuitos de la humedad, la contaminaci\u00f3n y las fugas el\u00e9ctricas.<\/p>\n<p><strong>Encapsulado OLED \/ Fotovoltaico:<\/strong> Las pel\u00edculas de nitruro de silicio act\u00faan como fuertes barreras contra la humedad y el ox\u00edgeno para prolongar la vida \u00fatil de las pantallas OLED y las c\u00e9lulas solares.<\/p>\n<p><strong>Recubrimientos protectores duros:<\/strong> Su gran dureza y resistencia al desgaste lo hacen adecuado para capas protectoras de herramientas de corte, moldes y piezas mec\u00e1nicas.<\/p>\n<h2><span style=\"font-size: 14pt;\">Almacenamiento y transporte<\/span><\/h2>\n<p>Las pastillas\/granulados de nitruro de silicio deben almacenarse en un recipiente herm\u00e9tico en un ambiente seco y fresco. Evite la exposici\u00f3n prolongada al aire para evitar la acumulaci\u00f3n de humedad, que puede afectar a sus propiedades de dispersi\u00f3n y a su rendimiento.<\/p>\n<p>Adem\u00e1s, evite las presiones fuertes y el contacto con oxidantes, y transp\u00f3rtelos como carga general.<\/p>\n<h2><span style=\"font-size: 14pt;\">Productos relacionados<\/span><\/h2>\n<table style=\"border-collapse: collapse; width: 100%;\">\n<tbody>\n<tr>\n<td style=\"width: 33.3333%;\"><strong><span style=\"color: #0000ff;\"><a style=\"color: #0000ff;\" href=\"https:\/\/vimaterial.de\/es\/product\/nitruro-de-silicio-3\/\">Nitruro de silicio en polvo<\/a><\/span><\/strong><\/td>\n<td style=\"width: 33.3333%;\"><strong><span style=\"color: #0000ff;\"><a style=\"color: #0000ff;\" href=\"https:\/\/vimaterial.de\/es\/product\/nitruro-de-silicio\/\">C\u00e1todos de nitruro de silicio para sputtering<\/a><\/span><\/strong><\/td>\n<td style=\"width: 33.3333%;\"><strong><span style=\"color: #0000ff;\"><a style=\"color: #0000ff;\" href=\"https:\/\/vimaterial.de\/es\/product\/nitruro-de-silicio-2\/\">Nitruro de silicio en gr\u00e1nulos<\/a><\/span><\/strong><\/td>\n<\/tr>\n<tr>\n<td style=\"width: 33.3333%;\"><strong><span style=\"color: #0000ff;\"><a style=\"color: #0000ff;\" href=\"https:\/\/vimaterial.de\/es\/search\/?type=element&#038;keyword=SiC\">Carburo de silicio<\/a><\/span><\/strong><\/td>\n<td style=\"width: 33.3333%;\"><strong><span style=\"color: #0000ff;\"><a style=\"color: #0000ff;\" href=\"https:\/\/vimaterial.de\/es\/search\/?type=element&#038;keyword=SiO2\">Di\u00f3xido de silicio<\/a><\/span><\/strong><\/td>\n<td style=\"width: 33.3333%;\"><strong><span style=\"color: #0000ff;\"><a style=\"color: #0000ff;\" href=\"https:\/\/vimaterial.de\/es\/search\/?type=element&#038;keyword=SiO\">Mon\u00f3xido de silicio<\/a><\/span><\/strong><\/td>\n<\/tr>\n<\/tbody>\n<\/table>\n","protected":false},"excerpt":{"rendered":"<p>El nitruro de silicio los gr\u00e1nulos de nitruro de silicio son un tipo de material de deposici\u00f3n de vapor con estructura estable, bajo coeficiente de expansi\u00f3n t\u00e9rmica y excelente resistencia a la oxidaci\u00f3n y la corrosi\u00f3n. Se utilizan ampliamente en cer\u00e1micas estructurales de alta tecnolog\u00eda, diversos materiales resistentes al desgaste y materiales refractarios. Nuestra empresa [&hellip;]<\/p>\n","protected":false},"featured_media":1046985,"comment_status":"open","ping_status":"closed","template":"","meta":{"_acf_changed":false},"product_brand":[],"product_cat":[179],"product_tag":[],"class_list":{"0":"post-1046984","1":"product","2":"type-product","3":"status-publish","4":"has-post-thumbnail","6":"product_cat-materiales-de-evaporacion","8":"first","9":"instock","10":"shipping-taxable","11":"purchasable","12":"product-type-variable"},"acf":[],"_links":{"self":[{"href":"https:\/\/vimaterial.de\/es\/wp-json\/wp\/v2\/product\/1046984","targetHints":{"allow":["GET"]}}],"collection":[{"href":"https:\/\/vimaterial.de\/es\/wp-json\/wp\/v2\/product"}],"about":[{"href":"https:\/\/vimaterial.de\/es\/wp-json\/wp\/v2\/types\/product"}],"replies":[{"embeddable":true,"href":"https:\/\/vimaterial.de\/es\/wp-json\/wp\/v2\/comments?post=1046984"}],"wp:featuredmedia":[{"embeddable":true,"href":"https:\/\/vimaterial.de\/es\/wp-json\/wp\/v2\/media\/1046985"}],"wp:attachment":[{"href":"https:\/\/vimaterial.de\/es\/wp-json\/wp\/v2\/media?parent=1046984"}],"wp:term":[{"taxonomy":"product_brand","embeddable":true,"href":"https:\/\/vimaterial.de\/es\/wp-json\/wp\/v2\/product_brand?post=1046984"},{"taxonomy":"product_cat","embeddable":true,"href":"https:\/\/vimaterial.de\/es\/wp-json\/wp\/v2\/product_cat?post=1046984"},{"taxonomy":"product_tag","embeddable":true,"href":"https:\/\/vimaterial.de\/es\/wp-json\/wp\/v2\/product_tag?post=1046984"}],"curies":[{"name":"wp","href":"https:\/\/api.w.org\/{rel}","templated":true}]}}