{"id":1046945,"date":"2024-06-17T13:57:04","date_gmt":"2024-06-17T05:57:04","guid":{"rendered":"https:\/\/vimaterial.de\/product\/cloruro-de-litio\/"},"modified":"2024-06-17T13:57:04","modified_gmt":"2024-06-17T05:57:04","slug":"cloruro-de-litio","status":"publish","type":"product","link":"https:\/\/vimaterial.de\/es\/product\/cloruro-de-litio\/","title":{"rendered":"Cloruro de litio"},"content":{"rendered":"<h2><span style=\"font-size: 14pt;\">Cloruro de litio en polvo Descripci\u00f3n general<\/span><\/h2>\n<p><span style=\"color: #3366ff;\"><a style=\"color: #3366ff;\" href=\"https:\/\/vimaterial.de\/es\/product\/cloruro-de-litio\/\">El cloruro de litio<\/a><\/span> en polvo es un material respetuoso con el medio ambiente, de alta solubilidad, higroscopicidad y bajo punto de fusi\u00f3n. El proceso de producci\u00f3n de cloruro de litio en polvo de VIMATERIAL es estable, y el control de calidad es estricto. Mediante m\u00faltiples procesos de refinado y purificaci\u00f3n, se garantiza la pureza del producto. Los estrictos procesos de producci\u00f3n y la gesti\u00f3n de calidad garantizan una gran consistencia y estabilidad entre lotes. No s\u00f3lo nos centramos en la entrega puntual y segura, sino que tambi\u00e9n ofrecemos un s\u00f3lido sistema de servicio posventa para garantizarle una asistencia completa durante el uso. <span style=\"color: #3366ff;\"><a style=\"color: #3366ff;\" href=\"https:\/\/vimaterial.de\/es\/contacto\/\">P\u00f3ngase en contacto<\/a><\/span> ahora<\/p>\n<h2><span style=\"font-size: 14pt;\">Especificaciones t\u00e9cnicas<\/span><\/h2>\n<table style=\"border-collapse: collapse; width: 52.1557%; height: 240px;\">\n<tbody>\n<tr style=\"height: 24px;\">\n<td style=\"width: 19.9179%; height: 24px; text-align: center;\"><strong>Especificaciones t\u00e9cnicas<\/strong><\/td>\n<td style=\"width: 40.1881%; height: 24px; text-align: center;\"><strong>Descripci\u00f3n<\/strong><\/td>\n<\/tr>\n<tr style=\"height: 24px;\">\n<td style=\"width: 19.9179%; height: 24px; text-align: center;\">F\u00f3rmula qu\u00edmica<\/td>\n<td style=\"width: 40.1881%; height: 24px; text-align: center;\">LiCl<\/td>\n<\/tr>\n<tr style=\"height: 24px;\">\n<td style=\"width: 19.9179%; height: 24px; text-align: center;\">Peso molecular<\/td>\n<td style=\"width: 40.1881%; height: 24px; text-align: center;\">42.39 g\/mol<\/td>\n<\/tr>\n<tr style=\"height: 24px;\">\n<td style=\"width: 19.9179%; height: 24px; text-align: center;\">Pureza<\/td>\n<td style=\"width: 40.1881%; height: 24px; text-align: center;\">99.9%<\/td>\n<\/tr>\n<tr style=\"height: 24px;\">\n<td style=\"width: 19.9179%; height: 24px; text-align: center;\">Aspecto<\/td>\n<td style=\"width: 40.1881%; height: 24px; text-align: center;\">Polvo blanco<\/td>\n<\/tr>\n<tr style=\"height: 24px;\">\n<td style=\"width: 19.9179%; height: 24px; text-align: center;\">Densidad<\/td>\n<td style=\"width: 40.1881%; height: 24px; text-align: center;\">2.065 g\/cm\u00b3 (a 20\u00b0C)<\/td>\n<\/tr>\n<tr style=\"height: 24px;\">\n<td style=\"width: 19.9179%; height: 24px; text-align: center;\">Punto de fusi\u00f3n<\/td>\n<td style=\"width: 40.1881%; height: 24px; text-align: center;\">610\u00b0C<\/td>\n<\/tr>\n<tr style=\"height: 24px;\">\n<td style=\"width: 19.9179%; height: 24px; text-align: center;\">Punto de ebullici\u00f3n<\/td>\n<td style=\"width: 40.1881%; height: 24px; text-align: center;\">1450\u00b0C<\/td>\n<\/tr>\n<tr style=\"height: 24px;\">\n<td style=\"width: 19.9179%; height: 24px; text-align: center;\">Solubilidad<\/td>\n<td style=\"width: 40.1881%; height: 24px; text-align: center;\">83.3 g\/100 mL (agua, a 20\u00b0C)<\/td>\n<\/tr>\n<tr style=\"height: 24px;\">\n<td style=\"width: 19.9179%; height: 24px; text-align: center;\">Higroscopicidad<\/td>\n<td style=\"width: 40.1881%; height: 24px; text-align: center;\">Altamente higrosc\u00f3pico, absorbe la humedad del aire para formar hidratos<\/td>\n<\/tr>\n<\/tbody>\n<\/table>\n<h2><span style=\"font-size: 14pt;\">Control de calidad<\/span><\/h2>\n<p>Cada lote de materias primas de LiCl se somete a inspecciones de calidad, que incluyen an\u00e1lisis de composici\u00f3n qu\u00edmica, pruebas de propiedades f\u00edsicas y pruebas de pureza, para garantizar la pureza y la eliminaci\u00f3n de impurezas. Durante todo el proceso de producci\u00f3n se utilizan equipos automatizados para controlar diversos par\u00e1metros en tiempo real, registrando y analizando los datos para garantizar la coherencia entre lotes. Tras la producci\u00f3n, los productos se someten a m\u00faltiples inspecciones y pruebas para garantizar su calidad final.<\/p>\n<h2><span style=\"font-size: 14pt;\">Servicios<\/span><\/h2>\n<p>Asistencia t\u00e9cnica completa<br \/>\nProductos personalizados<br \/>\nMuestras disponibles para pruebas de terceros previa solicitud<br \/>\nAmplia experiencia en servicio posventa<\/p>\n<h2><span style=\"font-size: 14pt;\">Aplicaciones del cloruro de litio en polvo <\/span><\/h2>\n<p>Bater\u00edas de litio: El polvo de LiCl, un material clave en los electrolitos de las bater\u00edas, mejora la conductividad y la estabilidad del rendimiento de las bater\u00edas de litio.<br \/>\nRefrigeraci\u00f3n y aire acondicionado: El LiCl se utiliza en sistemas de refrigeraci\u00f3n por absorci\u00f3n, ayudando a mejorar la eficiencia energ\u00e9tica y el rendimiento de la refrigeraci\u00f3n.<br \/>\nDesecante: Debido a sus fuertes propiedades higrosc\u00f3picas, el LiCl se utiliza ampliamente en el control de la humedad y en desecantes de aire para mantener un ambiente seco.<\/p>\n<h2><span style=\"font-size: 14pt;\">FAQ <\/span><\/h2>\n<p><strong>P1: \u00bfCu\u00e1l es la pureza del cloruro de litio en polvo?<\/strong><\/p>\n<p>R: La pureza del polvo de cloruro de litio suele ser superior al 99%, y el polvo de cloruro de litio de alta pureza alcanza el 99,9%. La pureza espec\u00edfica depende de los requisitos de la aplicaci\u00f3n, especialmente para productos electr\u00f3nicos y farmac\u00e9uticos, donde se requiere una mayor pureza.<\/p>\n<p><strong>P2: \u00bfEs higrosc\u00f3pico el cloruro de litio en polvo?<\/strong><\/p>\n<p>R: El polvo de cloruro de litio es muy higrosc\u00f3pico y absorbe r\u00e1pidamente la humedad del aire. Por lo tanto, hay que tener especial cuidado para evitar la absorci\u00f3n de humedad durante el almacenamiento y el uso. Incluso puede absorber humedad hasta el punto de formar hidratos (como LiCl-H\u2082O).<\/p>\n<p><strong>P3: \u00bfQu\u00e9 funci\u00f3n desempe\u00f1a el polvo de LiCl en las bater\u00edas de litio?<\/strong><\/p>\n<p>R: En las bater\u00edas de litio, el cloruro de litio, como componente del electrolito, mejora la conductividad i\u00f3nica y la estabilidad de la bater\u00eda. Ayuda a mejorar la densidad energ\u00e9tica de la bater\u00eda y su rendimiento de carga\/descarga.<\/p>\n<p><strong>P4: \u00bfQu\u00e9 precauciones deben tomarse al transportar polvo de LiCl?<\/strong><\/p>\n<p>R: Al transportar polvo de LiCl, aseg\u00farese de que su embalaje est\u00e9 sellado, seco y evite el contacto con la humedad. Deben tomarse medidas a prueba de humedad, especialmente para el cloruro de litio de gran pureza. Evite las vibraciones fuertes y las altas temperaturas durante el transporte.<\/p>\n<h2><span style=\"font-size: 14pt;\">Productos relacionados<\/span><\/h2>\n<table style=\"border-collapse: collapse; width: 97.7405%; height: 59px;\">\n<tbody>\n<tr style=\"height: 55px;\">\n<td style=\"width: 25%; height: 10px;\"><span style=\"font-size: 12pt; color: #0000ff;\"><strong><a style=\"color: #0000ff;\" href=\"https:\/\/vimaterial.de\/en\/product\/lithium-chloride\/\">Cristales de cloruro de litio<\/a><\/strong><\/span><\/td>\n<td style=\"width: 25%; height: 10px;\">\n<p class=\"elementor-heading-title elementor-size-default\"><span style=\"font-size: 12pt; color: #0000ff;\"><strong><a style=\"color: #0000ff;\" href=\"https:\/\/vimaterial.de\/es\/product\/aluminato-de-litio\/\" target=\"_blank\" rel=\"noopener\">Aluminato de litio<\/a><\/strong><\/span><\/p>\n<\/td>\n<td style=\"width: 25%; height: 10px;\">\n<p class=\"elementor-heading-title elementor-size-default\"><span style=\"font-size: 12pt; color: #0000ff;\"><strong><a style=\"color: #0000ff;\" href=\"https:\/\/vimaterial.de\/es\/product\/carbonato-de-litio-2\/\" target=\"_blank\" rel=\"noopener\">Carbonato de litio<\/a><\/strong><\/span><\/p>\n<\/td>\n<td style=\"width: 29.6154%; height: 10px;\">\n<div class=\"elementor-widget-container\">\n<h3 class=\"elementor-heading-title elementor-size-default\"><span style=\"font-size: 12pt; color: #0000ff;\"><a style=\"color: #0000ff;\" href=\"https:\/\/vimaterial.de\/es\/product\/fluoruro-de-litio-2\/\" target=\"_blank\" rel=\"noopener\">Fluoruro de litio<\/a><\/span><\/h3>\n<\/div>\n<\/td>\n<\/tr>\n<tr style=\"height: 49px;\">\n<td style=\"width: 25%; height: 49px;\">\n<div class=\"elementor-widget-container\">\n<h3 class=\"elementor-heading-title elementor-size-default\"><span style=\"font-size: 12pt; color: #0000ff;\"><a style=\"color: #0000ff;\" href=\"https:\/\/vimaterial.de\/es\/product\/oxido-de-litio\/\" target=\"_blank\" rel=\"noopener\">\u00d3xido de litio<\/a><\/span><\/h3>\n<\/div>\n<\/td>\n<td style=\"width: 25%; height: 49px;\">\n<p class=\"elementor-heading-title elementor-size-default\"><span style=\"font-size: 12pt; color: #0000ff;\"><strong><a style=\"color: #0000ff;\" href=\"https:\/\/vimaterial.de\/es\/product\/fosfato-de-litio\/\" target=\"_blank\" rel=\"noopener\">Fosfato de litio<\/a><\/strong><\/span><\/p>\n<\/td>\n<td style=\"width: 25%; height: 49px;\">\n<p class=\"elementor-heading-title elementor-size-default\"><span style=\"font-size: 12pt; color: #0000ff;\"><strong><a style=\"color: #0000ff;\" href=\"https:\/\/vimaterial.de\/es\/product\/litio-manganeso-hierro-fosfato-2\/\" target=\"_blank\" rel=\"noopener\">Fosfato de litio y hierro y manganeso<\/a><\/strong><\/span><\/p>\n<\/td>\n<td style=\"width: 29.6154%; height: 49px;\"><span style=\"font-size: 12pt; color: #0000ff;\"><strong><a style=\"color: #0000ff;\" href=\"https:\/\/vimaterial.de\/es\/product-category\/productos-en-polvo\/materiales-de-la-bateria\/\">Materiales para bater\u00edas<\/a><\/strong><\/span><\/td>\n<\/tr>\n<\/tbody>\n<\/table>\n<h2><span style=\"font-size: 14pt;\">Embalaje y almacenamiento<\/span><\/h2>\n<p>El polvo de LiCl se envasa en botellas, luego en bolsas selladas al doble vac\u00edo y, por \u00faltimo, en una caja de cart\u00f3n rellena de espuma blanda para garantizar un transporte seguro. Una vez recibido, sin abrir el envase, almacenar en un ambiente seco, fresco y bien ventilado, utilizando envases sellados, y evitar las altas temperaturas, la humedad, la luz y el contacto con otros productos qu\u00edmicos.<\/p>\n","protected":false},"excerpt":{"rendered":"<p>&nbsp;<\/p>\n<p>&nbsp;<\/p>\n","protected":false},"featured_media":998820,"comment_status":"open","ping_status":"closed","template":"","meta":{"_acf_changed":false},"product_brand":[],"product_cat":[180,182],"product_tag":[],"class_list":{"0":"post-1046945","1":"product","2":"type-product","3":"status-publish","4":"has-post-thumbnail","6":"product_cat-materiales-de-la-bateria","7":"product_cat-materiales-halogenados","9":"first","10":"instock","11":"shipping-taxable","12":"purchasable","13":"product-type-variable"},"acf":[],"_links":{"self":[{"href":"https:\/\/vimaterial.de\/es\/wp-json\/wp\/v2\/product\/1046945","targetHints":{"allow":["GET"]}}],"collection":[{"href":"https:\/\/vimaterial.de\/es\/wp-json\/wp\/v2\/product"}],"about":[{"href":"https:\/\/vimaterial.de\/es\/wp-json\/wp\/v2\/types\/product"}],"replies":[{"embeddable":true,"href":"https:\/\/vimaterial.de\/es\/wp-json\/wp\/v2\/comments?post=1046945"}],"wp:featuredmedia":[{"embeddable":true,"href":"https:\/\/vimaterial.de\/es\/wp-json\/wp\/v2\/media\/998820"}],"wp:attachment":[{"href":"https:\/\/vimaterial.de\/es\/wp-json\/wp\/v2\/media?parent=1046945"}],"wp:term":[{"taxonomy":"product_brand","embeddable":true,"href":"https:\/\/vimaterial.de\/es\/wp-json\/wp\/v2\/product_brand?post=1046945"},{"taxonomy":"product_cat","embeddable":true,"href":"https:\/\/vimaterial.de\/es\/wp-json\/wp\/v2\/product_cat?post=1046945"},{"taxonomy":"product_tag","embeddable":true,"href":"https:\/\/vimaterial.de\/es\/wp-json\/wp\/v2\/product_tag?post=1046945"}],"curies":[{"name":"wp","href":"https:\/\/api.w.org\/{rel}","templated":true}]}}