{"id":1046921,"date":"2024-06-17T15:29:41","date_gmt":"2024-06-17T07:29:41","guid":{"rendered":"https:\/\/vimaterial.de\/product\/siliciuro-de-molibdeno\/"},"modified":"2024-06-17T15:29:41","modified_gmt":"2024-06-17T07:29:41","slug":"siliciuro-de-molibdeno","status":"publish","type":"product","link":"https:\/\/vimaterial.de\/es\/product\/siliciuro-de-molibdeno\/","title":{"rendered":"Siliciuro de molibdeno"},"content":{"rendered":"<h2><span style=\"font-size: 14pt;\">1. C\u00e1todos para sputtering de siliciuro de molibdeno Descripci\u00f3n<\/span><\/h2>\n<div>Alta pureza<span style=\"color: #0000ff;\"><a style=\"color: #0000ff;\" href=\"https:\/\/vimaterial.de\/es\/search\/?type=name&#038;keyword=Mosi2\"> Siliciuro de Molibdeno de alta pureza<\/a> <\/span>suministrados por VIMATERIAL son adecuados para recubrimientos PVD, pel\u00edculas finas \u00f3pticas y dispositivos semiconductores. Estos c\u00e1todos de siliciuro de molibdeno de alta densidad y pureza garantizan la deposici\u00f3n uniforme de pel\u00edculas finas y la estabilidad a altas temperaturas.<\/div>\n<h2><span style=\"font-size: 14pt;\">2. Resumen de productos de <\/span><span style=\"font-size: 14pt;\">Siliciuro de molibdeno <\/span><span style=\"font-size: 14pt;\">c\u00e1todos para sputtering<\/span><\/h2>\n<div><span style=\"color: #0000ff;\"><a style=\"color: #0000ff;\" href=\"https:\/\/vimaterial.de\/es\/contacto\/\">MOSI\u21aaNO_20<\/a><\/span>los c\u00e1todos para sputtering de MoSi\u2082 (siliciuro de molibdeno) de VIMATERIAL se fabrican utilizando materias primas de alta pureza y procesos avanzados de sinterizaci\u00f3n a alta temperatura, garantizando una deposici\u00f3n uniforme y estabilidad a largo plazo. Estos c\u00e1todos son adecuados para recubrimientos PVD, pel\u00edculas finas \u00f3pticas, dispositivos semiconductores y la producci\u00f3n de materiales resistentes al desgaste a alta temperatura.<\/div>\n<div>Pureza: \u226599,9%<\/div>\n<div>Densidad: \u226599% densidad te\u00f3rica<\/div>\n<div>Especificaciones: C\u00e1todos redondos y cuadrados, grosor personalizable<\/div>\n<div>Forma: Part\u00edculas uniformes prensadas y moldeadas<\/div>\n<h2><span style=\"font-size: 14pt;\">3. Especificaciones t\u00e9cnicas<\/span><\/h2>\n<div>\n<table style=\"border-collapse: collapse; width: 401.43pt;\" border=\"0\" width=\"669\" cellspacing=\"0\" cellpadding=\"0\">\n<tbody>\n<tr style=\"height: 15.60pt;\">\n<td class=\"et2\" style=\"height: 15.6pt; width: 146.4pt; text-align: left;\" width=\"244\" height=\"26\"><strong>Par\u00e1metro<\/strong><\/td>\n<td class=\"et2\" style=\"width: 255pt; text-align: left;\" width=\"425\"><strong>Descripci\u00f3n<\/strong><\/td>\n<\/tr>\n<tr style=\"height: 15.60pt;\">\n<td class=\"et2\" style=\"height: 15.6pt; width: 146.4pt; text-align: left;\" width=\"244\" height=\"26\">F\u00f3rmula qu\u00edmica<\/td>\n<td class=\"et2\" style=\"width: 255pt; text-align: left;\" width=\"425\">MoSi\u2082<\/td>\n<\/tr>\n<tr style=\"height: 15.60pt;\">\n<td class=\"et2\" style=\"height: 15.6pt; width: 146.4pt; text-align: left;\" width=\"244\" height=\"26\">Contenido de impurezas<\/td>\n<td class=\"et2\" style=\"width: 255pt; text-align: left;\" width=\"425\">Fe, Ni, Cu &lt; 50 ppm<\/td>\n<\/tr>\n<tr style=\"height: 15.60pt;\">\n<td class=\"et2\" style=\"height: 15.6pt; width: 146.4pt; text-align: left;\" width=\"244\" height=\"26\">Densidad<\/td>\n<td class=\"et2\" style=\"width: 255pt; text-align: left;\" width=\"425\">\u22657,0 g\/cm\u00b3<\/td>\n<\/tr>\n<tr style=\"height: 15.60pt;\">\n<td class=\"et2\" style=\"height: 15.6pt; width: 146.4pt; text-align: left;\" width=\"244\" height=\"26\">Buena conductividad<\/td>\n<td class=\"et2\" style=\"width: 255pt; text-align: left;\" width=\"425\">apto para revestimiento a alta temperatura<\/td>\n<\/tr>\n<tr style=\"height: 31.20pt;\">\n<td class=\"et2\" style=\"height: 31.2pt; width: 146.4pt; text-align: left;\" width=\"244\" height=\"52\">Proceso<\/td>\n<td class=\"et2\" style=\"width: 255pt; text-align: left;\" width=\"425\">Prensado isost\u00e1tico en fr\u00edo + sinterizado a alta temperatura<\/td>\n<\/tr>\n<tr style=\"height: 31.20pt;\">\n<td class=\"et2\" style=\"height: 31.2pt; width: 146.4pt; text-align: left;\" width=\"244\" height=\"52\">Forma<\/td>\n<td class=\"et2\" style=\"width: 255pt; text-align: left;\" width=\"425\">Blancos redondos y cuadrados, espesor personalizable<\/td>\n<\/tr>\n<tr style=\"height: 15.60pt;\">\n<td class=\"et2\" style=\"height: 15.6pt; width: 146.4pt; text-align: left;\" width=\"244\" height=\"26\">Estructura cristalina<\/td>\n<td class=\"et2\" style=\"width: 255pt; text-align: left;\" width=\"425\">Hexagonal compacto<\/td>\n<\/tr>\n<tr style=\"height: 15.60pt;\">\n<td class=\"et2\" style=\"height: 15.6pt; width: 146.4pt; text-align: left;\" width=\"244\" height=\"26\">Plano posterior de uni\u00f3n<\/td>\n<td class=\"et2\" style=\"width: 255pt; text-align: left;\" width=\"425\">Personalizable<\/td>\n<\/tr>\n<\/tbody>\n<\/table>\n<\/div>\n<div><\/div>\n<h2><span style=\"font-size: 14pt;\">4.Aplicaciones<\/span><\/h2>\n<div>Recubrimiento \u00f3ptico PVD: La alta pureza garantiza una pel\u00edcula fina uniforme<\/div>\n<div><\/div>\n<div>Dispositivos semiconductores: Adecuado para la deposici\u00f3n a alta temperatura de materiales para chips y electrodos<\/div>\n<div><\/div>\n<div>Material resistente al desgaste a altas temperaturas: Adecuado para la preparaci\u00f3n de revestimientos en entornos extremos<\/div>\n<div><\/div>\n<div>Investigaci\u00f3n y experimentaci\u00f3n: Adecuado para la ciencia de materiales y el desarrollo de pel\u00edculas finas<\/div>\n<h2><span style=\"font-size: 14pt;\">5. Ventajas del producto<\/span><\/h2>\n<div>Alta pureza y alta densidad: Garantizan la uniformidad de la pel\u00edcula y un rendimiento estable.<\/div>\n<div><\/div>\n<div>Estabilidad a altas temperaturas: Adecuado para procesos de recubrimiento PVD a alta temperatura.<\/div>\n<div><\/div>\n<div>Formas personalizables: C\u00e1todos redondos y cuadrados, con espesores personalizados disponibles.<\/div>\n<div><\/div>\n<div>Bajo contenido en impurezas: Contenido extremadamente bajo en Fe, Ni y Cu, lo que mejora la calidad de la pel\u00edcula.<\/div>\n<div><\/div>\n<div>Suministro estable y a largo plazo: El estricto control de calidad garantiza la consistencia del producto.<\/div>\n<h2><span style=\"font-size: 14pt;\">6. Preguntas m\u00e1s frecuentes<\/span><\/h2>\n<h3><span style=\"font-size: 12pt;\">P1: \u00bfPara qu\u00e9 procesos de recubrimiento son adecuados los c\u00e1todos para sputtering de MoSi\u2082?<\/span><\/h3>\n<div>R1: Principalmente adecuados para PVD, sputtering magnetr\u00f3nico y deposici\u00f3n \u00f3ptica de pel\u00edcula fina, garantizando la uniformidad de la pel\u00edcula y la estabilidad a altas temperaturas.<\/div>\n<h3><span style=\"font-size: 12pt;\">P2: \u00bfSe pueden personalizar las dimensiones de los c\u00e1todos?<\/span><\/h3>\n<div>A2: S\u00ed, los c\u00e1todos redondos y cuadrados, as\u00ed como los espesores, pueden personalizarse para satisfacer los requisitos del cliente.<\/div>\n<h3><span style=\"font-size: 12pt;\">P3: \u00bfCu\u00e1l es el contenido de impurezas?<\/span><\/h3>\n<div>A3: Nuestros c\u00e1todos de MoSi\u2082 tienen impurezas extremadamente bajas, con un contenido de Fe, Ni y Cu inferior a 50 ppm, lo que garantiza unos resultados de recubrimiento de gran pureza.<\/div>\n<h3><span style=\"font-size: 12pt;\">P4: \u00bfCu\u00e1les son las ventajas de los c\u00e1todos de MoSi\u2082?<\/span><\/h3>\n<div>A4: Alta pureza, alta densidad, deposici\u00f3n uniforme, estabilidad a altas temperaturas y formas personalizables disponibles.<\/div>\n<h2><span style=\"font-size: 14pt;\">7. Embalaje y env\u00edo<\/span><\/h2>\n<h3><span style=\"font-size: 12pt;\">Embalaje<\/span><\/h3>\n<div>Cada blanco de MoSi\u2082 se encapsula en espuma amortiguadora de alta calidad, material antiest\u00e1tico y embalaje personalizado para protegerlo de los impactos y la humedad.<\/div>\n<div>Proporcionamos embalajes especializados para diferentes tama\u00f1os de dianas (redondas y cuadradas) para garantizar un transporte seguro. Ofrecemos varias opciones de env\u00edo: terrestre, a\u00e9reo o urgente para satisfacer las distintas necesidades de los clientes.<\/div>\n<h3><span style=\"font-size: 12pt;\">Almacenamiento<\/span><\/h3>\n<div>Para mantener la estabilidad y el rendimiento de las dianas de MoSi\u2082, deben almacenarse en un entorno seco y a temperatura constante. Evite la exposici\u00f3n prolongada al aire y tome medidas de protecci\u00f3n para evitar la humedad, los da\u00f1os y la contaminaci\u00f3n.<\/div>\n<h2><span style=\"font-size: 14pt;\">8. Recomendaciones de uso<\/span><\/h2>\n<div>Para garantizar un rendimiento \u00f3ptimo de los blancos de MoSi\u2082, inspeccione sus superficies en busca de grietas y contaminaci\u00f3n antes de la instalaci\u00f3n. Mantenga una temperatura ambiente y una presi\u00f3n estables durante el recubrimiento, y aseg\u00farese de que el equipo es compatible con el blanco. Limpie peri\u00f3dicamente la superficie del blanco y realice una inspecci\u00f3n y mantenimiento r\u00e1pidos del equipo para garantizar un funcionamiento eficiente.<\/div>\n<h2><span style=\"font-size: 14pt;\">9. Servicios de procesamiento<\/span><\/h2>\n<div>VIMATERIAL ofrece c\u00e1todos de MoSi\u2082 personalizados, corte de precisi\u00f3n y servicios de procesamiento para garantizar que cumplen los requisitos dimensionales y de superficie del cliente. Para los c\u00e1todos que requieren un acabado de alta calidad, tambi\u00e9n ofrecemos servicios de rectificado de precisi\u00f3n para garantizar una superficie lisa adecuada para procesos de revestimiento de alta precisi\u00f3n.<\/div>\n<h2><span style=\"font-size: 14pt;\">10. Productos relacionados<\/span><\/h2>\n<div><span style=\"color: #0000ff;\"><a style=\"color: #0000ff;\" href=\"https:\/\/vimaterial.de\/es\/product\/molibdeno-metalico-2\/\">C\u00e1todos para sputtering de molibdeno<\/a><\/span><\/div>\n<div><\/div>\n<div><span style=\"color: #0000ff;\"><a style=\"color: #0000ff;\" href=\"https:\/\/vimaterial.de\/es\/search\/?type=name&#038;keyword=Tisi2\">C\u00e1todos para sputtering de siliciuro de titanio<\/a><\/span><\/div>\n<div><\/div>\n<div><span style=\"color: #0000ff;\"><a style=\"color: #0000ff;\" href=\"https:\/\/vimaterial.de\/es\/product\/silicio\/\">C\u00e1todos para sputtering de silicio<\/a><\/span><\/div>\n","protected":false},"excerpt":{"rendered":"<p>Alta pureza<span style=\"color: #0000ff;\"><a style=\"color: #0000ff;\" href=\"https:\/\/vimaterial.de\/es\/search\/?type=name&#038;keyword=Mosi2\"> Siliciuro de molibdeno de alta pureza<\/a> <\/span>suministrados por VIMATERIAL son adecuados para recubrimientos PVD, pel\u00edculas finas \u00f3pticas y dispositivos semiconductores. Estos c\u00e1todos de silicio molibdeno de alta densidad y pureza garantizan una deposici\u00f3n uniforme de pel\u00edcula fina y estabilidad a altas temperaturas.<span style=\"color: #0000ff;\"><a style=\"color: #0000ff;\" href=\"https:\/\/vimaterial.de\/es\/contacto\/\">MOSI\u21aaNO_20<\/a><\/span>los c\u00e1todos para sputtering de MoSi\u2082 (siliciuro de molibdeno) de VIMATERIAL se fabrican utilizando materias primas de gran pureza y procesos avanzados de sinterizaci\u00f3n a alta temperatura, lo que garantiza una deposici\u00f3n uniforme y estabilidad a largo plazo. Estos c\u00e1todos son adecuados para revestimientos de PVD, pel\u00edculas finas \u00f3pticas, dispositivos semiconductores y la producci\u00f3n de materiales resistentes al desgaste a alta temperatura.<\/p>\n","protected":false},"featured_media":1051006,"comment_status":"open","ping_status":"closed","template":"","meta":{"_acf_changed":false},"product_brand":[],"product_cat":[178],"product_tag":[],"class_list":{"0":"post-1046921","1":"product","2":"type-product","3":"status-publish","4":"has-post-thumbnail","6":"product_cat-catodos-para-sputtering-planar","8":"first","9":"instock","10":"shipping-taxable","11":"purchasable","12":"product-type-variable"},"acf":[],"_links":{"self":[{"href":"https:\/\/vimaterial.de\/es\/wp-json\/wp\/v2\/product\/1046921","targetHints":{"allow":["GET"]}}],"collection":[{"href":"https:\/\/vimaterial.de\/es\/wp-json\/wp\/v2\/product"}],"about":[{"href":"https:\/\/vimaterial.de\/es\/wp-json\/wp\/v2\/types\/product"}],"replies":[{"embeddable":true,"href":"https:\/\/vimaterial.de\/es\/wp-json\/wp\/v2\/comments?post=1046921"}],"wp:featuredmedia":[{"embeddable":true,"href":"https:\/\/vimaterial.de\/es\/wp-json\/wp\/v2\/media\/1051006"}],"wp:attachment":[{"href":"https:\/\/vimaterial.de\/es\/wp-json\/wp\/v2\/media?parent=1046921"}],"wp:term":[{"taxonomy":"product_brand","embeddable":true,"href":"https:\/\/vimaterial.de\/es\/wp-json\/wp\/v2\/product_brand?post=1046921"},{"taxonomy":"product_cat","embeddable":true,"href":"https:\/\/vimaterial.de\/es\/wp-json\/wp\/v2\/product_cat?post=1046921"},{"taxonomy":"product_tag","embeddable":true,"href":"https:\/\/vimaterial.de\/es\/wp-json\/wp\/v2\/product_tag?post=1046921"}],"curies":[{"name":"wp","href":"https:\/\/api.w.org\/{rel}","templated":true}]}}