{"id":1046895,"date":"2024-06-17T15:29:41","date_gmt":"2024-06-17T07:29:41","guid":{"rendered":"https:\/\/vimaterial.de\/product\/siliciuro-de-molibdeno-2\/"},"modified":"2024-06-17T15:29:41","modified_gmt":"2024-06-17T07:29:41","slug":"siliciuro-de-molibdeno-2","status":"publish","type":"product","link":"https:\/\/vimaterial.de\/es\/product\/siliciuro-de-molibdeno-2\/","title":{"rendered":"Siliciuro de molibdeno"},"content":{"rendered":"<p><strong>Los polvos de<span style=\"color: #0000ff;\"><a style=\"color: #0000ff;\" href=\"https:\/\/vimaterial.de\/es\/search\/?type=element&#038;keyword=MoSi2\">siliciuro de molibdeno<\/a><\/span><\/strong> son polvos intermet\u00e1licos compuestos de molibdeno y silicio con altos puntos de fusi\u00f3n, gran dureza, buena resistencia a la oxidaci\u00f3n y conductividad el\u00e9ctrica.<\/p>\n<p><span style=\"color: #0000ff;\"><a style=\"color: #0000ff;\" href=\"https:\/\/vimaterial.de\/es\/sobre-nosotros\/\"><strong>VIMATERIAL<\/strong><\/a><\/span> ofrece polvo de siliciuro de molibdeno de alta pureza, garantizando la calidad del producto. Tambi\u00e9n damos prioridad al plazo de entrega, garantizando la entrega puntual de productos de alta calidad. Adem\u00e1s, ofrecemos un completo sistema de servicio posventa para proporcionarle una experiencia de servicio superior. <span style=\"color: #0000ff;\"><strong><a style=\"color: #0000ff;\" href=\"https:\/\/vimaterial.de\/es\/contacto\/\">P\u00f3ngase en contacto con nosotros<\/a><\/strong><\/span> si lo necesita<\/p>\n<h2><span style=\"font-size: 14pt;\">Propiedades f\u00edsicas<\/span><\/h2>\n<table style=\"border-collapse: collapse; width: 62.5646%; height: 171px;\">\n<tbody>\n<tr style=\"height: 24px;\">\n<td style=\"width: 20.1261%; height: 24px;\"><strong>Par\u00e1metro<\/strong><\/td>\n<td style=\"width: 48.0371%; height: 24px;\"><strong>Valor<\/strong><\/td>\n<\/tr>\n<tr style=\"height: 27px;\">\n<td style=\"width: 20.1261%; height: 27px;\">F\u00f3rmula qu\u00edmica<\/td>\n<td style=\"width: 48.0371%; height: 27px;\"><sub>MoSi2<\/sub><\/td>\n<\/tr>\n<tr style=\"height: 24px;\">\n<td style=\"width: 20.1261%; height: 24px;\">Peso molecular<\/td>\n<td style=\"width: 48.0371%; height: 24px;\">152.13 g\/mol<\/td>\n<\/tr>\n<tr style=\"height: 24px;\">\n<td style=\"width: 20.1261%; height: 24px;\">Aspecto<\/td>\n<td style=\"width: 48.0371%; height: 24px;\">Gris oscuro<\/td>\n<\/tr>\n<tr style=\"height: 24px;\">\n<td style=\"width: 20.1261%; height: 24px;\">Densidad<\/td>\n<td style=\"width: 48.0371%; height: 24px;\">6.31g\/cm\u00b3<\/td>\n<\/tr>\n<tr style=\"height: 24px;\">\n<td style=\"width: 20.1261%; height: 24px;\">Punto de fusi\u00f3n<\/td>\n<td style=\"width: 48.0371%; height: 24px;\">1870-2030 \u00b0C<\/td>\n<\/tr>\n<tr style=\"height: 24px;\">\n<td style=\"width: 20.1261%; height: 24px;\">Solubilidad<\/td>\n<td style=\"width: 48.0371%; height: 24px;\">Insoluble en la mayor\u00eda de los \u00e1cidos, pero soluble en \u00e1cido fluorh\u00eddrico y \u00e1cido n\u00edtrico.<\/td>\n<\/tr>\n<\/tbody>\n<\/table>\n<h2><span style=\"font-size: 14pt;\">\u00bfPor qu\u00e9 elegirnos?<\/span><\/h2>\n<p><strong>Asistencia t\u00e9cnica integral:<\/strong> Desde la consulta preventa hasta el servicio posventa, nos aseguramos de que los clientes adquieran productos adecuados y est\u00e9n satisfechos con nuestros servicios, formando una cooperaci\u00f3n sostenible y a largo plazo.<\/p>\n<p><strong>Productos personalizados:<\/strong> Ofrecemos servicios de personalizaci\u00f3n, si sus necesidades no est\u00e1n en nuestra lista, podemos adaptarlo para usted.<\/p>\n<p><strong>Se pueden proporcionar muestras para pruebas de terceros:<\/strong> Si tiene dudas sobre la calidad del producto, podemos proporcionar muestras para pruebas de terceros a petici\u00f3n para garantizar sus derechos.<\/p>\n<p><strong>Informe TDS\/MSDS\/COA:<\/strong> Proporcionaremos un informe COA con cada lote de productos para garantizar que la calidad se supervisa y controla. Tambi\u00e9n proporcionaremos informes MSDS y TDS a petici\u00f3n.<\/p>\n<h2><span style=\"font-size: 14pt;\">Informaci\u00f3n de envasado<\/span><\/h2>\n<p><strong>Envasado interior:<\/strong> Embotellado\/Bolsa de doble capa sellada al vac\u00edo<\/p>\n<p><strong>Embalaje exterior:<\/strong> Caja de cart\u00f3n rellena de espuma blanda<\/p>\n<p>Conservar en un lugar seco, fresco y bien ventilado, mantener el envase cerrado y alejado de productos qu\u00edmicos incompatibles.<\/p>\n<h2><span style=\"font-size: 14pt;\">Aplicaciones del siliciuro de molibdeno en polvo<\/span><\/h2>\n<p><span style=\"color: #000000;\"><strong>Campo de altas temperaturas<\/strong><\/span><\/p>\n<p>Elemento calefactor el\u00e9ctrico: utilizado en hornos y estufas de alta temperatura, equipos de calefacci\u00f3n de laboratorios, etc.<\/p>\n<p>Intercambiador de calor: utilizado en reactores at\u00f3micos y otros intercambiadores de calor, puede transferir calor eficazmente.<\/p>\n<p><span style=\"color: #000000;\"><strong>Campo electr\u00f3nico<\/strong><\/span><\/p>\n<p>Circuitos integrados: como material candidato para pel\u00edculas de alambre de interconexi\u00f3n y de puerta de circuitos integrados a gran escala.<\/p>\n<p><span style=\"color: #000000;\"><strong>Aeroespacial<\/strong><\/span><\/p>\n<p>Recubrimiento antioxidante: El siliciuro de molibdeno puede formar una densa pel\u00edcula protectora contra la oxidaci\u00f3n, mejorando el rendimiento antioxidante de los componentes.<\/p>\n<p><span style=\"color: #000000;\"><strong>Sector de automoci\u00f3n<\/strong><\/span><\/p>\n<p>Componentes del motor: como rotor de turbocompresor, cuerpo de v\u00e1lvulas, buj\u00edas, etc.<\/p>\n<p><span style=\"color: #000000;\"><strong>Otros aspectos<\/strong><\/span><\/p>\n<p>Materiales resistentes al desgaste: El siliciuro de molibdeno se utiliza para fabricar piezas resistentes al desgaste, como herramientas de corte, moldes, cojinetes, etc.<\/p>\n<p>Material de conexi\u00f3n cer\u00e1mico: como material de conexi\u00f3n de la cer\u00e1mica estructural, puede conectar piezas cer\u00e1micas en piezas estructurales complejas.<\/p>\n<h2><span style=\"font-size: 14pt;\">Productos relacionados<\/span><\/h2>\n<table style=\"border-collapse: collapse; width: 100%;\">\n<tbody>\n<tr>\n<td style=\"width: 33.3333%;\"><span style=\"color: #0000ff;\"><strong><a style=\"color: #0000ff;\" href=\"https:\/\/vimaterial.de\/es\/product\/molibdeno-metalico-3\/\">Molibdeno en polvo<\/a><\/strong><\/span><\/td>\n<td style=\"width: 33.3333%;\"><span style=\"color: #0000ff;\"><strong><a style=\"color: #0000ff;\" href=\"https:\/\/vimaterial.de\/es\/product\/molibdeno-metalico-6\/\">L\u00e1minas de molibdeno<\/a><\/strong><\/span><\/td>\n<td style=\"width: 33.3333%;\"><span style=\"color: #0000ff;\"><strong><a style=\"color: #0000ff;\" href=\"https:\/\/vimaterial.de\/es\/product\/carburo-de-molibdeno-2\/\">Carburo de molibdeno<\/a><\/strong><\/span><\/td>\n<\/tr>\n<tr>\n<td style=\"width: 33.3333%;\"><span style=\"color: #0000ff;\"><strong><a style=\"color: #0000ff;\" href=\"https:\/\/vimaterial.de\/es\/product\/oxido-de-molibdeno-4\/\">\u00d3xido de molibdeno<\/a><\/strong><\/span><\/td>\n<td style=\"width: 33.3333%;\"><span style=\"color: #0000ff;\"><strong><a style=\"color: #0000ff;\" href=\"https:\/\/vimaterial.de\/es\/product\/boruro-de-molibdeno\/\">Boruro de molibdeno<\/a><\/strong><\/span><\/td>\n<td style=\"width: 33.3333%;\"><span style=\"color: #0000ff;\"><strong><a style=\"color: #0000ff;\" href=\"https:\/\/vimaterial.de\/es\/product\/sulfuro-de-molibdeno\/\">Sulfuro de molibdeno<\/a><\/strong><\/span><\/td>\n<\/tr>\n<\/tbody>\n<\/table>\n<h2><span style=\"font-size: 14pt;\">FAQ<\/span><\/h2>\n<p><strong>P1: \u00bfPara qu\u00e9 se utiliza el disiliciuro de molibdeno?<\/strong><\/p>\n<p>R: El siliciuro de molibdeno tiene una amplia gama de aplicaciones en campos de alta temperatura, electr\u00f3nica, aeroespacial y automoci\u00f3n, como se detalla en el m\u00f3dulo de aplicaci\u00f3n anterior.<\/p>\n<p><strong>P2: \u00bfEs peligroso el disulfuro de molibdeno?<\/strong><\/p>\n<p>R: El disiliciuro de molibdeno no es una mercanc\u00eda peligrosa y puede transportarse como carga general.<\/p>\n<p><strong>P3: \u00bfCu\u00e1l es la resistividad de los siliciuros de molibdeno?<\/strong><\/p>\n<p>R: La resistividad del siliciuro de molibdeno var\u00eda con la temperatura y otras condiciones, pero a temperatura ambiente, su resistividad suele oscilar entre unos pocos microohmios (\u03bc\u03a9-m) y decenas de microohmios. Los valores espec\u00edficos dependen de la pureza y la estructura cristalina del material. Seg\u00fan investigaciones especializadas, la resistividad del siliciuro de molibdeno de alta pureza a temperatura ambiente puede ser tan baja como aproximadamente 5 \u03bc\u03a9-m.<\/p>\n","protected":false},"excerpt":{"rendered":"<p>Los polvos desiliciuro de molibdeno son polvos intermet\u00e1licos compuestos de molibdeno y silicio con altos puntos de fusi\u00f3n, gran dureza, buena resistencia a la oxidaci\u00f3n y conductividad el\u00e9ctrica. VIMATERIAL ofrece polvo de siliciuro de molibdeno de alta pureza, garantizando la calidad del producto. Tambi\u00e9n damos prioridad al plazo de entrega, garantizando la entrega puntual de [&hellip;]<\/p>\n","protected":false},"featured_media":1031902,"comment_status":"open","ping_status":"closed","template":"","meta":{"_acf_changed":false},"product_brand":[],"product_cat":[183],"product_tag":[],"class_list":{"0":"post-1046895","1":"product","2":"type-product","3":"status-publish","4":"has-post-thumbnail","6":"product_cat-c-n-b-si-materiales","8":"first","9":"instock","10":"shipping-taxable","11":"purchasable","12":"product-type-variable"},"acf":[],"_links":{"self":[{"href":"https:\/\/vimaterial.de\/es\/wp-json\/wp\/v2\/product\/1046895","targetHints":{"allow":["GET"]}}],"collection":[{"href":"https:\/\/vimaterial.de\/es\/wp-json\/wp\/v2\/product"}],"about":[{"href":"https:\/\/vimaterial.de\/es\/wp-json\/wp\/v2\/types\/product"}],"replies":[{"embeddable":true,"href":"https:\/\/vimaterial.de\/es\/wp-json\/wp\/v2\/comments?post=1046895"}],"wp:featuredmedia":[{"embeddable":true,"href":"https:\/\/vimaterial.de\/es\/wp-json\/wp\/v2\/media\/1031902"}],"wp:attachment":[{"href":"https:\/\/vimaterial.de\/es\/wp-json\/wp\/v2\/media?parent=1046895"}],"wp:term":[{"taxonomy":"product_brand","embeddable":true,"href":"https:\/\/vimaterial.de\/es\/wp-json\/wp\/v2\/product_brand?post=1046895"},{"taxonomy":"product_cat","embeddable":true,"href":"https:\/\/vimaterial.de\/es\/wp-json\/wp\/v2\/product_cat?post=1046895"},{"taxonomy":"product_tag","embeddable":true,"href":"https:\/\/vimaterial.de\/es\/wp-json\/wp\/v2\/product_tag?post=1046895"}],"curies":[{"name":"wp","href":"https:\/\/api.w.org\/{rel}","templated":true}]}}