{"id":1046867,"date":"2024-06-17T15:29:41","date_gmt":"2024-06-17T07:29:41","guid":{"rendered":"https:\/\/vimaterial.de\/product\/siliciuro-de-molibdeno-3\/"},"modified":"2024-06-17T15:29:41","modified_gmt":"2024-06-17T07:29:41","slug":"siliciuro-de-molibdeno-3","status":"publish","type":"product","link":"https:\/\/vimaterial.de\/es\/product\/siliciuro-de-molibdeno-3\/","title":{"rendered":"Siliciuro de molibdeno"},"content":{"rendered":"<p><strong><span style=\"color: #0000ff;\"><a style=\"color: #0000ff;\" href=\"https:\/\/vimaterial.de\/es\/search\/?type=element&#038;keyword=MoSi2\">Disiliciuro de molibdeno<\/a> <\/span><\/strong>es un importante material de alta temperatura con un punto de fusi\u00f3n elevado, una excelente resistencia a la oxidaci\u00f3n y a la corrosi\u00f3n. Se utiliza ampliamente en elementos calefactores el\u00e9ctricos, revestimientos de alta temperatura, la industria aeroespacial y la microelectr\u00f3nica.<\/p>\n<p><span style=\"color: #0000ff;\"><a style=\"color: #0000ff;\" href=\"https:\/\/vimaterial.de\/es\/sobre-nosotros\/\"><strong>VIMATERIAL<\/strong><\/a><\/span> ofrece siliciuro de molibdeno de alta pureza, garantizando la calidad del producto. Tambi\u00e9n damos prioridad al plazo de entrega, garantizando la entrega puntual de productos de alta calidad. Adem\u00e1s, ofrecemos un completo sistema de servicio posventa para proporcionarle una experiencia de servicio superior. <span style=\"color: #0000ff;\"><strong><a style=\"color: #0000ff;\" href=\"https:\/\/vimaterial.de\/es\/contacto\/\">P\u00f3ngase en contacto con nosotros<\/a><\/strong><\/span> si lo necesita<\/p>\n<h2><span style=\"font-size: 14pt;\">Propiedades f\u00edsicas<\/span><\/h2>\n<table style=\"border-collapse: collapse; width: 62.5646%; height: 171px;\">\n<tbody>\n<tr style=\"height: 24px;\">\n<td style=\"width: 20.1261%; height: 24px;\"><strong>Par\u00e1metro<\/strong><\/td>\n<td style=\"width: 48.0371%; height: 24px;\"><strong>Valor<\/strong><\/td>\n<\/tr>\n<tr style=\"height: 27px;\">\n<td style=\"width: 20.1261%; height: 27px;\">F\u00f3rmula qu\u00edmica<\/td>\n<td style=\"width: 48.0371%; height: 27px;\"><sub>MoSi2<\/sub><\/td>\n<\/tr>\n<tr style=\"height: 24px;\">\n<td style=\"width: 20.1261%; height: 24px;\">Peso molecular<\/td>\n<td style=\"width: 48.0371%; height: 24px;\">152.13 g\/mol<\/td>\n<\/tr>\n<tr style=\"height: 24px;\">\n<td style=\"width: 20.1261%; height: 24px;\">Aspecto<\/td>\n<td style=\"width: 48.0371%; height: 24px;\">Gris<\/td>\n<\/tr>\n<tr style=\"height: 24px;\">\n<td style=\"width: 20.1261%; height: 24px;\">Densidad<\/td>\n<td style=\"width: 48.0371%; height: 24px;\">6.31g\/cm\u00b3<\/td>\n<\/tr>\n<tr style=\"height: 24px;\">\n<td style=\"width: 20.1261%; height: 24px;\">Punto de fusi\u00f3n<\/td>\n<td style=\"width: 48.0371%; height: 24px;\">1870-2030 \u00b0C<\/td>\n<\/tr>\n<tr style=\"height: 24px;\">\n<td style=\"width: 20.1261%; height: 24px;\">Solubilidad<\/td>\n<td style=\"width: 48.0371%; height: 24px;\">Insoluble en la mayor\u00eda de los \u00e1cidos, pero soluble en \u00e1cido fluorh\u00eddrico y \u00e1cido n\u00edtrico.<\/td>\n<\/tr>\n<\/tbody>\n<\/table>\n<h2><span style=\"font-size: 14pt;\">\u00bfPor qu\u00e9 elegirnos?<\/span><\/h2>\n<p><strong>Asistencia t\u00e9cnica integral:<\/strong> Desde la consulta preventa hasta el servicio posventa, nos aseguramos de que los clientes adquieran productos adecuados y est\u00e9n satisfechos con nuestros servicios, formando una cooperaci\u00f3n sostenible y a largo plazo.<\/p>\n<p><strong>Productos personalizados:<\/strong> Ofrecemos servicios de personalizaci\u00f3n, si sus necesidades no est\u00e1n en nuestra lista, podemos adaptarlo para usted.<\/p>\n<p><strong>Se pueden proporcionar muestras para pruebas de terceros:<\/strong> Si tiene dudas sobre la calidad del producto, podemos proporcionar muestras para pruebas de terceros a petici\u00f3n para garantizar sus derechos.<\/p>\n<p><strong>Informe TDS\/MSDS\/COA:<\/strong> Proporcionaremos un informe COA con cada lote de productos para garantizar que la calidad se supervisa y controla. Tambi\u00e9n proporcionaremos informes MSDS y TDS a petici\u00f3n.<\/p>\n<h2><span style=\"font-size: 14pt;\">Informaci\u00f3n de envasado<\/span><\/h2>\n<p><strong>Envasado interior:<\/strong> Embotellado\/Bolsa de doble capa sellada al vac\u00edo<\/p>\n<p><strong>Embalaje exterior:<\/strong> Caja de cart\u00f3n rellena de espuma blanda<\/p>\n<p>Conservar en un lugar seco, fresco y bien ventilado, mantener el envase cerrado y alejado de productos qu\u00edmicos incompatibles.<\/p>\n<h2><span style=\"font-size: 14pt;\">Aplicaciones de los gr\u00e1nulos de siliciuro de molibdeno<\/span><\/h2>\n<p><strong>Elementos calefactores el\u00e9ctricos:<\/strong> Como material para elementos calefactores, puede funcionar a temperaturas de hasta 1700\u2103, adecuado para elementos calefactores el\u00e9ctricos, termopares de alta temperatura y crisoles de fusi\u00f3n (utilizados para fundir metales como sodio y litio).<\/p>\n<p><strong>Recubrimientos antioxidantes de alta temperatura:<\/strong> Utilizados para la protecci\u00f3n a alta temperatura de sustratos met\u00e1licos, formando una pel\u00edcula v\u00edtrea impermeable que resiste la corrosi\u00f3n de gases como el ox\u00edgeno y el nitr\u00f3geno, adecuada para componentes de alta temperatura como motores de turbina y quemadores.<\/p>\n<p><strong>Industria microelectr\u00f3nica:<\/strong> Se utiliza como material de pel\u00edcula fina para puertas e interconexiones en circuitos integrados, junto con siliciuros de titanio y siliciuros de tungsteno, en circuitos integrados a gran escala.<\/p>\n<p><strong>Recipientes de fusi\u00f3n:<\/strong> Se utiliza como revestimiento de crisoles de metal fundido, proporcionando resistencia a altas temperaturas y a la corrosi\u00f3n.<\/p>\n<p><strong>Industria nuclear:<\/strong> Utilizado como material para intercambiadores de calor, capaz de soportar entornos de irradiaci\u00f3n de neutrones.<\/p>\n<p>Refuerzo de materiales compuestos: Cuando se combina con carburo de silicio, su resistencia a altas temperaturas se multiplica por 8, adecuado para componentes estructurales de alta temperatura, como los \u00e1labes de turbina.<\/p>\n<h2><span style=\"font-size: 14pt;\">Productos relacionados<\/span><\/h2>\n<table style=\"border-collapse: collapse; width: 100%; height: 48px;\">\n<tbody>\n<tr style=\"height: 24px;\">\n<td style=\"width: 33.3333%; height: 24px;\"><span style=\"color: #0000ff;\"><strong><a style=\"color: #0000ff;\" href=\"https:\/\/vimaterial.de\/es\/product\/molibdeno-metalico-4\/\">Molibdeno en gr\u00e1nulos<\/a><\/strong><\/span><\/td>\n<td style=\"width: 33.3333%; height: 24px;\"><span style=\"color: #0000ff;\"><strong><a style=\"color: #0000ff;\" href=\"https:\/\/vimaterial.de\/es\/product\/molibdeno-metalico-6\/\">L\u00e1minas de molibdeno<\/a><\/strong><\/span><\/td>\n<td style=\"width: 33.3333%; height: 24px;\"><span style=\"color: #0000ff;\"><strong><a style=\"color: #0000ff;\" href=\"https:\/\/vimaterial.de\/es\/product\/carburo-de-molibdeno-2\/\">Carburo de molibdeno<\/a><\/strong><\/span><\/td>\n<\/tr>\n<tr style=\"height: 24px;\">\n<td style=\"width: 33.3333%; height: 24px;\"><span style=\"color: #0000ff;\"><strong><a style=\"color: #0000ff;\" href=\"https:\/\/vimaterial.de\/es\/product\/oxido-de-molibdeno-4\/\">\u00d3xido de molibdeno<\/a><\/strong><\/span><\/td>\n<td style=\"width: 33.3333%; height: 24px;\"><span style=\"color: #0000ff;\"><strong><a style=\"color: #0000ff;\" href=\"https:\/\/vimaterial.de\/es\/product\/boruro-de-molibdeno\/\">Boruro de molibdeno<\/a><\/strong><\/span><\/td>\n<td style=\"width: 33.3333%; height: 24px;\"><span style=\"color: #0000ff;\"><strong><a style=\"color: #0000ff;\" href=\"https:\/\/vimaterial.de\/es\/product\/sulfuro-de-molibdeno\/\">Sulfuro de molibdeno<\/a><\/strong><\/span><\/td>\n<\/tr>\n<\/tbody>\n<\/table>\n<h2><span style=\"font-size: 14pt;\">FAQ<\/span><\/h2>\n<p><strong>P1: \u00bfPara qu\u00e9 se utiliza el disiliciuro de molibdeno?<\/strong><\/p>\n<p>R: El siliciuro de molibdeno tiene una amplia gama de aplicaciones en campos de alta temperatura, electr\u00f3nica, aeroespacial y automoci\u00f3n, como se detalla en el m\u00f3dulo de aplicaci\u00f3n anterior.<\/p>\n<p><strong>P2: \u00bfEs peligroso el disulfuro de molibdeno?<\/strong><\/p>\n<p>R: El disiliciuro de molibdeno no es una mercanc\u00eda peligrosa y puede transportarse como carga general.<\/p>\n<p><strong>P3: \u00bfCu\u00e1l es la resistividad de los siliciuros de molibdeno?<\/strong><\/p>\n<p>R: La resistividad del siliciuro de molibdeno var\u00eda con la temperatura y otras condiciones, pero a temperatura ambiente, su resistividad suele oscilar entre unos pocos microohmios (\u03bc\u03a9-m) y decenas de microohmios. Los valores espec\u00edficos dependen de la pureza y la estructura cristalina del material. Seg\u00fan investigaciones especializadas, la resistividad del siliciuro de molibdeno de alta pureza a temperatura ambiente puede ser tan baja como aproximadamente 5 \u03bc\u03a9-m.<\/p>\n","protected":false},"excerpt":{"rendered":"<p>Disiliciuro de molibdeno es un importante material de alta temperatura con un punto de fusi\u00f3n elevado, una excelente resistencia a la oxidaci\u00f3n y a la corrosi\u00f3n. Se utiliza ampliamente en elementos calefactores el\u00e9ctricos, revestimientos de alta temperatura, la industria aeroespacial y la microelectr\u00f3nica. VIMATERIAL ofrece siliciuro de molibdeno de alta pureza, garantizando la calidad del [&hellip;]<\/p>\n","protected":false},"featured_media":1046669,"comment_status":"open","ping_status":"closed","template":"","meta":{"_acf_changed":false},"product_brand":[],"product_cat":[179],"product_tag":[],"class_list":{"0":"post-1046867","1":"product","2":"type-product","3":"status-publish","4":"has-post-thumbnail","6":"product_cat-materiales-de-evaporacion","8":"first","9":"instock","10":"shipping-taxable","11":"purchasable","12":"product-type-variable"},"acf":[],"_links":{"self":[{"href":"https:\/\/vimaterial.de\/es\/wp-json\/wp\/v2\/product\/1046867","targetHints":{"allow":["GET"]}}],"collection":[{"href":"https:\/\/vimaterial.de\/es\/wp-json\/wp\/v2\/product"}],"about":[{"href":"https:\/\/vimaterial.de\/es\/wp-json\/wp\/v2\/types\/product"}],"replies":[{"embeddable":true,"href":"https:\/\/vimaterial.de\/es\/wp-json\/wp\/v2\/comments?post=1046867"}],"wp:featuredmedia":[{"embeddable":true,"href":"https:\/\/vimaterial.de\/es\/wp-json\/wp\/v2\/media\/1046669"}],"wp:attachment":[{"href":"https:\/\/vimaterial.de\/es\/wp-json\/wp\/v2\/media?parent=1046867"}],"wp:term":[{"taxonomy":"product_brand","embeddable":true,"href":"https:\/\/vimaterial.de\/es\/wp-json\/wp\/v2\/product_brand?post=1046867"},{"taxonomy":"product_cat","embeddable":true,"href":"https:\/\/vimaterial.de\/es\/wp-json\/wp\/v2\/product_cat?post=1046867"},{"taxonomy":"product_tag","embeddable":true,"href":"https:\/\/vimaterial.de\/es\/wp-json\/wp\/v2\/product_tag?post=1046867"}],"curies":[{"name":"wp","href":"https:\/\/api.w.org\/{rel}","templated":true}]}}