{"id":1046850,"date":"2024-06-17T15:56:42","date_gmt":"2024-06-17T07:56:42","guid":{"rendered":"https:\/\/vimaterial.de\/product\/bismuto-metalico-3\/"},"modified":"2024-06-17T15:56:42","modified_gmt":"2024-06-17T07:56:42","slug":"bismuto-metalico-3","status":"publish","type":"product","link":"https:\/\/vimaterial.de\/es\/product\/bismuto-metalico-3\/","title":{"rendered":"Bismuto met\u00e1lico"},"content":{"rendered":"<p><span style=\"color: #0000ff;\"><a style=\"color: #0000ff;\" href=\"http:\/\/vimaterial.de\/en\/search\/?type=name&amp;keyword=bismuth\"><strong>El bismuto met\u00e1lico<\/strong><\/a><\/span> es un metal blanco plateado con forma cristalina hexa\u00e9drica ortorr\u00f3mbica. Se utiliza habitualmente para sustituir a metales t\u00f3xicos como el plomo y el antimonio y est\u00e1 ampliamente reconocido como un &#8220;metal verde&#8221; saludable y respetuoso con el medio ambiente <strong><span style=\"color: #0000ff;\"><a style=\"color: #0000ff;\" href=\"https:\/\/vimaterial.de\/es\/sobre-nosotros\/\">VIMATERIAL<\/a><\/span><\/strong> ofrece <strong>gr\u00e1nulos de bismuto de gran pureza<\/strong>, personalizables en pureza y tama\u00f1o para satisfacer necesidades espec\u00edficas. Empleamos rigurosos procesos de control de calidad para garantizar la calidad del producto.<\/p>\n<p>Adem\u00e1s, garantizamos la entrega puntual al tiempo que aseguramos la calidad del producto, sirviendo a nuestros clientes con la mayor rapidez posible. Tambi\u00e9n ofrecemos un completo sistema de servicio posventa para garantizarle una asistencia completa durante el uso. Por favor, <strong><span style=\"color: #0000ff;\"><a style=\"color: #0000ff;\" href=\"https:\/\/vimaterial.de\/es\/contacto\/\">p\u00f3ngase en contacto con nosotros<\/a><\/span><\/strong> si lo necesita<\/p>\n<h2><span style=\"font-size: 14pt;\">Propiedades f\u00edsicas<\/span><\/h2>\n<table style=\"border-collapse: collapse; width: 61.238%; height: 168px;\">\n<tbody>\n<tr style=\"height: 24px;\">\n<td style=\"width: 25.2458%; height: 24px;\"><strong>Par\u00e1metro<\/strong><\/td>\n<td style=\"width: 35.9922%; height: 24px;\"><strong>Valor<\/strong><\/td>\n<\/tr>\n<tr style=\"height: 24px;\">\n<td style=\"width: 25.2458%; height: 24px;\">F\u00f3rmula qu\u00edmica<\/td>\n<td style=\"width: 35.9922%; height: 24px;\">Bi<\/td>\n<\/tr>\n<tr style=\"height: 24px;\">\n<td style=\"width: 25.2458%; height: 24px;\">Peso molecular<\/td>\n<td style=\"width: 35.9922%; height: 24px;\">208.98 g\/mol<\/td>\n<\/tr>\n<tr style=\"height: 24px;\">\n<td style=\"width: 25.2458%; height: 24px;\">Aspecto<\/td>\n<td style=\"width: 35.9922%; height: 24px;\">Blanco plateado con brillo met\u00e1lico<\/td>\n<\/tr>\n<tr style=\"height: 24px;\">\n<td style=\"width: 25.2458%; height: 24px;\">Pureza<\/td>\n<td style=\"width: 35.9922%; height: 24px;\">99.99%-99.999%<\/td>\n<\/tr>\n<tr style=\"height: 24px;\">\n<td style=\"width: 25.2458%; height: 24px;\">Densidad<\/td>\n<td style=\"width: 35.9922%; height: 24px;\">9.78g\/cm3<\/td>\n<\/tr>\n<tr style=\"height: 24px;\">\n<td style=\"width: 25.2458%; height: 24px;\">Punto de fusi\u00f3n<\/td>\n<td style=\"width: 35.9922%; height: 24px;\">271.5\u2103<\/td>\n<\/tr>\n<tr>\n<td style=\"width: 25.2458%;\">Dureza<\/td>\n<td style=\"width: 35.9922%;\">La textura es quebradiza, la dureza no es alta.<\/td>\n<\/tr>\n<tr>\n<td style=\"width: 25.2458%;\">Estabilidad<\/td>\n<td style=\"width: 35.9922%;\">Estable; Mantener alejado de ambientes fuertemente \u00e1cidos o alcalinos.<\/td>\n<\/tr>\n<\/tbody>\n<\/table>\n<h2><span style=\"font-size: 14pt;\">\u00bfPor qu\u00e9 elegirnos?<\/span><\/h2>\n<p><strong>Soporte t\u00e9cnico integral:<\/strong> Desde la consulta preventa hasta el servicio posventa, nos aseguramos de que los clientes adquieran productos adecuados y est\u00e9n satisfechos con nuestros servicios, formando una cooperaci\u00f3n sostenible y a largo plazo.<\/p>\n<p><strong>Productos personalizados:<\/strong> Ofrecemos servicios de personalizaci\u00f3n, si sus necesidades no est\u00e1n en nuestra lista, podemos adaptarlo para usted.<\/p>\n<p><strong>Se pueden proporcionar muestras para pruebas de terceros:<\/strong> Si tiene dudas sobre la calidad del producto, podemos proporcionar muestras para pruebas de terceros a petici\u00f3n para garantizar sus derechos.<\/p>\n<p><strong>Informe TDS\/MSDS\/COA:<\/strong> Proporcionaremos un informe COA con cada lote de productos para garantizar que la calidad se supervisa y controla. Tambi\u00e9n proporcionaremos informes MSDS y TDS a petici\u00f3n.<\/p>\n<h2><span style=\"font-size: 14pt;\">Informaci\u00f3n de envasado de los gr\u00e1nulos de bismuto<\/span><\/h2>\n<p><strong>Envasado interior:<\/strong> Embotellado\/Bolsa de doble capa sellada al vac\u00edo<\/p>\n<p><strong>Embalaje exterior:<\/strong> Caja de cart\u00f3n rellena de espuma blanda<\/p>\n<p>El producto debe almacenarse en un lugar seco, fresco y bien ventilado, mantener el envase cerrado herm\u00e9ticamente y evitar las altas temperaturas, la humedad elevada, la luz y el contacto con otros productos qu\u00edmicos.<\/p>\n<h2><span style=\"font-size: 14pt;\">M\u00e9todos de fundici\u00f3n de los gr\u00e1nulos de bismuto <\/span><\/h2>\n<p><strong>1. Pirometalurgia<\/strong><\/p>\n<p>La pirometalurgia es un m\u00e9todo de fundici\u00f3n tradicional. Su principio consiste en utilizar el alto punto de fusi\u00f3n del metal de bismuto, calentando la materia prima de bismuto hasta fundirla y, a continuaci\u00f3n, solidific\u00e1ndola y d\u00e1ndole forma. Las ventajas de este m\u00e9todo son su sencillez y su bajo coste, pero tambi\u00e9n tiene desventajas como el elevado consumo de energ\u00eda y una importante contaminaci\u00f3n.<\/p>\n<p><strong>3. Hidrometalurgia<\/strong><\/p>\n<p>La hidrometalurgia es un m\u00e9todo de fundici\u00f3n m\u00e1s avanzado. Su principio es utilizar la reacci\u00f3n qu\u00edmica de los iones de bismuto en soluci\u00f3n para reducirlos a bismuto met\u00e1lico. Las ventajas de este m\u00e9todo son su respeto por el medio ambiente, su eficiencia energ\u00e9tica y su alto rendimiento, pero tambi\u00e9n tiene desventajas como el elevado coste de los equipos y la complejidad de los procesos.<\/p>\n<h2><span style=\"font-size: 14pt;\">Aplicaciones de los gr\u00e1nulos de bismuto met\u00e1lico<\/span><\/h2>\n<p>Industria electr\u00f3nica: Dado que el bismuto tiene cierta conductividad el\u00e9ctrica y t\u00e9rmica, las part\u00edculas de bismuto pueden utilizarse como cargas conductoras para mejorar la conductividad el\u00e9ctrica de los lodos.<\/p>\n<p>Fabricaci\u00f3n de aleaciones: Las part\u00edculas de bismuto pueden utilizarse como un componente a\u00f1adido de la aleaci\u00f3n para ajustar las propiedades de la aleaci\u00f3n, como reducir el punto de fusi\u00f3n de la aleaci\u00f3n y aumentar la dureza de la aleaci\u00f3n.<\/p>\n<p>Aplicaci\u00f3n industrial: Las part\u00edculas de bismuto pueden utilizarse para fabricar catalizadores a base de bismuto, pigmentos, cosm\u00e9ticos, etc.<\/p>\n<h2><span style=\"font-size: 14pt;\">Productos relacionados<\/span><\/h2>\n<table style=\"border-collapse: collapse; width: 100%; height: 48px;\">\n<tbody>\n<tr style=\"height: 24px;\">\n<td style=\"width: 33.3333%; height: 24px;\"><strong><span style=\"color: #0000ff;\"><a style=\"color: #0000ff;\" href=\"https:\/\/vimaterial.de\/es\/product\/bismuto-metalico-5\/\">Polvo de bismuto<\/a><\/span><\/strong><\/td>\n<td style=\"width: 33.3333%; height: 24px;\"><strong><span style=\"color: #0000ff;\"><a style=\"color: #0000ff;\" href=\"https:\/\/vimaterial.de\/es\/product\/bismuto-metalico-4\/\">Blanco de bismuto para sputtering<\/a><\/span><\/strong><\/td>\n<td style=\"width: 33.3333%; height: 24px;\"><strong><span style=\"color: #0000ff;\"><a style=\"color: #0000ff;\" href=\"https:\/\/vimaterial.de\/es\/product\/bismuto-metalico-2\/\">Varilla de bismuto<\/a><\/span><\/strong><\/td>\n<\/tr>\n<tr style=\"height: 24px;\">\n<td style=\"width: 33.3333%; height: 24px;\"><strong><span style=\"color: #0000ff;\"><a style=\"color: #0000ff;\" href=\"https:\/\/vimaterial.de\/es\/search\/?type=name&#038;keyword=bismuth+oxide\">\u00d3xido de bismuto<\/a><\/span><\/strong><\/td>\n<td style=\"width: 33.3333%; height: 24px;\"><strong><span style=\"color: #0000ff;\"><a style=\"color: #0000ff;\" href=\"https:\/\/vimaterial.de\/es\/search\/?type=element&#038;keyword=Bi2Te3\">Telururo de bismuto<\/a><\/span><\/strong><\/td>\n<td style=\"width: 33.3333%; height: 24px;\"><strong><span style=\"color: #0000ff;\"><a style=\"color: #0000ff;\" href=\"https:\/\/vimaterial.de\/es\/search\/?type=name&#038;keyword=Bismuth+Sulfide\">Sulfuro de bismuto<\/a><\/span><\/strong><\/td>\n<\/tr>\n<\/tbody>\n<\/table>\n<h2><span style=\"font-size: 14pt;\">FAQ<\/span><\/h2>\n<p><strong>P1: \u00bfEs el bismuto un material peligroso?<\/strong><\/p>\n<p>R: Los gr\u00e1nulos de bismuto no son mercanc\u00edas peligrosas y pueden manipularse como mercanc\u00edas ordinarias.<\/p>\n<p>Sin embargo, el polvo de bismuto es peligroso e inflamable. Cuando se utilice, debe mantenerse alejado de fuentes de calor, superficies calientes, chispas, llamas abiertas y otras fuentes de ignici\u00f3n. Est\u00e1 prohibido fumar y deben tomarse medidas para evitar la acumulaci\u00f3n de electricidad est\u00e1tica.<\/p>\n<p><strong>P2: \u00bfCu\u00e1l es el plazo de entrega?<\/strong><\/p>\n<p>R: En stock: Env\u00edo inmediato<\/p>\n<p>Productos Est\u00e1ndar: Generalmente 2-4 Semanas<\/p>\n<p>Productos personalizados: Determinado en base a los detalles requeridos<\/p>\n<p>Los requisitos especiales pueden ser discutidos<\/p>\n<p><strong>P3: \u00bfProporcionan un archivo MSDS?<\/strong><\/p>\n<p>R: S\u00ed, proporcionamos archivos TDS y MSDS. Encontrar\u00e1 el bot\u00f3n &#8220;MSDS&#8221; y &#8220;TDS&#8221; debajo del cuadro de consulta, a la derecha de la imagen del producto.<\/p>\n","protected":false},"excerpt":{"rendered":"<p>El bismuto met\u00e1lico es un metal blanco plateado con forma cristalina hexa\u00e9drica ortorr\u00f3mbica. Se utiliza habitualmente para sustituir a metales t\u00f3xicos como el plomo y el antimonio y est\u00e1 ampliamente reconocido como un &#8220;metal verde&#8221; saludable y respetuoso con el medio ambiente VIMATERIAL ofrece gr\u00e1nulos de bismuto de gran pureza, personalizables en pureza y tama\u00f1o [&hellip;]<\/p>\n","protected":false},"featured_media":1033567,"comment_status":"open","ping_status":"closed","template":"","meta":{"_acf_changed":false},"product_brand":[],"product_cat":[179],"product_tag":[],"class_list":{"0":"post-1046850","1":"product","2":"type-product","3":"status-publish","4":"has-post-thumbnail","6":"product_cat-materiales-de-evaporacion","8":"first","9":"instock","10":"shipping-taxable","11":"purchasable","12":"product-type-variable"},"acf":[],"_links":{"self":[{"href":"https:\/\/vimaterial.de\/es\/wp-json\/wp\/v2\/product\/1046850","targetHints":{"allow":["GET"]}}],"collection":[{"href":"https:\/\/vimaterial.de\/es\/wp-json\/wp\/v2\/product"}],"about":[{"href":"https:\/\/vimaterial.de\/es\/wp-json\/wp\/v2\/types\/product"}],"replies":[{"embeddable":true,"href":"https:\/\/vimaterial.de\/es\/wp-json\/wp\/v2\/comments?post=1046850"}],"wp:featuredmedia":[{"embeddable":true,"href":"https:\/\/vimaterial.de\/es\/wp-json\/wp\/v2\/media\/1033567"}],"wp:attachment":[{"href":"https:\/\/vimaterial.de\/es\/wp-json\/wp\/v2\/media?parent=1046850"}],"wp:term":[{"taxonomy":"product_brand","embeddable":true,"href":"https:\/\/vimaterial.de\/es\/wp-json\/wp\/v2\/product_brand?post=1046850"},{"taxonomy":"product_cat","embeddable":true,"href":"https:\/\/vimaterial.de\/es\/wp-json\/wp\/v2\/product_cat?post=1046850"},{"taxonomy":"product_tag","embeddable":true,"href":"https:\/\/vimaterial.de\/es\/wp-json\/wp\/v2\/product_tag?post=1046850"}],"curies":[{"name":"wp","href":"https:\/\/api.w.org\/{rel}","templated":true}]}}