{"id":1046824,"date":"2024-06-17T15:56:42","date_gmt":"2024-06-17T07:56:42","guid":{"rendered":"https:\/\/vimaterial.de\/product\/bismuto-metalico-5\/"},"modified":"2024-06-17T15:56:42","modified_gmt":"2024-06-17T07:56:42","slug":"bismuto-metalico-5","status":"publish","type":"product","link":"https:\/\/vimaterial.de\/es\/product\/bismuto-metalico-5\/","title":{"rendered":"Bismuto met\u00e1lico"},"content":{"rendered":"<p>El <strong>polvo de bismuto<\/strong> es una importante materia prima funcional ampliamente utilizada en materiales electr\u00f3nicos, productos qu\u00edmicos, metalurgia y otros campos industriales. El <strong>polvo<span style=\"color: #0000ff;\"><a style=\"color: #0000ff;\" href=\"https:\/\/vimaterial.de\/es\/search\/?type=name&#038;keyword=bismuth+metal\">met\u00e1lico de bismuto<\/a><\/span><\/strong> de VIMATERIAL tiene una pureza de hasta el 99,999%, gracias a un estricto control de calidad y a m\u00faltiples procesos de refinado y purificaci\u00f3n. Los estrictos procesos de producci\u00f3n y la gesti\u00f3n de calidad garantizan una gran consistencia y estabilidad entre lotes.<\/p>\n<p>Adem\u00e1s, damos prioridad al plazo de entrega, garantizando una entrega puntual y segura a nuestros clientes. Adem\u00e1s, ofrecemos un completo sistema de servicio posventa para garantizarle una asistencia completa durante el uso. <span style=\"color: #0000ff;\"><strong><a style=\"color: #0000ff;\" href=\"https:\/\/vimaterial.de\/es\/contacto\/\">P\u00f3ngase en contacto<\/a><\/strong><\/span> ahora<\/p>\n<h2><span style=\"font-size: 14pt;\">Propiedades f\u00edsicas<\/span><\/h2>\n<table style=\"border-collapse: collapse; width: 53.9425%; height: 216px;\">\n<tbody>\n<tr style=\"height: 24px;\">\n<td style=\"width: 23.1761%; height: 24px;\"><strong>Par\u00e1metro<\/strong><\/td>\n<td style=\"width: 30.7664%; height: 24px;\"><strong>Valor<\/strong><\/td>\n<\/tr>\n<tr style=\"height: 24px;\">\n<td style=\"width: 23.1761%; height: 24px;\">F\u00f3rmula qu\u00edmica<\/td>\n<td style=\"width: 30.7664%; height: 24px;\">Bi<\/td>\n<\/tr>\n<tr style=\"height: 24px;\">\n<td style=\"width: 23.1761%; height: 24px;\">Peso molecular<\/td>\n<td style=\"width: 30.7664%; height: 24px;\">208.98 g\/mol<\/td>\n<\/tr>\n<tr style=\"height: 24px;\">\n<td style=\"width: 23.1761%; height: 24px;\">Aspecto<\/td>\n<td style=\"width: 30.7664%; height: 24px;\">Gris oscuro<\/td>\n<\/tr>\n<tr style=\"height: 24px;\">\n<td style=\"width: 23.1761%; height: 24px;\">Pureza<\/td>\n<td style=\"width: 30.7664%; height: 24px;\">99.95%-99.999%<\/td>\n<\/tr>\n<tr style=\"height: 24px;\">\n<td style=\"width: 23.1761%; height: 24px;\">Densidad<\/td>\n<td style=\"width: 30.7664%; height: 24px;\">9.<sup>78g\/cm3<\/sup><\/td>\n<\/tr>\n<tr style=\"height: 24px;\">\n<td style=\"width: 23.1761%; height: 24px;\">Punto de fusi\u00f3n<\/td>\n<td style=\"width: 30.7664%; height: 24px;\">271.5\u2103<\/td>\n<\/tr>\n<tr style=\"height: 24px;\">\n<td style=\"width: 23.1761%; height: 24px;\">Punto de ebullici\u00f3n<\/td>\n<td style=\"width: 30.7664%; height: 24px;\">1564\u2103<\/td>\n<\/tr>\n<tr style=\"height: 24px;\">\n<td style=\"width: 23.1761%; height: 24px;\">Estabilidad<\/td>\n<td style=\"width: 30.7664%; height: 24px;\">Relativamente estable, no es f\u00e1cil que reaccione con el ox\u00edgeno, el agua y otras sustancias<\/td>\n<\/tr>\n<\/tbody>\n<\/table>\n<h2><span style=\"font-size: 14pt;\">Servicios<\/span><\/h2>\n<p>Asistencia t\u00e9cnica completa<\/p>\n<p>Productos personalizados<\/p>\n<p>Informe TDS\/MSDS\/COA<\/p>\n<p>Muestras disponibles para pruebas de terceros previa solicitud<\/p>\n<p>Amplia experiencia en servicio posventa<\/p>\n<h2><span style=\"font-size: 14pt;\">Plazo de entrega<\/span><\/h2>\n<p>En stock: Env\u00edo inmediato<\/p>\n<p>Productos Est\u00e1ndar: Generalmente 2-4 Semanas<\/p>\n<p>Productos personalizados: Determinado en base a los detalles requeridos<\/p>\n<p>Los requisitos especiales pueden ser discutidos<\/p>\n<h2><span style=\"font-size: 14pt;\">Informaci\u00f3n de envasado del polvo de bismuto<\/span><\/h2>\n<p><strong>Interior:<\/strong> Embotellado\/Bolsa de doble capa sellada al vac\u00edo<\/p>\n<p><strong>Exterior:<\/strong> Caja de cart\u00f3n rellena de espuma blanda<\/p>\n<p>Almacene el producto en un lugar seco, fresco y bien ventilado, manteniendo el envase cerrado herm\u00e9ticamente y evitando las altas temperaturas, la humedad, la luz y el contacto con otros productos qu\u00edmicos.<\/p>\n<h2><span style=\"font-size: 14pt;\">Aplicaciones del bismuto en polvo<\/span><\/h2>\n<p><strong>Campos de la metalurgia:<\/strong> El polvo de bismuto puede utilizarse como aditivo metal\u00fargico para mejorar las propiedades de las aleaciones.<\/p>\n<p><strong>Industria electr\u00f3nica:<\/strong> El bismuto tiene cierta conductividad y propiedades semiconductoras, y el <strong>polvo met\u00e1lico de bismuto<\/strong> puede utilizarse para preparar cer\u00e1micas electr\u00f3nicas, condensadores, resistencias, termistores y otros componentes electr\u00f3nicos.<\/p>\n<p><strong>Materiales superconductores e industria nuclear:<\/strong> El polvo de bismuto tambi\u00e9n tiene ciertas aplicaciones en los materiales superconductores y la industria nuclear, como medio de transferencia de calor para reactores nucleares.<\/p>\n<h2><span style=\"font-size: 14pt;\">Productos relacionados<\/span><\/h2>\n<table style=\"border-collapse: collapse; width: 100%;\">\n<tbody>\n<tr>\n<td style=\"width: 33.3333%;\"><span style=\"color: #0000ff;\"><strong><a style=\"color: #0000ff;\" href=\"https:\/\/vimaterial.de\/es\/product\/bismuto-metalico-4\/\">Blanco de bismuto para sputtering<\/a><\/strong><\/span><\/td>\n<td style=\"width: 33.3333%;\"><span style=\"color: #0000ff;\"><strong><a style=\"color: #0000ff;\" href=\"https:\/\/vimaterial.de\/es\/product\/bismuto-metalico-2\/\">Varilla de bismuto<\/a><\/strong><\/span><\/td>\n<td style=\"width: 33.3333%;\"><span style=\"color: #0000ff;\"><strong><a style=\"color: #0000ff;\" href=\"https:\/\/vimaterial.de\/es\/product\/bismuto-metalico-3\/\">\u00d3xido de bismuto<\/a><\/strong><\/span><\/td>\n<\/tr>\n<tr>\n<td style=\"width: 33.3333%;\"><span style=\"color: #0000ff;\"><strong><a style=\"color: #0000ff;\" href=\"https:\/\/vimaterial.de\/es\/search\/?type=name&#038;keyword=bismuth+oxide\">\u00d3xido de bismuto<\/a><\/strong><\/span><\/td>\n<td style=\"width: 33.3333%;\"><span style=\"color: #0000ff;\"><strong><a style=\"color: #0000ff;\" href=\"https:\/\/vimaterial.de\/es\/search\/?type=element&#038;keyword=Bi2Te3\">Telururo de bismuto<\/a><\/strong><\/span><\/td>\n<td style=\"width: 33.3333%;\"><span style=\"color: #0000ff;\"><strong><a style=\"color: #0000ff;\" href=\"https:\/\/vimaterial.de\/es\/search\/?type=name&#038;keyword=bismuth+sulfide\">Sulfuro de bismuto<\/a><\/strong><\/span><\/td>\n<\/tr>\n<\/tbody>\n<\/table>\n<h2><span style=\"font-size: 14pt;\">FAQ<\/span><\/h2>\n<p><strong>P1: \u00bfEs el bismuto un material peligroso?<\/strong><\/p>\n<p>R: S\u00ed, el polvo de bismuto es un material peligroso y supone un riesgo de inflamabilidad. Cuando lo utilice, mant\u00e9ngalo alejado de fuentes de calor, superficies calientes, chispas, llamas abiertas y otras fuentes de ignici\u00f3n. Est\u00e1 prohibido fumar y deben tomarse medidas para evitar la acumulaci\u00f3n de electricidad est\u00e1tica.<\/p>\n<p>Sin embargo, otras formas de bismuto adem\u00e1s del polvo, como los c\u00e1todos para sputtering de bismuto, los lingotes de bismuto y los gr\u00e1nulos de bismuto, no son materiales peligrosos.<\/p>\n<p><strong>P2: \u00bfCu\u00e1l es el proceso de producci\u00f3n del polvo de bismuto?<\/strong><\/p>\n<p>R: Normalmente producimos polvo de bismuto utilizando m\u00e9todos de molienda de bolas o atomizaci\u00f3n.<br \/>\nM\u00e9todo de molienda de bolas: El bloque de metal de bismuto se rompe gradualmente en part\u00edculas finas mediante molienda mec\u00e1nica de bolas, para obtener polvo de metal de bismuto.<br \/>\nM\u00e9todo de atomizaci\u00f3n: El bismuto l\u00edquido se atomiza en peque\u00f1as gotas mediante un flujo de aire a alta velocidad o un flujo de agua a alta presi\u00f3n, y despu\u00e9s se solidifica para formar polvo de bismuto durante el enfriamiento. El polvo de bismuto producido por el m\u00e9todo de atomizaci\u00f3n tiene un tama\u00f1o de part\u00edcula uniforme, buena esfericidad y alta pureza.<\/p>\n<p><strong>P3: \u00bfProporcionan un archivo MSDS?<\/strong><\/p>\n<p>R: S\u00ed, proporcionamos archivos TDS y MSDS. Puede encontrar el bot\u00f3n &#8220;MSDS&#8221; y &#8220;TDS&#8221; debajo del cuadro de consulta a la derecha de la imagen del producto.<\/p>\n<p><strong>P4: \u00bfPara qu\u00e9 se utiliza el polvo de bismuto?<\/strong><\/p>\n<p>R: El polvo de bismuto puede utilizarse como aditivo metal\u00fargico y tambi\u00e9n para fabricar cer\u00e1mica electr\u00f3nica, condensadores, resistencias, termistores y otros componentes electr\u00f3nicos. Adem\u00e1s, tiene aplicaciones en los campos de los materiales superconductores y la industria nuclear.<\/p>\n","protected":false},"excerpt":{"rendered":"<p>El polvo de bismuto es una importante materia prima funcional ampliamente utilizada en materiales electr\u00f3nicos, productos qu\u00edmicos, metalurgia y otros campos industriales. El polvomet\u00e1lico de bismuto de VIMATERIAL tiene una pureza de hasta el 99,999%, gracias a un estricto control de calidad y a m\u00faltiples procesos de refinado y purificaci\u00f3n. Los estrictos procesos de producci\u00f3n [&hellip;]<\/p>\n","protected":false},"featured_media":1033562,"comment_status":"open","ping_status":"closed","template":"","meta":{"_acf_changed":false},"product_brand":[],"product_cat":[193],"product_tag":[],"class_list":{"0":"post-1046824","1":"product","2":"type-product","3":"status-publish","4":"has-post-thumbnail","6":"product_cat-polvo-de-aleaciones-y-metales-puros","8":"first","9":"instock","10":"shipping-taxable","11":"purchasable","12":"product-type-variable"},"acf":[],"_links":{"self":[{"href":"https:\/\/vimaterial.de\/es\/wp-json\/wp\/v2\/product\/1046824","targetHints":{"allow":["GET"]}}],"collection":[{"href":"https:\/\/vimaterial.de\/es\/wp-json\/wp\/v2\/product"}],"about":[{"href":"https:\/\/vimaterial.de\/es\/wp-json\/wp\/v2\/types\/product"}],"replies":[{"embeddable":true,"href":"https:\/\/vimaterial.de\/es\/wp-json\/wp\/v2\/comments?post=1046824"}],"wp:featuredmedia":[{"embeddable":true,"href":"https:\/\/vimaterial.de\/es\/wp-json\/wp\/v2\/media\/1033562"}],"wp:attachment":[{"href":"https:\/\/vimaterial.de\/es\/wp-json\/wp\/v2\/media?parent=1046824"}],"wp:term":[{"taxonomy":"product_brand","embeddable":true,"href":"https:\/\/vimaterial.de\/es\/wp-json\/wp\/v2\/product_brand?post=1046824"},{"taxonomy":"product_cat","embeddable":true,"href":"https:\/\/vimaterial.de\/es\/wp-json\/wp\/v2\/product_cat?post=1046824"},{"taxonomy":"product_tag","embeddable":true,"href":"https:\/\/vimaterial.de\/es\/wp-json\/wp\/v2\/product_tag?post=1046824"}],"curies":[{"name":"wp","href":"https:\/\/api.w.org\/{rel}","templated":true}]}}