{"id":1046772,"date":"2024-06-17T15:56:43","date_gmt":"2024-06-17T07:56:43","guid":{"rendered":"https:\/\/vimaterial.de\/product\/bismuto-metalico-4\/"},"modified":"2024-06-17T15:56:43","modified_gmt":"2024-06-17T07:56:43","slug":"bismuto-metalico-4","status":"publish","type":"product","link":"https:\/\/vimaterial.de\/es\/product\/bismuto-metalico-4\/","title":{"rendered":"Bismuto met\u00e1lico"},"content":{"rendered":"<h2><span style=\"font-size: 14pt;\">C\u00e1todos para sputtering de bismuto Descripci\u00f3n general<\/span><\/h2>\n<p>Los<strong>c\u00e1todos de<span style=\"color: #0000ff;\"><a style=\"color: #0000ff;\" href=\"https:\/\/vimaterial.de\/es\/search\/?type=name&#038;keyword=bismuth\">bismuto<\/a><\/span> para sputtering<\/strong> son una materia prima clave para la preparaci\u00f3n de materiales de capa fina y se utilizan ampliamente en circuitos integrados y otros campos. Los <strong>c\u00e1todos para sputtering de bismuto de alta pureza<\/strong> de VIMATERIAL tienen una pureza de hasta <strong>el 99,999%<\/strong>. Se adoptan estrictos controles de calidad para garantizar la calidad del producto.<\/p>\n<p>Nuestros <strong>c\u00e1todos met\u00e1licos de bismuto<\/strong> tienen alta densidad, buena estructura cristalina y son f\u00e1ciles de procesar y moldear. Se pueden personalizar diferentes tama\u00f1os y purezas, y se admiten diversas formas, como c\u00e1todos redondos planos, c\u00e1todos rectangulares planos, c\u00e1todos tubulares, c\u00e1todos de formas especiales, etc. Al mismo tiempo, proporcionamos un completo sistema <strong>de servicio postventa<\/strong> para garantizarle una asistencia completa durante el uso. En caso de necesidad <span style=\"color: #0000ff;\"><a style=\"color: #0000ff;\" href=\"https:\/\/vimaterial.de\/es\/contacto\/\"><strong>p\u00f3ngase en contacto<\/strong><\/a><\/span> inmediatamente<\/p>\n<h2><span style=\"font-size: 14pt;\">Propiedades f\u00edsicas<\/span><\/h2>\n<table style=\"border-collapse: collapse; width: 61.238%; height: 168px;\">\n<tbody>\n<tr style=\"height: 24px;\">\n<td style=\"width: 25.2458%; height: 24px;\"><strong>Par\u00e1metro<\/strong><\/td>\n<td style=\"width: 35.9922%; height: 24px;\"><strong>Valor<\/strong><\/td>\n<\/tr>\n<tr style=\"height: 24px;\">\n<td style=\"width: 25.2458%; height: 24px;\">F\u00f3rmula qu\u00edmica<\/td>\n<td style=\"width: 35.9922%; height: 24px;\">Bi<\/td>\n<\/tr>\n<tr style=\"height: 24px;\">\n<td style=\"width: 25.2458%; height: 24px;\">Peso molecular<\/td>\n<td style=\"width: 35.9922%; height: 24px;\">208.98 g\/mol<\/td>\n<\/tr>\n<tr style=\"height: 24px;\">\n<td style=\"width: 25.2458%; height: 24px;\">Aspecto<\/td>\n<td style=\"width: 35.9922%; height: 24px;\">Blanco plateado con brillo met\u00e1lico<\/td>\n<\/tr>\n<tr style=\"height: 24px;\">\n<td style=\"width: 25.2458%; height: 24px;\">Pureza<\/td>\n<td style=\"width: 35.9922%; height: 24px;\">99.99%-99.999%<\/td>\n<\/tr>\n<tr style=\"height: 24px;\">\n<td style=\"width: 25.2458%; height: 24px;\">Densidad<\/td>\n<td style=\"width: 35.9922%; height: 24px;\">9.78g\/cm3<\/td>\n<\/tr>\n<tr style=\"height: 24px;\">\n<td style=\"width: 25.2458%; height: 24px;\">Punto de fusi\u00f3n<\/td>\n<td style=\"width: 35.9922%; height: 24px;\">271.5\u2103<\/td>\n<\/tr>\n<tr>\n<td style=\"width: 25.2458%;\">Dureza<\/td>\n<td style=\"width: 35.9922%;\">La textura es quebradiza, la dureza no es alta.<\/td>\n<\/tr>\n<tr>\n<td style=\"width: 25.2458%;\">Estabilidad<\/td>\n<td style=\"width: 35.9922%;\">Estable; Mantener alejado de ambientes fuertemente \u00e1cidos o alcalinos.<\/td>\n<\/tr>\n<\/tbody>\n<\/table>\n<h2><span style=\"font-size: 14pt;\">Servicios<\/span><\/h2>\n<p>Asistencia t\u00e9cnica completa<\/p>\n<p>Productos personalizados<\/p>\n<p>Informe TDS\/MSDS\/COA<\/p>\n<p>Muestras disponibles para pruebas de terceros previa solicitud<\/p>\n<p>Amplia experiencia en servicio posventa<\/p>\n<h2><span style=\"font-size: 14pt;\">Informaci\u00f3n de embalaje de c\u00e1todos de bismuto para sputtering<\/span><\/h2>\n<p>Embalaje interior: sellado en bolsa de vac\u00edo de doble capa<\/p>\n<p>Embalaje exterior: cart\u00f3n\/caja de madera rellena de espuma blanda<\/p>\n<p>El producto debe almacenarse en un lugar seco, fresco y bien ventilado, mantener el envase sellado y evitar las altas temperaturas, la humedad elevada, la luz y el contacto con otros productos qu\u00edmicos.<\/p>\n<h2><span style=\"font-size: 14pt;\">Proceso de producci\u00f3n<\/span><\/h2>\n<p>Fundici\u00f3n y purificaci\u00f3n: En primer lugar, es necesario fundir y purificar la materia prima para eliminar impurezas y mejorar la pureza del bismuto.<\/p>\n<p>Proceso de forja: El material de bismuto refinado debe forjarse para darle la forma y el tama\u00f1o deseados.<\/p>\n<p>Mecanizado: El blanco de bismuto forjado tambi\u00e9n requiere mecanizado, como corte, rectificado, etc., para cumplir los requisitos del cliente en cuanto al tama\u00f1o y la precisi\u00f3n de la superficie del blanco.<\/p>\n<p>Paquete de inspecci\u00f3n: Por \u00faltimo, se comprueba la calidad del c\u00e1todo de bismuto para sputtering procesado, incluyendo la detecci\u00f3n de pureza, detecci\u00f3n de tama\u00f1o, detecci\u00f3n de planitud de la superficie, etc. Los c\u00e1todos cualificados se envasan al vac\u00edo para evitar la oxidaci\u00f3n y la contaminaci\u00f3n.<\/p>\n<h2><span style=\"font-size: 14pt;\">Aplicaciones de los c\u00e1todos de bismuto<\/span><\/h2>\n<p><strong>Campos de la electr\u00f3nica:<\/strong> los c\u00e1todos de bismuto met\u00e1lico se pueden utilizar para preparar pel\u00edculas delgadas electr\u00f3nicas, como en el proceso de fabricaci\u00f3n de circuitos integrados, dispositivos semiconductores, etc., por pulverizaci\u00f3n cat\u00f3dica de magnetr\u00f3n y otras tecnolog\u00edas, la pel\u00edcula de bismuto se deposita en la superficie del chip para conducir la electricidad y conectarse.<\/p>\n<p><strong>Campos \u00f3pticos:<\/strong> Debido a las propiedades \u00f3pticas \u00fanicas del bismuto, los blancos de bismuto pueden utilizarse para preparar pel\u00edculas \u00f3pticas, como la deposici\u00f3n de pel\u00edculas de bismuto en la superficie de lentes \u00f3pticas, dispositivos l\u00e1ser, etc., que pueden mejorar sus propiedades \u00f3pticas, como el aumento de la reflectividad y la reducci\u00f3n del \u00edndice de refracci\u00f3n.<\/p>\n<p><strong>Campos de decoraci\u00f3n:<\/strong> En el \u00e1mbito del recubrimiento decorativo, los blancos met\u00e1licos de bismuto pueden proporcionar una textura y un color met\u00e1licos \u00fanicos a los productos, como el recubrimiento de la superficie de joyas, relojes, adornos, etc., para aumentar su belleza y su resistencia al desgaste.<\/p>\n<h2><span style=\"font-size: 14pt;\">Productos relacionados<\/span><\/h2>\n<table style=\"border-collapse: collapse; width: 100%; height: 48px;\">\n<tbody>\n<tr style=\"height: 24px;\">\n<td style=\"width: 33.3333%; height: 24px;\"><span style=\"color: #0000ff;\"><strong><a style=\"color: #0000ff;\" href=\"https:\/\/vimaterial.de\/es\/product\/metal-de-bismuto-2\/\">Bismuto en polvo<\/a><\/strong><\/span><\/td>\n<td style=\"width: 33.3333%; height: 24px;\"><span style=\"color: #0000ff;\"><strong><a style=\"color: #0000ff;\" href=\"https:\/\/vimaterial.de\/es\/product\/bismuto-metalico-3\/\">Bismuto en gr\u00e1nulos<\/a><\/strong><\/span><\/td>\n<td style=\"width: 33.3333%; height: 24px;\"><span style=\"color: #0000ff;\"><strong><a style=\"color: #0000ff;\" href=\"https:\/\/vimaterial.de\/es\/product\/bismuto-metalico-2\/\">Varilla de bismuto<\/a><\/strong><\/span><\/td>\n<\/tr>\n<tr style=\"height: 24px;\">\n<td style=\"width: 33.3333%; height: 24px;\"><span style=\"color: #0000ff;\"><strong><a style=\"color: #0000ff;\" href=\"https:\/\/vimaterial.de\/es\/search\/?type=name&#038;keyword=bismuth+oxide\">\u00d3xido de bismuto<\/a><\/strong><\/span><\/td>\n<td style=\"width: 33.3333%; height: 24px;\"><span style=\"color: #0000ff;\"><strong><a style=\"color: #0000ff;\" href=\"https:\/\/vimaterial.de\/es\/search\/?type=element&#038;keyword=Bi2Te3\">Telururo de bismuto<\/a><\/strong><\/span><\/td>\n<td style=\"width: 33.3333%; height: 24px;\"><span style=\"color: #0000ff;\"><strong><a style=\"color: #0000ff;\" href=\"https:\/\/vimaterial.de\/es\/search\/?type=name&#038;keyword=bismuth+sulfide\">Sulfuro de bismuto<\/a><\/strong><\/span><\/td>\n<\/tr>\n<\/tbody>\n<\/table>\n<h2><span style=\"font-size: 14pt;\">FAQ<\/span><\/h2>\n<p><strong>P1: \u00bfEs el bismuto un material peligroso?<\/strong><\/p>\n<p>R: Los blancos de bismuto no son mercanc\u00edas peligrosas y pueden manipularse como mercanc\u00edas ordinarias.<\/p>\n<p>Sin embargo, el polvo de bismuto es peligroso e inflamable. Cuando se utilice, debe mantenerse alejado de fuentes de calor, superficies calientes, chispas, llamas abiertas y otras fuentes de ignici\u00f3n. Est\u00e1 prohibido fumar y deben tomarse medidas para evitar la acumulaci\u00f3n de electricidad est\u00e1tica.<\/p>\n<p><strong>P2: \u00bfCu\u00e1l es el plazo de entrega?<\/strong><\/p>\n<p>R: En stock: Env\u00edo inmediato<\/p>\n<p>Productos Est\u00e1ndar: Generalmente 2-4 Semanas<\/p>\n<p>Productos personalizados: Determinado en base a los detalles requeridos<\/p>\n<p>Los requisitos especiales pueden ser discutidos<\/p>\n<p><strong>P3: \u00bfProporcionan un archivo MSDS?<\/strong><\/p>\n<p>R: S\u00ed, proporcionamos archivos TDS y MSDS. Encontrar\u00e1 el bot\u00f3n &#8220;MSDS&#8221; y &#8220;TDS&#8221; debajo del cuadro de consulta, a la derecha de la imagen del producto.<\/p>\n","protected":false},"excerpt":{"rendered":"<p>C\u00e1todos para sputtering de bismuto Descripci\u00f3n general Losc\u00e1todos debismuto para sputtering son una materia prima clave para la preparaci\u00f3n de materiales de capa fina y se utilizan ampliamente en circuitos integrados y otros campos. Los c\u00e1todos para sputtering de bismuto de alta pureza de VIMATERIAL tienen una pureza de hasta el 99,999%. Se adoptan estrictos [&hellip;]<\/p>\n","protected":false},"featured_media":1033582,"comment_status":"open","ping_status":"closed","template":"","meta":{"_acf_changed":false},"product_brand":[],"product_cat":[178],"product_tag":[],"class_list":{"0":"post-1046772","1":"product","2":"type-product","3":"status-publish","4":"has-post-thumbnail","6":"product_cat-catodos-para-sputtering-planar","8":"first","9":"instock","10":"shipping-taxable","11":"purchasable","12":"product-type-variable"},"acf":[],"_links":{"self":[{"href":"https:\/\/vimaterial.de\/es\/wp-json\/wp\/v2\/product\/1046772","targetHints":{"allow":["GET"]}}],"collection":[{"href":"https:\/\/vimaterial.de\/es\/wp-json\/wp\/v2\/product"}],"about":[{"href":"https:\/\/vimaterial.de\/es\/wp-json\/wp\/v2\/types\/product"}],"replies":[{"embeddable":true,"href":"https:\/\/vimaterial.de\/es\/wp-json\/wp\/v2\/comments?post=1046772"}],"wp:featuredmedia":[{"embeddable":true,"href":"https:\/\/vimaterial.de\/es\/wp-json\/wp\/v2\/media\/1033582"}],"wp:attachment":[{"href":"https:\/\/vimaterial.de\/es\/wp-json\/wp\/v2\/media?parent=1046772"}],"wp:term":[{"taxonomy":"product_brand","embeddable":true,"href":"https:\/\/vimaterial.de\/es\/wp-json\/wp\/v2\/product_brand?post=1046772"},{"taxonomy":"product_cat","embeddable":true,"href":"https:\/\/vimaterial.de\/es\/wp-json\/wp\/v2\/product_cat?post=1046772"},{"taxonomy":"product_tag","embeddable":true,"href":"https:\/\/vimaterial.de\/es\/wp-json\/wp\/v2\/product_tag?post=1046772"}],"curies":[{"name":"wp","href":"https:\/\/api.w.org\/{rel}","templated":true}]}}