{"id":1046711,"date":"2024-06-17T15:56:43","date_gmt":"2024-06-17T07:56:43","guid":{"rendered":"https:\/\/vimaterial.de\/product\/bismuto-metalico-2\/"},"modified":"2024-06-17T15:56:43","modified_gmt":"2024-06-17T07:56:43","slug":"bismuto-metalico-2","status":"publish","type":"product","link":"https:\/\/vimaterial.de\/es\/product\/bismuto-metalico-2\/","title":{"rendered":"Bismuto met\u00e1lico"},"content":{"rendered":"<p><strong>La varilla de<span style=\"color: #0000ff;\"><a style=\"color: #0000ff;\" href=\"https:\/\/vimaterial.de\/es\/search\/?type=name&#038;keyword=bismuth\">bismuto<\/a><\/span><\/strong> es un metal blanco plateado quebradizo y f\u00e1cil de pulverizar. Se utiliza principalmente para fabricar aleaciones fusibles. <strong>Las varillas de bismuto de alta pureza<\/strong> <strong>de<span style=\"color: #0000ff;\"><a style=\"color: #0000ff;\" href=\"https:\/\/vimaterial.de\/es\/sobre-nosotros\/\">VIMATERIAL<\/a><\/span><\/strong> tienen una pureza de hasta el 99,999% y pueden personalizarse en varias especificaciones y tama\u00f1os seg\u00fan los requisitos del cliente. Como producto b\u00e1sico de la serie de bismuto, nuestras <strong>varillas met\u00e1licas de bismuto<\/strong> ocupan una posici\u00f3n importante en la industria electr\u00f3nica debido a su gran pureza y buena conductividad el\u00e9ctrica.<\/p>\n<p>Adem\u00e1s, garantizamos la calidad del producto al tiempo que aseguramos la entrega, y atendemos a los clientes con la mayor rapidez posible. Tambi\u00e9n proporcionamos un completo sistema de <strong>servicio postventa<\/strong> para garantizarle una asistencia completa durante su uso. Si es necesario, p\u00f3ngase en <span style=\"color: #0000ff;\"><strong><a style=\"color: #0000ff;\" href=\"https:\/\/vimaterial.de\/es\/contacto\/\">p\u00f3ngase en contacto con nosotros<\/a><\/strong><\/span>\u00a1!<\/p>\n<h2><span style=\"font-size: 14pt;\">Propiedades f\u00edsicas<\/span><\/h2>\n<table style=\"border-collapse: collapse; width: 61.238%; height: 216px;\">\n<tbody>\n<tr style=\"height: 24px;\">\n<td style=\"width: 25.2458%; height: 24px;\"><strong>Par\u00e1metro<\/strong><\/td>\n<td style=\"width: 35.9922%; height: 24px;\"><strong>Valor<\/strong><\/td>\n<\/tr>\n<tr style=\"height: 24px;\">\n<td style=\"width: 25.2458%; height: 24px;\">F\u00f3rmula qu\u00edmica<\/td>\n<td style=\"width: 35.9922%; height: 24px;\">Bi<\/td>\n<\/tr>\n<tr style=\"height: 24px;\">\n<td style=\"width: 25.2458%; height: 24px;\">Peso molecular<\/td>\n<td style=\"width: 35.9922%; height: 24px;\">208.98 g\/mol<\/td>\n<\/tr>\n<tr style=\"height: 24px;\">\n<td style=\"width: 25.2458%; height: 24px;\">Aspecto<\/td>\n<td style=\"width: 35.9922%; height: 24px;\">Blanco plateado<\/td>\n<\/tr>\n<tr style=\"height: 24px;\">\n<td style=\"width: 25.2458%; height: 24px;\">Pureza<\/td>\n<td style=\"width: 35.9922%; height: 24px;\">99.99%-99.999%<\/td>\n<\/tr>\n<tr style=\"height: 24px;\">\n<td style=\"width: 25.2458%; height: 24px;\">Densidad<\/td>\n<td style=\"width: 35.9922%; height: 24px;\">9.78g\/cm3<\/td>\n<\/tr>\n<tr style=\"height: 24px;\">\n<td style=\"width: 25.2458%; height: 24px;\">Punto de fusi\u00f3n<\/td>\n<td style=\"width: 35.9922%; height: 24px;\">271.5\u2103<\/td>\n<\/tr>\n<tr style=\"height: 24px;\">\n<td style=\"width: 25.2458%; height: 24px;\">Dureza<\/td>\n<td style=\"width: 35.9922%; height: 24px;\">La textura es quebradiza, la dureza no es alta.<\/td>\n<\/tr>\n<tr style=\"height: 24px;\">\n<td style=\"width: 25.2458%; height: 24px;\">Estabilidad<\/td>\n<td style=\"width: 35.9922%; height: 24px;\">Estable; Mantener alejado de ambientes fuertemente \u00e1cidos o alcalinos.<\/td>\n<\/tr>\n<\/tbody>\n<\/table>\n<h2><span style=\"font-size: 14pt;\">Proceso de producci\u00f3n:<\/span><\/h2>\n<p><strong>Preparaci\u00f3n de la materia prima:<\/strong> El metal de bismuto de alta pureza se selecciona como materia prima para garantizar la calidad y el rendimiento de la barra de bismuto.<\/p>\n<p><strong>Moldeo por fusi\u00f3n:<\/strong> El metal de bismuto se calienta hasta alcanzar el estado fundido y, a continuaci\u00f3n, se vierte en un molde predise\u00f1ado, para que se enfr\u00ede y solidifique en forma de barra.<\/p>\n<p><strong>Procesamiento posterior:<\/strong> Despu\u00e9s de moldear la varilla de bismuto para su posterior procesamiento, como corte, esmerilado, pulido, etc., para satisfacer los diferentes requisitos de tama\u00f1o y calidad de la superficie.<\/p>\n<h2><span style=\"font-size: 14pt;\">\u00bfPor qu\u00e9 elegirnos?<\/span><\/h2>\n<p><strong>Soporte t\u00e9cnico integral:<\/strong> Desde la consulta preventa hasta el servicio postventa, nos aseguramos de que los clientes adquieran productos adecuados y est\u00e9n satisfechos con nuestros servicios, formando una cooperaci\u00f3n a largo plazo y sostenible.<\/p>\n<p><strong>Productos personalizados:<\/strong> Ofrecemos servicios de personalizaci\u00f3n, si sus necesidades no est\u00e1n en nuestra lista, podemos adaptarlo para usted.<\/p>\n<p><strong>Se pueden proporcionar muestras para pruebas de terceros:<\/strong> Si tiene dudas sobre la calidad del producto, podemos proporcionar muestras para pruebas de terceros a petici\u00f3n para garantizar sus derechos.<\/p>\n<p><strong>Informe TDS\/MSDS\/COA:<\/strong> Proporcionaremos un informe COA con cada lote de productos para garantizar que la calidad se supervisa y controla. Tambi\u00e9n proporcionaremos informes MSDS y TDS a petici\u00f3n.<\/p>\n<h2><span style=\"font-size: 14pt;\">Aplicaciones de la barra de bismuto<\/span><\/h2>\n<p><strong>\u00c1rea de investigaci\u00f3n:<\/strong> Se utiliza para estudiar las propiedades f\u00edsicas y qu\u00edmicas del bismuto y su interacci\u00f3n con otras sustancias.<\/p>\n<p><strong>Aplicaciones industriales<\/strong>: En algunos campos industriales, las barras de bismuto pueden utilizarse como aditivos o componentes de aleaciones.<\/p>\n<p><strong>Material de revestimiento:<\/strong> En el recubrimiento al vac\u00edo y otros procesos, las varillas de bismuto pueden utilizarse como materiales de evaporaci\u00f3n para recubrir una capa de pel\u00edcula de bismuto sobre la superficie del objeto con el fin de mejorar las propiedades superficiales del objeto, como aumentar la dureza, mejorar la resistencia al desgaste, mejorar las propiedades \u00f3pticas, etc.<\/p>\n<h2><span style=\"font-size: 14pt;\">Productos relacionados<\/span><\/h2>\n<table style=\"border-collapse: collapse; width: 100%; height: 48px;\">\n<tbody>\n<tr style=\"height: 24px;\">\n<td style=\"width: 33.3333%; height: 24px;\"><strong><span style=\"color: #0000ff;\"><a style=\"color: #0000ff;\" href=\"https:\/\/vimaterial.de\/es\/product\/metal-de-bismuto-2\/\">Polvo de bismuto<\/a><\/span><\/strong><\/td>\n<td style=\"width: 33.3333%; height: 24px;\"><strong><span style=\"color: #0000ff;\"><a style=\"color: #0000ff;\" href=\"https:\/\/vimaterial.de\/es\/product\/metal-de-bismuto\/\">Blanco de bismuto para sputtering<\/a><\/span><\/strong><\/td>\n<td style=\"width: 33.3333%; height: 24px;\"><strong><span style=\"color: #0000ff;\"><a style=\"color: #0000ff;\" href=\"https:\/\/vimaterial.de\/es\/product\/bismuto-metalico-3\/\">\u00d3xido de bismuto<\/a><\/span><\/strong><\/td>\n<\/tr>\n<tr style=\"height: 24px;\">\n<td style=\"width: 33.3333%; height: 24px;\"><strong><span style=\"color: #0000ff;\"><a style=\"color: #0000ff;\" href=\"https:\/\/vimaterial.de\/es\/search\/?type=name&#038;keyword=bismuth+oxide\">\u00d3xido de bismuto<\/a><\/span><\/strong><\/td>\n<td style=\"width: 33.3333%; height: 24px;\"><strong><span style=\"color: #0000ff;\"><a style=\"color: #0000ff;\" href=\"https:\/\/vimaterial.de\/es\/search\/?type=element&#038;keyword=Bi2Te3\">Telururo de bismuto<\/a><\/span><\/strong><\/td>\n<td style=\"width: 33.3333%; height: 24px;\"><strong><span style=\"color: #0000ff;\"><a style=\"color: #0000ff;\" href=\"https:\/\/vimaterial.de\/es\/search\/?type=name&#038;keyword=bismuth+sulfide\">Sulfuro de bismuto<\/a><\/span><\/strong><\/td>\n<\/tr>\n<\/tbody>\n<\/table>\n<h2><span style=\"font-size: 14pt;\">FAQ<\/span><\/h2>\n<p><strong>P1: \u00bfEs el bismuto un material peligroso?<\/strong><\/p>\n<p>R: Las barras de bismuto no son mercanc\u00edas peligrosas y pueden manipularse como mercanc\u00edas ordinarias.<\/p>\n<p>Sin embargo, el polvo de bismuto es peligroso e inflamable. Cuando se utilice, debe mantenerse alejado de fuentes de calor, superficies calientes, chispas, llamas abiertas y otras fuentes de ignici\u00f3n. Est\u00e1 prohibido fumar y deben tomarse medidas para evitar la acumulaci\u00f3n de electricidad est\u00e1tica.<\/p>\n<p><strong>P2: \u00bfC\u00f3mo se envasan las barras de bismuto?<\/strong><\/p>\n<p>R: Envasado interior: sellado en bolsa de vac\u00edo de doble capa<\/p>\n<p>Embalaje exterior: cart\u00f3n\/caja de madera rellena de espuma blanda<\/p>\n<p>El producto debe almacenarse en un lugar seco, fresco y bien ventilado, mantener el envase sellado y evitar las altas temperaturas, la humedad elevada, la luz y el contacto con otros productos qu\u00edmicos.<\/p>\n<p><strong>P3: \u00bfCu\u00e1l es el plazo de entrega?<\/strong><\/p>\n<p>R: En stock: Env\u00edo inmediato<\/p>\n<p>Productos Est\u00e1ndar: Generalmente 2-4 Semanas<\/p>\n<p>Productos personalizados: Determinado en base a los detalles requeridos<\/p>\n<p>Los requisitos especiales pueden ser discutidos<\/p>\n<p><strong>P4: \u00bfProporcionan un archivo MSDS?<\/strong><\/p>\n<p>R: S\u00ed, proporcionamos archivos TDS y MSDS. Encontrar\u00e1 los botones &#8220;MSDS&#8221; y &#8220;TDS&#8221; debajo del cuadro de consulta, a la derecha de la imagen del producto.<\/p>\n","protected":false},"excerpt":{"rendered":"<p>La varilla debismuto es un metal blanco plateado quebradizo y f\u00e1cil de pulverizar. Se utiliza principalmente para fabricar aleaciones fusibles. Las varillas de bismuto de alta pureza deVIMATERIAL tienen una pureza de hasta el 99,999% y pueden personalizarse en varias especificaciones y tama\u00f1os seg\u00fan los requisitos del cliente. Como producto b\u00e1sico de la serie de [&hellip;]<\/p>\n","protected":false},"featured_media":1033577,"comment_status":"open","ping_status":"closed","template":"","meta":{"_acf_changed":false},"product_brand":[],"product_cat":[188],"product_tag":[],"class_list":{"0":"post-1046711","1":"product","2":"type-product","3":"status-publish","4":"has-post-thumbnail","6":"product_cat-perfil","8":"first","9":"instock","10":"shipping-taxable","11":"purchasable","12":"product-type-variable"},"acf":[],"_links":{"self":[{"href":"https:\/\/vimaterial.de\/es\/wp-json\/wp\/v2\/product\/1046711","targetHints":{"allow":["GET"]}}],"collection":[{"href":"https:\/\/vimaterial.de\/es\/wp-json\/wp\/v2\/product"}],"about":[{"href":"https:\/\/vimaterial.de\/es\/wp-json\/wp\/v2\/types\/product"}],"replies":[{"embeddable":true,"href":"https:\/\/vimaterial.de\/es\/wp-json\/wp\/v2\/comments?post=1046711"}],"wp:featuredmedia":[{"embeddable":true,"href":"https:\/\/vimaterial.de\/es\/wp-json\/wp\/v2\/media\/1033577"}],"wp:attachment":[{"href":"https:\/\/vimaterial.de\/es\/wp-json\/wp\/v2\/media?parent=1046711"}],"wp:term":[{"taxonomy":"product_brand","embeddable":true,"href":"https:\/\/vimaterial.de\/es\/wp-json\/wp\/v2\/product_brand?post=1046711"},{"taxonomy":"product_cat","embeddable":true,"href":"https:\/\/vimaterial.de\/es\/wp-json\/wp\/v2\/product_cat?post=1046711"},{"taxonomy":"product_tag","embeddable":true,"href":"https:\/\/vimaterial.de\/es\/wp-json\/wp\/v2\/product_tag?post=1046711"}],"curies":[{"name":"wp","href":"https:\/\/api.w.org\/{rel}","templated":true}]}}