{"id":1046696,"date":"2024-06-17T15:56:43","date_gmt":"2024-06-17T07:56:43","guid":{"rendered":"https:\/\/vimaterial.de\/product\/bismuto-metalico\/"},"modified":"2024-06-17T15:56:43","modified_gmt":"2024-06-17T07:56:43","slug":"bismuto-metalico","status":"publish","type":"product","link":"https:\/\/vimaterial.de\/es\/product\/bismuto-metalico\/","title":{"rendered":"Bismuto met\u00e1lico"},"content":{"rendered":"<p><strong>Las agujas de<span style=\"color: #0000ff;\"><a style=\"color: #0000ff;\" href=\"https:\/\/vimaterial.de\/es\/search\/?type=name&#038;keyword=Bismuth\">bismuto<\/a><\/span><\/strong> son materiales en forma de aguja fabricados con <strong>bismuto met\u00e1lico de gran pureza<\/strong>, muy utilizados en metalurgia, semiconductores y farmacia. <strong><a href=\"https:\/\/vimaterial.de\/es\/sobre-nosotros\/\">VIMATERIAL<\/a><\/strong> suministra materiales met\u00e1licos de bismuto de gran pureza, como polvo de bismuto, blancos de bismuto, barras de bismuto y gr\u00e1nulos de bismuto. Empleamos un estricto control de calidad, someti\u00e9ndonos a m\u00faltiples procesos de refinado y purificaci\u00f3n para garantizar la consistencia y estabilidad entre lotes.<\/p>\n<p>Adem\u00e1s, al tiempo que garantizamos la calidad del producto, tambi\u00e9n aseguramos la entrega puntual, entregando los productos a los clientes lo antes posible. Tambi\u00e9n ofrecemos un completo sistema de servicio posventa para garantizarle una asistencia completa durante su uso. <strong><span style=\"color: #0000ff;\"><a style=\"color: #0000ff;\" href=\"https:\/\/vimaterial.de\/es\/contacto\/\">P\u00f3ngase en contacto con nosotros<\/a><\/span><\/strong> si lo necesita<\/p>\n<h2><span style=\"font-size: 14pt;\">Propiedades f\u00edsicas<\/span><\/h2>\n<table style=\"border-collapse: collapse; width: 61.238%; height: 168px;\">\n<tbody>\n<tr style=\"height: 24px;\">\n<td style=\"width: 25.2458%; height: 24px;\"><strong>Par\u00e1metro<\/strong><\/td>\n<td style=\"width: 35.9922%; height: 24px;\"><strong>Valor<\/strong><\/td>\n<\/tr>\n<tr style=\"height: 24px;\">\n<td style=\"width: 25.2458%; height: 24px;\">F\u00f3rmula qu\u00edmica<\/td>\n<td style=\"width: 35.9922%; height: 24px;\">Bi<\/td>\n<\/tr>\n<tr style=\"height: 24px;\">\n<td style=\"width: 25.2458%; height: 24px;\">Peso molecular<\/td>\n<td style=\"width: 35.9922%; height: 24px;\">208.98 g\/mol<\/td>\n<\/tr>\n<tr style=\"height: 24px;\">\n<td style=\"width: 25.2458%; height: 24px;\">Aspecto<\/td>\n<td style=\"width: 35.9922%; height: 24px;\">Blanco plateado con brillo met\u00e1lico<\/td>\n<\/tr>\n<tr style=\"height: 24px;\">\n<td style=\"width: 25.2458%; height: 24px;\">Pureza<\/td>\n<td style=\"width: 35.9922%; height: 24px;\">99.99%-99.999%<\/td>\n<\/tr>\n<tr style=\"height: 24px;\">\n<td style=\"width: 25.2458%; height: 24px;\">Densidad<\/td>\n<td style=\"width: 35.9922%; height: 24px;\">9.<sup>78g\/cm3<\/sup><\/td>\n<\/tr>\n<tr style=\"height: 24px;\">\n<td style=\"width: 25.2458%; height: 24px;\">Punto de fusi\u00f3n<\/td>\n<td style=\"width: 35.9922%; height: 24px;\">271.5\u2103<\/td>\n<\/tr>\n<tr>\n<td style=\"width: 25.2458%;\">Dureza<\/td>\n<td style=\"width: 35.9922%;\">La textura es quebradiza, la dureza no es alta.<\/td>\n<\/tr>\n<tr>\n<td style=\"width: 25.2458%;\">Estabilidad<\/td>\n<td style=\"width: 35.9922%;\">Estable; Mantener alejado de ambientes fuertemente \u00e1cidos o alcalinos.<\/td>\n<\/tr>\n<\/tbody>\n<\/table>\n<h2><span style=\"font-size: 14pt;\">Proceso de producci\u00f3n<\/span><\/h2>\n<p>Preparaci\u00f3n de las materias primas: Las materias primas para la producci\u00f3n de agujas de Bi son principalmente bismuto met\u00e1lico de alta pureza.<\/p>\n<p>Proceso de moldeo: El metal de bismuto se calienta a cierta temperatura para ablandarlo, y luego se convierte en agujas mediante extrusi\u00f3n, estiramiento y otros procesos.<\/p>\n<p>Tratamiento de la superficie: Los m\u00e9todos comunes de tratamiento de superficies incluyen el pulido, la galvanoplastia, etc.<\/p>\n<p>Inspecci\u00f3n de calidad: La inspecci\u00f3n de calidad de las agujas de bismuto incluye la inspecci\u00f3n del tama\u00f1o, la inspecci\u00f3n de la calidad de la superficie, la inspecci\u00f3n de la dureza, etc.<\/p>\n<h2><span style=\"font-size: 14pt;\">\u00bfPor qu\u00e9 elegirnos?<\/span><\/h2>\n<p><strong>Soporte t\u00e9cnico integral:<\/strong> Desde la consulta preventa hasta el servicio postventa, nos aseguramos de que los clientes adquieran productos adecuados y est\u00e9n satisfechos con nuestros servicios, formando una cooperaci\u00f3n a largo plazo y sostenible.<\/p>\n<p><strong>Productos personalizados:<\/strong> Ofrecemos servicios de personalizaci\u00f3n, si sus necesidades no est\u00e1n en nuestra lista, podemos adaptarlo para usted.<\/p>\n<p>Se<strong>pueden proporcionar muestras para pruebas de terceros<\/strong>: Si tiene dudas sobre la calidad del producto, podemos proporcionar muestras para pruebas de terceros a petici\u00f3n para garantizar sus derechos.<\/p>\n<p><strong>Informe TDS\/MSDS\/COA:<\/strong> Proporcionaremos un informe COA con cada lote de productos para garantizar que la calidad se supervisa y controla. Tambi\u00e9n proporcionaremos informes MSDS y TDS a petici\u00f3n.<\/p>\n<h2><span style=\"font-size: 14pt;\">Informaci\u00f3n de embalaje de las agujas de bismuto<\/span><\/h2>\n<p><strong>Embalaje interior:<\/strong> Embotellado\/Bolsa de doble capa sellada al vac\u00edo<\/p>\n<p><strong>Embalaje exterior:<\/strong> Caja de cart\u00f3n rellena de espuma blanda<\/p>\n<p>El producto debe almacenarse en un lugar seco, fresco y bien ventilado, mantener el envase cerrado herm\u00e9ticamente y evitar las altas temperaturas, la humedad elevada, la luz y el contacto con otros productos qu\u00edmicos.<\/p>\n<h2><span style=\"font-size: 14pt;\">Aplicaciones de las agujas de bismuto<\/span><\/h2>\n<p><strong>\u00c1mbito m\u00e9dico<\/strong>: Las agujas de bismuto pueden utilizarse en algunos tratamientos especiales.<\/p>\n<p><strong>Industria electr\u00f3nica:<\/strong> Las agujas de bismuto pueden utilizarse en la industria electr\u00f3nica para conectar componentes electr\u00f3nicos, fabricar electrodos, etc.<\/p>\n<p><strong>Investigaci\u00f3n de laboratorio:<\/strong> Las agujas de bismuto pueden utilizarse como material experimental para estudiar las propiedades f\u00edsicas y qu\u00edmicas del bismuto.<\/p>\n<h2><span style=\"font-size: 14pt;\">Productos relacionados<\/span><\/h2>\n<table style=\"border-collapse: collapse; width: 100%; height: 48px;\">\n<tbody>\n<tr style=\"height: 24px;\">\n<td style=\"width: 33.3333%; height: 24px;\"><strong><span style=\"color: #0000ff;\"><a style=\"color: #0000ff;\" href=\"https:\/\/vimaterial.de\/es\/product\/metal-de-bismuto-2\/\">Bismuto en polvo<\/a><\/span><\/strong><\/td>\n<td style=\"width: 33.3333%; height: 24px;\"><strong><span style=\"color: #0000ff;\"><a style=\"color: #0000ff;\" href=\"https:\/\/vimaterial.de\/es\/product\/metal-de-bismuto\/\">Blanco de bismuto para sputtering<\/a><\/span><\/strong><\/td>\n<td style=\"width: 33.3333%; height: 24px;\"><strong><span style=\"color: #0000ff;\"><a style=\"color: #0000ff;\" href=\"https:\/\/vimaterial.de\/es\/product\/bismuto-metalico-2\/\">Varilla de bismuto<\/a><\/span><\/strong><\/td>\n<\/tr>\n<tr style=\"height: 24px;\">\n<td style=\"width: 33.3333%; height: 24px;\"><strong><span style=\"color: #0000ff;\"><a style=\"color: #0000ff;\" href=\"https:\/\/vimaterial.de\/es\/search\/?type=name&#038;keyword=Bismuth+oxide\">\u00d3xido de bismuto<\/a><\/span><\/strong><\/td>\n<td style=\"width: 33.3333%; height: 24px;\"><strong><span style=\"color: #0000ff;\"><a style=\"color: #0000ff;\" href=\"https:\/\/vimaterial.de\/es\/search\/?type=element&#038;keyword=Bi2Te3\">Telururo de bismuto<\/a><\/span><\/strong><\/td>\n<td style=\"width: 33.3333%; height: 24px;\"><strong><span style=\"color: #0000ff;\"><a style=\"color: #0000ff;\" href=\"https:\/\/vimaterial.de\/es\/search\/?type=name&#038;keyword=Bismuth+Sulfide\">Sulfuro de bismuto<\/a><\/span><\/strong><\/td>\n<\/tr>\n<\/tbody>\n<\/table>\n<h2><span style=\"font-size: 14pt;\">FAQ<\/span><\/h2>\n<p><strong>P1: \u00bfEs el bismuto un material peligroso?<\/strong><\/p>\n<p>R: Los blancos de bismuto no son mercanc\u00edas peligrosas y pueden manipularse como mercanc\u00edas ordinarias.<\/p>\n<p>Sin embargo, el polvo de bismuto es peligroso e inflamable. Cuando se utilice, debe mantenerse alejado de fuentes de calor, superficies calientes, chispas, llamas abiertas y otras fuentes de ignici\u00f3n. Est\u00e1 prohibido fumar y deben tomarse medidas para evitar la acumulaci\u00f3n de electricidad est\u00e1tica.<\/p>\n<p><strong>P2: \u00bfCu\u00e1l es el plazo de entrega?<\/strong><\/p>\n<p>R: En stock: Env\u00edo inmediato<\/p>\n<p>Productos Est\u00e1ndar: Generalmente 2-4 Semanas<\/p>\n<p>Productos personalizados: Determinado en base a los detalles requeridos<\/p>\n<p>Los requisitos especiales pueden ser discutidos<\/p>\n<p><strong>P3: \u00bfProporcionan un archivo MSDS?<\/strong><\/p>\n<p>R: S\u00ed, proporcionamos archivos TDS y MSDS. Encontrar\u00e1 el bot\u00f3n &#8220;MSDS&#8221; y &#8220;TDS&#8221; debajo del cuadro de consulta, a la derecha de la imagen del producto.<\/p>\n","protected":false},"excerpt":{"rendered":"<p>Las agujas debismuto son materiales en forma de aguja fabricados con bismuto met\u00e1lico de gran pureza, muy utilizados en metalurgia, semiconductores y farmacia. VIMATERIAL suministra materiales met\u00e1licos de bismuto de gran pureza, como polvo de bismuto, blancos de bismuto, barras de bismuto y gr\u00e1nulos de bismuto. Empleamos un estricto control de calidad, someti\u00e9ndonos a m\u00faltiples [&hellip;]<\/p>\n","protected":false},"featured_media":1033572,"comment_status":"open","ping_status":"closed","template":"","meta":{"_acf_changed":false},"product_brand":[],"product_cat":[179],"product_tag":[],"class_list":{"0":"post-1046696","1":"product","2":"type-product","3":"status-publish","4":"has-post-thumbnail","6":"product_cat-materiales-de-evaporacion","8":"first","9":"instock","10":"shipping-taxable","11":"purchasable","12":"product-type-variable"},"acf":[],"_links":{"self":[{"href":"https:\/\/vimaterial.de\/es\/wp-json\/wp\/v2\/product\/1046696","targetHints":{"allow":["GET"]}}],"collection":[{"href":"https:\/\/vimaterial.de\/es\/wp-json\/wp\/v2\/product"}],"about":[{"href":"https:\/\/vimaterial.de\/es\/wp-json\/wp\/v2\/types\/product"}],"replies":[{"embeddable":true,"href":"https:\/\/vimaterial.de\/es\/wp-json\/wp\/v2\/comments?post=1046696"}],"wp:featuredmedia":[{"embeddable":true,"href":"https:\/\/vimaterial.de\/es\/wp-json\/wp\/v2\/media\/1033572"}],"wp:attachment":[{"href":"https:\/\/vimaterial.de\/es\/wp-json\/wp\/v2\/media?parent=1046696"}],"wp:term":[{"taxonomy":"product_brand","embeddable":true,"href":"https:\/\/vimaterial.de\/es\/wp-json\/wp\/v2\/product_brand?post=1046696"},{"taxonomy":"product_cat","embeddable":true,"href":"https:\/\/vimaterial.de\/es\/wp-json\/wp\/v2\/product_cat?post=1046696"},{"taxonomy":"product_tag","embeddable":true,"href":"https:\/\/vimaterial.de\/es\/wp-json\/wp\/v2\/product_tag?post=1046696"}],"curies":[{"name":"wp","href":"https:\/\/api.w.org\/{rel}","templated":true}]}}