{"id":1046572,"date":"2025-10-17T17:10:33","date_gmt":"2025-10-17T09:10:33","guid":{"rendered":"https:\/\/vimaterial.de\/product\/niquel-metal-10\/"},"modified":"2025-10-17T17:10:33","modified_gmt":"2025-10-17T09:10:33","slug":"niquel-metal-10","status":"publish","type":"product","link":"https:\/\/vimaterial.de\/es\/product\/niquel-metal-10\/","title":{"rendered":"N\u00edquel metal"},"content":{"rendered":"<p><span style=\"color: #0000ff;\"><a style=\"color: #0000ff;\" href=\"https:\/\/vimaterial.de\/es\/search\/?type=element&#038;keyword=Ni\">N\u00edquel<\/a><\/span> es un polvo met\u00e1lico gris plateado con una excelente fluidez y buenas propiedades de empaquetamiento. Las part\u00edculas tienen forma uniforme, superficie lisa y bajo contenido en impurezas. Se utiliza ampliamente en componentes electr\u00f3nicos, pulvimetalurgia, impresi\u00f3n 3D, pastas conductoras, materiales para bater\u00edas y en la producci\u00f3n de aleaciones de alto rendimiento.<\/p>\n<p><strong><span style=\"color: #0000ff;\"><a style=\"color: #0000ff;\" href=\"https:\/\/vimaterial.de\/es\/sobre-nosotros\/\">VIAMTERIAL<\/a><\/span><\/strong> suministra polvos esf\u00e9ricos de n\u00edquel de alta pureza. y tambi\u00e9n ofrecemos envasado y pedidos de lotes peque\u00f1os. no dude en<strong><span style=\"color: #0000ff;\"><a style=\"color: #0000ff;\" href=\"https:\/\/vimaterial.de\/es\/contacto\/\"> ponerse en contacto con nosotros.<\/a><\/span><\/strong><\/p>\n<h2><span style=\"font-size: 14pt;\">Propiedades f\u00edsicas del n\u00edquel en polvo<\/span><\/h2>\n<table style=\"border-collapse: collapse; width: 69.1956%; height: 168px;\">\n<tbody>\n<tr style=\"height: 24px;\">\n<td style=\"width: 29.2926%; height: 24px;\">F\u00f3rmula molecular<\/td>\n<td style=\"width: 39.9042%; height: 24px;\">Ni<\/td>\n<\/tr>\n<tr style=\"height: 24px;\">\n<td style=\"width: 29.2926%; height: 24px;\">Peso molecular<\/td>\n<td style=\"width: 39.9042%; height: 24px;\">58.69 g\/mol<\/td>\n<\/tr>\n<tr style=\"height: 24px;\">\n<td style=\"width: 29.2926%; height: 24px;\">Aspecto<\/td>\n<td style=\"width: 39.9042%; height: 24px;\">gris<\/td>\n<\/tr>\n<tr style=\"height: 24px;\">\n<td style=\"width: 29.2926%; height: 24px;\">Densidad<\/td>\n<td style=\"width: 39.9042%; height: 24px;\">8.908 g\/cm\u00b3<\/td>\n<\/tr>\n<tr style=\"height: 24px;\">\n<td style=\"width: 29.2926%; height: 24px;\">Punto de fusi\u00f3n<\/td>\n<td style=\"width: 39.9042%; height: 24px;\">1453\u00b0C<\/td>\n<\/tr>\n<tr style=\"height: 24px;\">\n<td style=\"width: 29.2926%; height: 24px;\">Punto de ebullici\u00f3n<\/td>\n<td style=\"width: 39.9042%; height: 24px;\">2732\u00b0C<\/td>\n<\/tr>\n<tr style=\"height: 24px;\">\n<td style=\"width: 29.2926%; height: 24px;\">Estructura cristalina<\/td>\n<td style=\"width: 39.9042%; height: 24px;\">estructura cristalina c\u00fabica centrada en la cara<\/td>\n<\/tr>\n<\/tbody>\n<\/table>\n<h2><span style=\"font-size: 14pt;\">Aplicaciones del n\u00edquel en polvo esf\u00e9rico <\/span><span style=\"font-size: 14pt;\">N\u00edquel en polvo<\/span><\/h2>\n<p><strong>Pulvimetalurgia<\/strong>: Se utiliza para producir componentes de aleaciones a base de n\u00edquel de alta densidad, resistentes al desgaste y de alta resistencia.<\/p>\n<p><strong>impresi\u00f3n 3D\/Fabricaci\u00f3n aditiva<\/strong>: Adecuado para procesos de fabricaci\u00f3n aditiva como la fusi\u00f3n de lecho de polvo met\u00e1lico y la fusi\u00f3n selectiva por l\u00e1ser para producir piezas estructurales complejas.<\/p>\n<p><strong>Componentes electr\u00f3nicos<\/strong>: Se utiliza en adhesivos conductores, pel\u00edculas conductoras, materiales de contacto, etc., para lograr una excelente conductividad el\u00e9ctrica.<\/p>\n<p><strong>Materiales para bater\u00edas<\/strong>: Utilizados como materiales cat\u00f3dicos en bater\u00edas de n\u00edquel-hidruro met\u00e1lico y de iones de litio, mejorando la densidad energ\u00e9tica y el rendimiento de los ciclos.<\/p>\n<p><strong>Preparaci\u00f3n de aleaciones de alto rendimiento<\/strong>: Se utiliza como aditivo o material base en la fabricaci\u00f3n de aleaciones aeroespaciales, de equipos energ\u00e9ticos y resistentes a altas temperaturas.<\/p>\n<p><strong>Portadores de catalizadores<\/strong>: Utilizados como catalizadores o portadores de catalizadores en la industria qu\u00edmica para mejorar la eficacia de las reacciones.<\/p>\n<p><strong>Recubrimientos superficiales y pulverizaci\u00f3n<\/strong>: Utilizados en chapado, galvanoplastia o pulverizaci\u00f3n t\u00e9rmica para mejorar la resistencia a la corrosi\u00f3n y al desgaste.<\/p>\n<h2><span style=\"font-size: 14pt;\">Consejos para el uso del n\u00edquel esf\u00e9rico en polvo<\/span><\/h2>\n<ol>\n<li>Utilice una mascarilla antipolvo o un sistema de ventilaci\u00f3n local durante la manipulaci\u00f3n para reducir el riesgo de inhalaci\u00f3n de polvo o explosi\u00f3n.<\/li>\n<li>Al mezclar ingredientes o preparar lechadas, mezcle bien para garantizar una distribuci\u00f3n uniforme de las part\u00edculas y mejorar el rendimiento del producto acabado.<\/li>\n<li>Al utilizar polvo de n\u00edquel en entornos de alta temperatura, prestar atenci\u00f3n a la estabilidad t\u00e9rmica del polvo para evitar la oxidaci\u00f3n o la combusti\u00f3n espont\u00e1nea.<\/li>\n<li>A\u00f1ada n\u00edquel en polvo seg\u00fan los requisitos del proceso; una cantidad excesiva puede afectar a la densidad o conductividad del material.<\/li>\n<li>Para determinadas aplicaciones (como bater\u00edas y galvanoplastia), la activaci\u00f3n superficial o el recubrimiento de polvos esf\u00e9ricos puede mejorar el rendimiento.<\/li>\n<\/ol>\n<h2><span style=\"font-size: 14pt;\">Envasado y almacenamiento<\/span><\/h2>\n<p>Los polvos esf\u00e9ricos de n\u00edquel se envasan en bolsas de doble vac\u00edo o botellas de doble vac\u00edo en cajas de cart\u00f3n.<\/p>\n<p>Los polvos de n\u00edquel deben almacenarse en un entorno seco, fresco y bien ventilado, sellados para evitar la humedad y la oxidaci\u00f3n, alejados de sustancias corrosivas como \u00e1cidos, \u00e1lcalis, fuentes de fuego y agentes oxidantes fuertes, y almacenados adecuadamente de acuerdo con la normativa pertinente sobre almacenamiento de productos qu\u00edmicos.<\/p>\n<h2><span style=\"font-size: 14pt;\">Productos relacionados<\/span><\/h2>\n<table style=\"border-collapse: collapse; width: 100%; height: 48px;\">\n<tbody>\n<tr style=\"height: 24px;\">\n<td style=\"width: 33.3333%; height: 24px;\"><span style=\"color: #0000ff;\"><a style=\"color: #0000ff;\" href=\"https:\/\/vimaterial.de\/es\/search\/?type=element&#038;keyword=Ni%2CO\">\u00d3xido de n\u00edquel<\/a><\/span><\/td>\n<td style=\"width: 33.3333%; height: 24px;\"><span style=\"color: #0000ff;\"><a style=\"color: #0000ff;\" href=\"https:\/\/vimaterial.de\/es\/search\/?type=element&#038;keyword=Ni%2CS\">Sulfuro de n\u00edquel<\/a><\/span><\/td>\n<td style=\"width: 33.3333%; height: 24px;\"><span style=\"color: #0000ff;\"><a style=\"color: #0000ff;\" href=\"https:\/\/vimaterial.de\/es\/search\/?type=element&#038;keyword=Ni%2CB\">Boruro de n\u00edquel<\/a><\/span><\/td>\n<\/tr>\n<tr style=\"height: 24px;\">\n<td style=\"width: 33.3333%; height: 24px;\"><span style=\"color: #0000ff;\"><a style=\"color: #0000ff;\" href=\"https:\/\/vimaterial.de\/es\/search\/?type=element&#038;keyword=Ni%2CV\">Aleaci\u00f3n de n\u00edquel y vanadio<\/a><\/span><\/td>\n<td style=\"width: 33.3333%; height: 24px;\"><span style=\"color: #0000ff;\"><a style=\"color: #0000ff;\" href=\"https:\/\/vimaterial.de\/es\/search\/?type=element&#038;keyword=Ni%2CAl\">Aleaci\u00f3n de n\u00edquel y aluminio<\/a><\/span><\/td>\n<td style=\"width: 33.3333%; height: 24px;\"><span style=\"color: #0000ff;\"><a style=\"color: #0000ff;\" href=\"https:\/\/vimaterial.de\/es\/search\/?type=element&#038;keyword=Ni%2CCr\">Aleaci\u00f3n de n\u00edquel y cromo<\/a><\/span><\/td>\n<\/tr>\n<\/tbody>\n<\/table>\n","protected":false},"excerpt":{"rendered":"<p>N\u00edquel es un polvo met\u00e1lico gris plateado con una excelente fluidez y buenas propiedades de empaquetamiento. Las part\u00edculas tienen forma uniforme, superficie lisa y bajo contenido en impurezas. Se utiliza ampliamente en componentes electr\u00f3nicos, pulvimetalurgia, impresi\u00f3n 3D, pastas conductoras, materiales para bater\u00edas y en la producci\u00f3n de aleaciones de alto rendimiento. VIAMTERIAL suministra polvos esf\u00e9ricos [&hellip;]<\/p>\n","protected":false},"featured_media":1046030,"comment_status":"open","ping_status":"closed","template":"","meta":{"_acf_changed":false},"product_brand":[],"product_cat":[193],"product_tag":[],"class_list":{"0":"post-1046572","1":"product","2":"type-product","3":"status-publish","4":"has-post-thumbnail","6":"product_cat-polvo-de-aleaciones-y-metales-puros","8":"first","9":"instock","10":"shipping-taxable","11":"purchasable","12":"product-type-variable"},"acf":[],"_links":{"self":[{"href":"https:\/\/vimaterial.de\/es\/wp-json\/wp\/v2\/product\/1046572","targetHints":{"allow":["GET"]}}],"collection":[{"href":"https:\/\/vimaterial.de\/es\/wp-json\/wp\/v2\/product"}],"about":[{"href":"https:\/\/vimaterial.de\/es\/wp-json\/wp\/v2\/types\/product"}],"replies":[{"embeddable":true,"href":"https:\/\/vimaterial.de\/es\/wp-json\/wp\/v2\/comments?post=1046572"}],"wp:featuredmedia":[{"embeddable":true,"href":"https:\/\/vimaterial.de\/es\/wp-json\/wp\/v2\/media\/1046030"}],"wp:attachment":[{"href":"https:\/\/vimaterial.de\/es\/wp-json\/wp\/v2\/media?parent=1046572"}],"wp:term":[{"taxonomy":"product_brand","embeddable":true,"href":"https:\/\/vimaterial.de\/es\/wp-json\/wp\/v2\/product_brand?post=1046572"},{"taxonomy":"product_cat","embeddable":true,"href":"https:\/\/vimaterial.de\/es\/wp-json\/wp\/v2\/product_cat?post=1046572"},{"taxonomy":"product_tag","embeddable":true,"href":"https:\/\/vimaterial.de\/es\/wp-json\/wp\/v2\/product_tag?post=1046572"}],"curies":[{"name":"wp","href":"https:\/\/api.w.org\/{rel}","templated":true}]}}