{"id":1043452,"date":"2025-03-25T10:28:00","date_gmt":"2025-03-25T02:28:00","guid":{"rendered":"https:\/\/vimaterial.de\/product\/metal-de-tungsteno\/"},"modified":"2025-06-16T17:50:57","modified_gmt":"2025-06-16T09:50:57","slug":"metal-de-tungsteno","status":"publish","type":"product","link":"https:\/\/vimaterial.de\/es\/product\/metal-de-tungsteno\/","title":{"rendered":"Metal de tungsteno"},"content":{"rendered":"<p>El objetivo de tubo de <span style=\"color: #0000ff;\"><a style=\"color: #0000ff;\" href=\"https:\/\/vimaterial.de\/es\/product\/tungsteno-metalico-6\/\">metal de tungsteno<\/a> <\/span>es un objetivo hueco hecho de tungsteno de alta pureza mediante prensado isost\u00e1tico en caliente (HIP), pulverizaci\u00f3n de plasma, sinterizaci\u00f3n o procesamiento de hilado, que se usa ampliamente en el proceso de deposici\u00f3n de pel\u00edcula delgada de pantallas planas, c\u00e9lulas solares, vidrio fotovoltaico y paneles t\u00e1ctiles. Su alto punto de fusi\u00f3n, alta densidad y excelente conductividad el\u00e9ctrica y t\u00e9rmica hacen que exhiba una excelente estabilidad estructural y uniformidad de pel\u00edcula en un entorno de vac\u00edo a alta temperatura.<\/p>\n<p>Los objetivos de tubo de metal de tungsteno suministrados por VIMATERIAL tienen un alto punto de fusi\u00f3n y estabilidad t\u00e9rmica, una tasa de salida de pel\u00edcula r\u00e1pida, una capa de pel\u00edcula uniforme, una alta tasa de reciclaje, alta pureza, baja impureza y una fuerte resistencia a la corrosi\u00f3n,<span style=\"color: #0000ff;\"><a style=\"color: #0000ff;\" href=\"https:\/\/vimaterial.de\/es\/contacto\/\"> cont\u00e1ctenos<\/a><\/span> para soporte t\u00e9cnico.<\/p>\n<h2><span style=\"font-size: 14pt;\">Caracter\u00edstica<\/span><\/h2>\n<p>F\u00f3rmula qu\u00edmica: W<\/p>\n<p>Densidad: La densidad te\u00f3rica es de 19,3 g\/cm\u00b3.<\/p>\n<p>Punto de fusi\u00f3n: 3422 \u00b0C<\/p>\n<p>Resistividad: alrededor de 5,5 \u03bc\u03a9-cm<\/p>\n<p>Estructura cristalina C\u00fabica centrada en el cuerpo (BCC)<\/p>\n<p>Dimensiones: personalizado seg\u00fan el equipo<\/p>\n<h2><span style=\"font-size: 14pt;\">Aplicaciones<\/span><\/h2>\n<p>Pantalla plana: Los objetivos de tubo de metal de tungsteno se utilizan ampliamente para la pulverizaci\u00f3n cat\u00f3dica de pel\u00edcula delgada de electrodos met\u00e1licos en la producci\u00f3n de TFT-LCD y OLED para proporcionar una ruta conductora estable. Su alta pureza y baja tasa de part\u00edculas garantizan la calidad de la pantalla y el rendimiento del panel.<\/p>\n<p>Recubrimiento de vidrio solar fotovoltaico: En el recubrimiento de baja emisividad del vidrio fotovoltaico, los objetivos de tungsteno se utilizan para depositar capas de pel\u00edcula funcional altamente reflectantes o reflectantes infrarrojas. Su alta uniformidad ayuda a mejorar la transmisi\u00f3n de luz y la eficiencia de conversi\u00f3n de celdas. 3.<\/p>\n<p>Pantalla t\u00e1ctil y deposici\u00f3n de material de reemplazo ITO: Como material conductor de pulverizaci\u00f3n cat\u00f3dica de pel\u00edcula delgada, el metal de tungsteno se puede pulverizar junto con \u00f3xidos para formar una capa conductora transparente para reemplazar ITO. Como material conductor de pulverizaci\u00f3n cat\u00f3dica de pel\u00edcula delgada, el tungsteno se puede pulverizar junto con \u00f3xidos para formar capas conductoras transparentes en lugar de ITO. Los objetivos de tungsteno tienen una excelente adherencia y estabilidad de la capa, y son adecuados para pantallas flexibles y otras tecnolog\u00edas de visualizaci\u00f3n emergentes.<\/p>\n<p>Semiconductores y microelectr\u00f3nica: Como material de interconexi\u00f3n met\u00e1lica de alto rendimiento, el metal de tungsteno se puede utilizar para la deposici\u00f3n de capas de inserci\u00f3n de puertas y contactos en procesos BEOL (back-end-of-chip). Los objetivos de tungsteno se depositan por pulverizaci\u00f3n cat\u00f3dica con magnetr\u00f3n para formar pel\u00edculas met\u00e1licas de alta densidad con baja resistencia y buena estabilidad t\u00e9rmica.<\/p>\n<h2><span style=\"font-size: 14pt;\">Control de calidad<\/span><\/h2>\n<p><span style=\"color: #0000ff;\"><a style=\"color: #0000ff;\" href=\"https:\/\/vimaterial.de\/es\/control-de-calidad\/\">VIMATERIAL<\/a> <\/span>implementa estrictamente un sistema de gesti\u00f3n de calidad para garantizar la consistencia y el alto nivel de nuestros productos durante todo el proceso de investigaci\u00f3n y desarrollo, producci\u00f3n, env\u00edo y servicio. Todos los lotes tienen que pasar las pruebas estandarizadas antes de salir de f\u00e1brica y cualquier desviaci\u00f3n se maneja de acuerdo con el 8D procedimiento. Cumplimos a cabalidad con est\u00e1ndares internacionales como REACH y ASTM, y estamos comprometidos con la construcci\u00f3n de una cadena de suministro sostenible y socialmente responsable.<\/p>\n<h2><span style=\"font-size: 14pt;\">Embalaje y almacenamiento<\/span><\/h2>\n<p>Los tubos de metal de tungsteno se envasan al vac\u00edo individualmente y se colocan en cajas de madera personalizadas.<\/p>\n<p>Los objetivos de tubo de metal de tungsteno se almacenan en un entorno seco, limpio y a prueba de luz para evitar la oxidaci\u00f3n y la contaminaci\u00f3n de la superficie; la temperatura de almacenamiento recomendada es de 5-35 \u00b0C y la humedad relativa del &lt; 50%; se pueden volver a aspirar cuando no se han utilizado durante mucho tiempo.<\/p>\n","protected":false},"excerpt":{"rendered":"<p>El objetivo de tubo de <span style=\"color: #0000ff;\"><a style=\"color: #0000ff;\" href=\"https:\/\/vimaterial.de\/es\/product\/tungsteno-metalico-6\/\">metal de tungsteno<\/a> <\/span>es un objetivo hueco hecho de tungsteno de alta pureza mediante prensado isost\u00e1tico en caliente (HIP), pulverizaci\u00f3n de plasma, sinterizaci\u00f3n o procesamiento de hilado, que se usa ampliamente en el proceso de deposici\u00f3n de pel\u00edcula delgada de pantallas planas, c\u00e9lulas solares, vidrio fotovoltaico y paneles t\u00e1ctiles. Su alto punto de fusi\u00f3n, alta densidad y excelente conductividad el\u00e9ctrica y t\u00e9rmica hacen que exhiba una excelente estabilidad estructural y uniformidad de pel\u00edcula en un entorno de vac\u00edo a alta temperatura.<\/p>\n<p>Los objetivos de tubo de metal de tungsteno suministrados por VIMATERIAL tienen un alto punto de fusi\u00f3n y estabilidad t\u00e9rmica, una tasa de salida de pel\u00edcula r\u00e1pida, una capa de pel\u00edcula uniforme, una alta tasa de reciclaje, alta pureza, baja impureza y una fuerte resistencia a la corrosi\u00f3n,<span style=\"color: #0000ff;\"><a style=\"color: #0000ff;\" href=\"https:\/\/vimaterial.de\/es\/contacto\/\"> cont\u00e1ctenos<\/a><\/span> para soporte t\u00e9cnico.<\/p>\n","protected":false},"featured_media":1042686,"comment_status":"open","ping_status":"closed","template":"","meta":{"_acf_changed":false},"product_brand":[],"product_cat":[190],"product_tag":[],"class_list":{"0":"post-1043452","1":"product","2":"type-product","3":"status-publish","4":"has-post-thumbnail","6":"product_cat-capsulas-para-sputtering-rotativo","8":"first","9":"instock","10":"shipping-taxable","11":"product-type-variable"},"acf":[],"_links":{"self":[{"href":"https:\/\/vimaterial.de\/es\/wp-json\/wp\/v2\/product\/1043452","targetHints":{"allow":["GET"]}}],"collection":[{"href":"https:\/\/vimaterial.de\/es\/wp-json\/wp\/v2\/product"}],"about":[{"href":"https:\/\/vimaterial.de\/es\/wp-json\/wp\/v2\/types\/product"}],"replies":[{"embeddable":true,"href":"https:\/\/vimaterial.de\/es\/wp-json\/wp\/v2\/comments?post=1043452"}],"wp:featuredmedia":[{"embeddable":true,"href":"https:\/\/vimaterial.de\/es\/wp-json\/wp\/v2\/media\/1042686"}],"wp:attachment":[{"href":"https:\/\/vimaterial.de\/es\/wp-json\/wp\/v2\/media?parent=1043452"}],"wp:term":[{"taxonomy":"product_brand","embeddable":true,"href":"https:\/\/vimaterial.de\/es\/wp-json\/wp\/v2\/product_brand?post=1043452"},{"taxonomy":"product_cat","embeddable":true,"href":"https:\/\/vimaterial.de\/es\/wp-json\/wp\/v2\/product_cat?post=1043452"},{"taxonomy":"product_tag","embeddable":true,"href":"https:\/\/vimaterial.de\/es\/wp-json\/wp\/v2\/product_tag?post=1043452"}],"curies":[{"name":"wp","href":"https:\/\/api.w.org\/{rel}","templated":true}]}}