{"id":1043440,"date":"2025-03-25T10:46:46","date_gmt":"2025-03-25T02:46:46","guid":{"rendered":"https:\/\/vimaterial.de\/product\/metal-cobalto\/"},"modified":"2025-06-16T17:33:09","modified_gmt":"2025-06-16T09:33:09","slug":"metal-cobalto","status":"publish","type":"product","link":"https:\/\/vimaterial.de\/es\/product\/metal-cobalto\/","title":{"rendered":"Metal cobalto"},"content":{"rendered":"<p><span style=\"color: #0000ff;\"><a style=\"color: #0000ff;\" href=\"https:\/\/vimaterial.de\/es\/product\/cobalto-metalico-8\/\">El polvo met\u00e1lico de cobalto<\/a><\/span> es un polvo met\u00e1lico de color gris a gris-negro con propiedades magn\u00e9ticas, conductividad el\u00e9ctrica y buena estabilidad t\u00e9rmica. Es una materia prima importante para la fabricaci\u00f3n de aleaciones de alto rendimiento, materiales para bater\u00edas, catalizadores y materiales magn\u00e9ticos, y es ampliamente utilizada en la industria aeroespacial, nuevas energ\u00edas, carburo cementado y otros campos.<\/p>\n<p>El <strong>polvo de cobalto<\/strong> suministrado por VIMATERIAL se caracteriza por su alta pureza, alta consistencia, excelente magnetismo y conductividad el\u00e9ctrica, buena estabilidad qu\u00edmica y distribuci\u00f3n controlable del tama\u00f1o de part\u00edcula, venga y <span style=\"color: #0000ff;\"><a style=\"color: #0000ff;\" href=\"https:\/\/vimaterial.de\/es\/contacto\/\">cont\u00e1ctenos<\/a> <\/span>para obtener muestras.<\/p>\n<h2><span style=\"font-size: 14pt;\">Caracter\u00edsticas<\/span><\/h2>\n<p>F\u00f3rmula molecular Co<\/p>\n<p>Peso molecular 58.93 g\/mol<\/p>\n<p>Aspecto: Polvo met\u00e1lico de color gris a gris-negro con brillo.<\/p>\n<p>Densidad 8,90 g\/cm\u00b3<\/p>\n<p>Punto de fusi\u00f3n 1495\u00b0C<\/p>\n<p>Punto de ebullici\u00f3n 2927\u00b0C<\/p>\n<p>Estructura cristalina Estructura hexagonal compacta (hcp)<\/p>\n<p>Propiedades magn\u00e9ticas Ferromagn\u00e9tico (metal cobalto)<\/p>\n<h2><span style=\"font-size: 14pt;\">Aplicaci\u00f3n<\/span><\/h2>\n<p>Carburo cementado y herramientas de corte: el polvo met\u00e1lico de <strong>cobalto<\/strong> es el material de fase aglutinante para la fabricaci\u00f3n de carburo cementado a base de carburo de tungsteno, que puede mejorar significativamente la tenacidad y la resistencia al desgaste de la aleaci\u00f3n. Es ampliamente utilizado en corte de metales, herramientas de miner\u00eda, taladros y otras piezas de trabajo en condiciones de alta carga.<\/p>\n<p>Materiales de la bater\u00eda: El polvo met\u00e1lico de <strong>cobalto<\/strong> es un precursor importante de los materiales de \u00e1nodo ternario (como NCM, NCA) y el cobaltato de litio para bater\u00edas de iones de litio. Su alta estabilidad electroqu\u00edmica ayuda a mejorar la densidad de energ\u00eda y el ciclo de vida de la bater\u00eda.<\/p>\n<p>Materiales magn\u00e9ticos: Se utiliza en la fabricaci\u00f3n de materiales magn\u00e9ticos permanentes de alto rendimiento, como imanes de neodimio-hierro-boro (NdFeB) y samario-cobalto (SmCo). La adici\u00f3n de cobalto puede mejorar la coercitividad y la resistencia al calor de los imanes, adecuados para ocasiones de alta temperatura.<\/p>\n<p>Material catalizador: El <strong>polvo met\u00e1lico de cobalto<\/strong> se utiliza como catalizador met\u00e1lico para la s\u00edntesis de Fischer-Tropsch, la oxidaci\u00f3n del amon\u00edaco y otras reacciones en la industria qu\u00edmica. Su alta \u00e1rea de superficie espec\u00edfica y dispersi\u00f3n pueden mejorar significativamente la eficiencia catal\u00edtica y la vida \u00fatil.<\/p>\n<h2><span style=\"font-size: 14pt;\">Control de calidad<\/span><\/h2>\n<p><span style=\"color: #0000ff;\"><a style=\"color: #0000ff;\" href=\"https:\/\/vimaterial.de\/es\/control-de-calidad\/\">VIMATERIAL<\/a><\/span> implementa estrictamente un sistema de gesti\u00f3n de calidad para garantizar la consistencia y el alto nivel de nuestros productos durante todo el proceso de investigaci\u00f3n y desarrollo, producci\u00f3n, env\u00edo y servicio. Todos los lotes tienen que pasar las pruebas estandarizadas antes de salir de f\u00e1brica y cualquier desviaci\u00f3n se maneja de acuerdo con el 8D procedimiento. Cumplimos a cabalidad con est\u00e1ndares internacionales como REACH y ASTM, y estamos comprometidos con la construcci\u00f3n de una cadena de suministro sostenible y socialmente responsable.<\/p>\n<h2><span style=\"font-size: 14pt;\">Embalaje y almacenamiento<\/span><\/h2>\n<p><strong>El polvo de metal cobalto<\/strong> en peque\u00f1as cantidades se envasa en botellas de doble vac\u00edo con cart\u00f3n exterior. Grandes cantidades se empaquetan en tambores con bolsas especiales de papel de aluminio o se empaquetan de manera personalizada de acuerdo con los requisitos del cliente.<\/p>\n<p><strong>El polvo de metal cobalto<\/strong> debe almacenarse en un ambiente seco y bien ventilado para evitar la humedad y la oxidaci\u00f3n. Evite la luz solar directa, mant\u00e9ngalo alejado de \u00e1cidos, oxidantes y otros reactivos. Temperatura de almacenamiento sugerida: 5-30\u00b0C, humedad &lt; relativa 50%.<\/p>\n","protected":false},"excerpt":{"rendered":"<p><span style=\"color: #0000ff;\"><a style=\"color: #0000ff;\" href=\"https:\/\/vimaterial.de\/es\/product\/cobalto-metalico-8\/\">El polvo met\u00e1lico de cobalto<\/a><\/span> es un polvo met\u00e1lico de color gris a gris-negro con propiedades magn\u00e9ticas, conductividad el\u00e9ctrica y buena estabilidad t\u00e9rmica. Es una materia prima importante para la fabricaci\u00f3n de aleaciones de alto rendimiento, materiales para bater\u00edas, catalizadores y materiales magn\u00e9ticos, y es ampliamente utilizada en la industria aeroespacial, nuevas energ\u00edas, carburo cementado y otros campos.<\/p>\n<p>El <strong>polvo de cobalto<\/strong> suministrado por VIMATERIAL se caracteriza por su alta pureza, alta consistencia, excelente magnetismo y conductividad el\u00e9ctrica, buena estabilidad qu\u00edmica y distribuci\u00f3n controlable del tama\u00f1o de part\u00edcula, venga y <span style=\"color: #0000ff;\"><a style=\"color: #0000ff;\" href=\"https:\/\/vimaterial.de\/es\/contacto\/\">cont\u00e1ctenos<\/a> <\/span>para obtener muestras.<\/p>\n","protected":false},"featured_media":1042697,"comment_status":"open","ping_status":"closed","template":"","meta":{"_acf_changed":false},"product_brand":[],"product_cat":[193],"product_tag":[],"class_list":{"0":"post-1043440","1":"product","2":"type-product","3":"status-publish","4":"has-post-thumbnail","6":"product_cat-polvo-de-aleaciones-y-metales-puros","8":"first","9":"instock","10":"shipping-taxable","11":"product-type-variable"},"acf":[],"_links":{"self":[{"href":"https:\/\/vimaterial.de\/es\/wp-json\/wp\/v2\/product\/1043440","targetHints":{"allow":["GET"]}}],"collection":[{"href":"https:\/\/vimaterial.de\/es\/wp-json\/wp\/v2\/product"}],"about":[{"href":"https:\/\/vimaterial.de\/es\/wp-json\/wp\/v2\/types\/product"}],"replies":[{"embeddable":true,"href":"https:\/\/vimaterial.de\/es\/wp-json\/wp\/v2\/comments?post=1043440"}],"wp:featuredmedia":[{"embeddable":true,"href":"https:\/\/vimaterial.de\/es\/wp-json\/wp\/v2\/media\/1042697"}],"wp:attachment":[{"href":"https:\/\/vimaterial.de\/es\/wp-json\/wp\/v2\/media?parent=1043440"}],"wp:term":[{"taxonomy":"product_brand","embeddable":true,"href":"https:\/\/vimaterial.de\/es\/wp-json\/wp\/v2\/product_brand?post=1043440"},{"taxonomy":"product_cat","embeddable":true,"href":"https:\/\/vimaterial.de\/es\/wp-json\/wp\/v2\/product_cat?post=1043440"},{"taxonomy":"product_tag","embeddable":true,"href":"https:\/\/vimaterial.de\/es\/wp-json\/wp\/v2\/product_tag?post=1043440"}],"curies":[{"name":"wp","href":"https:\/\/api.w.org\/{rel}","templated":true}]}}