{"id":1043352,"date":"2025-05-28T18:18:35","date_gmt":"2025-05-28T10:18:35","guid":{"rendered":"https:\/\/vimaterial.de\/?post_type=product&#038;p=1043352"},"modified":"2025-06-10T16:04:58","modified_gmt":"2025-06-10T08:04:58","slug":"zirconia-estabilizada-con-itria-ysz-copy","status":"publish","type":"product","link":"https:\/\/vimaterial.de\/es\/product\/zirconia-estabilizada-con-itria-ysz-copy\/","title":{"rendered":"Zirconia estabilizada con itria (YSZ)"},"content":{"rendered":"<p><span style=\"color: #0000ff;\"><a style=\"color: #0000ff;\" href=\"https:\/\/vimaterial.de\/es\/product\/circonio-estabilizado-con-itria-ysz-2\/\"><strong>El polvo de zirconia estabilizada con itria<\/strong><\/a><\/span> es un material cer\u00e1mico multif\u00e1sico fabricado mediante el dopaje de parte de \u00f3xido de circonio (ZrO\u2082) con itria (Y\u2082O\u2083). Debido a su excelente conductividad a alta temperatura, estabilidad t\u00e9rmica y propiedades mec\u00e1nicas, YSZ se ha convertido en un material clave en los campos de electrolitos de pila de combustible de \u00f3xido s\u00f3lido (SOFC), recubrimientos de barrera t\u00e9rmica por pulverizaci\u00f3n de plasma, materiales cer\u00e1micos de alta resistencia, etc.<\/p>\n<p>Los polvos YSZ proporcionados por VIMATERIAL tienen una variedad de contenidos de itrio (2mol%, 2.5mol%, 3 mol%, 4mol%, 5 mol%, 8 mol% Y\u2082O\u2083) y son ampliamente utilizados en aplicaciones industriales y de investigaci\u00f3n.<span style=\"color: #0000ff;\"><a style=\"color: #0000ff;\" href=\"https:\/\/vimaterial.de\/es\/contacto\/\">Cont\u00e1ctenos.<\/a><\/span><\/p>\n<h2><span style=\"font-size: 14pt;\">Caracter\u00edstica<\/span><\/h2>\n<p>F\u00f3rmula qu\u00edmica: <strong>Y2O3-ZrO2<\/strong><\/p>\n<p>Aspecto: polvo blanco o blanquecino<\/p>\n<p>Punto de fusi\u00f3n: 2700 \u00b0C<\/p>\n<p>Estructura cristalina: estructura de fase c\u00fabica<\/p>\n<h2><span style=\"font-size: 14pt;\">Aplicaci\u00f3n<\/span><\/h2>\n<p>Pila de combustible de \u00f3xido s\u00f3lido (SOFC): <strong>El polvo de zirconia estabilizada con itria<\/strong>\u00a0es un material electrol\u00edtico con una excelente conductividad de iones de ox\u00edgeno a altas temperaturas y es la capa funcional central de SOFC.<\/p>\n<p>Recubrimientos de barrera t\u00e9rmica (TBC): En motores de aviones y turbinas de gas, el polvo <strong><span style=\"color: #000000;\">de zirconia estabilizada con itria <\/span><\/strong>se utiliza para recubrimientos de superficie para aislar y mejorar eficazmente la vida t\u00e9rmica de los componentes.<\/p>\n<p>Cer\u00e1mica estructural: <strong>El polvo de zirconia estabilizada con itria<\/strong>\u00a0es ampliamente utilizado en cer\u00e1micas de ingenier\u00eda de alto rendimiento, como herramientas de corte, cojinetes, bombas y v\u00e1lvulas, debido a su alta resistencia y resistencia al choque t\u00e9rmico.<\/p>\n<h2><span style=\"font-size: 14pt;\">Control de calidad<\/span><\/h2>\n<p><span style=\"color: #0000ff;\"><a style=\"color: #0000ff;\" href=\"https:\/\/vimaterial.de\/es\/control-de-calidad\/\">Nuestros productos<\/a><\/span> siguen estrictos procedimientos de control de calidad y m\u00e9todos de prueba cient\u00edficos, incluidos ICP-MS, XRD, SEM, etc. para realizar un an\u00e1lisis exhaustivo de los productos. Nuestros productos tienen registros completos y trazabilidad desde la adquisici\u00f3n de materias primas, la producci\u00f3n hasta el env\u00edo para garantizar la consistencia de la composici\u00f3n y el rendimiento entre lotes, y cada lote de productos va acompa\u00f1ado de datos completos de inspecci\u00f3n de calidad.<\/p>\n<h2><span style=\"font-size: 14pt;\">Embalaje y almacenamiento<\/span><\/h2>\n<p><strong>El polvo de zirconia estabilizada con itria<\/strong>\u00a0se envasa en botellas selladas al vac\u00edo y est\u00e1 disponible en diferentes especificaciones de embalaje, como 50 g \/ 100 g \/ 500 g \/ 1 kg \/ 5 kg, que se pueden personalizar seg\u00fan las necesidades del cliente. Las grandes cantidades se empaquetan en barriles de 25 kg y se fijan con palets est\u00e1ndar.<\/p>\n<p><strong>El polvo de zirconia estabilizada con itria<\/strong>\u00a0debe almacenarse en un recipiente sellado a temperatura ambiente para evitar la absorci\u00f3n de humedad y lejos de \u00e1cidos fuertes, \u00e1lcalis y solventes vol\u00e1tiles. Se recomienda volver a sellar el recipiente despu\u00e9s de abrirlo para evitar la aglomeraci\u00f3n de polvo.<\/p>\n","protected":false},"excerpt":{"rendered":"<p><span style=\"color: #0000ff;\"><a style=\"color: #0000ff;\" href=\"https:\/\/vimaterial.de\/es\/product\/circonio-estabilizado-con-itria-ysz-2\/\"><strong>El polvo de zirconio estabilizado con itria<\/strong><\/a><\/span> es un material cer\u00e1mico multif\u00e1sico fabricado mediante el dopaje de parte de \u00f3xido de circonio (ZrO\u2082) con itria (Y\u2082O\u2083). Debido a su excelente conductividad a alta temperatura, estabilidad t\u00e9rmica y propiedades mec\u00e1nicas, YSZ se ha convertido en un material clave en los campos de electrolitos de pila de combustible de \u00f3xido s\u00f3lido (SOFC), recubrimientos de barrera t\u00e9rmica por pulverizaci\u00f3n de plasma, materiales cer\u00e1micos de alta resistencia, etc.<\/p>\n<p>Los polvos YSZ proporcionados por VIMATERIAL tienen una variedad de contenidos de itrio (2mol%, 2.5mol%, 3 mol%, 4mol%, 5 mol%, 8 mol% Y\u2082O\u2083) y son ampliamente utilizados en aplicaciones industriales y de investigaci\u00f3n.<span style=\"color: #0000ff;\"><a style=\"color: #0000ff;\" href=\"https:\/\/vimaterial.de\/es\/contacto\/\">Cont\u00e1ctenos.<\/a><\/span><\/p>\n<p>&nbsp;<\/p>\n","protected":false},"featured_media":1043363,"comment_status":"open","ping_status":"closed","template":"","meta":{"_acf_changed":false},"product_brand":[],"product_cat":[186,184],"product_tag":[],"class_list":{"0":"post-1043352","1":"product","2":"type-product","3":"status-publish","4":"has-post-thumbnail","6":"product_cat-materiales-de-oxido-hidroxido","7":"product_cat-materiales-de-tierras-raras","9":"first","10":"instock","11":"shipping-taxable","12":"product-type-variable"},"acf":[],"_links":{"self":[{"href":"https:\/\/vimaterial.de\/es\/wp-json\/wp\/v2\/product\/1043352","targetHints":{"allow":["GET"]}}],"collection":[{"href":"https:\/\/vimaterial.de\/es\/wp-json\/wp\/v2\/product"}],"about":[{"href":"https:\/\/vimaterial.de\/es\/wp-json\/wp\/v2\/types\/product"}],"replies":[{"embeddable":true,"href":"https:\/\/vimaterial.de\/es\/wp-json\/wp\/v2\/comments?post=1043352"}],"wp:featuredmedia":[{"embeddable":true,"href":"https:\/\/vimaterial.de\/es\/wp-json\/wp\/v2\/media\/1043363"}],"wp:attachment":[{"href":"https:\/\/vimaterial.de\/es\/wp-json\/wp\/v2\/media?parent=1043352"}],"wp:term":[{"taxonomy":"product_brand","embeddable":true,"href":"https:\/\/vimaterial.de\/es\/wp-json\/wp\/v2\/product_brand?post=1043352"},{"taxonomy":"product_cat","embeddable":true,"href":"https:\/\/vimaterial.de\/es\/wp-json\/wp\/v2\/product_cat?post=1043352"},{"taxonomy":"product_tag","embeddable":true,"href":"https:\/\/vimaterial.de\/es\/wp-json\/wp\/v2\/product_tag?post=1043352"}],"curies":[{"name":"wp","href":"https:\/\/api.w.org\/{rel}","templated":true}]}}