{"id":1042371,"date":"2025-03-12T15:41:42","date_gmt":"2025-03-12T07:41:42","guid":{"rendered":"https:\/\/vimaterial.de\/?post_type=product&#038;p=1042371"},"modified":"2025-06-26T15:45:54","modified_gmt":"2025-06-26T07:45:54","slug":"cloruro-de-tungsteno-copy","status":"publish","type":"product","link":"https:\/\/vimaterial.de\/es\/product\/cloruro-de-tungsteno-copy\/","title":{"rendered":"Cloruro de tungsteno"},"content":{"rendered":"<p><span style=\"color: #0000ff;\"><a style=\"color: #0000ff;\" href=\"https:\/\/vimaterial.de\/es\/product\/cloruro-de-tungsteno\/\">El cloruro de tungsteno (V) (WCl5)<\/a> <\/span>es un cloruro de tungsteno de alta valencia compuesto por un \u00e1tomo de tungsteno y cinco \u00e1tomos de cloro. Es un compuesto inorg\u00e1nico que aparece como un s\u00f3lido cristalino de color verde oscuro intermitente.<\/p>\n<h2><span style=\"font-size: 14pt;\">Propiedades f\u00edsicas:<\/span><\/h2>\n<p>F\u00f3rmula qu\u00edmica: WCl5<\/p>\n<p>Masa molar: 361,11 g\/mol<\/p>\n<p>Aspecto: Polvo cristalino de color verde oscuro<\/p>\n<p>Punto de fusi\u00f3n: 248\u00b0C<\/p>\n<p>Punto de ebullici\u00f3n: 275,6 \u00b0C<\/p>\n<p>Densidad: 3.875 g\/cm\u00b3 (a 25\u00b0C), con otras fuentes reportando 3.88 g\/cm\u00b3.<\/p>\n<p>Solubilidad: Muy sensible a la humedad y al agua, se descompone cuando se expone al aire. Soluble en agua y se hidroliza para formar W\u2082O\u2085. Tambi\u00e9n soluble en disolventes org\u00e1nicos como acetonitrilo, benceno, cloroformo y disulfuro de carbono.<\/p>\n<h2><span style=\"font-size: 14pt;\">Propiedades qu\u00edmicas:<\/span><\/h2>\n<p>Estabilidad: Cuando se calienta en el aire, el pentacloruro de tungsteno forma oxicloruro de tungsteno (WOCl\u2084). Se descompone en la mayor\u00eda de los disolventes polares, pero es ligeramente soluble en disolventes no polares como el disulfuro de carbono.<\/p>\n<p>Reactividad: Reacciona f\u00e1cilmente con las aminas primarias para formar compuestos de aminas.<\/p>\n<p>Geometr\u00eda molecular: La mol\u00e9cula de WCl\u2085 tiene una geometr\u00eda bipiramidal trigonal, donde el \u00e1tomo de tungsteno est\u00e1 unido a cinco \u00e1tomos de cloro a trav\u00e9s de enlaces sigma covalentes (\u03c3), con longitudes de enlace m\u00e1s cortas en el plano ecuatorial.<\/p>\n<h2><span style=\"font-size: 14pt;\">S\u00edntesis:<\/span><\/h2>\n<p>M\u00e9todo de reducci\u00f3n: El hexacloruro de tungsteno (WCl\u2086) se reduce con f\u00f3sforo rojo a 250-280 \u00b0C o con hidr\u00f3geno a 380-400 \u00b0C.<\/p>\n<p>Reacci\u00f3n de desproporci\u00f3n: Se puede sintetizar a trav\u00e9s de la reacci\u00f3n de desproporci\u00f3n del tetracloruro de tungsteno (WCl\u2084) o por la descomposici\u00f3n t\u00e9rmica del tricloruro de tungsteno (WCl\u2083).<\/p>\n<p>Reacci\u00f3n de cloraci\u00f3n: El polvo de tungsteno se coloca en la capa superior y el hexacloruro de tungsteno (WCl \u2086) en la capa inferior, con cloro gaseoso introducido para reaccionar con el polvo de tungsteno para producir pentacloruro de tungsteno crudo. A continuaci\u00f3n, el producto crudo se sublima a 280-300 \u00b0C y se condensa para obtener pentacloruro de tungsteno de alta pureza.<\/p>\n<h2><span style=\"font-size: 14pt;\">Aplicaciones:<\/span><\/h2>\n<p>S\u00edntesis de otros compuestos de tungsteno: WCl5 se utiliza para sintetizar otros compuestos de tungsteno, como hexacloruro de tungsteno (WCl\u2086), tetracloruro de tungsteno (WCl\u2084), polvo de tungsteno y polvo de carburo de tungsteno. Estos compuestos tienen varias aplicaciones, incluido el polvo de tungsteno para materiales y aleaciones de tungsteno, y el polvo de carburo de tungsteno para aleaciones duras.<\/p>\n<p>S\u00edntesis de catalizadores y compuestos org\u00e1nicos: WCl5 tambi\u00e9n se utiliza en la s\u00edntesis de catalizadores y compuestos org\u00e1nicos.<\/p>\n<h2><span style=\"font-size: 14pt;\">Control de calidad<\/span><\/h2>\n<p>VI HALBLEITERMATERIAL GmbH (<span style=\"color: #0000ff;\"><a style=\"color: #0000ff;\" href=\"https:\/\/vimaterial.de\/es\/control-de-calidad\/\">VIMATERIAL<\/a><\/span>) implementa un riguroso sistema de aseguramiento de la calidad, llevando a cabo un estricto control de calidad en toda la cadena de producci\u00f3n, reelaborando los productos defectuosos y liberando cada lote solo despu\u00e9s de pasar pruebas de especificaci\u00f3n detalladas. La empresa se adhiere a los m\u00e1s altos est\u00e1ndares en R&amp;D, producci\u00f3n, env\u00edo y servicio al cliente, investiga desviaciones a trav\u00e9s del 8D cumple con las normas REACH y ASTM, garantiza la consistencia y trazabilidad de los lotes, y se compromete a construir una cadena de suministro socialmente responsable para proteger la salud humana y el medio ambiente.<\/p>\n<h2><span style=\"font-size: 14pt;\">Almacenamiento y transporte:<\/span><\/h2>\n<p>Condiciones de almacenamiento: Debido a su sensibilidad a la humedad y al agua, el pentacloruro de tungsteno (WCl5) debe almacenarse en un lugar seco, fresco y bien ventilado, evitando el contacto con el aire. Por lo general, se almacena en tubos sellados o bajo una atm\u00f3sfera de gas inerte.<\/p>\n<p>Precauciones de transporte: Durante el transporte, el embalaje debe permanecer intacto y sellado, cumpliendo con las normas pertinentes de transporte de materiales peligrosos. No debe transportarse con sustancias sensibles a la humedad u oxidantes.<\/p>\n","protected":false},"excerpt":{"rendered":"<p><span style=\"color: #0000ff;\"><a style=\"color: #0000ff;\" href=\"https:\/\/vimaterial.de\/es\/product\/cloruro-de-tungsteno\/\">El cloruro de tungsteno (V) (WCl5)<\/a> <\/span>es un cloruro de tungsteno de alta valencia compuesto por un \u00e1tomo de tungsteno y cinco \u00e1tomos de cloro. Es un compuesto inorg\u00e1nico que aparece como un s\u00f3lido cristalino de color verde oscuro intermitente.<\/p>\n","protected":false},"featured_media":1042391,"comment_status":"open","ping_status":"closed","template":"","meta":{"_acf_changed":false},"product_brand":[],"product_cat":[182],"product_tag":[],"class_list":{"0":"post-1042371","1":"product","2":"type-product","3":"status-publish","4":"has-post-thumbnail","6":"product_cat-materiales-halogenados","8":"first","9":"instock","10":"shipping-taxable","11":"product-type-variable"},"acf":[],"_links":{"self":[{"href":"https:\/\/vimaterial.de\/es\/wp-json\/wp\/v2\/product\/1042371","targetHints":{"allow":["GET"]}}],"collection":[{"href":"https:\/\/vimaterial.de\/es\/wp-json\/wp\/v2\/product"}],"about":[{"href":"https:\/\/vimaterial.de\/es\/wp-json\/wp\/v2\/types\/product"}],"replies":[{"embeddable":true,"href":"https:\/\/vimaterial.de\/es\/wp-json\/wp\/v2\/comments?post=1042371"}],"wp:featuredmedia":[{"embeddable":true,"href":"https:\/\/vimaterial.de\/es\/wp-json\/wp\/v2\/media\/1042391"}],"wp:attachment":[{"href":"https:\/\/vimaterial.de\/es\/wp-json\/wp\/v2\/media?parent=1042371"}],"wp:term":[{"taxonomy":"product_brand","embeddable":true,"href":"https:\/\/vimaterial.de\/es\/wp-json\/wp\/v2\/product_brand?post=1042371"},{"taxonomy":"product_cat","embeddable":true,"href":"https:\/\/vimaterial.de\/es\/wp-json\/wp\/v2\/product_cat?post=1042371"},{"taxonomy":"product_tag","embeddable":true,"href":"https:\/\/vimaterial.de\/es\/wp-json\/wp\/v2\/product_tag?post=1042371"}],"curies":[{"name":"wp","href":"https:\/\/api.w.org\/{rel}","templated":true}]}}