{"id":1042212,"date":"2025-03-04T18:05:18","date_gmt":"2025-03-04T10:05:18","guid":{"rendered":"https:\/\/vimaterial.de\/product\/aleacion-de-molibdeno-titanio-y-circonio-tzm\/"},"modified":"2025-03-07T15:21:06","modified_gmt":"2025-03-07T07:21:06","slug":"aleacion-de-molibdeno-titanio-y-circonio-tzm","status":"publish","type":"product","link":"https:\/\/vimaterial.de\/es\/product\/aleacion-de-molibdeno-titanio-y-circonio-tzm\/","title":{"rendered":"Aleaci\u00f3n de molibdeno, titanio y circonio (TZM)"},"content":{"rendered":"<p>La aleaci\u00f3n TZM, tambi\u00e9n conocida como aleaci\u00f3n de molibdeno-circonio-titanio, es un material a base de molibdeno de alto rendimiento. Su composici\u00f3n \u00fanica incluye 0,50% de titanio, 0,08% de circonio y 0,02% de carbono, siendo el resto molibdeno. Esta aleaci\u00f3n exhibe propiedades mec\u00e1nicas superiores a altas temperaturas en comparaci\u00f3n con el molibdeno puro, gracias a su alto punto de fusi\u00f3n, alta resistencia, alto m\u00f3dulo el\u00e1stico, bajo coeficiente de expansi\u00f3n t\u00e9rmica, baja presi\u00f3n de vapor, excelente conductividad el\u00e9ctrica y t\u00e9rmica y excelente resistencia a la corrosi\u00f3n.<\/p>\n<p>VIMATERIAL ofrece polvo esf\u00e9rico TZM, tubos, varillas y m\u00e1s. P\u00f3ngase en contacto con nosotros si es necesario.<\/p>\n<h2><span style=\"font-size: 14pt;\">Mecanismo de refuerzo de la aleaci\u00f3n TZM<\/span><\/h2>\n<h3><span style=\"font-size: 12pt;\">Endurecimiento por trabajo mediante deformaci\u00f3n en fr\u00edo<\/span><\/h3>\n<ul>\n<li>Aumenta la resistencia de la aleaci\u00f3n mientras refina el tama\u00f1o del grano, produciendo una microestructura resistente y fibrosa.<\/li>\n<\/ul>\n<h3><span style=\"font-size: 12pt;\">Fortalecimiento de soluciones s\u00f3lidas<\/span><\/h3>\n<ul>\n<li>Peque\u00f1as cantidades de titanio y circonio se disuelven en la matriz de molibdeno, mejorando la estabilidad estructural y aumentando la temperatura de recristalizaci\u00f3n.<\/li>\n<\/ul>\n<h3><span style=\"font-size: 12pt;\">Fortalecimiento de la precipitaci\u00f3n mediante endurecimiento por dispersi\u00f3n<\/span><\/h3>\n<ul>\n<li>La reacci\u00f3n entre los elementos sustitutivos (Ti, Zr) y los elementos intersticiales (C) en la matriz de molibdeno forma precipitados de carburo complejo esf\u00e9rico, mejorando la resistencia a altas temperaturas y la resistencia a la fluencia.<\/li>\n<\/ul>\n<h2><span style=\"font-size: 14pt;\">Aplicaciones<\/span><\/h2>\n<p>Las numerosas ventajas de la aleaci\u00f3n TZM la hacen muy vers\u00e1til en diversas industrias:<\/p>\n<h3><span style=\"font-size: 12pt;\">1. Defensa y aeroespacial<\/span><\/h3>\n<p>Sus excelentes propiedades mec\u00e1nicas en condiciones de alta temperatura y alta presi\u00f3n lo hacen ampliamente utilizado en industrias militares, tales como:<\/p>\n<ul>\n<li>Cuerpos de v\u00e1lvulas de distribuci\u00f3n en motores torpedos<\/li>\n<li>Toberas de cohetes y gasoductos<\/li>\n<li>Insertos de garganta en sistemas de propulsi\u00f3n<\/li>\n<\/ul>\n<h3><span style=\"font-size: 12pt;\">2. Industria del vidrio<\/span><\/h3>\n<p>La resistencia a la corrosi\u00f3n de la aleaci\u00f3n TZM contra metales fundidos la hace ideal para su uso en la producci\u00f3n de vidrio de tubo de TV en color, como:<\/p>\n<ul>\n<li>El eje principal de los agitadores revestidos de platino-rodio en hornos de vidrio<\/li>\n<\/ul>\n<h3><span style=\"font-size: 12pt;\">3. Fundici\u00f3n a presi\u00f3n y moldeo<\/span><\/h3>\n<p>Debido a su alto punto de fusi\u00f3n, la aleaci\u00f3n TZM se utiliza para moldes de fundici\u00f3n a presi\u00f3n de metales ferrosos y no ferrosos y tapones de perforaci\u00f3n de acero inoxidable sin costura, tales como:<\/p>\n<ul>\n<li>Moldes de rotor de cobre en la fabricaci\u00f3n de motores<\/li>\n<\/ul>\n<h3><span style=\"font-size: 12pt;\">4. Industria electr\u00f3nica y el\u00e9ctrica<\/span><\/h3>\n<p>Ampliamente aplicado en las industrias electr\u00f3nica y el\u00e9ctrica, que incluyen:<\/p>\n<ul>\n<li>C\u00e1todos y rejillas en tubos de electrones<\/li>\n<li>Componentes rectificadores de alto voltaje<\/li>\n<li>Circuitos integrados de pel\u00edcula delgada para semiconductores<\/li>\n<\/ul>\n<h3><span style=\"font-size: 12pt;\">5. Aplicaciones de la energ\u00eda nuclear<\/span><\/h3>\n<p>Ampliamente utilizado en equipos de energ\u00eda nuclear debido a su alta temperatura y resistencia a la radiaci\u00f3n, que incluye:<\/p>\n<ul>\n<li>Escudos contra la radiaci\u00f3n<\/li>\n<li>Estructuras de soporte<\/li>\n<li>Intercambiadores de calor<\/li>\n<li>Rieles gu\u00eda<\/li>\n<\/ul>\n<h3><span style=\"font-size: 12pt;\">6. Materiales estructurales de alta temperatura<\/span><\/h3>\n<p>La aleaci\u00f3n TZM tambi\u00e9n se usa ampliamente como material de l\u00e1mina para:<\/p>\n<ul>\n<li>Paredes de horno en hornos de alta temperatura<\/li>\n<li>Cribas aislantes en m\u00e1quinas de prensado isost\u00e1tico en caliente<\/li>\n<\/ul>\n<p>Con sus propiedades excepcionales, la aleaci\u00f3n TZM sigue siendo un material cr\u00edtico en industrias que exigen alta resistencia, estabilidad y durabilidad en entornos extremos.<\/p>\n<p>&nbsp;<\/p>\n","protected":false},"excerpt":{"rendered":"<p>La aleaci\u00f3n TZM, tambi\u00e9n conocida como aleaci\u00f3n de molibdeno-circonio-titanio, es un material a base de molibdeno de alto rendimiento. Su composici\u00f3n \u00fanica incluye 0,50% de titanio, 0,08% de circonio y 0,02% de carbono, siendo el resto molibdeno. Esta aleaci\u00f3n exhibe propiedades mec\u00e1nicas superiores a altas temperaturas en comparaci\u00f3n con el molibdeno puro, gracias a su [&hellip;]<\/p>\n","protected":false},"featured_media":1041988,"comment_status":"open","ping_status":"closed","template":"","meta":{"_acf_changed":false},"product_brand":[],"product_cat":[193],"product_tag":[],"class_list":{"0":"post-1042212","1":"product","2":"type-product","3":"status-publish","4":"has-post-thumbnail","6":"product_cat-polvo-de-aleaciones-y-metales-puros","8":"first","9":"instock","10":"shipping-taxable","11":"product-type-variable"},"acf":[],"_links":{"self":[{"href":"https:\/\/vimaterial.de\/es\/wp-json\/wp\/v2\/product\/1042212","targetHints":{"allow":["GET"]}}],"collection":[{"href":"https:\/\/vimaterial.de\/es\/wp-json\/wp\/v2\/product"}],"about":[{"href":"https:\/\/vimaterial.de\/es\/wp-json\/wp\/v2\/types\/product"}],"replies":[{"embeddable":true,"href":"https:\/\/vimaterial.de\/es\/wp-json\/wp\/v2\/comments?post=1042212"}],"wp:featuredmedia":[{"embeddable":true,"href":"https:\/\/vimaterial.de\/es\/wp-json\/wp\/v2\/media\/1041988"}],"wp:attachment":[{"href":"https:\/\/vimaterial.de\/es\/wp-json\/wp\/v2\/media?parent=1042212"}],"wp:term":[{"taxonomy":"product_brand","embeddable":true,"href":"https:\/\/vimaterial.de\/es\/wp-json\/wp\/v2\/product_brand?post=1042212"},{"taxonomy":"product_cat","embeddable":true,"href":"https:\/\/vimaterial.de\/es\/wp-json\/wp\/v2\/product_cat?post=1042212"},{"taxonomy":"product_tag","embeddable":true,"href":"https:\/\/vimaterial.de\/es\/wp-json\/wp\/v2\/product_tag?post=1042212"}],"curies":[{"name":"wp","href":"https:\/\/api.w.org\/{rel}","templated":true}]}}