{"id":1042184,"date":"2025-03-05T14:24:46","date_gmt":"2025-03-05T06:24:46","guid":{"rendered":"https:\/\/vimaterial.de\/?post_type=product&#038;p=1042184"},"modified":"2025-06-26T16:34:02","modified_gmt":"2025-06-26T08:34:02","slug":"oxido-de-zinc-dopado-con-alumina-copy","status":"publish","type":"product","link":"https:\/\/vimaterial.de\/es\/product\/oxido-de-zinc-dopado-con-alumina-copy\/","title":{"rendered":"Aluminio met\u00e1lico"},"content":{"rendered":"<p><span style=\"color: #0000ff;\"><a style=\"color: #0000ff;\" href=\"https:\/\/vimaterial.de\/es\/product\/aluminio-metalico\/\">El objetivo giratorio de aluminio<\/a><\/span> es un tipo de objetivo de pulverizaci\u00f3n cat\u00f3dica utilizado en la industria del recubrimiento al vac\u00edo. Es un producto de aluminio de alta pureza despu\u00e9s de una serie de procesamientos. Tiene un tama\u00f1o y forma espec\u00edficos de material de aluminio de alta pureza. Se instala en una m\u00e1quina de recubrimiento al vac\u00edo y se pulveriza para formar una pel\u00edcula.<\/p>\n<p>El objetivo de tubo de aluminio de VIMATERIAL tiene un contenido de elementos de impureza extremadamente bajo, buena conductividad, buena reflexi\u00f3n de la luz, buena ductilidad y excelente resistencia a la corrosi\u00f3n. <span style=\"color: #0000ff;\"><a style=\"color: #0000ff;\" href=\"https:\/\/vimaterial.de\/es\/contacto\/\">Cont\u00e1ctenos<\/a><\/span>.<\/p>\n<h2><span style=\"font-size: 14pt;\">Clasificaci\u00f3n<\/span><\/h2>\n<p>Los objetivos met\u00e1licos de aluminio se dividen en objetivos planos de aluminio y objetivos de aluminio giratorios:<\/p>\n<p>Los objetivos planos de aluminio tienen forma de l\u00e1minas, como redondas y cuadradas.<\/p>\n<p>Los objetivos giratorios de aluminio son tubulares, con alta eficiencia de utilizaci\u00f3n, pero dif\u00edciles de procesar. Requieren extrusi\u00f3n de aluminio de alta pureza, estiramiento, enderezamiento, tratamiento t\u00e9rmico, mecanizado y otros pasos de procesamiento para finalmente producir objetivos giratorios de aluminio.<\/p>\n<h2><span style=\"font-size: 14pt;\">Caracter\u00edsticas<\/span><\/h2>\n<p>Ligero y resistente<\/p>\n<p>Alta conductividad t\u00e9rmica y el\u00e9ctrica<\/p>\n<p>Excelente reflectividad<\/p>\n<p>Adecuado para pulverizaci\u00f3n cat\u00f3dica de magnetr\u00f3n de radiofrecuencia (RF) y corriente continua (CC)<\/p>\n<h2><span style=\"font-size: 14pt;\">Aplicaciones<\/span><\/h2>\n<p>Deposici\u00f3n de pel\u00edcula delgada para la fabricaci\u00f3n de semiconductores<\/p>\n<p>Capas reflectantes en dispositivos \u00f3pticos<\/p>\n<p>Recubrimientos protectores y decorativos en la industria aeroespacial y automotriz<\/p>\n<p>Capas de barrera en materiales de embalaje<\/p>\n<h2><span style=\"font-size: 14pt;\">Control de calidad<\/span><\/h2>\n<p>VI HALBLEITERMATERIAL GmbH (<span style=\"color: #0000ff;\"><a style=\"color: #0000ff;\" href=\"https:\/\/vimaterial.de\/es\/control-de-calidad\/\">VIMATERIAL<\/a><\/span>) implementa un riguroso sistema de aseguramiento de la calidad, llevando a cabo un estricto control de calidad en toda la cadena de producci\u00f3n, reelaborando los productos defectuosos y liberando cada lote solo despu\u00e9s de pasar pruebas de especificaci\u00f3n detalladas. La empresa se adhiere a los m\u00e1s altos est\u00e1ndares en R&amp;D, producci\u00f3n, env\u00edo y servicio al cliente, investiga desviaciones a trav\u00e9s del 8D cumple con las normas REACH y ASTM, garantiza la consistencia y trazabilidad de los lotes, y se compromete a construir una cadena de suministro socialmente responsable para proteger la salud humana y el medio ambiente.<\/p>\n<h2><span style=\"font-size: 14pt;\">Embalaje y almacenamiento<\/span><\/h2>\n<p>El objetivo giratorio de aluminio se empaqueta al vac\u00edo y se env\u00eda en cajas de madera personalizadas profesionalmente.<\/p>\n<p>El objetivo giratorio de aluminio debe almacenarse en un ambiente seco y limpio, temperatura a 15-30 \u00b0C, humedad relativa \u2264 60%, evitar el contacto directo con agua, \u00e1cido, \u00e1lcali y otras sustancias corrosivas, al tiempo que garantiza el envasado al vac\u00edo, y el apilamiento debe mantenerse estable para evitar la extrusi\u00f3n y la deformaci\u00f3n, para garantizar que las propiedades f\u00edsicas del objetivo y la calidad del recubrimiento no se vean afectadas.<\/p>\n","protected":false},"excerpt":{"rendered":"<p><span style=\"color: #0000ff;\"><a style=\"color: #0000ff;\" href=\"https:\/\/vimaterial.de\/es\/product\/aluminio-metalico\/\">El objetivo giratorio de aluminio<\/a><\/span> es un tipo de objetivo de pulverizaci\u00f3n cat\u00f3dica utilizado en la industria del recubrimiento al vac\u00edo. Es un producto de aluminio de alta pureza despu\u00e9s de una serie de procesamientos. Tiene un tama\u00f1o y forma espec\u00edficos de material de aluminio de alta pureza. Se instala en una m\u00e1quina de recubrimiento al vac\u00edo y se pulveriza para formar una pel\u00edcula.<\/p>\n<p>El objetivo de tubo de aluminio de VIMATERIAL tiene un contenido de elementos de impureza extremadamente bajo, buena conductividad, buena reflexi\u00f3n de la luz, buena ductilidad y excelente resistencia a la corrosi\u00f3n. <span style=\"color: #0000ff;\"><a style=\"color: #0000ff;\" href=\"https:\/\/vimaterial.de\/es\/contacto\/\">Cont\u00e1ctenos<\/a><\/span>.<\/p>\n","protected":false},"featured_media":1042153,"comment_status":"open","ping_status":"closed","template":"","meta":{"_acf_changed":false},"product_brand":[],"product_cat":[190],"product_tag":[],"class_list":{"0":"post-1042184","1":"product","2":"type-product","3":"status-publish","4":"has-post-thumbnail","6":"product_cat-capsulas-para-sputtering-rotativo","8":"first","9":"instock","10":"shipping-taxable","11":"product-type-variable"},"acf":[],"_links":{"self":[{"href":"https:\/\/vimaterial.de\/es\/wp-json\/wp\/v2\/product\/1042184","targetHints":{"allow":["GET"]}}],"collection":[{"href":"https:\/\/vimaterial.de\/es\/wp-json\/wp\/v2\/product"}],"about":[{"href":"https:\/\/vimaterial.de\/es\/wp-json\/wp\/v2\/types\/product"}],"replies":[{"embeddable":true,"href":"https:\/\/vimaterial.de\/es\/wp-json\/wp\/v2\/comments?post=1042184"}],"wp:featuredmedia":[{"embeddable":true,"href":"https:\/\/vimaterial.de\/es\/wp-json\/wp\/v2\/media\/1042153"}],"wp:attachment":[{"href":"https:\/\/vimaterial.de\/es\/wp-json\/wp\/v2\/media?parent=1042184"}],"wp:term":[{"taxonomy":"product_brand","embeddable":true,"href":"https:\/\/vimaterial.de\/es\/wp-json\/wp\/v2\/product_brand?post=1042184"},{"taxonomy":"product_cat","embeddable":true,"href":"https:\/\/vimaterial.de\/es\/wp-json\/wp\/v2\/product_cat?post=1042184"},{"taxonomy":"product_tag","embeddable":true,"href":"https:\/\/vimaterial.de\/es\/wp-json\/wp\/v2\/product_tag?post=1042184"}],"curies":[{"name":"wp","href":"https:\/\/api.w.org\/{rel}","templated":true}]}}