{"id":1041827,"date":"2025-02-28T14:46:56","date_gmt":"2025-02-28T06:46:56","guid":{"rendered":"https:\/\/vimaterial.de\/product\/arsenico-metalico-2\/"},"modified":"2025-03-10T14:37:12","modified_gmt":"2025-03-10T06:37:12","slug":"arsenico-metalico-2","status":"publish","type":"product","link":"https:\/\/vimaterial.de\/es\/product\/arsenico-metalico-2\/","title":{"rendered":"Ars\u00e9nico met\u00e1lico"},"content":{"rendered":"<p>Los gr\u00e1nulos de <span style=\"color: #0000ff;\"><a style=\"color: #0000ff;\" href=\"https:\/\/vimaterial.de\/es\/product\/arsenico-metalico\/\">ars\u00e9nico meta<\/a><\/span>l son un tipo de brillo met\u00e1lico, material granular gris-negro, la f\u00f3rmula qu\u00edmica es As, que tiene un cierto grado de estabilidad qu\u00edmica y propiedades f\u00edsicas especiales, en la electr\u00f3nica, las aleaciones y otros campos tienen aplicaciones.<\/p>\n<p>VIMATERIAL proporciona gr\u00e1nulos met\u00e1licos de ars\u00e9nico en varias especificaciones y admite el servicio de uni\u00f3n de objetivos. Aceptamos la personalizaci\u00f3n de los productos, <span style=\"color: #0000ff;\"><a style=\"color: #0000ff;\" href=\"https:\/\/vimaterial.de\/es\/contacto\/\">cont\u00e1ctenos.<\/a><\/span><\/p>\n<h2><span style=\"font-size: 14pt;\">Propiedades<\/span><\/h2>\n<p>F\u00f3rmula molecular: Como<\/p>\n<p>Peso molecular: 74.92<\/p>\n<p>Aspecto: generalmente part\u00edculas de color gris plateado con brillo met\u00e1lico, duras y quebradizas<\/p>\n<p>Densidad: 5.727g\/mL a 25\u00b0C<\/p>\n<p>Punto de fusi\u00f3n: 817\u00b0C<\/p>\n<p>Punto de ebullici\u00f3n: 613\u00b0C<\/p>\n<p>Estructura cristalina: El ars\u00e9nico gris es un sistema cristalino hexagonal.<\/p>\n<h2><span style=\"font-size: 14pt;\">Aplicaciones<\/span><\/h2>\n<p>Campo electr\u00f3nico: En la industria electr\u00f3nica, las part\u00edculas met\u00e1licas de ars\u00e9nico se pueden utilizar para fabricar algunos componentes electr\u00f3nicos especiales, como dispositivos semiconductores. Debido a sus propiedades el\u00e9ctricas espec\u00edficas, puede desempe\u00f1ar un papel importante en equipos electr\u00f3nicos, como en algunos circuitos integrados como dopante para mejorar las propiedades el\u00e9ctricas de los semiconductores, mejorar el rendimiento y la confiabilidad de los dispositivos electr\u00f3nicos.<\/p>\n<p>Campo de aleaci\u00f3n: Como el metal puede formar aleaciones con cobre, plomo y otros metales, estas aleaciones tienen propiedades \u00fanicas, como mejorar la resistencia al desgaste y la resistencia a la corrosi\u00f3n de los metales. En algunos campos de fabricaci\u00f3n de maquinaria, aeroespacial y otros, estas aleaciones de metal con ars\u00e9nico se utilizan ampliamente en la fabricaci\u00f3n de componentes clave para cumplir con los requisitos de alta resistencia y alta confiabilidad.<\/p>\n<p>Otros campos: Adem\u00e1s de los campos de aplicaci\u00f3n principales anteriores, las part\u00edculas met\u00e1licas de ars\u00e9nico tambi\u00e9n tienen un valor de aplicaci\u00f3n potencial en algunos otros campos, como en la investigaci\u00f3n de la ciencia de los materiales como material b\u00e1sico para explorar la s\u00edntesis de nuevos materiales y la investigaci\u00f3n del rendimiento; En el campo de la medicina, aunque el ars\u00e9nico met\u00e1lico en s\u00ed mismo tiene toxicidad, pero despu\u00e9s de un tratamiento especial y un estricto control de la dosis, sus compuestos en el tratamiento de ciertas enfermedades tambi\u00e9n tienen cierta investigaci\u00f3n y aplicaci\u00f3n.<\/p>\n<h2><span style=\"font-size: 14pt;\">Control de calidad<\/span><\/h2>\n<p><span style=\"color: #0000ff;\"><a style=\"color: #0000ff;\" href=\"https:\/\/vimaterial.de\/es\/control-de-calidad\/\">Cada lote<\/a><\/span> de productos protege estrictamente la calidad, desde la selecci\u00f3n de proveedores de materias primas, hasta el uso de equipos de prueba avanzados para monitorear con precisi\u00f3n todo el proceso de producci\u00f3n, hasta el producto terminado a trav\u00e9s de muchas rondas de muestreo severo y certificaci\u00f3n autorizada de terceros, hasta un sistema de control de calidad integral de tolerancia cero para garantizar que cada lote de productos cumpla y supere los altos est\u00e1ndares de la industria, para proporcionar a nuestros clientes la mejor calidad y los productos m\u00e1s estables.<\/p>\n<h2><span style=\"font-size: 14pt;\">Embalaje y almacenamiento<\/span><\/h2>\n<p>Los gr\u00e1nulos met\u00e1licos de ars\u00e9nico se empaquetan en una bolsa de vac\u00edo o en una botella de vac\u00edo en cart\u00f3n para garantizar un transporte seguro.<\/p>\n<p>Las part\u00edculas met\u00e1licas de ars\u00e9nico deben almacenarse en almacenes frescos, secos y bien ventilados dedicados a productos qu\u00edmicos altamente t\u00f3xicos, especialmente sustancias oxidantes, \u00e1cidos, etc., por separado, los contenedores de almacenamiento deben sellarse herm\u00e9ticamente y los almacenes deben estar equipados con instalaciones perfectas antifugas, prevenci\u00f3n de incendios, a prueba de explosiones y equipos de manejo de emergencia.<\/p>\n","protected":false},"excerpt":{"rendered":"<p>Los gr\u00e1nulos de <span style=\"color: #0000ff;\"><a style=\"color: #0000ff;\" href=\"https:\/\/vimaterial.de\/es\/product\/arsenico-metalico\/\">ars\u00e9nico meta<\/a><\/span>l son un tipo de brillo met\u00e1lico, material granular gris-negro, la f\u00f3rmula qu\u00edmica es As, que tiene un cierto grado de estabilidad qu\u00edmica y propiedades f\u00edsicas especiales, en la electr\u00f3nica, las aleaciones y otros campos tienen aplicaciones.<\/p>\n<p>VIMATERIAL proporciona gr\u00e1nulos met\u00e1licos de ars\u00e9nico en varias especificaciones y admite el servicio de uni\u00f3n de objetivos. Aceptamos la personalizaci\u00f3n de los productos, <span style=\"color: #0000ff;\"><a style=\"color: #0000ff;\" href=\"https:\/\/vimaterial.de\/es\/contacto\/\">cont\u00e1ctenos.<\/a><\/span><\/p>\n<p>&nbsp;<\/p>\n","protected":false},"featured_media":1041792,"comment_status":"open","ping_status":"closed","template":"","meta":{"_acf_changed":false},"product_brand":[],"product_cat":[179],"product_tag":[],"class_list":{"0":"post-1041827","1":"product","2":"type-product","3":"status-publish","4":"has-post-thumbnail","6":"product_cat-materiales-de-evaporacion","8":"first","9":"instock","10":"shipping-taxable","11":"purchasable","12":"product-type-variable"},"acf":[],"_links":{"self":[{"href":"https:\/\/vimaterial.de\/es\/wp-json\/wp\/v2\/product\/1041827","targetHints":{"allow":["GET"]}}],"collection":[{"href":"https:\/\/vimaterial.de\/es\/wp-json\/wp\/v2\/product"}],"about":[{"href":"https:\/\/vimaterial.de\/es\/wp-json\/wp\/v2\/types\/product"}],"replies":[{"embeddable":true,"href":"https:\/\/vimaterial.de\/es\/wp-json\/wp\/v2\/comments?post=1041827"}],"wp:featuredmedia":[{"embeddable":true,"href":"https:\/\/vimaterial.de\/es\/wp-json\/wp\/v2\/media\/1041792"}],"wp:attachment":[{"href":"https:\/\/vimaterial.de\/es\/wp-json\/wp\/v2\/media?parent=1041827"}],"wp:term":[{"taxonomy":"product_brand","embeddable":true,"href":"https:\/\/vimaterial.de\/es\/wp-json\/wp\/v2\/product_brand?post=1041827"},{"taxonomy":"product_cat","embeddable":true,"href":"https:\/\/vimaterial.de\/es\/wp-json\/wp\/v2\/product_cat?post=1041827"},{"taxonomy":"product_tag","embeddable":true,"href":"https:\/\/vimaterial.de\/es\/wp-json\/wp\/v2\/product_tag?post=1041827"}],"curies":[{"name":"wp","href":"https:\/\/api.w.org\/{rel}","templated":true}]}}