{"id":1041815,"date":"2025-02-28T14:46:57","date_gmt":"2025-02-28T06:46:57","guid":{"rendered":"https:\/\/vimaterial.de\/product\/arsenico-metalico\/"},"modified":"2025-03-10T14:21:13","modified_gmt":"2025-03-10T06:21:13","slug":"arsenico-metalico","status":"publish","type":"product","link":"https:\/\/vimaterial.de\/es\/product\/arsenico-metalico\/","title":{"rendered":"Ars\u00e9nico met\u00e1lico"},"content":{"rendered":"<p><span style=\"color: #0000ff;\"><a style=\"color: #0000ff;\" href=\"https:\/\/vimaterial.de\/es\/product\/arsenico-metalico-2\/\">El polvo met\u00e1lico de ars\u00e9nico<\/a> <\/span>es un polvo gris con brillo met\u00e1lico, que se puede oxidar lentamente a temperatura ambiente y puede reaccionar con muchos metales y no metales, y se usa com\u00fanmente en los campos de fabricaci\u00f3n de aleaciones, materiales semiconductores y pesticidas.<\/p>\n<p>VIMATERIAL proporciona polvo de ars\u00e9nico en varias especificaciones y admite el servicio de uni\u00f3n de objetivos. Aceptamos la personalizaci\u00f3n de los productos, <span style=\"color: #0000ff;\"><a style=\"color: #0000ff;\" href=\"https:\/\/vimaterial.de\/es\/contacto\/\">cont\u00e1ctenos<\/a><\/span>.<\/p>\n<h2><span style=\"font-size: 14pt;\">Propiedades<\/span><\/h2>\n<p>F\u00f3rmula molecular: Como<\/p>\n<p>Peso molecular: 74.92<\/p>\n<p>Aspecto: Polvo gris acero, tambi\u00e9n negro a gris plateado<\/p>\n<p>Densidad: 5.727g\/mL a 25\u00b0C<\/p>\n<p>Punto de fusi\u00f3n: 817\u00b0C<\/p>\n<p>Punto de ebullici\u00f3n: 613\u00b0C<\/p>\n<p>Estructura cristalina: estructura cristalina r\u00f3mbica<\/p>\n<h2><span style=\"font-size: 14pt;\">Aplicaci\u00f3n<\/span><\/h2>\n<p>Industria metal\u00fargica: Como polvo se puede utilizar como aditivo en la fabricaci\u00f3n de aleaciones con propiedades especiales, como mejorar la resistencia y dureza de la aleaci\u00f3n de cobre y mejorar su resistencia a la corrosi\u00f3n.<\/p>\n<p>Campo de semiconductores: Como el polvo es una materia prima importante para la fabricaci\u00f3n de compuestos semiconductores como el arseniuro de galio, que se utiliza en la producci\u00f3n de dispositivos electr\u00f3nicos de alta velocidad y alta frecuencia y dispositivos optoelectr\u00f3nicos.<\/p>\n<p>Producci\u00f3n de plaguicidas: una vez utilizado para preparar algunos plaguicidas que contienen ars\u00e9nico, se utiliza para prevenir y controlar plagas y enfermedades de los cultivos, pero debido a problemas de toxicidad, el uso de los mismos se limit\u00f3 gradualmente.<\/p>\n<p>Campo farmac\u00e9utico: hubo una cierta aplicaci\u00f3n en la medicina tradicional, la investigaci\u00f3n m\u00e9dica moderna tambi\u00e9n est\u00e1 explorando su papel potencial en el tratamiento de ciertos c\u00e1nceres, como el tri\u00f3xido de ars\u00e9nico utilizado en el tratamiento de la leucemia promieloc\u00edtica aguda.<\/p>\n<h2><span style=\"font-size: 14pt;\">Control de calidad<\/span><\/h2>\n<p><span style=\"color: #0000ff;\"><a style=\"color: #0000ff;\" href=\"https:\/\/vimaterial.de\/es\/control-de-calidad\/\">Cada lote<\/a> <\/span>de productos protege estrictamente la calidad, desde la selecci\u00f3n de proveedores de materias primas, hasta el uso de equipos de prueba avanzados para monitorear con precisi\u00f3n todo el proceso de producci\u00f3n, hasta el producto terminado a trav\u00e9s de muchas rondas de muestreo severo y certificaci\u00f3n autorizada de terceros, hasta un sistema de control de calidad integral de tolerancia cero para garantizar que cada lote de productos cumpla y supere los altos est\u00e1ndares de la industria, para proporcionar a nuestros clientes la mejor calidad y los productos m\u00e1s estables.<\/p>\n<h2><span style=\"font-size: 14pt;\">Embalaje y almacenamiento<\/span><\/h2>\n<p>El polvo met\u00e1lico de ars\u00e9nico se empaqueta en una bolsa de vac\u00edo o una botella de vac\u00edo en una caja de cart\u00f3n para garantizar un transporte seguro.<\/p>\n<p>El polvo met\u00e1lico de ars\u00e9nico debe almacenarse en un almac\u00e9n especial fresco y bien ventilado, y debe almacenarse separado de agentes oxidantes, \u00e1cidos, hal\u00f3genos, productos qu\u00edmicos comestibles, etc., lejos de fuentes de fuego y calor, el almac\u00e9n debe estar equipado con las variedades y el n\u00famero adecuados de equipos de extinci\u00f3n de incendios y equipos de respuesta a emergencias de fugas, y los contenedores de almacenamiento deben estar sellados para evitar fugas de sustancias peligrosas como el envenenamiento y la contaminaci\u00f3n ambiental.<\/p>\n","protected":false},"excerpt":{"rendered":"<p><span style=\"color: #0000ff;\"><a style=\"color: #0000ff;\" href=\"https:\/\/vimaterial.de\/es\/product\/arsenico-metalico-2\/\">El polvo met\u00e1lico de ars\u00e9nico<\/a> <\/span>es un polvo gris con brillo met\u00e1lico, que se puede oxidar lentamente a temperatura ambiente y puede reaccionar con muchos metales y no metales, y se usa com\u00fanmente en los campos de fabricaci\u00f3n de aleaciones, materiales semiconductores y pesticidas.<\/p>\n<p>VIMATERIAL proporciona polvo de ars\u00e9nico en varias especificaciones y admite el servicio de uni\u00f3n de objetivos. Aceptamos la personalizaci\u00f3n de los productos, <span style=\"color: #0000ff;\"><a style=\"color: #0000ff;\" href=\"https:\/\/vimaterial.de\/es\/contacto\/\">cont\u00e1ctenos<\/a><\/span>.<\/p>\n","protected":false},"featured_media":1041800,"comment_status":"open","ping_status":"closed","template":"","meta":{"_acf_changed":false},"product_brand":[],"product_cat":[193],"product_tag":[],"class_list":{"0":"post-1041815","1":"product","2":"type-product","3":"status-publish","4":"has-post-thumbnail","6":"product_cat-polvo-de-aleaciones-y-metales-puros","8":"first","9":"instock","10":"shipping-taxable","11":"purchasable","12":"product-type-variable"},"acf":[],"_links":{"self":[{"href":"https:\/\/vimaterial.de\/es\/wp-json\/wp\/v2\/product\/1041815","targetHints":{"allow":["GET"]}}],"collection":[{"href":"https:\/\/vimaterial.de\/es\/wp-json\/wp\/v2\/product"}],"about":[{"href":"https:\/\/vimaterial.de\/es\/wp-json\/wp\/v2\/types\/product"}],"replies":[{"embeddable":true,"href":"https:\/\/vimaterial.de\/es\/wp-json\/wp\/v2\/comments?post=1041815"}],"wp:featuredmedia":[{"embeddable":true,"href":"https:\/\/vimaterial.de\/es\/wp-json\/wp\/v2\/media\/1041800"}],"wp:attachment":[{"href":"https:\/\/vimaterial.de\/es\/wp-json\/wp\/v2\/media?parent=1041815"}],"wp:term":[{"taxonomy":"product_brand","embeddable":true,"href":"https:\/\/vimaterial.de\/es\/wp-json\/wp\/v2\/product_brand?post=1041815"},{"taxonomy":"product_cat","embeddable":true,"href":"https:\/\/vimaterial.de\/es\/wp-json\/wp\/v2\/product_cat?post=1041815"},{"taxonomy":"product_tag","embeddable":true,"href":"https:\/\/vimaterial.de\/es\/wp-json\/wp\/v2\/product_tag?post=1041815"}],"curies":[{"name":"wp","href":"https:\/\/api.w.org\/{rel}","templated":true}]}}