{"id":1041364,"date":"2025-01-20T11:01:33","date_gmt":"2025-01-20T03:01:33","guid":{"rendered":"https:\/\/vimaterial.de\/?post_type=product&#038;p=1041364"},"modified":"2025-01-23T15:45:22","modified_gmt":"2025-01-23T07:45:22","slug":"aleacion-de-cromo-cobalto","status":"publish","type":"product","link":"https:\/\/vimaterial.de\/es\/product\/aleacion-de-cromo-cobalto\/","title":{"rendered":"Aleaci\u00f3n de cromo cobalto"},"content":{"rendered":"<p>El polvo de <span style=\"color: #0000ff;\"><a style=\"color: #0000ff;\" href=\"https:\/\/vimaterial.de\/en\/search\/?type=name&amp;keyword=Cobalt+Chromium+Oxide\">aleaci\u00f3n de cromo y cobalto<\/a><\/span> es un material met\u00e1lico en polvo con excelentes propiedades, como alta resistencia y resistencia a la corrosi\u00f3n, y se usa a menudo en la fabricaci\u00f3n y el procesamiento industrial. Sin embargo, la exposici\u00f3n a largo plazo puede causar da\u00f1o al cuerpo humano. VIMATERIAL proporciona polvo de aleaci\u00f3n de cromo y cobalto con una alta pureza del 99,9% y 99,95%. Cualquier requerimiento, <span style=\"color: #0000ff;\"><a style=\"color: #0000ff;\" href=\"https:\/\/vimaterial.de\/en\/contact-us\/\">Cont\u00e1ctenos<\/a><\/span>.<\/p>\n<h2><span style=\"font-size: 14pt;\">Propiedades f\u00edsicas<\/span><\/h2>\n<p>F\u00f3rmula molecular: CoCr<\/p>\n<p>Peso molecular: alrededor de 55.5<\/p>\n<p>Apariencia: polvo gris<\/p>\n<p>Densidad: alrededor de 8 &#8211; 9 g \/ cm\u00b3.<\/p>\n<p>Punto de fusi\u00f3n: alrededor de 1300 &#8211; 1500 \u00b0C<\/p>\n<p>Estructura cristalina: estructura cristalina c\u00fabica centrada en la cara (FCC), los \u00e1tomos est\u00e1n dispuestos estrechamente, la aleaci\u00f3n hace que los \u00e1tomos formen enlaces met\u00e1licos cercanos.<\/p>\n<h2><span style=\"font-size: 14pt;\">Aplicaciones<\/span><\/h2>\n<p>Fabricaci\u00f3n de precisi\u00f3n: La aleaci\u00f3n de cromo cobalto tiene una excelente resistencia a altas temperaturas, resistencia a la corrosi\u00f3n y alta resistencia, lo que la convierte en una opci\u00f3n ideal para dispositivos m\u00e9dicos, aeroespacial, electr\u00f3nica y maquinaria de precisi\u00f3n.<\/p>\n<p>Aplicaciones m\u00e9dicas: En el campo de la medicina, el polvo de aleaci\u00f3n de cromo cobalto se usa a menudo en pr\u00f3tesis, restauraciones dentales, articulaciones artificiales y otros equipos. Debido a su buena biocompatibilidad y resistencia a la corrosi\u00f3n, la aleaci\u00f3n de cobalto-cromo es ampliamente utilizada en equipos que necesitan entrar en contacto con el cuerpo humano.<\/p>\n<p>Impresi\u00f3n 3D: El polvo de aleaci\u00f3n de cromo y cobalto tambi\u00e9n tiene aplicaciones importantes en la impresi\u00f3n 3D de metal, especialmente cuando se fabrican piezas de estructura compleja y de alta resistencia. Es ampliamente utilizado en la creaci\u00f3n r\u00e1pida de prototipos y la fabricaci\u00f3n de piezas personalizadas.<\/p>\n<p>Aeroespacial: Los polvos de aleaci\u00f3n de cromo y cobalto tienen una resistencia al calor extremadamente alta y pueden soportar temperaturas de funcionamiento extremadamente altas, por lo que a menudo se utilizan para fabricar piezas aeroespaciales como \u00e1labes de turbinas y otros componentes clave.<\/p>\n<h2><span style=\"font-size: 14pt;\">Control de calidad<\/span><\/h2>\n<p><span style=\"color: #0000ff;\"><a style=\"color: #0000ff;\" href=\"https:\/\/vimaterial.de\/en\/quality-control\/\">El control de calidad<\/a> <\/span>de nuestros productos es muy estricto, desde la selecci\u00f3n de materias primas estables y de alta pureza, hasta el uso de equipos de precisi\u00f3n avanzados y tecnolog\u00eda rigurosa en todo el control preciso del proceso de producci\u00f3n, hasta el uso de m\u00e9todos de prueba profesionales sobre las propiedades f\u00edsicas, qu\u00edmicas, microestructurales y otras propiedades del producto de la gama completa de pruebas en profundidad, Cada enlace sigue estrictamente los altos est\u00e1ndares internacionales, para garantizar que cada lote de materiales se entregue con excelente calidad y estabilidad, para brindar a los clientes una garant\u00eda de calidad s\u00f3lida y confiable.<\/p>\n<p>Nos comprometemos a garantizar que cada lote de materiales entregados tenga una excelente calidad y estabilidad, brindando a los clientes una garant\u00eda de calidad s\u00f3lida y confiable.<\/p>\n<h2><span style=\"font-size: 14pt;\">Embalaje y almacenamiento<\/span><\/h2>\n<p>1Kg\/bolsa, envasada al vac\u00edo; Tambi\u00e9n se puede embalar de acuerdo con los requisitos del cliente.<\/p>\n<p>El polvo de aleaci\u00f3n de cromo y cobalto debe almacenarse en un sello al vac\u00edo para evitar que el polvo entre en contacto con el ox\u00edgeno y reducir la reacci\u00f3n de oxidaci\u00f3n.<\/p>\n","protected":false},"excerpt":{"rendered":"<p>El objetivo de pulverizaci\u00f3n cat\u00f3dica de <span style=\"color: #0000ff;\"><a style=\"color: #0000ff;\" href=\"https:\/\/vimaterial.de\/en\/search\/?type=name&amp;keyword=Cobalt+Chromium+Oxide\">aleaci\u00f3n de cromo y cobalto<\/a><\/span> es un tipo de material de aleaci\u00f3n compuesto principalmente de cobalto y cromo, con alta dureza, buena resistencia a la corrosi\u00f3n y resistencia a la oxidaci\u00f3n, adecuado para la deposici\u00f3n f\u00edsica de vapor, se puede depositar en el sustrato con un excelente rendimiento de la pel\u00edcula delgada, que es ampliamente utilizada en el campo de la electr\u00f3nica, m\u00e9dica, maquinaria, etc.<\/p>\n","protected":false},"featured_media":1041375,"comment_status":"open","ping_status":"closed","template":"","meta":{"_acf_changed":false},"product_brand":[],"product_cat":[193],"product_tag":[],"class_list":{"0":"post-1041364","1":"product","2":"type-product","3":"status-publish","4":"has-post-thumbnail","6":"product_cat-polvo-de-aleaciones-y-metales-puros","8":"first","9":"instock","10":"shipping-taxable","11":"product-type-variable"},"acf":[],"_links":{"self":[{"href":"https:\/\/vimaterial.de\/es\/wp-json\/wp\/v2\/product\/1041364","targetHints":{"allow":["GET"]}}],"collection":[{"href":"https:\/\/vimaterial.de\/es\/wp-json\/wp\/v2\/product"}],"about":[{"href":"https:\/\/vimaterial.de\/es\/wp-json\/wp\/v2\/types\/product"}],"replies":[{"embeddable":true,"href":"https:\/\/vimaterial.de\/es\/wp-json\/wp\/v2\/comments?post=1041364"}],"wp:featuredmedia":[{"embeddable":true,"href":"https:\/\/vimaterial.de\/es\/wp-json\/wp\/v2\/media\/1041375"}],"wp:attachment":[{"href":"https:\/\/vimaterial.de\/es\/wp-json\/wp\/v2\/media?parent=1041364"}],"wp:term":[{"taxonomy":"product_brand","embeddable":true,"href":"https:\/\/vimaterial.de\/es\/wp-json\/wp\/v2\/product_brand?post=1041364"},{"taxonomy":"product_cat","embeddable":true,"href":"https:\/\/vimaterial.de\/es\/wp-json\/wp\/v2\/product_cat?post=1041364"},{"taxonomy":"product_tag","embeddable":true,"href":"https:\/\/vimaterial.de\/es\/wp-json\/wp\/v2\/product_tag?post=1041364"}],"curies":[{"name":"wp","href":"https:\/\/api.w.org\/{rel}","templated":true}]}}