{"id":1041273,"date":"2025-01-15T15:28:10","date_gmt":"2025-01-15T07:28:10","guid":{"rendered":"https:\/\/vimaterial.de\/?post_type=product&#038;p=1041273"},"modified":"2025-01-23T15:50:07","modified_gmt":"2025-01-23T07:50:07","slug":"circonato-de-lantano-y-litio-llzo","status":"publish","type":"product","link":"https:\/\/vimaterial.de\/es\/product\/circonato-de-lantano-y-litio-llzo\/","title":{"rendered":"Circonato de lantano y litio (LLZO)"},"content":{"rendered":"<p>El circonato de litio y lantano es un material electrol\u00edtico s\u00f3lido con una excelente conductividad i\u00f3nica de hasta 1,5&#215;10-4S\/cm, que puede utilizarse en la preparaci\u00f3n de bater\u00edas de litio de estado s\u00f3lido.<\/p>\n<h2><span style=\"font-size: 14pt;\">Propiedades del circonato de lantano y litio<\/span><\/h2>\n<p>El componente principal del polvo LLZO es Li7La3Zr2O12, que tiene una alta conductividad i\u00f3nica, es estable al litio met\u00e1lico y tiene condiciones de preparaci\u00f3n amigables. Estas caracter\u00edsticas lo convierten en un material electrol\u00edtico clave para las bater\u00edas de metal de litio de estado s\u00f3lido, que se espera que resuelva los peligros de seguridad de fuga t\u00e9rmica de las bater\u00edas de iones de litio l\u00edquido y mejore la densidad de energ\u00eda.<\/p>\n<h2><span style=\"font-size: 14pt;\">\u00bfCu\u00e1l es la aplicaci\u00f3n de LLZO?<\/span><\/h2>\n<p>El polvo LLZO se utiliza principalmente como electrolito para bater\u00edas de estado s\u00f3lido, especialmente en bater\u00edas de metal de litio de estado s\u00f3lido. Su alta conductividad i\u00f3nica y buena estabilidad qu\u00edmica lo convierten en un punto caliente en la investigaci\u00f3n de bater\u00edas de estado s\u00f3lido, lo que ayuda a mejorar la seguridad y la densidad de energ\u00eda de las bater\u00edas.<\/p>\n<h2><span style=\"font-size: 14pt;\">Control de calidad<\/span><\/h2>\n<p>Nuestros productos implementan el sistema de gesti\u00f3n de calidad m\u00e1s estricto. Existen estrictos est\u00e1ndares de inspecci\u00f3n para los materiales entrantes, los procesos, las inspecciones finales y las inspecciones de f\u00e1brica. Se adoptar\u00e1n estrictas medidas de aislamiento para el procesamiento no calificado para evitar que los productos no calificados fluyan hacia el siguiente proceso. Las muestras se proporcionar\u00e1n a los clientes de acuerdo con los requisitos del cliente para la reinspecci\u00f3n.<\/p>\n<h2><span style=\"font-size: 14pt;\">Embalaje y almacenamiento<\/span><\/h2>\n<p>Envasado al vac\u00edo, la cantidad de empaque se puede proporcionar de acuerdo con los requisitos del cliente y empaquetarse por separado. Este producto debe sellarse y almacenarse en un ambiente seco y fresco. No debe exponerse al aire durante mucho tiempo para evitar que la humedad se aglomere, lo que afectar\u00e1 el rendimiento de la dispersi\u00f3n y el efecto de uso. Adem\u00e1s, debe evitar la fuerte presi\u00f3n y el contacto con oxidantes. Debe transportarse como mercanc\u00eda ordinaria.<\/p>\n<p>&nbsp;<\/p>\n","protected":false},"excerpt":{"rendered":"<p>El circonato de litio y lantano es un material electrol\u00edtico s\u00f3lido con una excelente conductividad i\u00f3nica de hasta 1,5&#215;10-4S\/cm, que puede utilizarse en la preparaci\u00f3n de bater\u00edas de litio de estado s\u00f3lido. Propiedades del circonato de lantano y litio El componente principal del polvo LLZO es Li7La3Zr2O12, que tiene una alta conductividad i\u00f3nica, es estable [&hellip;]<\/p>\n","protected":false},"featured_media":1041283,"comment_status":"open","ping_status":"closed","template":"","meta":{"_acf_changed":false},"product_brand":[],"product_cat":[182],"product_tag":[],"class_list":{"0":"post-1041273","1":"product","2":"type-product","3":"status-publish","4":"has-post-thumbnail","6":"product_cat-materiales-halogenados","8":"first","9":"instock","10":"shipping-taxable","11":"product-type-variable"},"acf":[],"_links":{"self":[{"href":"https:\/\/vimaterial.de\/es\/wp-json\/wp\/v2\/product\/1041273","targetHints":{"allow":["GET"]}}],"collection":[{"href":"https:\/\/vimaterial.de\/es\/wp-json\/wp\/v2\/product"}],"about":[{"href":"https:\/\/vimaterial.de\/es\/wp-json\/wp\/v2\/types\/product"}],"replies":[{"embeddable":true,"href":"https:\/\/vimaterial.de\/es\/wp-json\/wp\/v2\/comments?post=1041273"}],"wp:featuredmedia":[{"embeddable":true,"href":"https:\/\/vimaterial.de\/es\/wp-json\/wp\/v2\/media\/1041283"}],"wp:attachment":[{"href":"https:\/\/vimaterial.de\/es\/wp-json\/wp\/v2\/media?parent=1041273"}],"wp:term":[{"taxonomy":"product_brand","embeddable":true,"href":"https:\/\/vimaterial.de\/es\/wp-json\/wp\/v2\/product_brand?post=1041273"},{"taxonomy":"product_cat","embeddable":true,"href":"https:\/\/vimaterial.de\/es\/wp-json\/wp\/v2\/product_cat?post=1041273"},{"taxonomy":"product_tag","embeddable":true,"href":"https:\/\/vimaterial.de\/es\/wp-json\/wp\/v2\/product_tag?post=1041273"}],"curies":[{"name":"wp","href":"https:\/\/api.w.org\/{rel}","templated":true}]}}