{"id":1041171,"date":"2025-01-09T11:10:24","date_gmt":"2025-01-09T03:10:24","guid":{"rendered":"https:\/\/vimaterial.de\/?post_type=product&#038;p=1041171"},"modified":"2025-01-23T16:08:09","modified_gmt":"2025-01-23T08:08:09","slug":"carburo-de-aluminio-y-niobio","status":"publish","type":"product","link":"https:\/\/vimaterial.de\/es\/product\/carburo-de-aluminio-y-niobio\/","title":{"rendered":"Carburo de aluminio y niobio"},"content":{"rendered":"<p>El carburo de aluminio y niobio (Nb2AlC) es un material cer\u00e1mico de fase MAX compuesto de niobio (Nb), aluminio (Al) y carbono (C). Los materiales de fase MAX son un tipo de material cer\u00e1mico con estructura y propiedades especiales. Tienen las caracter\u00edsticas de los elementos met\u00e1licos, el carbono y el nitr\u00f3geno y se utilizan a menudo en materiales estructurales de alta temperatura y materiales compuestos cer\u00e1micos.<\/p>\n<h2><span style=\"font-size: 14pt;\">Propiedades del carburo de aluminio y niobio<\/span><\/h2>\n<p>1. Estabilidad a alta temperatura: el carburo de aluminio y niobio tiene una buena estabilidad a alta temperatura y puede mantener la estabilidad estructural y el rendimiento en un entorno de alta temperatura.<\/p>\n<p>2. Propiedades mec\u00e1nicas: Tiene propiedades mec\u00e1nicas, que incluyen alta resistencia, dureza y resistencia al desgaste, y es adecuado para la preparaci\u00f3n de materiales estructurales de alto rendimiento.<\/p>\n<p>3. Conductividad t\u00e9rmica: Debido a su estructura especial, Nb2AlC tiene buena conductividad t\u00e9rmica y se puede utilizar para preparar materiales de gesti\u00f3n t\u00e9rmica eficientes.<\/p>\n<p>4. Resistencia a la corrosi\u00f3n: Tiene buena resistencia a la corrosi\u00f3n qu\u00edmica y es adecuado para aplicaciones en algunos entornos especiales.<\/p>\n<h2><span style=\"font-size: 14pt;\">Tabla de pruebas de caracterizaci\u00f3n<\/span><\/h2>\n<p>% en peso de Nb2AlC<\/p>\n<p>horas<\/p>\n<table style=\"border-collapse: collapse; width: 40.8118%;\">\n<tbody>\n<tr>\n<td style=\"width: 16.2749%;\">Elemento<\/td>\n<td style=\"width: 16.4373%;\">% en peso<\/td>\n<\/tr>\n<tr>\n<td style=\"width: 16.2749%;\">Nb<\/td>\n<td style=\"width: 16.4373%;\">82.66<\/td>\n<\/tr>\n<tr>\n<td style=\"width: 16.2749%;\">Al<\/td>\n<td style=\"width: 16.4373%;\">12.00<\/td>\n<\/tr>\n<tr>\n<td style=\"width: 16.2749%;\">C<\/td>\n<td style=\"width: 16.4373%;\">5.34<\/td>\n<\/tr>\n<\/tbody>\n<\/table>\n<h2><span style=\"font-size: 14pt;\">\u00bfCu\u00e1l es la aplicaci\u00f3n de Nb2AlC?<\/span><\/h2>\n<p>Los materiales Nb2AlC son ampliamente utilizados en la industria aeroespacial, energ\u00e9tica, qu\u00edmica y otros campos, como para la preparaci\u00f3n de materiales estructurales de alta temperatura, materiales resistentes al desgaste, recubrimientos de barrera t\u00e9rmica, etc.<\/p>\n<h2><span style=\"font-size: 14pt;\">Control de calidad<\/span><\/h2>\n<p>Nuestros productos implementan el sistema de gesti\u00f3n de calidad m\u00e1s estricto. Existen estrictos est\u00e1ndares de inspecci\u00f3n para los materiales entrantes, los procesos, las inspecciones finales y las inspecciones de f\u00e1brica. Se adoptar\u00e1n estrictas medidas de aislamiento para el procesamiento no calificado para evitar que los productos no calificados fluyan hacia el siguiente proceso. Las muestras se proporcionar\u00e1n a los clientes de acuerdo con los requisitos del cliente para la reinspecci\u00f3n.<\/p>\n<h2><span style=\"font-size: 14pt;\">Embalaje y almacenamiento<\/span><\/h2>\n<p>Envasado al vac\u00edo, la cantidad de empaque se puede proporcionar de acuerdo con los requisitos del cliente y empaquetarse por separado. Este producto debe sellarse y almacenarse en un ambiente seco y fresco. No debe exponerse al aire durante mucho tiempo para evitar que la humedad se aglomere, lo que afectar\u00e1 el rendimiento de la dispersi\u00f3n y el efecto de uso. Adem\u00e1s, debe evitar la fuerte presi\u00f3n y el contacto con oxidantes. Debe transportarse como mercanc\u00eda ordinaria.<\/p>\n<p>&nbsp;<\/p>\n","protected":false},"excerpt":{"rendered":"<p>El carburo de aluminio y niobio (Nb2AlC) es un material cer\u00e1mico de fase MAX compuesto de niobio (Nb), aluminio (Al) y carbono (C). Los materiales de fase MAX son un tipo de material cer\u00e1mico con estructura y propiedades especiales. Tienen las caracter\u00edsticas de los elementos met\u00e1licos, el carbono y el nitr\u00f3geno y se utilizan a [&hellip;]<\/p>\n","protected":false},"featured_media":1041181,"comment_status":"open","ping_status":"closed","template":"","meta":{"_acf_changed":false},"product_brand":[],"product_cat":[183],"product_tag":[],"class_list":{"0":"post-1041171","1":"product","2":"type-product","3":"status-publish","4":"has-post-thumbnail","6":"product_cat-c-n-b-si-materiales","8":"first","9":"instock","10":"shipping-taxable","11":"product-type-variable"},"acf":[],"_links":{"self":[{"href":"https:\/\/vimaterial.de\/es\/wp-json\/wp\/v2\/product\/1041171","targetHints":{"allow":["GET"]}}],"collection":[{"href":"https:\/\/vimaterial.de\/es\/wp-json\/wp\/v2\/product"}],"about":[{"href":"https:\/\/vimaterial.de\/es\/wp-json\/wp\/v2\/types\/product"}],"replies":[{"embeddable":true,"href":"https:\/\/vimaterial.de\/es\/wp-json\/wp\/v2\/comments?post=1041171"}],"wp:featuredmedia":[{"embeddable":true,"href":"https:\/\/vimaterial.de\/es\/wp-json\/wp\/v2\/media\/1041181"}],"wp:attachment":[{"href":"https:\/\/vimaterial.de\/es\/wp-json\/wp\/v2\/media?parent=1041171"}],"wp:term":[{"taxonomy":"product_brand","embeddable":true,"href":"https:\/\/vimaterial.de\/es\/wp-json\/wp\/v2\/product_brand?post=1041171"},{"taxonomy":"product_cat","embeddable":true,"href":"https:\/\/vimaterial.de\/es\/wp-json\/wp\/v2\/product_cat?post=1041171"},{"taxonomy":"product_tag","embeddable":true,"href":"https:\/\/vimaterial.de\/es\/wp-json\/wp\/v2\/product_tag?post=1041171"}],"curies":[{"name":"wp","href":"https:\/\/api.w.org\/{rel}","templated":true}]}}