{"id":1041126,"date":"2025-01-09T10:47:51","date_gmt":"2025-01-09T02:47:51","guid":{"rendered":"https:\/\/vimaterial.de\/?post_type=product&#038;p=1041126"},"modified":"2025-01-23T17:15:55","modified_gmt":"2025-01-23T09:15:55","slug":"carburo-de-titanio-y-estano-ti2snc","status":"publish","type":"product","link":"https:\/\/vimaterial.de\/es\/product\/carburo-de-titanio-y-estano-ti2snc\/","title":{"rendered":"Carburo de titanio y esta\u00f1o"},"content":{"rendered":"<p>El carburo de titanio y esta\u00f1o (Ti2SnC) es un material cer\u00e1mico de fase MAX compuesto de titanio (Ti), esta\u00f1o (Sn) y carbono (C). Los materiales de fase MAX son un tipo de material cer\u00e1mico con estructura y propiedades especiales. Tienen las caracter\u00edsticas de los elementos met\u00e1licos, el carbono y el nitr\u00f3geno y se utilizan a menudo en materiales estructurales de alta temperatura y materiales compuestos cer\u00e1micos.<\/p>\n<h2><span style=\"font-size: 14pt;\">Propiedades del carburo de titanio y esta\u00f1o<\/span><\/h2>\n<p>1. El material Ti2SnC tiene alta resistencia, alto m\u00f3dulo el\u00e1stico, autolubricidad, maquinabilidad y, especialmente, alta conductividad. Es un material ideal para cepillos y electrodos que sustituyen al grafito.<\/p>\n<p>2. Ti2SnC tiene un bajo coeficiente de fricci\u00f3n, buena resistencia a la corrosi\u00f3n y conductividad t\u00e9rmica, y es muy adecuado para la fabricaci\u00f3n de varios tipos de componentes antifricci\u00f3n.<\/p>\n<p>3. Ti2SnC se puede utilizar como agente de refuerzo de segunda fase. Debido a su alta conductividad y alto m\u00f3dulo, se agrega a metales, cer\u00e1micas y otros materiales para mejorar la resistencia sin afectar la conductividad de la matriz.<\/p>\n<p>4. El l\u00edmite el\u00e1stico y la resistencia a la tracci\u00f3n de los materiales compuestos a base de Cu reforzado con Ti2SnC son 4 veces y 2 veces mayores que los del cobre puro en las mismas condiciones de proceso, respectivamente, y el alargamiento se mantiene al 12%, mientras que la conductividad se reduce muy poco.<\/p>\n<h2><span style=\"font-size: 14pt;\">Tabla de pruebas de caracterizaci\u00f3n<\/span><\/h2>\n<p>% en peso de Ti2SnC<\/p>\n<table style=\"border-collapse: collapse; width: 40.8118%;\">\n<tbody>\n<tr>\n<td style=\"width: 16.2749%;\">Elemento<\/td>\n<td style=\"width: 16.4373%;\">% en peso<\/td>\n<\/tr>\n<tr>\n<td style=\"width: 16.2749%;\">Ti<\/td>\n<td style=\"width: 16.4373%;\">42.28<\/td>\n<\/tr>\n<tr>\n<td style=\"width: 16.2749%;\">Sn<\/td>\n<td style=\"width: 16.4373%;\">52.41<\/td>\n<\/tr>\n<tr>\n<td style=\"width: 16.2749%;\">C<\/td>\n<td style=\"width: 16.4373%;\">5.31<\/td>\n<\/tr>\n<\/tbody>\n<\/table>\n<h2><span style=\"font-size: 14pt;\">\u00bfCu\u00e1l es la aplicaci\u00f3n de Ti2SnC?<\/span><\/h2>\n<p>Aviaci\u00f3n, aeroespacial, armas y equipos, industria nuclear, informaci\u00f3n electr\u00f3nica y otros campos de alta tecnolog\u00eda.<\/p>\n<h2><span style=\"font-size: 14pt;\">Control de calidad<\/span><\/h2>\n<p>Nuestros productos implementan el sistema de gesti\u00f3n de calidad m\u00e1s estricto. Existen estrictos est\u00e1ndares de inspecci\u00f3n para los materiales entrantes, los procesos, las inspecciones finales y las inspecciones de f\u00e1brica. Se adoptar\u00e1n estrictas medidas de aislamiento para el procesamiento no calificado para evitar que los productos no calificados fluyan hacia el siguiente proceso. Las muestras se proporcionar\u00e1n a los clientes de acuerdo con los requisitos del cliente para la reinspecci\u00f3n.<\/p>\n<h2><span style=\"font-size: 14pt;\">Embalaje y almacenamiento<\/span><\/h2>\n<p>Interior: embalaje al vac\u00edo de bolsa transparente, exterior: bolsa de vac\u00edo de papel de aluminio \/ cart\u00f3n \/ barril de papel \/ barril de hierro. El embalaje se puede especificar de acuerdo con las necesidades del cliente. Este producto debe sellarse y almacenarse en un ambiente seco y fresco. No debe exponerse al aire durante mucho tiempo para evitar que la humedad se aglomere, lo que afectar\u00e1 el rendimiento de la dispersi\u00f3n y el efecto de uso. Adem\u00e1s, debe evitar la fuerte presi\u00f3n y el contacto con oxidantes. Debe transportarse como mercanc\u00eda ordinaria.<\/p>\n<p>&nbsp;<\/p>\n","protected":false},"excerpt":{"rendered":"<p>El carburo de titanio y esta\u00f1o (Ti2SnC) es un material cer\u00e1mico de fase MAX compuesto de titanio (Ti), esta\u00f1o (Sn) y carbono (C). Los materiales de fase MAX son un tipo de material cer\u00e1mico con estructura y propiedades especiales. Tienen las caracter\u00edsticas de los elementos met\u00e1licos, el carbono y el nitr\u00f3geno y se utilizan a menudo en materiales estructurales de alta temperatura y materiales compuestos cer\u00e1micos.<\/p>\n","protected":false},"featured_media":1041136,"comment_status":"open","ping_status":"closed","template":"","meta":{"_acf_changed":false},"product_brand":[],"product_cat":[183],"product_tag":[],"class_list":{"0":"post-1041126","1":"product","2":"type-product","3":"status-publish","4":"has-post-thumbnail","6":"product_cat-c-n-b-si-materiales","8":"first","9":"instock","10":"shipping-taxable","11":"product-type-variable"},"acf":[],"_links":{"self":[{"href":"https:\/\/vimaterial.de\/es\/wp-json\/wp\/v2\/product\/1041126","targetHints":{"allow":["GET"]}}],"collection":[{"href":"https:\/\/vimaterial.de\/es\/wp-json\/wp\/v2\/product"}],"about":[{"href":"https:\/\/vimaterial.de\/es\/wp-json\/wp\/v2\/types\/product"}],"replies":[{"embeddable":true,"href":"https:\/\/vimaterial.de\/es\/wp-json\/wp\/v2\/comments?post=1041126"}],"wp:featuredmedia":[{"embeddable":true,"href":"https:\/\/vimaterial.de\/es\/wp-json\/wp\/v2\/media\/1041136"}],"wp:attachment":[{"href":"https:\/\/vimaterial.de\/es\/wp-json\/wp\/v2\/media?parent=1041126"}],"wp:term":[{"taxonomy":"product_brand","embeddable":true,"href":"https:\/\/vimaterial.de\/es\/wp-json\/wp\/v2\/product_brand?post=1041126"},{"taxonomy":"product_cat","embeddable":true,"href":"https:\/\/vimaterial.de\/es\/wp-json\/wp\/v2\/product_cat?post=1041126"},{"taxonomy":"product_tag","embeddable":true,"href":"https:\/\/vimaterial.de\/es\/wp-json\/wp\/v2\/product_tag?post=1041126"}],"curies":[{"name":"wp","href":"https:\/\/api.w.org\/{rel}","templated":true}]}}