{"id":1036846,"date":"2024-09-14T14:27:43","date_gmt":"2024-09-14T06:27:43","guid":{"rendered":"https:\/\/vimaterial.de\/?post_type=product&#038;p=1036846"},"modified":"2025-02-06T11:32:12","modified_gmt":"2025-02-06T03:32:12","slug":"nb521-aleacion-de-niobio-y-tungsteno","status":"publish","type":"product","link":"https:\/\/vimaterial.de\/es\/product\/nb521-aleacion-de-niobio-y-tungsteno\/","title":{"rendered":"Nb521 Aleaci\u00f3n de niobio y tungsteno"},"content":{"rendered":"<p>Nb521 es una aleaci\u00f3n a base de niobio con propiedades especiales. Se compone principalmente de niobio (Nb) como matriz, y se le a\u00f1ade tungsteno (W), molibdeno (Mo), circonio (Zr) y otros elementos de aleaci\u00f3n, as\u00ed como trazas de elemento de carbono (C).<\/p>\n<p>La aleaci\u00f3n de tungsteno y niobio Nb521 es un material con excelentes propiedades mec\u00e1nicas a temperatura ambiente y alta temperatura, alto punto de fusi\u00f3n y baja densidad. Esta aleaci\u00f3n es ampliamente utilizada en motores aeroespaciales, propulsores de armas, motores bicomponentes l\u00edquidos de misiles cohetes, reactores nucleares, sumergibles, turbinas de gas, motores automotrices, motores diesel, zonas de calentamiento de hornos de alta temperatura, fabricaci\u00f3n de moldes a alta temperatura, accesorios de alta temperatura y crisoles de alta temperatura.<\/p>\n<p>&nbsp;<\/p>\n<h3>Composici\u00f3n qu\u00edmica de la aleaci\u00f3n de tungsteno y niobio Nb521<\/h3>\n<p>&nbsp;<\/p>\n<table style=\"border-collapse: collapse; width: 100%; height: 130px;\">\n<tbody>\n<tr style=\"height: 34px;\">\n<td style=\"width: 100%; text-align: center; height: 34px;\" colspan=\"4\"><strong>Composici\u00f3n de la aleaci\u00f3n Nb521 en % en peso<\/strong><\/td>\n<\/tr>\n<tr style=\"height: 24px;\">\n<td style=\"width: 25%; height: 24px; text-align: center;\">Nb<\/td>\n<td style=\"width: 25%; height: 24px; text-align: center;\">W<\/td>\n<td style=\"width: 25%; height: 24px; text-align: center;\">Mo<\/td>\n<td style=\"width: 25%; height: 24px; text-align: center;\">Zr<\/td>\n<\/tr>\n<tr style=\"height: 24px;\">\n<td style=\"width: 25%; height: 24px; text-align: center;\">Equilibrar<\/td>\n<td style=\"width: 25%; height: 24px; text-align: center;\">5.22<\/td>\n<td style=\"width: 25%; height: 24px; text-align: center;\">1.82<\/td>\n<td style=\"width: 25%; height: 24px; text-align: center;\">0.76<\/td>\n<\/tr>\n<tr style=\"height: 24px;\">\n<td style=\"width: 25%; height: 24px; text-align: center;\">Fe<\/td>\n<td style=\"width: 25%; height: 24px; text-align: center;\">Si<\/td>\n<td style=\"width: 25%; height: 24px; text-align: center;\">Al<\/td>\n<td style=\"width: 25%; height: 24px; text-align: center;\"><\/td>\n<\/tr>\n<tr style=\"height: 24px;\">\n<td style=\"width: 25%; height: 24px; text-align: center;\">&lt;0.01<\/td>\n<td style=\"width: 25%; height: 24px; text-align: center;\">0.01<\/td>\n<td style=\"width: 25%; height: 24px; text-align: center;\">&lt;0.01<\/td>\n<td style=\"width: 25%; height: 24px; text-align: center;\"><\/td>\n<\/tr>\n<\/tbody>\n<\/table>\n<h3><\/h3>\n<h3>Impurezas de gas de la aleaci\u00f3n de tungsteno y niobio Nb521<\/h3>\n<table style=\"border-collapse: collapse; width: 100%;\">\n<tbody>\n<tr>\n<td style=\"width: 25%; text-align: center;\" colspan=\"4\"><strong>Impurezas de gas<\/strong><\/td>\n<\/tr>\n<tr>\n<td style=\"width: 25%; text-align: center;\">C<\/td>\n<td style=\"width: 25%; text-align: center;\">O<\/td>\n<td style=\"width: 25%; text-align: center;\">H<\/td>\n<td style=\"width: 25%; text-align: center;\">N<\/td>\n<\/tr>\n<tr>\n<td style=\"width: 25%; text-align: center;\">0.087<\/td>\n<td style=\"width: 25%; text-align: center;\">0.016<\/td>\n<td style=\"width: 25%; text-align: center;\">0.0012<\/td>\n<td style=\"width: 25%; text-align: center;\">0.013<\/td>\n<\/tr>\n<\/tbody>\n<\/table>\n<h3><\/h3>\n<h3>Propiedades f\u00edsicas del polvo esf\u00e9rico Nb521<\/h3>\n<table style=\"border-collapse: collapse; width: 100%; height: 72px;\">\n<tbody>\n<tr style=\"height: 24px;\">\n<td style=\"width: 33.3333%; text-align: center; height: 24px;\" colspan=\"3\"><strong>Propiedades f\u00edsicas<\/strong><\/td>\n<\/tr>\n<tr style=\"height: 24px;\">\n<td style=\"width: 33.3333%; height: 24px; text-align: center;\">Densidad del aparado (g\/cm3)<\/td>\n<td style=\"width: 33.3333%; height: 24px; text-align: center;\">Densidad del grifo (g\/cm3)<\/td>\n<td style=\"width: 33.3333%; height: 24px; text-align: center;\">Caudal Hall (s\/50g)<\/td>\n<\/tr>\n<tr style=\"height: 24px;\">\n<td style=\"width: 33.3333%; height: 24px; text-align: center;\">5.208<\/td>\n<td style=\"width: 33.3333%; height: 24px; text-align: center;\">5.434<\/td>\n<td style=\"width: 33.3333%; height: 24px; text-align: center;\">10.93<\/td>\n<\/tr>\n<\/tbody>\n<\/table>\n<h3><\/h3>\n<h3>Propiedades f\u00edsicas y mec\u00e1nicas<\/h3>\n<p>Nb521 ofrece una excelente combinaci\u00f3n de resistencia a altas temperaturas y resistencia a la oxidaci\u00f3n, lo que lo hace adecuado para condiciones t\u00e9rmicas extremas.<\/p>\n<ul>\n<li>Densidad: Al igual que otras aleaciones de niobio, Nb521 tiene una densidad relativamente baja en comparaci\u00f3n con las aleaciones a base de n\u00edquel, lo que ofrece ventajas de peso en aplicaciones aeroespaciales.<\/li>\n<li>Punto de fusi\u00f3n: Nb521 puede soportar temperaturas extremadamente altas, con un punto de fusi\u00f3n de m\u00e1s de 2400 \u00b0C.<\/li>\n<li>Resistencia a la tracci\u00f3n: Alta resistencia a la tracci\u00f3n a temperaturas elevadas, lo que proporciona durabilidad en entornos de alta tensi\u00f3n.<\/li>\n<li>Resistencia a la fluencia: La excelente resistencia a la fluencia permite que el Nb521 mantenga su integridad estructural durante la exposici\u00f3n prolongada al calor y al estr\u00e9s.<\/li>\n<\/ul>\n<p>&nbsp;<\/p>\n<h3>Aplicaciones<\/h3>\n<p>Nb521 se utiliza principalmente en aplicaciones de alta temperatura y alto estr\u00e9s. Los usos comunes incluyen:<\/p>\n<p>Motores de cohetes: Nb521 se utiliza en boquillas de motores de cohetes y otros componentes de alta temperatura debido a su capacidad para mantener la fuerza y la resistencia a la oxidaci\u00f3n en condiciones extremas.<\/p>\n<p>Motores de turbina: La aleaci\u00f3n es adecuada para componentes como \u00e1labes de turbina y otras piezas de motores de aviones que est\u00e1n expuestos a altas temperaturas.<br \/>\nEscudos t\u00e9rmicos y protecci\u00f3n t\u00e9rmica: Nb521 se emplea en sistemas donde la protecci\u00f3n t\u00e9rmica es cr\u00edtica, como los escudos de reentrada para naves espaciales.<\/p>\n<p>&nbsp;<\/p>\n<h3>Comparaci\u00f3n con otras aleaciones de niobio<\/h3>\n<p>En comparaci\u00f3n con otras aleaciones de niobio como C103, Nb521 ofrece una resistencia a la oxidaci\u00f3n mejorada y una resistencia mec\u00e1nica similar a altas temperaturas. Si bien C103 se usa m\u00e1s com\u00fanmente en aplicaciones aeroespaciales, se puede preferir Nb521 en situaciones en las que se requiere una mayor resistencia a la fluencia y la oxidaci\u00f3n. Su rendimiento tambi\u00e9n es comparable al de las aleaciones a base de molibdeno y tungsteno, pero con una menor densidad y una mejor trabajabilidad.<\/p>\n","protected":false},"excerpt":{"rendered":"<p>La aleaci\u00f3n de niobio y tungsteno Nb521 es una aleaci\u00f3n a base de niobio con propiedades especiales. Se compone principalmente de niobio (Nb) como matriz, y se le a\u00f1ade tungsteno (W), molibdeno (Mo), circonio (Zr) y otros elementos de aleaci\u00f3n, as\u00ed como trazas de elemento de carbono (C).<\/p>\n","protected":false},"featured_media":1036861,"comment_status":"open","ping_status":"closed","template":"","meta":{"_acf_changed":false},"product_brand":[],"product_cat":[182],"product_tag":[],"class_list":{"0":"post-1036846","1":"product","2":"type-product","3":"status-publish","4":"has-post-thumbnail","6":"product_cat-materiales-halogenados","8":"first","9":"instock","10":"shipping-taxable","11":"product-type-variable"},"acf":[],"_links":{"self":[{"href":"https:\/\/vimaterial.de\/es\/wp-json\/wp\/v2\/product\/1036846","targetHints":{"allow":["GET"]}}],"collection":[{"href":"https:\/\/vimaterial.de\/es\/wp-json\/wp\/v2\/product"}],"about":[{"href":"https:\/\/vimaterial.de\/es\/wp-json\/wp\/v2\/types\/product"}],"replies":[{"embeddable":true,"href":"https:\/\/vimaterial.de\/es\/wp-json\/wp\/v2\/comments?post=1036846"}],"wp:featuredmedia":[{"embeddable":true,"href":"https:\/\/vimaterial.de\/es\/wp-json\/wp\/v2\/media\/1036861"}],"wp:attachment":[{"href":"https:\/\/vimaterial.de\/es\/wp-json\/wp\/v2\/media?parent=1036846"}],"wp:term":[{"taxonomy":"product_brand","embeddable":true,"href":"https:\/\/vimaterial.de\/es\/wp-json\/wp\/v2\/product_brand?post=1036846"},{"taxonomy":"product_cat","embeddable":true,"href":"https:\/\/vimaterial.de\/es\/wp-json\/wp\/v2\/product_cat?post=1036846"},{"taxonomy":"product_tag","embeddable":true,"href":"https:\/\/vimaterial.de\/es\/wp-json\/wp\/v2\/product_tag?post=1036846"}],"curies":[{"name":"wp","href":"https:\/\/api.w.org\/{rel}","templated":true}]}}