{"id":1036817,"date":"2024-09-11T10:07:31","date_gmt":"2024-09-11T02:07:31","guid":{"rendered":"https:\/\/vimaterial.de\/?post_type=product&#038;p=1036817"},"modified":"2025-02-06T13:28:38","modified_gmt":"2025-02-06T05:28:38","slug":"aleacion-de-niobio-c103","status":"publish","type":"product","link":"https:\/\/vimaterial.de\/es\/product\/aleacion-de-niobio-c103\/","title":{"rendered":"Aleaci\u00f3n de niobio C103"},"content":{"rendered":"<p>La aleaci\u00f3n de niobio C103 es una aleaci\u00f3n de alta temperatura compuesta principalmente de niobio (Nb), hafnio (Hf) y titanio (Ti), dise\u00f1ada para aplicaciones en condiciones de calor extremo. Su resistencia superior al calor, resistencia mec\u00e1nica, resistencia a la oxidaci\u00f3n y resistencia a la corrosi\u00f3n lo hacen ampliamente utilizado en las industrias aeroespacial, nuclear y otros entornos de alta temperatura.<\/p>\n<p>&nbsp;<\/p>\n<h3>Composici\u00f3n qu\u00edmica<\/h3>\n<p>La composici\u00f3n qu\u00edmica de la aleaci\u00f3n de niobio C103 incluye:<\/p>\n<ul>\n<li><strong>Niobio (Nb):<\/strong> ~89%<\/li>\n<li><strong>Hafnio (Hf):<\/strong> ~ 10%<\/li>\n<li><strong>Titanio (Ti):<\/strong> ~ 1%<\/li>\n<\/ul>\n<h3>Propiedades f\u00edsicas y mec\u00e1nicas<\/h3>\n<p>El C103 ofrece una gama de excelentes propiedades f\u00edsicas y mec\u00e1nicas, lo que le permite mantener la integridad estructural y la funcionalidad en condiciones extremas.<\/p>\n<ul>\n<li>Densidad: 8,57 g\/cm\u00b3, lo que lo hace m\u00e1s ligero que otras aleaciones de alta temperatura como las aleaciones a base de n\u00edquel.<\/li>\n<li>Punto de fusi\u00f3n: 4260 \u00b0F (2349 \u00b0C), ideal para entornos de temperatura ultra alta.<\/li>\n<li>Resistencia a la tracci\u00f3n: C103 mantiene una alta resistencia a la tracci\u00f3n incluso a temperaturas superiores a 1200 \u00b0C.<\/li>\n<li>Ductilidad: Exhibe una excelente ductilidad y trabajabilidad, lo que permite varios procesos de conformado.<\/li>\n<li>Resistencia a la fluencia: Excelente resistencia a la fluencia a altas temperaturas, lo que le permite soportar un estr\u00e9s t\u00e9rmico prolongado.<\/li>\n<\/ul>\n<h3>Resistencia a la corrosi\u00f3n y a la oxidaci\u00f3n<\/h3>\n<p>Una de las ventajas significativas del C103 es su resistencia a la oxidaci\u00f3n a temperaturas elevadas. Esto se debe principalmente a la presencia de circonio, que ayuda a formar una capa protectora de \u00f3xido, retrasando la oxidaci\u00f3n. Adem\u00e1s, el C103 ofrece una excelente resistencia a la corrosi\u00f3n en diversos entornos corrosivos, lo que lo hace adecuado para componentes de alta temperatura expuestos a atm\u00f3sferas corrosivas, como boquillas de cohetes y sistemas de protecci\u00f3n t\u00e9rmica.<\/p>\n<p>&nbsp;<\/p>\n<h3>Caracter\u00edsticas de fabricaci\u00f3n y procesamiento<\/h3>\n<p>La aleaci\u00f3n de niobio C103 se puede procesar a trav\u00e9s de varios m\u00e9todos, que incluyen forja, laminado y mecanizado. Su buena ductilidad y soldabilidad permiten la fabricaci\u00f3n de formas complejas.<\/p>\n<ul>\n<li>Forja y laminaci\u00f3n: C103 se puede trabajar en caliente en l\u00e1minas, tubos, varillas y otras formas.<\/li>\n<li>Soldadura: La aleaci\u00f3n exhibe buena soldabilidad, pero requiere una atm\u00f3sfera protectora durante la soldadura para evitar la oxidaci\u00f3n y la contaminaci\u00f3n.<\/li>\n<li>Tratamiento t\u00e9rmico: C103 se puede tratar t\u00e9rmicamente para mejorar a\u00fan m\u00e1s sus propiedades mec\u00e1nicas, como el recocido para mejorar la tenacidad y la ductilidad.<\/li>\n<\/ul>\n<h3>Aplicaciones t\u00edpicas<\/h3>\n<p>El C103 se utiliza principalmente en entornos de alta temperatura, corrosivos y mec\u00e1nicamente exigentes. Algunas de sus aplicaciones t\u00edpicas incluyen:<\/p>\n<ul>\n<li>Motores de cohetes: Ampliamente utilizados en componentes cr\u00edticos como boquillas y c\u00e1maras de combusti\u00f3n debido a su excelente resistencia a altas temperaturas y resistencia a la oxidaci\u00f3n.<\/li>\n<li>Componentes de turbina: En motores aeroespaciales, C103 se utiliza para \u00e1labes de turbina de alta temperatura y otras piezas estructurales.<\/li>\n<li>Reactores nucleares: Su resistencia a la corrosi\u00f3n y tolerancia a la radiaci\u00f3n hacen que el C103 sea adecuado para componentes clave en los reactores nucleares.<\/li>\n<\/ul>\n<h3>Comparaci\u00f3n con otras aleaciones de alta temperatura<\/h3>\n<p>En comparaci\u00f3n con otras aleaciones comunes de alta temperatura, como las aleaciones a base de n\u00edquel (Inconel 718) y las aleaciones a base de molibdeno (TZM), el C103 funciona excepcionalmente bien en entornos de temperatura ultra alta, especialmente por encima de 2000 \u00b0C. Conserva una excelente resistencia mec\u00e1nica y resistencia a la oxidaci\u00f3n en estas condiciones. Adem\u00e1s, la menor densidad del C103 lo hace ventajoso en aplicaciones de alta temperatura donde la reducci\u00f3n de peso es cr\u00edtica.<\/p>\n<p>Sin embargo, el C103 es susceptible a la oxidaci\u00f3n en entornos ricos en ox\u00edgeno, por lo que a menudo requiere una atm\u00f3sfera protectora o recubrimientos superficiales para prolongar su vida \u00fatil.<\/p>\n","protected":false},"excerpt":{"rendered":"<p>La aleaci\u00f3n de niobio C103 es una aleaci\u00f3n de alta temperatura compuesta principalmente de niobio (Nb), titanio (Ti) y circonio (Zr), dise\u00f1ada para aplicaciones en condiciones de calor extremo.<br \/>\nSu resistencia superior al calor, resistencia mec\u00e1nica, resistencia a la oxidaci\u00f3n y resistencia a la corrosi\u00f3n lo hacen ampliamente utilizado en las industrias aeroespacial, nuclear y otros entornos de alta temperatura.<\/p>\n","protected":false},"featured_media":1036807,"comment_status":"open","ping_status":"closed","template":"","meta":{"_acf_changed":false},"product_brand":[],"product_cat":[182],"product_tag":[],"class_list":{"0":"post-1036817","1":"product","2":"type-product","3":"status-publish","4":"has-post-thumbnail","6":"product_cat-materiales-halogenados","8":"first","9":"instock","10":"shipping-taxable","11":"product-type-variable"},"acf":[],"_links":{"self":[{"href":"https:\/\/vimaterial.de\/es\/wp-json\/wp\/v2\/product\/1036817","targetHints":{"allow":["GET"]}}],"collection":[{"href":"https:\/\/vimaterial.de\/es\/wp-json\/wp\/v2\/product"}],"about":[{"href":"https:\/\/vimaterial.de\/es\/wp-json\/wp\/v2\/types\/product"}],"replies":[{"embeddable":true,"href":"https:\/\/vimaterial.de\/es\/wp-json\/wp\/v2\/comments?post=1036817"}],"wp:featuredmedia":[{"embeddable":true,"href":"https:\/\/vimaterial.de\/es\/wp-json\/wp\/v2\/media\/1036807"}],"wp:attachment":[{"href":"https:\/\/vimaterial.de\/es\/wp-json\/wp\/v2\/media?parent=1036817"}],"wp:term":[{"taxonomy":"product_brand","embeddable":true,"href":"https:\/\/vimaterial.de\/es\/wp-json\/wp\/v2\/product_brand?post=1036817"},{"taxonomy":"product_cat","embeddable":true,"href":"https:\/\/vimaterial.de\/es\/wp-json\/wp\/v2\/product_cat?post=1036817"},{"taxonomy":"product_tag","embeddable":true,"href":"https:\/\/vimaterial.de\/es\/wp-json\/wp\/v2\/product_tag?post=1036817"}],"curies":[{"name":"wp","href":"https:\/\/api.w.org\/{rel}","templated":true}]}}