{"id":1036612,"date":"2024-08-16T11:21:15","date_gmt":"2024-08-16T03:21:15","guid":{"rendered":"https:\/\/vimaterial.de\/product\/aluminuro-de-titanio-3\/"},"modified":"2025-02-07T14:42:37","modified_gmt":"2025-02-07T06:42:37","slug":"aluminuro-de-titanio-3","status":"publish","type":"product","link":"https:\/\/vimaterial.de\/es\/product\/aluminuro-de-titanio-3\/","title":{"rendered":"Aluminuro de titanio"},"content":{"rendered":"<p>El objetivo de pulverizaci\u00f3n cat\u00f3dica <span style=\"color: #0000ff;\"><a style=\"color: #0000ff;\" href=\"https:\/\/vimaterial.de\/es\/product\/titanio-aleacion-de-aluminio-3\/\">de aluminuro de titanio<\/a><\/span> es un objetivo compuesto intermet\u00e1lico de alto rendimiento con un papel clave en el campo de la preparaci\u00f3n de materiales. Se utiliza principalmente en aplicaciones aeroespaciales, de nuevas energ\u00edas, m\u00e9dicas y otras.<\/p>\n<p>VIMATERIAL siempre se centra en el desarrollo y la producci\u00f3n de materiales de alta gama. Nuestros objetivos de pulverizaci\u00f3n cat\u00f3dica de aluminuro de titanio tienen las ventajas de una pureza ultra alta y una pulverizaci\u00f3n cat\u00f3dica estable, y tambi\u00e9n ofrecemos una gama completa de soluciones de objetivos personalizados para nuestros clientes, ya sea una especificaci\u00f3n de tama\u00f1o especial, un dise\u00f1o de forma compleja o un experimento para una necesidad de aplicaci\u00f3n especial, podemos apoyarlos completamente. Si tiene alguna pregunta o necesidad, no dude <span style=\"color: #0000ff;\"><a style=\"color: #0000ff;\" href=\"https:\/\/vimaterial.de\/es\/contacto\/\">en contactarnos<\/a><\/span>.<\/p>\n<h2><span style=\"font-size: 14pt;\">Caracter\u00edsticas<\/span><\/h2>\n<p>F\u00f3rmula qu\u00edmica: Ti\u2083Al<\/p>\n<p>Densidad te\u00f3rica: aprox. 4,26 g\/cm3<\/p>\n<p>Estructura cristalina: Estructura intermet\u00e1lica t\u00edpica con \u00e1tomos de Ti y Al dispuestos en una red espec\u00edfica.<\/p>\n<h2><span style=\"font-size: 14pt;\">Aplicaciones<\/span><\/h2>\n<p>Industria aeroespacial: Se utiliza en la preparaci\u00f3n de recubrimientos protectores en las superficies de componentes clave como las palas de los motores aeron\u00e1uticos y las c\u00e1maras de combusti\u00f3n.<\/p>\n<p>Industria de la informaci\u00f3n electr\u00f3nica: En la fabricaci\u00f3n de chips semiconductores, los objetivos de pulverizaci\u00f3n cat\u00f3dica de Ti\u2083Al se pueden utilizar para preparar capas de interconexi\u00f3n met\u00e1lica, capas de barrera y otras estructuras clave de pel\u00edcula delgada.<\/p>\n<p>Nuevo campo de energ\u00eda: Tiene un valor de aplicaci\u00f3n potencial en la modificaci\u00f3n de la superficie de los materiales de los electrodos para las bater\u00edas de iones de litio y en la preparaci\u00f3n de electrodos conductores transparentes para las bater\u00edas solares.<\/p>\n<p>Tratamiento superficial de dispositivos m\u00e9dicos: utilizados para la preparaci\u00f3n de recubrimientos biocompatibles en la superficie de dispositivos m\u00e9dicos, los recubrimientos preparados por objetivos de pulverizaci\u00f3n cat\u00f3dica de Ti\u2083Al tienen buena biocompatibilidad, resistencia a la corrosi\u00f3n y propiedades antimicrobianas, que pueden reducir efectivamente el riesgo de infecci\u00f3n durante el uso de dispositivos m\u00e9dicos, mejorar el efecto terap\u00e9utico y salvaguardar la salud y la seguridad de los pacientes.<\/p>\n<h2><span style=\"font-size: 14pt;\">Control de calidad<\/span><\/h2>\n<p><span style=\"color: #0000ff;\"><a style=\"color: #0000ff;\" href=\"https:\/\/vimaterial.de\/es\/control-de-calidad\/\">Desde la adquisici\u00f3n<\/a><\/span> de materias primas para garantizar que el contenido de pureza e impurezas de cada lote de Ti y Al cumpla con los estrictos est\u00e1ndares; para los procesos de fusi\u00f3n, forja, mecanizado y otros procesos de producci\u00f3n, controlamos estrictamente los par\u00e1metros del proceso para garantizar que la organizaci\u00f3n interna del objetivo sea homog\u00e9nea y densa; Y luego, a la inspecci\u00f3n final del producto terminado, utilizamos equipos de prueba avanzados para realizar pruebas exhaustivas sobre los \u00edndices clave del objetivo, como la densidad, la pureza, la estructura de organizaci\u00f3n, la planitud y el rendimiento de pulverizaci\u00f3n cat\u00f3dica.<\/p>\n<p>Utilizamos equipos de prueba avanzados para probar de manera integral indicadores clave como la densidad, la pureza, la organizaci\u00f3n, la planitud y el rendimiento de pulverizaci\u00f3n cat\u00f3dica.<\/p>\n<h2><span style=\"font-size: 14pt;\">Embalaje y almacenamiento<\/span><\/h2>\n<p>Los objetivos de pulverizaci\u00f3n cat\u00f3dica de aluminuro de titanio se empaquetan en un embalaje protector multicapa personalizado. Coloque los objetivos en una caja resistente de cart\u00f3n o madera.<\/p>\n<p>El objetivo de pulverizaci\u00f3n cat\u00f3dica de aluminuro de titanio debe almacenarse en un ambiente seco y bien ventilado a una temperatura estable, evitando el contacto entre el objetivo y sustancias corrosivas como \u00e1cidos y \u00e1lcalis, as\u00ed como campos magn\u00e9ticos y el\u00e9ctricos fuertes.<\/p>\n","protected":false},"excerpt":{"rendered":"<p>El objetivo de pulverizaci\u00f3n cat\u00f3dica <span style=\"color: #0000ff;\"><a style=\"color: #0000ff;\" href=\"https:\/\/vimaterial.de\/es\/product\/titanio-aleacion-de-aluminio-3\/\">de aluminuro de titanio<\/a><\/span> es un objetivo compuesto intermet\u00e1lico de alto rendimiento con un papel clave en el campo de la preparaci\u00f3n de materiales. Se utiliza principalmente en aplicaciones aeroespaciales, de nuevas energ\u00edas, m\u00e9dicas y otras.<\/p>\n","protected":false},"featured_media":1000469,"comment_status":"open","ping_status":"closed","template":"","meta":{"_acf_changed":false},"product_brand":[],"product_cat":[178],"product_tag":[],"class_list":{"0":"post-1036612","1":"product","2":"type-product","3":"status-publish","4":"has-post-thumbnail","6":"product_cat-catodos-para-sputtering-planar","8":"first","9":"instock","10":"shipping-taxable","11":"product-type-variable"},"acf":[],"_links":{"self":[{"href":"https:\/\/vimaterial.de\/es\/wp-json\/wp\/v2\/product\/1036612","targetHints":{"allow":["GET"]}}],"collection":[{"href":"https:\/\/vimaterial.de\/es\/wp-json\/wp\/v2\/product"}],"about":[{"href":"https:\/\/vimaterial.de\/es\/wp-json\/wp\/v2\/types\/product"}],"replies":[{"embeddable":true,"href":"https:\/\/vimaterial.de\/es\/wp-json\/wp\/v2\/comments?post=1036612"}],"wp:featuredmedia":[{"embeddable":true,"href":"https:\/\/vimaterial.de\/es\/wp-json\/wp\/v2\/media\/1000469"}],"wp:attachment":[{"href":"https:\/\/vimaterial.de\/es\/wp-json\/wp\/v2\/media?parent=1036612"}],"wp:term":[{"taxonomy":"product_brand","embeddable":true,"href":"https:\/\/vimaterial.de\/es\/wp-json\/wp\/v2\/product_brand?post=1036612"},{"taxonomy":"product_cat","embeddable":true,"href":"https:\/\/vimaterial.de\/es\/wp-json\/wp\/v2\/product_cat?post=1036612"},{"taxonomy":"product_tag","embeddable":true,"href":"https:\/\/vimaterial.de\/es\/wp-json\/wp\/v2\/product_tag?post=1036612"}],"curies":[{"name":"wp","href":"https:\/\/api.w.org\/{rel}","templated":true}]}}