{"id":1036611,"date":"2024-08-16T11:21:13","date_gmt":"2024-08-16T03:21:13","guid":{"rendered":"https:\/\/vimaterial.de\/product\/oxido-de-litio-y-manganeso-2\/"},"modified":"2025-02-08T17:05:47","modified_gmt":"2025-02-08T09:05:47","slug":"oxido-de-litio-y-manganeso-2","status":"publish","type":"product","link":"https:\/\/vimaterial.de\/es\/product\/oxido-de-litio-y-manganeso-2\/","title":{"rendered":"\u00d3xido de litio y manganeso"},"content":{"rendered":"<p>El objetivo de pulverizaci\u00f3n <span style=\"color: #0000ff;\"><a style=\"color: #0000ff;\" href=\"https:\/\/vimaterial.de\/es\/product\/oxido-de-litio-y-manganeso\/\">cat\u00f3dica de \u00f3xido de litio y manganeso<\/a> <\/span>es la principal materia prima del manganato de litio como material de origen que se pulverizar\u00e1 en el proceso de recubrimiento por pulverizaci\u00f3n cat\u00f3dica, que se utiliza principalmente en la preparaci\u00f3n de pel\u00edculas de electrodos para bater\u00edas de iones de litio para mejorar el rendimiento de las bater\u00edas, en el campo de los dispositivos electr\u00f3nicos para la fabricaci\u00f3n de componentes de pel\u00edcula delgada con funciones espec\u00edficas, as\u00ed como en la industria de pantallas planas para la preparaci\u00f3n de pel\u00edculas relevantes, etc.<\/p>\n<p>Nuestros objetivos tienen buena densificaci\u00f3n, alta eficiencia de pulverizaci\u00f3n cat\u00f3dica, buena planitud y acabado, y excelente rendimiento del producto. VIMATERIAL tiene un equipo profesional del R&amp;D del objetivo, acepta la personalizaci\u00f3n y el desarrollo del producto, y apoya el servicio de encuadernaci\u00f3n del objetivo, por favor <span style=\"color: #0000ff;\"><a style=\"color: #0000ff;\" href=\"https:\/\/vimaterial.de\/es\/contacto\/\">cont\u00e1ctenos<\/a><\/span>!<\/p>\n<h2><span style=\"font-size: 14pt;\">Caracter\u00edsticas<\/span><\/h2>\n<p>F\u00f3rmula molecular: LiMn\u2082O\u2084<\/p>\n<p>Peso molecular: 180.8147<\/p>\n<p>Aspecto: suelen aparecer como polvo gris negro<\/p>\n<p>Densidad: alrededor de 4,28 g\/cm\u00b3 m\u00e1s o menos<\/p>\n<p>Punto de fusi\u00f3n: m\u00e1s de 400 \u00b0C<\/p>\n<p>Estructura cristalina: Sistema cristalino c\u00fabico, grupo espacial Fd3m, estructura t\u00edpica de espinela. Los iones de ox\u00edgeno est\u00e1n centrados en las caras, c\u00fabicos y densamente empaquetados, con el litio ocupando 1\/8 de la posici\u00f3n intersticial tetra\u00e9drica de ox\u00edgeno y el manganeso ocupando 1\/2 de la posici\u00f3n intersticial octa\u00e9drica de ox\u00edgeno.<\/p>\n<h2><span style=\"font-size: 14pt;\">Aplicaciones<\/span><\/h2>\n<p>Bater\u00edas de iones de litio: Los objetivos de pulverizaci\u00f3n cat\u00f3dica de \u00f3xido de manganeso y litio se utilizan en la preparaci\u00f3n de pel\u00edculas cat\u00f3dicas para bater\u00edas de iones de litio, lo que puede mejorar el rendimiento de carga y descarga y la estabilidad del ciclo de la bater\u00eda, y ayudar a lograr una alta densidad de energ\u00eda y una larga vida \u00fatil.<\/p>\n<p>Dispositivos electr\u00f3nicos: En la fabricaci\u00f3n de dispositivos electr\u00f3nicos, las pel\u00edculas delgadas preparadas mediante el proceso de pulverizaci\u00f3n cat\u00f3dica utilizando este objetivo se pueden utilizar como materiales funcionales para resistencias, condensadores y otros componentes, con el fin de satisfacer la demanda de materiales para la miniaturizaci\u00f3n y el alto rendimiento de los dispositivos electr\u00f3nicos.<\/p>\n<p>Sensores: En el campo de los sensores, las pel\u00edculas sensibles preparadas a base de objetivos de pulverizaci\u00f3n cat\u00f3dica de LiMn\u2082O\u2084 pueden responder a gases, iones y otras sustancias espec\u00edficas, realizando as\u00ed una detecci\u00f3n altamente sensible de sustancias relevantes en el medio ambiente.<\/p>\n<p>Campo \u00f3ptico: Debido a sus ciertas propiedades \u00f3pticas, el objetivo de pulverizaci\u00f3n cat\u00f3dica de \u00f3xido de manganeso y litio se puede utilizar para la preparaci\u00f3n de pel\u00edculas \u00f3pticas, que se aplican a filtros \u00f3pticos, pel\u00edculas de mejora de la transmitancia, etc., para realizar la modulaci\u00f3n y el control de la luz.<\/p>\n<h2><span style=\"font-size: 14pt;\">Control de calidad<\/span><\/h2>\n<p><span style=\"color: #0000ff;\"><a style=\"color: #0000ff;\" href=\"https:\/\/vimaterial.de\/es\/control-de-calidad\/\">Cada lote<\/a> <\/span>de nuestros productos, desde las materias primas hasta los productos terminados, sigue un estricto sistema de control de calidad, nuestro sistema hace hincapi\u00e9 en la gesti\u00f3n estandarizada de todo el proceso de producci\u00f3n para garantizar la consistencia del producto, el establecimiento de registros de calidad perfectos, la trazabilidad experimental del producto, proporcionar a los clientes una documentaci\u00f3n completa de la calidad del producto para garantizar que la calidad del producto supere las expectativas del cliente.<\/p>\n<h2><span style=\"font-size: 14pt;\">Embalaje y almacenamiento<\/span><\/h2>\n<p>Los objetivos de pulverizaci\u00f3n cat\u00f3dica de \u00f3xido de manganeso y litio se empaquetan en un empaque al vac\u00edo de doble capa y luego se colocan en cajas de cart\u00f3n para almacenamiento fijo interno y, finalmente, se refuerzan con cajas de cart\u00f3n o cajas de madera en el exterior.<\/p>\n<p>Los objetivos de pulverizaci\u00f3n cat\u00f3dica de \u00f3xido de manganeso y litio deben almacenarse en un entorno seco, ventilado y a prueba de luz, en un embalaje sellado al vac\u00edo, y deben mantenerse alejados de sustancias corrosivas, inflamables y explosivas, colocarse en un lugar estable para evitar la extrusi\u00f3n y la colisi\u00f3n.<\/p>\n","protected":false},"excerpt":{"rendered":"<p>El objetivo de pulverizaci\u00f3n <span style=\"color: #0000ff;\"><a style=\"color: #0000ff;\" href=\"https:\/\/vimaterial.de\/es\/product\/oxido-de-litio-y-manganeso\/\">cat\u00f3dica de \u00f3xido de litio y manganeso<\/a> <\/span>es la principal materia prima del manganato de litio como material de origen que se pulverizar\u00e1 en el proceso de recubrimiento por pulverizaci\u00f3n cat\u00f3dica, que se utiliza principalmente en la preparaci\u00f3n de pel\u00edculas de electrodos para bater\u00edas de iones de litio para mejorar el rendimiento de las bater\u00edas, en el campo de los dispositivos electr\u00f3nicos para la fabricaci\u00f3n de componentes de pel\u00edcula delgada con funciones espec\u00edficas, as\u00ed como en la industria de pantallas planas para la preparaci\u00f3n de pel\u00edculas relevantes, etc.<\/p>\n","protected":false},"featured_media":1029889,"comment_status":"open","ping_status":"closed","template":"","meta":{"_acf_changed":false},"product_brand":[],"product_cat":[178],"product_tag":[],"class_list":{"0":"post-1036611","1":"product","2":"type-product","3":"status-publish","4":"has-post-thumbnail","6":"product_cat-catodos-para-sputtering-planar","8":"first","9":"instock","10":"shipping-taxable","11":"product-type-variable"},"acf":[],"_links":{"self":[{"href":"https:\/\/vimaterial.de\/es\/wp-json\/wp\/v2\/product\/1036611","targetHints":{"allow":["GET"]}}],"collection":[{"href":"https:\/\/vimaterial.de\/es\/wp-json\/wp\/v2\/product"}],"about":[{"href":"https:\/\/vimaterial.de\/es\/wp-json\/wp\/v2\/types\/product"}],"replies":[{"embeddable":true,"href":"https:\/\/vimaterial.de\/es\/wp-json\/wp\/v2\/comments?post=1036611"}],"wp:featuredmedia":[{"embeddable":true,"href":"https:\/\/vimaterial.de\/es\/wp-json\/wp\/v2\/media\/1029889"}],"wp:attachment":[{"href":"https:\/\/vimaterial.de\/es\/wp-json\/wp\/v2\/media?parent=1036611"}],"wp:term":[{"taxonomy":"product_brand","embeddable":true,"href":"https:\/\/vimaterial.de\/es\/wp-json\/wp\/v2\/product_brand?post=1036611"},{"taxonomy":"product_cat","embeddable":true,"href":"https:\/\/vimaterial.de\/es\/wp-json\/wp\/v2\/product_cat?post=1036611"},{"taxonomy":"product_tag","embeddable":true,"href":"https:\/\/vimaterial.de\/es\/wp-json\/wp\/v2\/product_tag?post=1036611"}],"curies":[{"name":"wp","href":"https:\/\/api.w.org\/{rel}","templated":true}]}}