{"id":1036599,"date":"2024-08-16T11:21:46","date_gmt":"2024-08-16T03:21:46","guid":{"rendered":"https:\/\/vimaterial.de\/product\/oxido-de-lantano-y-titanio\/"},"modified":"2025-02-06T17:26:35","modified_gmt":"2025-02-06T09:26:35","slug":"oxido-de-lantano-y-titanio-la2ti2o7","status":"publish","type":"product","link":"https:\/\/vimaterial.de\/es\/product\/oxido-de-lantano-y-titanio-la2ti2o7\/","title":{"rendered":"\u00d3xido de lantano y titanio"},"content":{"rendered":"<p><span style=\"color: #0000ff;\"><a style=\"color: #0000ff;\" href=\"https:\/\/vimaterial.de\/es\/product\/titanato-de-lantano-oxido-de-lantano-y-titanio-2\/\">\u00d3xido de lantano y titanio<\/a> <\/span>La2Ti2O7 es un polvo compuesto de \u00f3xido met\u00e1lico con una estructura de tipo calcogenuro, que suele ser de color blanco o amarillo claro, con buena estabilidad qu\u00edmica, estructura cristalina \u00fanica y ciertas propiedades fotocatal\u00edticas y de otro tipo, y se utiliza en cat\u00e1lisis, cer\u00e1mica electr\u00f3nica y otros campos.<\/p>\n<p>VIMATERIAL es una empresa de innovaci\u00f3n qu\u00edmica de vanguardia especializada en materiales de alto rendimiento para aplicaciones de ingenier\u00eda avanzadas. Nuestros productos se caracterizan por su alta pureza, rendimiento estable, soporte para pedidos de lotes peque\u00f1os, inventario suficiente y plazos de entrega cortos. Tambi\u00e9n apoyamos el servicio de enlace de objetivos y aceptamos cualquier personalizaci\u00f3n y experimentaci\u00f3n del producto,<span style=\"color: #0000ff;\"><a style=\"color: #0000ff;\" href=\"https:\/\/vimaterial.de\/es\/contacto\/\"> cont\u00e1ctenos<\/a> <\/span>si necesita algo.<\/p>\n<h2><span style=\"font-size: 14pt;\">Caracter\u00edsticas<\/span><\/h2>\n<p>F\u00f3rmula molecular: La\u2082Ti\u2082O\u2087<\/p>\n<p>Peso molecular: 485.54<\/p>\n<p>Aspecto: generalmente p\u00f3lvora negra<\/p>\n<p>Densidad: 5,79 g\/cm\u00b3<\/p>\n<p>Punto de fusi\u00f3n: 1790 \u00b0C<\/p>\n<p>Estructura cristalina: pirocloro con estructura de calcocita<\/p>\n<h2><span style=\"font-size: 14pt;\">Aplicaciones<\/span><\/h2>\n<p>Materiales electr\u00f3nicos: Con sus buenas propiedades diel\u00e9ctricas, el polvo de \u00f3xido de titanio y lantano La2Ti2O7 se puede utilizar en la fabricaci\u00f3n de dispositivos cer\u00e1micos electr\u00f3nicos, como condensadores cer\u00e1micos multicapa, lo que ayuda a mejorar el rendimiento y la estabilidad de los dispositivos electr\u00f3nicos.<\/p>\n<p>Campo \u00f3ptico: El polvo de \u00f3xido de titanio y lantano La2Ti2O7 se puede utilizar en la preparaci\u00f3n de pel\u00edculas \u00f3pticas o recubrimientos \u00f3pticos debido a sus propiedades \u00f3pticas, que pueden modular y controlar la luz y aplicarse en filtros \u00f3pticos, espejos y otros componentes \u00f3pticos.<\/p>\n<p>Campo de energ\u00eda: En el almacenamiento y la conversi\u00f3n de energ\u00eda, el polvo de La\u2082Ti\u2082O\u2087 se puede utilizar como material de electrodo o material de electrolito, lo que puede ayudar a mejorar el rendimiento y la estabilidad de carga y descarga de las bater\u00edas, as\u00ed como desempe\u00f1ar un papel en dispositivos de energ\u00eda como las celdas de combustible de \u00f3xido s\u00f3lido.<\/p>\n<p>Campo del sensor: Utilizando las caracter\u00edsticas especiales de respuesta del polvo de La\u2082Ti\u2082O\u2087 a ciertos gases o sustancias, se puede utilizar para preparar sensores de gas o sensores qu\u00edmicos, realizando una detecci\u00f3n e identificaci\u00f3n altamente sensibles de gases espec\u00edficos o sustancias qu\u00edmicas.<\/p>\n<h2><span style=\"font-size: 14pt;\">Control de calidad<\/span><\/h2>\n<p><span style=\"color: #0000ff;\"><a style=\"color: #0000ff;\" href=\"https:\/\/vimaterial.de\/es\/control-de-calidad\/\">Nuestros productos<\/a> <\/span>est\u00e1n sujetos a un estricto sistema de gesti\u00f3n de calidad. Desde los materiales entrantes, el procesamiento, la inspecci\u00f3n final hasta la inspecci\u00f3n de f\u00e1brica, existen estrictos est\u00e1ndares de inspecci\u00f3n. Se toman estrictas medidas de aislamiento para el procesamiento no calificado para evitar que los productos no calificados fluyan al siguiente proceso. De acuerdo con los requisitos del cliente, proporcionamos muestras para la reinspecci\u00f3n del cliente.<\/p>\n<h2><span style=\"font-size: 14pt;\">Embalaje y almacenamiento<\/span><\/h2>\n<p>El polvo de \u00f3xido de titanio y lantano La2Ti2O7 se envasa en bolsas de vac\u00edo de doble capa o botellas de vac\u00edo de doble capa con cajas de cart\u00f3n exteriores.<\/p>\n<p>El polvo de \u00f3xido de titanio y lantano La2Ti2O7 debe almacenarse en un ambiente seco, fresco y ventilado, utilizando un empaque sellado para evitar la humedad, evitar el contacto con sustancias oxidantes y reductoras fuertes, para garantizar la estabilidad de sus propiedades.<\/p>\n","protected":false},"excerpt":{"rendered":"<p><span style=\"color: #0000ff;\"><a style=\"color: #0000ff;\" href=\"https:\/\/vimaterial.de\/es\/product\/titanato-de-lantano-oxido-de-lantano-y-titanio-2\/\">\u00d3xido de lantano y titanio<\/a><\/span><mark>La2Ti2O7<\/mark> es un polvo compuesto de \u00f3xido met\u00e1lico con una estructura de tipo calcogenuro, que suele ser de color blanco o amarillo claro, con buena estabilidad qu\u00edmica, estructura cristalina \u00fanica y ciertas propiedades fotocatal\u00edticas y de otro tipo, y se utiliza en cat\u00e1lisis, cer\u00e1mica electr\u00f3nica y otros campos.<\/p>\n","protected":false},"featured_media":1036365,"comment_status":"open","ping_status":"closed","template":"","meta":{"_acf_changed":false},"product_brand":[],"product_cat":[184],"product_tag":[],"class_list":{"0":"post-1036599","1":"product","2":"type-product","3":"status-publish","4":"has-post-thumbnail","6":"product_cat-materiales-de-tierras-raras","8":"first","9":"instock","10":"shipping-taxable","11":"product-type-variable"},"acf":[],"_links":{"self":[{"href":"https:\/\/vimaterial.de\/es\/wp-json\/wp\/v2\/product\/1036599","targetHints":{"allow":["GET"]}}],"collection":[{"href":"https:\/\/vimaterial.de\/es\/wp-json\/wp\/v2\/product"}],"about":[{"href":"https:\/\/vimaterial.de\/es\/wp-json\/wp\/v2\/types\/product"}],"replies":[{"embeddable":true,"href":"https:\/\/vimaterial.de\/es\/wp-json\/wp\/v2\/comments?post=1036599"}],"wp:featuredmedia":[{"embeddable":true,"href":"https:\/\/vimaterial.de\/es\/wp-json\/wp\/v2\/media\/1036365"}],"wp:attachment":[{"href":"https:\/\/vimaterial.de\/es\/wp-json\/wp\/v2\/media?parent=1036599"}],"wp:term":[{"taxonomy":"product_brand","embeddable":true,"href":"https:\/\/vimaterial.de\/es\/wp-json\/wp\/v2\/product_brand?post=1036599"},{"taxonomy":"product_cat","embeddable":true,"href":"https:\/\/vimaterial.de\/es\/wp-json\/wp\/v2\/product_cat?post=1036599"},{"taxonomy":"product_tag","embeddable":true,"href":"https:\/\/vimaterial.de\/es\/wp-json\/wp\/v2\/product_tag?post=1036599"}],"curies":[{"name":"wp","href":"https:\/\/api.w.org\/{rel}","templated":true}]}}