{"id":1036587,"date":"2024-08-16T11:21:29","date_gmt":"2024-08-16T03:21:29","guid":{"rendered":"https:\/\/vimaterial.de\/product\/telururo-de-indio-5\/"},"modified":"2025-02-06T18:01:51","modified_gmt":"2025-02-06T10:01:51","slug":"polvo-de-teluro-de-indio","status":"publish","type":"product","link":"https:\/\/vimaterial.de\/es\/product\/polvo-de-teluro-de-indio\/","title":{"rendered":"Telururo de indio"},"content":{"rendered":"<p>Los polvos <span style=\"color: #0000ff;\"><a style=\"color: #0000ff;\" href=\"https:\/\/vimaterial.de\/es\/product\/telururo-de-indio-2\/\">de teluro de indio<\/a> <\/span>son cristales c\u00fabicos negros con propiedades fotovoltaicas \u00fanicas y se usan com\u00fanmente en la fabricaci\u00f3n de dispositivos optoelectr\u00f3nicos como detectores infrarrojos, c\u00e9lulas solares, dispositivos semiconductores y como aislantes topol\u00f3gicos en campos de vanguardia como la informaci\u00f3n cu\u00e1ntica.<\/p>\n<p>VIMATERIAL es una empresa de innovaci\u00f3n qu\u00edmica de vanguardia especializada en materiales de alto rendimiento para aplicaciones de ingenier\u00eda avanzadas. Nuestros productos se caracterizan por su alta pureza, rendimiento estable, soporte para pedidos de lotes peque\u00f1os, inventario suficiente y plazos de entrega cortos. Tambi\u00e9n apoyamos el servicio de enlace de objetivos y aceptamos cualquier personalizaci\u00f3n y experimentaci\u00f3n del producto,<span style=\"color: #0000ff;\"> <a style=\"color: #0000ff;\" href=\"https:\/\/vimaterial.de\/es\/contacto\/\">cont\u00e1ctenos<\/a> <\/span>si necesita algo.<\/p>\n<h2><span style=\"font-size: 14pt;\">Caracter\u00edsticas<\/span><\/h2>\n<p>F\u00f3rmula molecular: In\u2082Te\u2083<\/p>\n<p>Peso molecular: 612.44<\/p>\n<p>Aspecto: cristal c\u00fabico negro<\/p>\n<p>Densidad: 5,8 g\/cm\u00b3<\/p>\n<p>Punto de fusi\u00f3n: 667\u00b0C<\/p>\n<p>Estructura cristalina: Estructura cristalina c\u00fabica<\/p>\n<h2><span style=\"font-size: 14pt;\">Aplicaciones<\/span><\/h2>\n<p>Campo de detecci\u00f3n infrarroja: con sus propiedades fotoel\u00e9ctricas especiales, puede producir una respuesta sensible a la luz infrarroja y se puede utilizar para fabricar detectores infrarrojos de alta sensibilidad, que se utilizan ampliamente en los campos de visi\u00f3n nocturna militar, monitoreo de seguridad e im\u00e1genes t\u00e9rmicas.<\/p>\n<p>Campo de c\u00e9lulas solares: como material semiconductor, puede absorber eficazmente la energ\u00eda luminosa y realizar la conversi\u00f3n fotoel\u00e9ctrica, que se puede utilizar para la preparaci\u00f3n de c\u00e9lulas solares, lo que ayuda a mejorar la eficiencia de la conversi\u00f3n fotoel\u00e9ctrica y la estabilidad de las c\u00e9lulas solares.<\/p>\n<p>Dispositivos semiconductores: el polvo de telururo de indio se puede utilizar en la fabricaci\u00f3n de una variedad de dispositivos semiconductores, como transistores, diodos, etc., para aprovechar sus propiedades el\u00e9ctricas \u00fanicas, puede mejorar el rendimiento y la frecuencia de funcionamiento del dispositivo, reducir el consumo de energ\u00eda.<\/p>\n<p>Campo de la optoelectr\u00f3nica: en el campo de la optoelectr\u00f3nica, como la comunicaci\u00f3n \u00f3ptica, el almacenamiento \u00f3ptico, etc., se puede utilizar como material de dispositivos clave como el modulador \u00f3ptico, el detector \u00f3ptico, etc., que pueden realizar la modulaci\u00f3n, detecci\u00f3n y almacenamiento eficientes de se\u00f1ales \u00f3pticas.<\/p>\n<h2><span style=\"font-size: 14pt;\">Control de calidad<\/span><\/h2>\n<p><a href=\"https:\/\/vimaterial.de\/es\/control-de-calidad\/\"><span style=\"color: #0000ff;\">Nuestros productos <\/span><\/a>est\u00e1n sujetos a un estricto sistema de gesti\u00f3n de calidad. Desde los materiales entrantes, el procesamiento, la inspecci\u00f3n final hasta la inspecci\u00f3n de f\u00e1brica, existen estrictos est\u00e1ndares de inspecci\u00f3n. Se toman estrictas medidas de aislamiento para el procesamiento no calificado para evitar que los productos no calificados fluyan al siguiente proceso. De acuerdo con los requisitos del cliente, proporcionamos muestras para la reinspecci\u00f3n del cliente.<\/p>\n<h2><span style=\"font-size: 14pt;\">Embalaje y almacenamiento<\/span><\/h2>\n<p>El polvo de teluro de indio se envasa en bolsas de doble vac\u00edo o botellas de doble vac\u00edo con cajas de cart\u00f3n exteriores.<\/p>\n<p>El polvo de teluro de indio debe almacenarse en un ambiente seco, fresco y ventilado, lejos del aire h\u00famedo y de agentes oxidantes fuertes, evitando la luz y el contacto con \u00e1cidos, \u00e1lcalis y otras sustancias corrosivas para evitar el deterioro.<\/p>\n","protected":false},"excerpt":{"rendered":"<p>Los polvo <span style=\"color: #0000ff;\"><a style=\"color: #0000ff;\" href=\"https:\/\/vimaterial.de\/es\/product\/telururo-de-indio-2\/\">de teluro de indio<\/a> <\/span>son cristales c\u00fabicos negros con propiedades fotovoltaicas \u00fanicas y se usan com\u00fanmente en la fabricaci\u00f3n de dispositivos optoelectr\u00f3nicos como detectores infrarrojos, c\u00e9lulas solares, dispositivos semiconductores y como aislantes topol\u00f3gicos en campos de vanguardia como la informaci\u00f3n cu\u00e1ntica.<\/p>\n","protected":false},"featured_media":1041402,"comment_status":"open","ping_status":"closed","template":"","meta":{"_acf_changed":false},"product_brand":[],"product_cat":[181],"product_tag":[],"class_list":{"0":"post-1036587","1":"product","2":"type-product","3":"status-publish","4":"has-post-thumbnail","6":"product_cat-materiales-calcogenuros","8":"first","9":"instock","10":"shipping-taxable","11":"product-type-variable"},"acf":[],"_links":{"self":[{"href":"https:\/\/vimaterial.de\/es\/wp-json\/wp\/v2\/product\/1036587","targetHints":{"allow":["GET"]}}],"collection":[{"href":"https:\/\/vimaterial.de\/es\/wp-json\/wp\/v2\/product"}],"about":[{"href":"https:\/\/vimaterial.de\/es\/wp-json\/wp\/v2\/types\/product"}],"replies":[{"embeddable":true,"href":"https:\/\/vimaterial.de\/es\/wp-json\/wp\/v2\/comments?post=1036587"}],"wp:featuredmedia":[{"embeddable":true,"href":"https:\/\/vimaterial.de\/es\/wp-json\/wp\/v2\/media\/1041402"}],"wp:attachment":[{"href":"https:\/\/vimaterial.de\/es\/wp-json\/wp\/v2\/media?parent=1036587"}],"wp:term":[{"taxonomy":"product_brand","embeddable":true,"href":"https:\/\/vimaterial.de\/es\/wp-json\/wp\/v2\/product_brand?post=1036587"},{"taxonomy":"product_cat","embeddable":true,"href":"https:\/\/vimaterial.de\/es\/wp-json\/wp\/v2\/product_cat?post=1036587"},{"taxonomy":"product_tag","embeddable":true,"href":"https:\/\/vimaterial.de\/es\/wp-json\/wp\/v2\/product_tag?post=1036587"}],"curies":[{"name":"wp","href":"https:\/\/api.w.org\/{rel}","templated":true}]}}