{"id":1036576,"date":"2024-08-16T11:21:17","date_gmt":"2024-08-16T03:21:17","guid":{"rendered":"https:\/\/vimaterial.de\/product\/telururo-de-indio-4\/"},"modified":"2025-02-07T11:00:16","modified_gmt":"2025-02-07T03:00:16","slug":"telururo-de-indio-4","status":"publish","type":"product","link":"https:\/\/vimaterial.de\/es\/product\/telururo-de-indio-4\/","title":{"rendered":"Telururo de indio"},"content":{"rendered":"<p>Los gr\u00e1nulos <span style=\"color: #0000ff;\"><a style=\"color: #0000ff;\" href=\"https:\/\/vimaterial.de\/es\/product\/polvo-de-teluro-de-indio\/\">de teluro de indio<\/a> <\/span>son materiales semiconductores de color negro con una estructura de sistema de cristal c\u00fabico que tienen aplicaciones importantes en detectores infrarrojos, c\u00e9lulas fotovoltaicas, materiales termoel\u00e9ctricos y dispositivos optoelectr\u00f3nicos.<\/p>\n<p>VIMATERIAL es una empresa de innovaci\u00f3n qu\u00edmica de vanguardia especializada en materiales de alto rendimiento para aplicaciones de ingenier\u00eda avanzadas. Nuestros productos se caracterizan por su alta pureza, rendimiento estable, soporte para pedidos de lotes peque\u00f1os, inventario suficiente y plazos de entrega cortos. Tambi\u00e9n apoyamos el servicio de enlace de objetivos y aceptamos cualquier personalizaci\u00f3n y experimentaci\u00f3n del producto,<span style=\"color: #0000ff;\"><a style=\"color: #0000ff;\" href=\"https:\/\/vimaterial.de\/es\/contacto\/\"> cont\u00e1ctenos<\/a><\/span> si necesita algo.<\/p>\n<h2><span style=\"font-size: 14pt;\">Caracter\u00edsticas<\/span><\/h2>\n<p>F\u00f3rmula molecular: In\u2082Te\u2083<\/p>\n<p>Peso molecular: 612.44<\/p>\n<p>Aspecto: cristal c\u00fabico negro<\/p>\n<p>Densidad: 5,8 g\/cm\u00b3<\/p>\n<p>Punto de fusi\u00f3n: 667\u00b0C<\/p>\n<p>Estructura cristalina: Sistema de cristal c\u00fabico<\/p>\n<h2><span style=\"font-size: 14pt;\">Aplicaciones<\/span><\/h2>\n<p>Industria fotovoltaica: Como material para c\u00e9lulas fotovoltaicas, los gr\u00e1nulos de teluro de indio pueden absorber eficazmente la luz solar y aumentar la eficiencia de conversi\u00f3n fotovoltaica de las c\u00e9lulas solares, promoviendo as\u00ed el desarrollo de la industria fotovoltaica.<\/p>\n<p>Termoelectricidad: Sobre la base de sus buenas propiedades termoel\u00e9ctricas, los gr\u00e1nulos de teluro de indio se pueden utilizar para fabricar materiales termoel\u00e9ctricos, realizando la conversi\u00f3n eficiente de calor y electricidad, y aplic\u00e1ndose a la generaci\u00f3n de energ\u00eda por diferencia de temperatura y refrigeraci\u00f3n termoel\u00e9ctrica.<\/p>\n<p>Optoelectr\u00f3nica: En optoelectr\u00f3nica, los gr\u00e1nulos de teluro de indio se utilizan para fabricar diodos emisores de luz (LED) y diodos l\u00e1ser para respaldar las comunicaciones \u00f3pticas, el almacenamiento \u00f3ptico y las tecnolog\u00edas de visualizaci\u00f3n.<\/p>\n<p>Electr\u00f3nica: Los gr\u00e1nulos de teluro de indio se utilizan como materiales de electrodos o capas de semiconductores en dispositivos electr\u00f3nicos, utilizando su alta movilidad de electrones para aumentar significativamente la velocidad y la eficiencia de los dispositivos electr\u00f3nicos de alta frecuencia.<\/p>\n<h2><span style=\"font-size: 14pt;\">Control de calidad<\/span><\/h2>\n<p><span style=\"color: #0000ff;\"><a style=\"color: #0000ff;\" href=\"https:\/\/vimaterial.de\/es\/control-de-calidad\/\">Nuestros productos<\/a> <\/span>est\u00e1n sujetos a un estricto sistema de gesti\u00f3n de calidad. Desde los materiales entrantes, el procesamiento, la inspecci\u00f3n final hasta la inspecci\u00f3n de f\u00e1brica, existen estrictos est\u00e1ndares de inspecci\u00f3n. Se toman estrictas medidas de aislamiento para el procesamiento no calificado para evitar que los productos no calificados fluyan al siguiente proceso. De acuerdo con los requisitos del cliente, proporcionamos muestras para la reinspecci\u00f3n del cliente.<\/p>\n<h2><span style=\"font-size: 14pt;\">Embalaje y almacenamiento<\/span><\/h2>\n<p>Los gr\u00e1nulos de telururo de indio se envasan en bolsas de vac\u00edo dobles o botellas de vac\u00edo dobles con cajas de cart\u00f3n exteriores.<\/p>\n<p>Los gr\u00e1nulos de teluro de indio deben almacenarse en un ambiente fresco, seco y bien ventilado a temperatura ambiente y fuera de la luz solar directa, preferiblemente en recipientes sellados para evitar la humedad, la oxidaci\u00f3n y la reacci\u00f3n con otras sustancias, y lejos de fuentes de fuego, calor y agentes oxidantes fuertes.<\/p>\n","protected":false},"excerpt":{"rendered":"<p>Los gr\u00e1nulos <span style=\"color: #0000ff;\"><a style=\"color: #0000ff;\" href=\"https:\/\/vimaterial.de\/es\/product\/polvo-de-teluro-de-indio\/\">de teluro de indio<\/a> <\/span>son materiales semiconductores de color negro con una estructura de sistema de cristal c\u00fabico que tienen aplicaciones importantes en detectores infrarrojos, c\u00e9lulas fotovoltaicas, materiales termoel\u00e9ctricos y dispositivos optoelectr\u00f3nicos.<\/p>\n","protected":false},"featured_media":1036349,"comment_status":"open","ping_status":"closed","template":"","meta":{"_acf_changed":false},"product_brand":[],"product_cat":[179],"product_tag":[],"class_list":{"0":"post-1036576","1":"product","2":"type-product","3":"status-publish","4":"has-post-thumbnail","6":"product_cat-materiales-de-evaporacion","8":"first","9":"instock","10":"shipping-taxable","11":"product-type-variable"},"acf":[],"_links":{"self":[{"href":"https:\/\/vimaterial.de\/es\/wp-json\/wp\/v2\/product\/1036576","targetHints":{"allow":["GET"]}}],"collection":[{"href":"https:\/\/vimaterial.de\/es\/wp-json\/wp\/v2\/product"}],"about":[{"href":"https:\/\/vimaterial.de\/es\/wp-json\/wp\/v2\/types\/product"}],"replies":[{"embeddable":true,"href":"https:\/\/vimaterial.de\/es\/wp-json\/wp\/v2\/comments?post=1036576"}],"wp:featuredmedia":[{"embeddable":true,"href":"https:\/\/vimaterial.de\/es\/wp-json\/wp\/v2\/media\/1036349"}],"wp:attachment":[{"href":"https:\/\/vimaterial.de\/es\/wp-json\/wp\/v2\/media?parent=1036576"}],"wp:term":[{"taxonomy":"product_brand","embeddable":true,"href":"https:\/\/vimaterial.de\/es\/wp-json\/wp\/v2\/product_brand?post=1036576"},{"taxonomy":"product_cat","embeddable":true,"href":"https:\/\/vimaterial.de\/es\/wp-json\/wp\/v2\/product_cat?post=1036576"},{"taxonomy":"product_tag","embeddable":true,"href":"https:\/\/vimaterial.de\/es\/wp-json\/wp\/v2\/product_tag?post=1036576"}],"curies":[{"name":"wp","href":"https:\/\/api.w.org\/{rel}","templated":true}]}}