{"id":1036574,"date":"2024-08-16T11:21:29","date_gmt":"2024-08-16T03:21:29","guid":{"rendered":"https:\/\/vimaterial.de\/product\/boruro-de-bario\/"},"modified":"2025-02-06T18:13:32","modified_gmt":"2025-02-06T10:13:32","slug":"boruro-de-bario","status":"publish","type":"product","link":"https:\/\/vimaterial.de\/es\/product\/boruro-de-bario\/","title":{"rendered":"Boruro de bario"},"content":{"rendered":"<p><span style=\"color: #0000ff;\"><a style=\"color: #0000ff;\" href=\"https:\/\/vimaterial.de\/es\/product\/bromuro-de-bario\/\">Borido de bario<\/a> <\/span>El polvo es un polvo negro con brillo met\u00e1lico, caracterizado por un alto punto de fusi\u00f3n, alta dureza, buena conductividad el\u00e9ctrica y estabilidad qu\u00edmica, que tiene importantes aplicaciones en electr\u00f3nica, metalurgia y cer\u00e1mica.<\/p>\n<p>VIMATERIAL es una empresa de innovaci\u00f3n qu\u00edmica de vanguardia especializada en materiales de alto rendimiento para aplicaciones de ingenier\u00eda avanzadas. Nuestros productos se caracterizan por su alta pureza, rendimiento estable, soporte para pedidos de lotes peque\u00f1os, inventario suficiente y plazos de entrega cortos. Tambi\u00e9n apoyamos el servicio de enlace de objetivos y aceptamos cualquier personalizaci\u00f3n y experimentaci\u00f3n del producto, <span style=\"color: #0000ff;\"><a style=\"color: #0000ff;\" href=\"https:\/\/vimaterial.de\/es\/contacto\/\">cont\u00e1ctenos<\/a><\/span> si necesita algo.<\/p>\n<h2><span style=\"font-size: 14pt;\">Caracter\u00edsticas<\/span><\/h2>\n<p>F\u00f3rmula molecular: BaB\u2086.<\/p>\n<p>Peso molecular: 202.193<\/p>\n<p>Aspecto: Polvo negro p\u00farpura o negro<\/p>\n<p>Densidad: 4,36 g\/cm\u00b3<\/p>\n<p>Punto de fusi\u00f3n: 2270 \u00b0C<\/p>\n<p>Estructura cristalina: Sistema cristalino c\u00fabico.<\/p>\n<h2><span style=\"font-size: 14pt;\">Aplicaciones<\/span><\/h2>\n<p>Campo de emisi\u00f3n de electrones: el polvo de boruro de bario se utiliza como material de c\u00e1todo para el ca\u00f1\u00f3n de electrones debido a su excelente rendimiento de emisi\u00f3n t\u00e9rmica de electrones, que mejora significativamente la eficiencia y la estabilidad de la emisi\u00f3n de electrones y ayuda al funcionamiento normal del equipo de procesamiento de haz de electrones y microscopio electr\u00f3nico.<\/p>\n<p>Recubrimiento de herramientas de corte: el polvo de boruro de bario se aplica a la superficie de las herramientas de corte como un recubrimiento, lo que puede mejorar en gran medida la resistencia al desgaste y el rendimiento de corte de las herramientas de corte, realizar un corte de alta velocidad y alta eficiencia, y prolongar la vida \u00fatil de las herramientas de corte.<\/p>\n<p>Fabricaci\u00f3n de cer\u00e1mica: Como aditivo agregado a las materias primas cer\u00e1micas, el polvo de boruro de bario puede optimizar el rendimiento de sinterizaci\u00f3n de la cer\u00e1mica, mejorar la resistencia mec\u00e1nica y la resistencia a altas temperaturas de la cer\u00e1mica, y es ampliamente utilizado en la producci\u00f3n de cer\u00e1micas especiales.<\/p>\n<h2><span style=\"font-size: 14pt;\">Control de calidad<\/span><\/h2>\n<p><span style=\"color: #0000ff;\"><a style=\"color: #0000ff;\" href=\"https:\/\/vimaterial.de\/es\/control-de-calidad\/\">Nuestros productos<\/a> <\/span>est\u00e1n sujetos a un estricto sistema de gesti\u00f3n de calidad. Desde los materiales entrantes, el procesamiento, la inspecci\u00f3n final hasta la inspecci\u00f3n de f\u00e1brica, existen estrictos est\u00e1ndares de inspecci\u00f3n. Se toman estrictas medidas de aislamiento para el procesamiento no calificado para evitar que los productos no calificados fluyan al siguiente proceso. De acuerdo con los requisitos del cliente, proporcionamos muestras para la reinspecci\u00f3n del cliente.<\/p>\n<h2><span style=\"font-size: 14pt;\">Embalaje y almacenamiento<\/span><\/h2>\n<p>El polvo de boruro de bario se envasa en una bolsa de vac\u00edo de doble capa o en una botella de vac\u00edo de doble capa con cart\u00f3n exterior.<\/p>\n<p>El polvo de boruro de bario debe almacenarse en un ambiente sellado, seco y fresco, lejos de agentes oxidantes fuertes, \u00e1cidos, \u00e1lcalis y otras sustancias, para evitar la humedad, la oxidaci\u00f3n y otras reacciones qu\u00edmicas que afecten su rendimiento.<\/p>\n","protected":false},"excerpt":{"rendered":"<p>El polvo de boruro de bario es un polvo negro con brillo met\u00e1lico, caracterizado por un alto punto de fusi\u00f3n, alta dureza, buena conductividad el\u00e9ctrica y estabilidad qu\u00edmica, que tiene importantes aplicaciones en electr\u00f3nica, metalurgia y cer\u00e1mica.<\/p>\n","protected":false},"featured_media":1036358,"comment_status":"open","ping_status":"closed","template":"","meta":{"_acf_changed":false},"product_brand":[],"product_cat":[183],"product_tag":[],"class_list":{"0":"post-1036574","1":"product","2":"type-product","3":"status-publish","4":"has-post-thumbnail","6":"product_cat-c-n-b-si-materiales","8":"first","9":"instock","10":"shipping-taxable","11":"product-type-variable"},"acf":[],"_links":{"self":[{"href":"https:\/\/vimaterial.de\/es\/wp-json\/wp\/v2\/product\/1036574","targetHints":{"allow":["GET"]}}],"collection":[{"href":"https:\/\/vimaterial.de\/es\/wp-json\/wp\/v2\/product"}],"about":[{"href":"https:\/\/vimaterial.de\/es\/wp-json\/wp\/v2\/types\/product"}],"replies":[{"embeddable":true,"href":"https:\/\/vimaterial.de\/es\/wp-json\/wp\/v2\/comments?post=1036574"}],"wp:featuredmedia":[{"embeddable":true,"href":"https:\/\/vimaterial.de\/es\/wp-json\/wp\/v2\/media\/1036358"}],"wp:attachment":[{"href":"https:\/\/vimaterial.de\/es\/wp-json\/wp\/v2\/media?parent=1036574"}],"wp:term":[{"taxonomy":"product_brand","embeddable":true,"href":"https:\/\/vimaterial.de\/es\/wp-json\/wp\/v2\/product_brand?post=1036574"},{"taxonomy":"product_cat","embeddable":true,"href":"https:\/\/vimaterial.de\/es\/wp-json\/wp\/v2\/product_cat?post=1036574"},{"taxonomy":"product_tag","embeddable":true,"href":"https:\/\/vimaterial.de\/es\/wp-json\/wp\/v2\/product_tag?post=1036574"}],"curies":[{"name":"wp","href":"https:\/\/api.w.org\/{rel}","templated":true}]}}