{"id":1036564,"date":"2024-08-16T11:21:17","date_gmt":"2024-08-16T03:21:17","guid":{"rendered":"https:\/\/vimaterial.de\/product\/seleniuro-de-indio-6\/"},"modified":"2025-02-07T09:55:26","modified_gmt":"2025-02-07T01:55:26","slug":"seleniuro-de-indio-6","status":"publish","type":"product","link":"https:\/\/vimaterial.de\/es\/product\/seleniuro-de-indio-6\/","title":{"rendered":"Seleniuro de indio"},"content":{"rendered":"<p><span style=\"color: #0000ff;\"><a style=\"color: #0000ff;\" href=\"https:\/\/vimaterial.de\/es\/product\/seleniuro-de-indio-4\/\">Seleniuro de indio<\/a><\/span> El polvo es un material semiconductor con una estructura en capas que aparece en color negro o negro-gris y se utiliza en aplicaciones como dispositivos optoelectr\u00f3nicos, detecci\u00f3n de infrarrojos y computaci\u00f3n cu\u00e1ntica topol\u00f3gica.<\/p>\n<p>VIMATERIAL es una empresa de innovaci\u00f3n qu\u00edmica de vanguardia especializada en materiales de alto rendimiento para aplicaciones de ingenier\u00eda avanzadas. Nuestros productos se caracterizan por su alta pureza, rendimiento estable, soporte para pedidos de lotes peque\u00f1os, inventario suficiente y plazos de entrega cortos. Tambi\u00e9n apoyamos el servicio de enlace de objetivos y aceptamos cualquier personalizaci\u00f3n y experimentaci\u00f3n del producto, <span style=\"color: #0000ff;\"><a style=\"color: #0000ff;\" href=\"https:\/\/vimaterial.de\/es\/contacto\/\">cont\u00e1ctenos<\/a><\/span> si necesita algo.<\/p>\n<h2><span style=\"font-size: 14pt;\">Caracter\u00edsticas<\/span><\/h2>\n<p>F\u00f3rmula molecular: In\u2082Se\u2083<\/p>\n<p>Peso molecular: 466.52<\/p>\n<p>Aspecto: polvo cristalino negro<\/p>\n<p>Densidad: 5,67 g\/cm\u00b3<\/p>\n<p>Punto de fusi\u00f3n: 890\u00b0C<\/p>\n<p>Estructura cristalina: Se compone principalmente de estructuras cristalinas de \u03b1, \u03b2, \u03b3, \u03b4 y \u03ba, entre las cuales \u03b1-In\u2082Se\u2083 y \u03b3-In\u2082Se\u2083 pueden existir de manera estable a temperatura ambiente.<\/p>\n<h2><span style=\"font-size: 14pt;\">Aplicaciones<\/span><\/h2>\n<p>Dispositivos optoelectr\u00f3nicos: Con sus propiedades fotoel\u00e9ctricas \u00fanicas, el polvo de selenuro de indio es ampliamente utilizado en la fabricaci\u00f3n de c\u00e9lulas solares, fotodetectores, etc., que pueden mejorar efectivamente la eficiencia de conversi\u00f3n fotoel\u00e9ctrica.<\/p>\n<p>Materiales semiconductores: El polvo de seleniuro de indio es un material importante para la preparaci\u00f3n de transistores, circuitos integrados y otros dispositivos semiconductores, lo que ayuda a mejorar el rendimiento y la estabilidad de los dispositivos.<\/p>\n<p>\u00d3ptica infrarroja: buenas propiedades \u00f3pticas en la banda infrarroja, se puede utilizar para fabricar ventanas infrarrojas, lentes y otros componentes \u00f3pticos.<\/p>\n<p>Materiales termoel\u00e9ctricos: con ciertas propiedades termoel\u00e9ctricas, se pueden aplicar en los campos de generaci\u00f3n de energ\u00eda por diferencia de temperatura y refrigeraci\u00f3n termoel\u00e9ctrica para realizar la conversi\u00f3n mutua de energ\u00eda t\u00e9rmica y energ\u00eda el\u00e9ctrica.<\/p>\n<h2><span style=\"font-size: 14pt;\">Control de calidad<\/span><\/h2>\n<p><span style=\"color: #0000ff;\"><a style=\"color: #0000ff;\" href=\"https:\/\/vimaterial.de\/es\/control-de-calidad\/\">Nuestros productos<\/a><\/span> est\u00e1n sujetos a un estricto sistema de gesti\u00f3n de calidad. Desde los materiales entrantes, el procesamiento, la inspecci\u00f3n final hasta la inspecci\u00f3n de f\u00e1brica, existen estrictos est\u00e1ndares de inspecci\u00f3n. Se toman estrictas medidas de aislamiento para el procesamiento no calificado para evitar que los productos no calificados fluyan al siguiente proceso. De acuerdo con los requisitos del cliente, proporcionamos muestras para la reinspecci\u00f3n del cliente.<\/p>\n<h2><span style=\"font-size: 14pt;\">Embalaje y almacenamiento<\/span><\/h2>\n<p>El polvo de seleniuro de indio se envasa en una bolsa de vac\u00edo de doble capa o en una botella de vac\u00edo de doble capa con cart\u00f3n exterior.<\/p>\n<p>El polvo de selenuro de indio debe almacenarse en un ambiente protegido por gas inerte, seco y a baja temperatura, evitando el contacto con el aire y la humedad para evitar la oxidaci\u00f3n y el deterioro.<\/p>\n","protected":false},"excerpt":{"rendered":"<p><span style=\"color: #0000ff;\"><a style=\"color: #0000ff;\" href=\"https:\/\/vimaterial.de\/en\/product\/indium-selenide\/\">Seleniuro de indio<\/a><\/span> El polvo es un material semiconductor con una estructura en capas que aparece en color negro o negro-gris y se utiliza en aplicaciones como dispositivos optoelectr\u00f3nicos, detecci\u00f3n de infrarrojos y computaci\u00f3n cu\u00e1ntica topol\u00f3gica.<\/p>\n","protected":false},"featured_media":1036342,"comment_status":"open","ping_status":"closed","template":"","meta":{"_acf_changed":false},"product_brand":[],"product_cat":[181],"product_tag":[],"class_list":{"0":"post-1036564","1":"product","2":"type-product","3":"status-publish","4":"has-post-thumbnail","6":"product_cat-materiales-calcogenuros","8":"first","9":"instock","10":"shipping-taxable","11":"product-type-variable"},"acf":[],"_links":{"self":[{"href":"https:\/\/vimaterial.de\/es\/wp-json\/wp\/v2\/product\/1036564","targetHints":{"allow":["GET"]}}],"collection":[{"href":"https:\/\/vimaterial.de\/es\/wp-json\/wp\/v2\/product"}],"about":[{"href":"https:\/\/vimaterial.de\/es\/wp-json\/wp\/v2\/types\/product"}],"replies":[{"embeddable":true,"href":"https:\/\/vimaterial.de\/es\/wp-json\/wp\/v2\/comments?post=1036564"}],"wp:featuredmedia":[{"embeddable":true,"href":"https:\/\/vimaterial.de\/es\/wp-json\/wp\/v2\/media\/1036342"}],"wp:attachment":[{"href":"https:\/\/vimaterial.de\/es\/wp-json\/wp\/v2\/media?parent=1036564"}],"wp:term":[{"taxonomy":"product_brand","embeddable":true,"href":"https:\/\/vimaterial.de\/es\/wp-json\/wp\/v2\/product_brand?post=1036564"},{"taxonomy":"product_cat","embeddable":true,"href":"https:\/\/vimaterial.de\/es\/wp-json\/wp\/v2\/product_cat?post=1036564"},{"taxonomy":"product_tag","embeddable":true,"href":"https:\/\/vimaterial.de\/es\/wp-json\/wp\/v2\/product_tag?post=1036564"}],"curies":[{"name":"wp","href":"https:\/\/api.w.org\/{rel}","templated":true}]}}