{"id":1036560,"date":"2024-08-16T11:21:16","date_gmt":"2024-08-16T03:21:16","guid":{"rendered":"https:\/\/vimaterial.de\/product\/aleacion-de-cobre-y-circonio-3\/"},"modified":"2025-02-07T11:24:09","modified_gmt":"2025-02-07T03:24:09","slug":"aleacion-de-cobre-y-circonio-3","status":"publish","type":"product","link":"https:\/\/vimaterial.de\/es\/product\/aleacion-de-cobre-y-circonio-3\/","title":{"rendered":"Aleaci\u00f3n de cobre y circonio"},"content":{"rendered":"<p>El objetivo de pulverizaci\u00f3n cat\u00f3dica de <span style=\"color: #0000ff;\"><a style=\"color: #0000ff;\" href=\"https:\/\/vimaterial.de\/es\/product\/aleacion-de-cobre-y-circonio-2\/\">cobre y circonio<\/a><\/span> es un objetivo de pulverizaci\u00f3n cat\u00f3dica a base de cobre y circonio con buena conductividad el\u00e9ctrica, alta resistencia y alta dureza, que se utiliza principalmente en semiconductores y dispositivos electr\u00f3nicos.<\/p>\n<p>VIMATERIAL es una empresa de innovaci\u00f3n qu\u00edmica de vanguardia especializada en materiales de alto rendimiento para aplicaciones de ingenier\u00eda avanzadas. Nuestros productos se caracterizan por su alta pureza, rendimiento estable, soporte para pedidos de lotes peque\u00f1os, inventario suficiente y plazos de entrega cortos. Tambi\u00e9n apoyamos el servicio de enlace de objetivos y aceptamos cualquier personalizaci\u00f3n y experimentaci\u00f3n del producto,<span style=\"color: #0000ff;\"><a style=\"color: #0000ff;\" href=\"https:\/\/vimaterial.de\/es\/contacto\/\"> cont\u00e1ctenos<\/a><\/span> si necesita algo.<\/p>\n<h2><span style=\"font-size: 14pt;\">Caracter\u00edsticas<\/span><\/h2>\n<p>F\u00f3rmula molecular: CuZr<\/p>\n<p>Peso molecular: alrededor de 154.77<\/p>\n<p>Aspecto: Blanco met\u00e1lico rojizo<\/p>\n<h2><span style=\"font-size: 14pt;\">Aplicaciones<\/span><\/h2>\n<p>Industria de semiconductores: Los objetivos de pulverizaci\u00f3n cat\u00f3dica de cobre y circonio se utilizan en la fabricaci\u00f3n de chips semiconductores para la deposici\u00f3n por pulverizaci\u00f3n cat\u00f3dica de pel\u00edculas delgadas de aleaciones de cobre y circonio para formar interconexiones de alto rendimiento y mejorar la conductividad y confiabilidad de los chips.<\/p>\n<p>En el campo de los dispositivos electr\u00f3nicos: En la producci\u00f3n de dispositivos electr\u00f3nicos, el objetivo de pulverizaci\u00f3n cat\u00f3dica se puede utilizar para formar capas protectoras y conductoras en la superficie del dispositivo a trav\u00e9s del proceso de pulverizaci\u00f3n cat\u00f3dica, lo que mejora la estabilidad y la conductividad del dispositivo electr\u00f3nico y prolonga su vida \u00fatil.<\/p>\n<p>Recubrimiento \u00f3ptico: En el campo del recubrimiento \u00f3ptico, los objetivos de pulverizaci\u00f3n cat\u00f3dica de cobre y circonio se pueden utilizar para preparar pel\u00edculas delgadas con propiedades \u00f3pticas especiales, que pueden proporcionar una mejora de la transmitancia, reflexi\u00f3n y otras funciones para los componentes \u00f3pticos y mejorar el rendimiento de los sistemas \u00f3pticos.<\/p>\n<h2><span style=\"font-size: 14pt;\">Control de calidad<\/span><\/h2>\n<p><span style=\"color: #0000ff;\"><a style=\"color: #0000ff;\" href=\"https:\/\/vimaterial.de\/es\/control-de-calidad\/\">Nuestros productos<\/a><\/span> est\u00e1n sujetos a un estricto sistema de gesti\u00f3n de calidad. Desde los materiales entrantes, el procesamiento, la inspecci\u00f3n final hasta la inspecci\u00f3n de f\u00e1brica, existen estrictos est\u00e1ndares de inspecci\u00f3n. Se toman estrictas medidas de aislamiento para el procesamiento no calificado para evitar que los productos no calificados fluyan al siguiente proceso. De acuerdo con los requisitos del cliente, proporcionamos muestras para la reinspecci\u00f3n del cliente.<\/p>\n<h2><span style=\"font-size: 14pt;\">Embalaje y almacenamiento<\/span><\/h2>\n<p>Los objetivos de pulverizaci\u00f3n cat\u00f3dica de cobre y circonio se empaquetan en bolsas de vac\u00edo dobles y se empaquetan en cajas de cart\u00f3n exteriores.<\/p>\n<p>Los objetivos de pulverizaci\u00f3n cat\u00f3dica de cobre y circonio deben almacenarse en un ambiente seco y limpio con una temperatura adecuada y sin gases corrosivos, y deben encapsularse en empaques a prueba de humedad o recipientes sellados para evitar que la oxidaci\u00f3n, la humedad y la contaminaci\u00f3n de la superficie afecten su rendimiento.<\/p>\n","protected":false},"excerpt":{"rendered":"<p>El objetivo de pulverizaci\u00f3n cat\u00f3dica de <span style=\"color: #0000ff;\"><a style=\"color: #0000ff;\" href=\"https:\/\/vimaterial.de\/es\/product\/aleacion-de-cobre-y-circonio-2\/\">cobre y circonio<\/a><\/span> es un objetivo de pulverizaci\u00f3n cat\u00f3dica a base de cobre y circonio con buena conductividad el\u00e9ctrica, alta resistencia y alta dureza, que se utiliza principalmente en semiconductores y dispositivos electr\u00f3nicos.<\/p>\n","protected":false},"featured_media":1003413,"comment_status":"open","ping_status":"closed","template":"","meta":{"_acf_changed":false},"product_brand":[],"product_cat":[178],"product_tag":[],"class_list":{"0":"post-1036560","1":"product","2":"type-product","3":"status-publish","4":"has-post-thumbnail","6":"product_cat-catodos-para-sputtering-planar","8":"first","9":"instock","10":"shipping-taxable","11":"purchasable","12":"product-type-variable"},"acf":[],"_links":{"self":[{"href":"https:\/\/vimaterial.de\/es\/wp-json\/wp\/v2\/product\/1036560","targetHints":{"allow":["GET"]}}],"collection":[{"href":"https:\/\/vimaterial.de\/es\/wp-json\/wp\/v2\/product"}],"about":[{"href":"https:\/\/vimaterial.de\/es\/wp-json\/wp\/v2\/types\/product"}],"replies":[{"embeddable":true,"href":"https:\/\/vimaterial.de\/es\/wp-json\/wp\/v2\/comments?post=1036560"}],"wp:featuredmedia":[{"embeddable":true,"href":"https:\/\/vimaterial.de\/es\/wp-json\/wp\/v2\/media\/1003413"}],"wp:attachment":[{"href":"https:\/\/vimaterial.de\/es\/wp-json\/wp\/v2\/media?parent=1036560"}],"wp:term":[{"taxonomy":"product_brand","embeddable":true,"href":"https:\/\/vimaterial.de\/es\/wp-json\/wp\/v2\/product_brand?post=1036560"},{"taxonomy":"product_cat","embeddable":true,"href":"https:\/\/vimaterial.de\/es\/wp-json\/wp\/v2\/product_cat?post=1036560"},{"taxonomy":"product_tag","embeddable":true,"href":"https:\/\/vimaterial.de\/es\/wp-json\/wp\/v2\/product_tag?post=1036560"}],"curies":[{"name":"wp","href":"https:\/\/api.w.org\/{rel}","templated":true}]}}