{"id":1036548,"date":"2024-08-16T11:21:15","date_gmt":"2024-08-16T03:21:15","guid":{"rendered":"https:\/\/vimaterial.de\/product\/aleacion-de-cobre-y-niquel-3\/"},"modified":"2025-02-07T15:10:24","modified_gmt":"2025-02-07T07:10:24","slug":"aleacion-de-cobre-y-niquel-3","status":"publish","type":"product","link":"https:\/\/vimaterial.de\/es\/product\/aleacion-de-cobre-y-niquel-3\/","title":{"rendered":"Aleaci\u00f3n de cobre y n\u00edquel"},"content":{"rendered":"<p>El objetivo de pulverizaci\u00f3n cat\u00f3dica de <span style=\"color: #0000ff;\"><a style=\"color: #0000ff;\" href=\"https:\/\/vimaterial.de\/es\/product\/aleacion-de-cobre-y-niquel-2\/\">cobre y n\u00edquel<\/a> <\/span>es un tipo de material objetivo sintetizado por cobre y n\u00edquel en una cierta proporci\u00f3n. Estos objetivos de pulverizaci\u00f3n cat\u00f3dica muestran un excelente rendimiento general y tienen una amplia gama de aplicaciones en electr\u00f3nica, \u00f3ptica, energ\u00eda y muchos otros campos.<\/p>\n<p>VIMATERIAL siempre ha estado comprometida con la investigaci\u00f3n, el desarrollo y la innovaci\u00f3n en profundidad de materiales de alto rendimiento. Nuestros objetivos de pulverizaci\u00f3n cat\u00f3dica de CuNi son conocidos por su alta pureza, rendimiento de pulverizaci\u00f3n cat\u00f3dica estable, flexibilidad para aceptar pedidos peque\u00f1os, garant\u00eda de stock suficiente y ciclo de entrega r\u00e1pido. Adem\u00e1s, ofrecemos una gama completa de servicios personalizados de vinculaci\u00f3n de objetivos. <span style=\"color: #0000ff;\"><a style=\"color: #0000ff;\" href=\"https:\/\/vimaterial.de\/es\/contacto\/\">P\u00f3ngase en contacto con nosotros<\/a><\/span> para cualquier pregunta o necesidad.<\/p>\n<h2><span style=\"font-size: 14pt;\">Caracter\u00edsticas<\/span><\/h2>\n<p>F\u00f3rmula qu\u00edmica: CuNi<\/p>\n<p>Aspecto: Blanco de color met\u00e1lico con algo de brillo, superficie lisa<\/p>\n<p>Estructura cristalina: estructura t\u00edpica de soluci\u00f3n s\u00f3lida de aleaci\u00f3n, los \u00e1tomos de cobre y n\u00edquel se distribuyen uniformemente en la red.<\/p>\n<h2><span style=\"font-size: 14pt;\">Aplicaciones<\/span><\/h2>\n<p>Campo de informaci\u00f3n electr\u00f3nica: En la fabricaci\u00f3n de chips semiconductores, el objetivo de pulverizaci\u00f3n cat\u00f3dica de CuNi se usa com\u00fanmente en la preparaci\u00f3n de la capa de interconexi\u00f3n de metal y la capa de barrera.<\/p>\n<p>Recubrimiento \u00f3ptico: Las pel\u00edculas delgadas preparadas con objetivos de pulverizaci\u00f3n cat\u00f3dica de CuNi tienen propiedades \u00f3pticas \u00fanicas y se pueden utilizar para fabricar componentes \u00f3pticos como filtros \u00f3pticos, espejos y pel\u00edculas de mejora de la transmitancia.<\/p>\n<p>Campo de energ\u00eda: En la modificaci\u00f3n de la superficie de los materiales de los electrodos para las bater\u00edas de iones de litio, las pel\u00edculas delgadas preparadas por los objetivos de pulverizaci\u00f3n cat\u00f3dica de CuNi pueden mejorar la conductividad y la estabilidad del ciclo de los electrodos, y aumentar la eficiencia de carga y descarga y la vida \u00fatil de las bater\u00edas. Adem\u00e1s, en el campo de las c\u00e9lulas solares, los electrodos conductores transparentes preparados mediante pulverizaci\u00f3n cat\u00f3dica de pel\u00edculas delgadas de CuNi pueden mejorar eficazmente la eficiencia de conversi\u00f3n fotoel\u00e9ctrica de las c\u00e9lulas solares, reducir los costos de fabricaci\u00f3n y promover el desarrollo de la industria de la energ\u00eda solar.<\/p>\n<p>Protecci\u00f3n de la superficie: Debido a la buena resistencia a la corrosi\u00f3n y las propiedades decorativas de la aleaci\u00f3n de CuNi, los objetivos de pulverizaci\u00f3n cat\u00f3dica de CuNi se utilizan ampliamente en la protecci\u00f3n de la superficie y el recubrimiento decorativo de productos met\u00e1licos.<\/p>\n<h2><span style=\"font-size: 14pt;\">Control de calidad<\/span><\/h2>\n<p>Hemos establecido un sistema de gesti\u00f3n de <span style=\"color: #0000ff;\"><a style=\"color: #0000ff;\" href=\"https:\/\/vimaterial.de\/es\/control-de-calidad\/\">calidad integral y estricto<\/a><\/span> para cada lote de productos para controlar la calidad del producto desde la fuente. En la etapa de inspecci\u00f3n del producto terminado, se utilizan equipos y medios de prueba avanzados para llevar a cabo pruebas exhaustivas y detalladas de \u00edndices clave como la densidad, la pureza, la estructura de organizaci\u00f3n, la planitud, la rugosidad y el rendimiento de pulverizaci\u00f3n cat\u00f3dica del material objetivo. Para cualquier producto que no cumpla con los est\u00e1ndares de calidad, tomamos inmediatamente estrictas medidas de aislamiento y prohibimos estrictamente que ingrese al siguiente proceso de producci\u00f3n o venta.<\/p>\n<h2><span style=\"font-size: 14pt;\">Embalaje y almacenamiento<\/span><\/h2>\n<p>Los blancos de pulverizaci\u00f3n cat\u00f3dica de CuNi se empaquetan en un embalaje protector multicapa personalizado profesionalmente, con los objetivos colocados en cajas de cart\u00f3n resistentes o cajas de madera.<\/p>\n<p>Los objetivos de pulverizaci\u00f3n cat\u00f3dica de CuNi deben almacenarse en un ambiente seco, bien ventilado y a temperatura estable y, al mismo tiempo, se debe evitar que los objetivos entren en contacto con sustancias corrosivas como \u00e1cidos, \u00e1lcalis y otras sustancias corrosivas, as\u00ed como con fuertes campos magn\u00e9ticos y campos el\u00e9ctricos, para evitar que cambien la composici\u00f3n qu\u00edmica y las propiedades f\u00edsicas de los objetivos.<\/p>\n","protected":false},"excerpt":{"rendered":"<p>El objetivo de pulverizaci\u00f3n cat\u00f3dica de Aleaci\u00f3n de cobre y n\u00edquel es un tipo de material objetivo sintetizado por cobre y n\u00edquel en una cierta proporci\u00f3n. Estos objetivos de pulverizaci\u00f3n cat\u00f3dica muestran un excelente rendimiento general y tienen una amplia gama de aplicaciones en electr\u00f3nica, \u00f3ptica, energ\u00eda y muchos otros campos.<\/p>\n","protected":false},"featured_media":1003246,"comment_status":"open","ping_status":"closed","template":"","meta":{"_acf_changed":false},"product_brand":[],"product_cat":[178],"product_tag":[],"class_list":{"0":"post-1036548","1":"product","2":"type-product","3":"status-publish","4":"has-post-thumbnail","6":"product_cat-catodos-para-sputtering-planar","8":"first","9":"instock","10":"shipping-taxable","11":"purchasable","12":"product-type-variable"},"acf":[],"_links":{"self":[{"href":"https:\/\/vimaterial.de\/es\/wp-json\/wp\/v2\/product\/1036548","targetHints":{"allow":["GET"]}}],"collection":[{"href":"https:\/\/vimaterial.de\/es\/wp-json\/wp\/v2\/product"}],"about":[{"href":"https:\/\/vimaterial.de\/es\/wp-json\/wp\/v2\/types\/product"}],"replies":[{"embeddable":true,"href":"https:\/\/vimaterial.de\/es\/wp-json\/wp\/v2\/comments?post=1036548"}],"wp:featuredmedia":[{"embeddable":true,"href":"https:\/\/vimaterial.de\/es\/wp-json\/wp\/v2\/media\/1003246"}],"wp:attachment":[{"href":"https:\/\/vimaterial.de\/es\/wp-json\/wp\/v2\/media?parent=1036548"}],"wp:term":[{"taxonomy":"product_brand","embeddable":true,"href":"https:\/\/vimaterial.de\/es\/wp-json\/wp\/v2\/product_brand?post=1036548"},{"taxonomy":"product_cat","embeddable":true,"href":"https:\/\/vimaterial.de\/es\/wp-json\/wp\/v2\/product_cat?post=1036548"},{"taxonomy":"product_tag","embeddable":true,"href":"https:\/\/vimaterial.de\/es\/wp-json\/wp\/v2\/product_tag?post=1036548"}],"curies":[{"name":"wp","href":"https:\/\/api.w.org\/{rel}","templated":true}]}}