{"id":1036545,"date":"2024-08-16T11:21:16","date_gmt":"2024-08-16T03:21:16","guid":{"rendered":"https:\/\/vimaterial.de\/product\/seleniuro-de-indio-5\/"},"modified":"2025-02-07T14:05:47","modified_gmt":"2025-02-07T06:05:47","slug":"seleniuro-de-indio-5","status":"publish","type":"product","link":"https:\/\/vimaterial.de\/es\/product\/seleniuro-de-indio-5\/","title":{"rendered":"Seleniuro de indio"},"content":{"rendered":"<p>Los gr\u00e1nulos <span style=\"color: #0000ff;\"><a style=\"color: #0000ff;\" href=\"https:\/\/vimaterial.de\/es\/product\/seleniuro-de-indio\/\">de seleniuro de indio<\/a><\/span> son un material semiconductor avanzado. Estas part\u00edculas tienen una estructura \u00fanica en capas y exhiben una apariencia negra o gris oscuro. El In\u2082Se\u2083 se utiliza en aplicaciones de semiconductores, optoelectr\u00f3nica e infrarroja.<\/p>\n<p>VIMATERIAL es un innovador qu\u00edmico de vanguardia centrado en el desarrollo de materiales de alto rendimiento para aplicaciones de ingenier\u00eda avanzada. Nuestras part\u00edculas In\u2082Se\u2083 se caracterizan por su alta pureza, rendimiento estable, soporte para pedidos peque\u00f1os, inventario suficiente y plazos de entrega cortos. Tambi\u00e9n ofrecemos servicios personalizados de encuadernaci\u00f3n de objetivos y damos la bienvenida a todo tipo de personalizaci\u00f3n de productos y necesidades experimentales. No dude <span style=\"color: #0000ff;\"><a style=\"color: #0000ff;\" href=\"https:\/\/vimaterial.de\/es\/contacto\/\">en ponerse en contacto con nosotros<\/a><\/span> para cualquiera de sus necesidades.<\/p>\n<h2><span style=\"font-size: 14pt;\">Caracter\u00edsticas<\/span><\/h2>\n<p>F\u00f3rmula molecular: In\u2082Se\u2083<\/p>\n<p>Peso molecular: 466.52<\/p>\n<p>Aspecto: part\u00edculas negras con una morfolog\u00eda de part\u00edcula \u00fanica<\/p>\n<p>Densidad: 5,67 g\/cm3<\/p>\n<p>Punto de fusi\u00f3n: 890\u00b0C<\/p>\n<p>Estructura cristalina: Se compone principalmente de estructuras cristalinas \u03b1, \u03b2, \u03b3, \u03b4 y \u03ba. Entre ellos, \u03b1-In\u2082Se\u2083 y \u03b3-In\u2082Se\u2083 son estables a temperatura ambiente.<\/p>\n<h2><span style=\"font-size: 14pt;\">Aplicaciones<\/span><\/h2>\n<p>Dispositivos fotovoltaicos: Los gr\u00e1nulos de selenuro de indio son ampliamente utilizados en la fabricaci\u00f3n de c\u00e9lulas solares debido a sus excelentes propiedades fotovoltaicas. Pueden mejorar eficazmente la eficiencia de conversi\u00f3n fotoel\u00e9ctrica y hacer m\u00e1s eficiente la utilizaci\u00f3n de la energ\u00eda solar. Adem\u00e1s, son vitales en la producci\u00f3n de fotodetectores, que desempe\u00f1an un papel clave en las aplicaciones de detecci\u00f3n \u00f3ptica, como las comunicaciones \u00f3pticas y la monitorizaci\u00f3n ambiental.<\/p>\n<p>Materiales semiconductores: Los gr\u00e1nulos de In\u2082Se\u2083 son materias primas importantes para la preparaci\u00f3n de transistores y circuitos integrados. Su aplicaci\u00f3n puede mejorar significativamente el rendimiento y la estabilidad de los dispositivos semiconductores.<\/p>\n<p>\u00d3ptica infrarroja: Con buenas propiedades \u00f3pticas en la banda infrarroja, estas part\u00edculas se pueden utilizar para fabricar ventanas y lentes infrarrojas. Estos componentes son ampliamente utilizados en sistemas de im\u00e1genes infrarrojas, dispositivos de visi\u00f3n nocturna y dispositivos de detecci\u00f3n t\u00e9rmica, lo que permite la detecci\u00f3n y la obtenci\u00f3n de im\u00e1genes de objetos en el rango infrarrojo.<\/p>\n<p>Materiales termoel\u00e9ctricos: El In\u2082Se\u2083 tiene ciertas propiedades termoel\u00e9ctricas, que se pueden aplicar en el campo de la generaci\u00f3n de energ\u00eda termoel\u00e9ctrica y la refrigeraci\u00f3n termoel\u00e9ctrica. Permite la interconversi\u00f3n de energ\u00eda t\u00e9rmica y el\u00e9ctrica, proporcionando nuevas soluciones para aplicaciones eficientes de calefacci\u00f3n, refrigeraci\u00f3n y generaci\u00f3n de energ\u00eda, especialmente en algunos escenarios de microenerg\u00eda y recuperaci\u00f3n de calor residual.<\/p>\n<h2><span style=\"font-size: 14pt;\">Control de calidad<\/span><\/h2>\n<p><span style=\"color: #0000ff;\"><a style=\"color: #0000ff;\" href=\"https:\/\/vimaterial.de\/es\/control-de-calidad\/\">Nuestros productos<\/a><\/span> siguen un estricto sistema de gesti\u00f3n de calidad. Desde la inspecci\u00f3n entrante de las materias primas, a trav\u00e9s de todo el proceso de producci\u00f3n, hasta la inspecci\u00f3n final y ex f\u00e1brica, existen estrictos est\u00e1ndares de inspecci\u00f3n. Para los productos no calificados, tomaremos estrictas medidas de aislamiento para evitar que ingresen al pr\u00f3ximo proceso de producci\u00f3n. A petici\u00f3n del cliente, podemos proporcionar muestras para su reinspecci\u00f3n para garantizar que nuestros productos cumplan plenamente con los altos est\u00e1ndares de calidad esperados por nuestros clientes.<\/p>\n<h2><span style=\"font-size: 14pt;\">Embalaje y almacenamiento<\/span><\/h2>\n<p>Los gr\u00e1nulos de selenuro de indio se envasan en bolsas de doble vac\u00edo o botellas de doble vac\u00edo con cajas de cart\u00f3n externas para mayor protecci\u00f3n.<\/p>\n<p>Los gr\u00e1nulos de selenuro de indio deben almacenarse en un ambiente fresco y seco, lejos del aire y la humedad para evitar la oxidaci\u00f3n y el deterioro.<\/p>\n","protected":false},"excerpt":{"rendered":"<p>Los gr\u00e1nulos <span style=\"color: #0000ff;\"><a style=\"color: #0000ff;\" href=\"https:\/\/vimaterial.de\/es\/product\/seleniuro-de-indio\/\">de seleniuro de indio<\/a><\/span> son un material semiconductor avanzado. Estas part\u00edculas tienen una estructura \u00fanica en capas y exhiben una apariencia negra o gris oscuro. El In\u2082Se\u2083 se utiliza en aplicaciones de semiconductores, optoelectr\u00f3nica e infrarroja.<\/p>\n","protected":false},"featured_media":1036334,"comment_status":"open","ping_status":"closed","template":"","meta":{"_acf_changed":false},"product_brand":[],"product_cat":[179],"product_tag":[],"class_list":{"0":"post-1036545","1":"product","2":"type-product","3":"status-publish","4":"has-post-thumbnail","6":"product_cat-materiales-de-evaporacion","8":"first","9":"instock","10":"shipping-taxable","11":"product-type-variable"},"acf":[],"_links":{"self":[{"href":"https:\/\/vimaterial.de\/es\/wp-json\/wp\/v2\/product\/1036545","targetHints":{"allow":["GET"]}}],"collection":[{"href":"https:\/\/vimaterial.de\/es\/wp-json\/wp\/v2\/product"}],"about":[{"href":"https:\/\/vimaterial.de\/es\/wp-json\/wp\/v2\/types\/product"}],"replies":[{"embeddable":true,"href":"https:\/\/vimaterial.de\/es\/wp-json\/wp\/v2\/comments?post=1036545"}],"wp:featuredmedia":[{"embeddable":true,"href":"https:\/\/vimaterial.de\/es\/wp-json\/wp\/v2\/media\/1036334"}],"wp:attachment":[{"href":"https:\/\/vimaterial.de\/es\/wp-json\/wp\/v2\/media?parent=1036545"}],"wp:term":[{"taxonomy":"product_brand","embeddable":true,"href":"https:\/\/vimaterial.de\/es\/wp-json\/wp\/v2\/product_brand?post=1036545"},{"taxonomy":"product_cat","embeddable":true,"href":"https:\/\/vimaterial.de\/es\/wp-json\/wp\/v2\/product_cat?post=1036545"},{"taxonomy":"product_tag","embeddable":true,"href":"https:\/\/vimaterial.de\/es\/wp-json\/wp\/v2\/product_tag?post=1036545"}],"curies":[{"name":"wp","href":"https:\/\/api.w.org\/{rel}","templated":true}]}}