{"id":1036537,"date":"2024-08-16T11:21:14","date_gmt":"2024-08-16T03:21:14","guid":{"rendered":"https:\/\/vimaterial.de\/product\/criolita-3\/"},"modified":"2025-02-07T15:41:09","modified_gmt":"2025-02-07T07:41:09","slug":"hexafluoroaluminato-de-sodio-criolita-3","status":"publish","type":"product","link":"https:\/\/vimaterial.de\/es\/product\/hexafluoroaluminato-de-sodio-criolita-3\/","title":{"rendered":"Hexafluoroaluminato de sodio (criolita)"},"content":{"rendered":"<p><a href=\"https:\/\/vimaterial.de\/es\/product\/criolita\/\"><span style=\"color: #0000ff;\">Hexafluoroaluminato de sodio <\/span><\/a>Los gr\u00e1nulos, com\u00fanmente conocidos como criolita, son un material compuesto inorg\u00e1nico con un papel importante en la producci\u00f3n industrial, utilizado principalmente en la industria de fabricaci\u00f3n de vidrio, la industria del esmalte y otras industrias.<\/p>\n<p>El hexafluoroaluminato de sodio de VIMATERIAL ofrece las ventajas de una alta pureza, propiedades f\u00edsicas y qu\u00edmicas estables, soporte para la personalizaci\u00f3n de pedidos de lotes peque\u00f1os, stock suficiente y plazos de entrega cortos. Al mismo tiempo, ofrecemos una gama completa de servicios de personalizaci\u00f3n, ya sea un requisito especial de pellets o una exploraci\u00f3n de aplicaciones innovadoras, puede comunicarse con nosotros en cualquier momento. No dude <span style=\"color: #0000ff;\"><a style=\"color: #0000ff;\" href=\"https:\/\/vimaterial.de\/es\/contacto\/\">en ponerse en contacto con nosotros<\/a> <\/span>para cualquiera de sus necesidades.<\/p>\n<h2><span style=\"font-size: 14pt;\">Propiedades<\/span><\/h2>\n<p>F\u00f3rmula molecular: Na\u2083AlF\u2086<\/p>\n<p>Peso molecular: 209.94<\/p>\n<p>Aspecto: generalmente part\u00edculas blancas o blanquecinas, forma regular y tama\u00f1o de part\u00edcula uniforme.<\/p>\n<p>Punto de fusi\u00f3n: 1009 \u00b0C<\/p>\n<p>Estructura cristalina: Sistema cristalino hexagonal, esta estructura cristalina le da al Na\u2083AlF\u2086 una buena estabilidad qu\u00edmica y propiedades espec\u00edficas de conductividad i\u00f3nica.<\/p>\n<h2><span style=\"font-size: 14pt;\">Aplicaciones<\/span><\/h2>\n<p>Industria de electr\u00f3lisis de aluminio: Es un fundente indispensable en el proceso de electr\u00f3lisis del aluminio. Puede reducir significativamente el punto de fusi\u00f3n de la al\u00famina de aproximadamente 2050 \u00b0C a aproximadamente 1000 \u00b0C, lo que reduce significativamente el consumo de energ\u00eda en el proceso de electr\u00f3lisis.<\/p>\n<p>Industria de fabricaci\u00f3n de vidrio: como aditivo en la producci\u00f3n de vidrio, Na\u2083AlF\u2086 puede reducir la temperatura de fusi\u00f3n del vidrio, mejorar el efecto de clarificaci\u00f3n y homogeneizaci\u00f3n del vidrio, reducir las burbujas e impurezas en el vidrio y mejorar la transparencia y la resistencia mec\u00e1nica del vidrio.<\/p>\n<p>Industria del esmalte: agregar Na\u2083AlF\u2086 en el esmalte puede reducir la temperatura de fusi\u00f3n del esmalte, promover la buena combinaci\u00f3n del esmalte y el sustrato met\u00e1lico y mejorar la resistencia a la corrosi\u00f3n, la resistencia a la abrasi\u00f3n y el brillo de los productos de esmalte.<\/p>\n<p>Industria de fundici\u00f3n: cuando se utiliza en la fundici\u00f3n de aleaci\u00f3n de aluminio, puede refinar el grano, mejorar el rendimiento de fundici\u00f3n y las propiedades mec\u00e1nicas de la aleaci\u00f3n de aluminio. Puede reducir eficazmente los defectos como la porosidad y la contracci\u00f3n en las piezas fundidas, y mejorar la precisi\u00f3n dimensional y la calidad de la superficie de las piezas fundidas.<\/p>\n<h2><span style=\"font-size: 14pt;\">Control de calidad<\/span><\/h2>\n<p><span style=\"color: #0000ff;\"><a style=\"color: #0000ff;\" href=\"https:\/\/vimaterial.de\/es\/control-de-calidad\/\">Cada lote<\/a><\/span> del producto se prueba minuciosa y meticulosamente para determinar indicadores clave como la pureza, la distribuci\u00f3n del tama\u00f1o de part\u00edcula, el punto de fusi\u00f3n y la densidad. Para cualquier producto que no cumpla con el est\u00e1ndar de calidad, tomamos inmediatamente estrictas medidas de aislamiento y prohibimos estrictamente que ingrese al siguiente proceso de producci\u00f3n o venta.<\/p>\n<h2><span style=\"font-size: 14pt;\">Embalaje y almacenamiento<\/span><\/h2>\n<p>Los gr\u00e1nulos de hexafluoroaluminato de sodio se envasan en botellas de vac\u00edo seguidas de cajas de cart\u00f3n o bidones de papel.<\/p>\n<p>Los gr\u00e1nulos de hexafluoroaluminato de sodio deben almacenarse en un almac\u00e9n seco y bien ventilado, lejos de la luz solar directa.<\/p>\n","protected":false},"excerpt":{"rendered":"<p><a href=\"https:\/\/vimaterial.de\/es\/product\/criolita\/\"><span style=\"color: #0000ff;\">Hexafluoroaluminato de sodio <\/span><\/a>Los gr\u00e1nulos, com\u00fanmente conocidos como criolita, son un material compuesto inorg\u00e1nico con un papel importante en la producci\u00f3n industrial, utilizado principalmente en la industria de fabricaci\u00f3n de vidrio, la industria del esmalte y otras industrias.<\/p>\n","protected":false},"featured_media":999247,"comment_status":"open","ping_status":"closed","template":"","meta":{"_acf_changed":false},"product_brand":[],"product_cat":[179],"product_tag":[],"class_list":{"0":"post-1036537","1":"product","2":"type-product","3":"status-publish","4":"has-post-thumbnail","6":"product_cat-materiales-de-evaporacion","8":"first","9":"instock","10":"shipping-taxable","11":"product-type-variable"},"acf":[],"_links":{"self":[{"href":"https:\/\/vimaterial.de\/es\/wp-json\/wp\/v2\/product\/1036537","targetHints":{"allow":["GET"]}}],"collection":[{"href":"https:\/\/vimaterial.de\/es\/wp-json\/wp\/v2\/product"}],"about":[{"href":"https:\/\/vimaterial.de\/es\/wp-json\/wp\/v2\/types\/product"}],"replies":[{"embeddable":true,"href":"https:\/\/vimaterial.de\/es\/wp-json\/wp\/v2\/comments?post=1036537"}],"wp:featuredmedia":[{"embeddable":true,"href":"https:\/\/vimaterial.de\/es\/wp-json\/wp\/v2\/media\/999247"}],"wp:attachment":[{"href":"https:\/\/vimaterial.de\/es\/wp-json\/wp\/v2\/media?parent=1036537"}],"wp:term":[{"taxonomy":"product_brand","embeddable":true,"href":"https:\/\/vimaterial.de\/es\/wp-json\/wp\/v2\/product_brand?post=1036537"},{"taxonomy":"product_cat","embeddable":true,"href":"https:\/\/vimaterial.de\/es\/wp-json\/wp\/v2\/product_cat?post=1036537"},{"taxonomy":"product_tag","embeddable":true,"href":"https:\/\/vimaterial.de\/es\/wp-json\/wp\/v2\/product_tag?post=1036537"}],"curies":[{"name":"wp","href":"https:\/\/api.w.org\/{rel}","templated":true}]}}