{"id":1036522,"date":"2024-08-16T11:21:14","date_gmt":"2024-08-16T03:21:14","guid":{"rendered":"https:\/\/vimaterial.de\/product\/ortosilicato-de-magnesio-2\/"},"modified":"2025-02-07T16:11:45","modified_gmt":"2025-02-07T08:11:45","slug":"ortosilicato-de-magnesio-2","status":"publish","type":"product","link":"https:\/\/vimaterial.de\/es\/product\/ortosilicato-de-magnesio-2\/","title":{"rendered":"Ortosilicato de magnesio"},"content":{"rendered":"<p>El polvo de ortosilicato de magnesio es un material compuesto inorg\u00e1nico de gran valor en la ciencia de los materiales y en muchos campos industriales. Con su composici\u00f3n qu\u00edmica y propiedades f\u00edsicas \u00fanicas, se utiliza principalmente en biomedicina, materiales refractarios y otros campos.<\/p>\n<p>VIMATERIAL se centra en la investigaci\u00f3n y el desarrollo en profundidad de materiales de alto rendimiento, y suministramos polvo de ortosilicato de magnesio con las ventajas significativas de alta pureza, rendimiento estable, soporte para la personalizaci\u00f3n de pedidos de lotes peque\u00f1os, stock de inventario suficiente y tiempo de entrega corto. Aceptamos productos personalizados, si tiene alg\u00fan requisito, no dude <span style=\"color: #0000ff;\"><a style=\"color: #0000ff;\" href=\"https:\/\/vimaterial.de\/es\/contacto\/\">en contactarnos.<\/a><\/span><\/p>\n<h2><span style=\"font-size: 14pt;\">Caracter\u00edsticas<\/span><\/h2>\n<p>F\u00f3rmula molecular: Mg\u2082SiO\u2084<\/p>\n<p>Peso molecular: 140.69<\/p>\n<p>Aspecto: polvo blanco de textura fina y uniforme<\/p>\n<p>Densidad: aprox. 3,21 &#8211; 3,34 g\/cm3<\/p>\n<p>Punto de fusi\u00f3n: hasta 1890\u00b0C<\/p>\n<p>Estructura cristalina: El tipo principal de estructura cristalina de magnesio olivino, con la disposici\u00f3n ordenada de tetraedros de s\u00edlice-ox\u00edgeno e iones de magnesio en su estructura cristalina.<\/p>\n<h2><span style=\"font-size: 14pt;\">Aplicaciones<\/span><\/h2>\n<p>Industria cer\u00e1mica: Es una materia prima clave para la preparaci\u00f3n de cer\u00e1mica de alto rendimiento. En la cer\u00e1mica estructural, la adici\u00f3n de polvo de Mg\u2082SiO\u2084 puede mejorar significativamente la resistencia mec\u00e1nica, la dureza y la resistencia al desgaste de las cer\u00e1micas, lo que las hace ampliamente utilizadas en sellos mec\u00e1nicos, herramientas de corte y otros campos.<\/p>\n<p>Campo de material refractario: con alto punto de fusi\u00f3n y buena resistencia al choque t\u00e9rmico, el polvo de ortosilicato de magnesio se ha convertido en una parte importante de los materiales refractarios.<\/p>\n<p>Material adsorbente de protecci\u00f3n del medio ambiente: los agujeros y los sitios tensioactivos en su estructura cristalina hacen que tenga cierta capacidad de adsorci\u00f3n para ciertos iones de metales pesados y contaminantes org\u00e1nicos.<\/p>\n<p>Campo biom\u00e9dico: muestra potencial valor de aplicaci\u00f3n en biocer\u00e1mica. El Mg\u2082SiO\u2084 tiene buena biocompatibilidad y puede utilizarse como materia prima para materiales de reparaci\u00f3n \u00f3sea y para la preparaci\u00f3n de productos como hueso artificial y cemento \u00f3seo.<\/p>\n<h2><span style=\"font-size: 14pt;\">Control de calidad<\/span><\/h2>\n<p><span style=\"color: #0000ff;\"><a style=\"color: #0000ff;\" href=\"https:\/\/vimaterial.de\/es\/control-de-calidad\/\">Hemos establecido un<\/a><\/span> sistema de gesti\u00f3n de calidad estricto y completo en cada paso de la producci\u00f3n de polvo de Mg\u2082SiO\u2084. Por ejemplo, en la inspecci\u00f3n de productos terminados, se utilizan equipos de prueba avanzados, como el difract\u00f3metro de rayos X (XRD), el microscopio electr\u00f3nico de barrido (SEM), el analizador l\u00e1ser de tama\u00f1o de part\u00edcula, etc., para llevar a cabo una prueba completa y detallada de indicadores clave como la pureza, la estructura cristalina, la distribuci\u00f3n del tama\u00f1o de part\u00edcula, el \u00e1rea de superficie espec\u00edfica, etc. de los productos.<\/p>\n<p>Adem\u00e1s, de acuerdo con los requisitos especiales de los clientes, proporcionamos muestras de muestreo de productos para facilitar las pruebas independientes y la evaluaci\u00f3n de calidad de los clientes para garantizar que cada lote de polvo de Mg\u2082SiO\u2084 entregado cumpla o incluso supere las expectativas de los clientes.<\/p>\n<h2><span style=\"font-size: 14pt;\">Embalaje y almacenamiento<\/span><\/h2>\n<p>El polvo de ortosilicato de magnesio se envasa en botellas de doble vac\u00edo seguidas de cajas de cart\u00f3n.<\/p>\n<p>El polvo de ortosilicato de magnesio debe almacenarse en un almac\u00e9n seco y bien ventilado, lejos de la luz solar directa. Al mismo tiempo, debe mantenerse alejado de sustancias corrosivas como \u00e1cidos y \u00e1lcalis, as\u00ed como de oxidantes fuertes para evitar reacciones qu\u00edmicas.<\/p>\n","protected":false},"excerpt":{"rendered":"<p>El polvo de ortosilicato de magnesio es un material compuesto inorg\u00e1nico de gran valor en la ciencia de los materiales y en muchos campos industriales. Con su composici\u00f3n qu\u00edmica y propiedades f\u00edsicas \u00fanicas, se utiliza principalmente en biomedicina, materiales refractarios y otros campos.<\/p>\n","protected":false},"featured_media":999404,"comment_status":"open","ping_status":"closed","template":"","meta":{"_acf_changed":false},"product_brand":[],"product_cat":[187],"product_tag":[],"class_list":{"0":"post-1036522","1":"product","2":"type-product","3":"status-publish","4":"has-post-thumbnail","6":"product_cat-otros-materiales","8":"first","9":"instock","10":"shipping-taxable","11":"purchasable","12":"product-type-variable"},"acf":[],"_links":{"self":[{"href":"https:\/\/vimaterial.de\/es\/wp-json\/wp\/v2\/product\/1036522","targetHints":{"allow":["GET"]}}],"collection":[{"href":"https:\/\/vimaterial.de\/es\/wp-json\/wp\/v2\/product"}],"about":[{"href":"https:\/\/vimaterial.de\/es\/wp-json\/wp\/v2\/types\/product"}],"replies":[{"embeddable":true,"href":"https:\/\/vimaterial.de\/es\/wp-json\/wp\/v2\/comments?post=1036522"}],"wp:featuredmedia":[{"embeddable":true,"href":"https:\/\/vimaterial.de\/es\/wp-json\/wp\/v2\/media\/999404"}],"wp:attachment":[{"href":"https:\/\/vimaterial.de\/es\/wp-json\/wp\/v2\/media?parent=1036522"}],"wp:term":[{"taxonomy":"product_brand","embeddable":true,"href":"https:\/\/vimaterial.de\/es\/wp-json\/wp\/v2\/product_brand?post=1036522"},{"taxonomy":"product_cat","embeddable":true,"href":"https:\/\/vimaterial.de\/es\/wp-json\/wp\/v2\/product_cat?post=1036522"},{"taxonomy":"product_tag","embeddable":true,"href":"https:\/\/vimaterial.de\/es\/wp-json\/wp\/v2\/product_tag?post=1036522"}],"curies":[{"name":"wp","href":"https:\/\/api.w.org\/{rel}","templated":true}]}}