{"id":1036517,"date":"2024-08-16T11:21:13","date_gmt":"2024-08-16T03:21:13","guid":{"rendered":"https:\/\/vimaterial.de\/product\/tetraborato-de-litio\/"},"modified":"2025-02-07T18:00:33","modified_gmt":"2025-02-07T10:00:33","slug":"tetraborato-de-litio","status":"publish","type":"product","link":"https:\/\/vimaterial.de\/es\/product\/tetraborato-de-litio\/","title":{"rendered":"Tetraborato de litio"},"content":{"rendered":"<p>El polvo de tetraborato de litio es un polvo compuesto inorg\u00e1nico de apariencia blanca que se utiliza como fundente, aditivo o reactivo de descomposici\u00f3n de muestras en la fabricaci\u00f3n de vidrio, producci\u00f3n de cer\u00e1mica, industria metal\u00fargica y qu\u00edmica anal\u00edtica.<\/p>\n<p>El polvo de tetraborato de litio de VIMATERIAL tiene las ventajas de una alta pureza, un rendimiento estable, soporte para la personalizaci\u00f3n de pedidos de lotes peque\u00f1os, existencias de inventario suficientes y un plazo de entrega corto. Al mismo tiempo, tambi\u00e9n brindamos servicios de productos personalizados para nuestros clientes, ya sea que se trate de requisitos especiales de pureza, control de distribuci\u00f3n de tama\u00f1o de part\u00edcula o experimentos innovadores de exploraci\u00f3n de aplicaciones, le invitamos a comunicarse y cooperar con nosotros. <span style=\"color: #0000ff;\"><a style=\"color: #0000ff;\" href=\"https:\/\/vimaterial.de\/es\/contacto\/\">P\u00f3ngase en contacto con nosotros<\/a><\/span> si tiene alguna necesidad relacionada.<\/p>\n<h2><span style=\"font-size: 14pt;\">Caracter\u00edstica<\/span><\/h2>\n<p>F\u00f3rmula molecular: Li\u2082B\u2084O\u2087<\/p>\n<p>Peso molecular: 169.12<\/p>\n<p>Aspecto: polvo blanco de textura fina y uniforme<\/p>\n<p>Densidad: alrededor de 2,46 g \/ cm3<\/p>\n<p>Punto de fusi\u00f3n: alrededor de 917 \u00b0C<\/p>\n<p>Estructura cristalina: La estructura cristalina com\u00fan es un sistema cristalino monocl\u00ednico.<\/p>\n<h2><span style=\"font-size: 14pt;\">Aplicaciones<\/span><\/h2>\n<p>Industria de fabricaci\u00f3n de vidrio: Es un fundente y aditivo importante en la producci\u00f3n de vidrio, el polvo de Li\u2082B\u2084O\u2087 puede reducir la temperatura de fusi\u00f3n del vidrio, promover la fusi\u00f3n uniforme de las materias primas del vidrio, reducir las burbujas e impurezas en el vidrio y mejorar la transparencia y la resistencia mec\u00e1nica del vidrio.<\/p>\n<p>Campo cer\u00e1mico: agregar polvo de Li\u2082B\u2084O\u2087 a los espacios en blanco y esmaltes cer\u00e1micos puede reducir la temperatura de cocci\u00f3n de la cer\u00e1mica, acortar el tiempo de cocci\u00f3n y mejorar la eficiencia de producci\u00f3n, as\u00ed como mejorar el brillo de la superficie, la dureza y la resistencia al desgaste de la cer\u00e1mica.<\/p>\n<p>Industria metal\u00fargica: Utilizado como fundente en el proceso metal\u00fargico, puede reducir el punto de fusi\u00f3n y la viscosidad de la escoria, promover la separaci\u00f3n del metal y la escoria, y mejorar la tasa de recuperaci\u00f3n y la pureza del metal. Al mismo tiempo, tambi\u00e9n puede formar una pel\u00edcula protectora en la superficie del metal, reduciendo la p\u00e9rdida oxidativa del metal en el proceso de fusi\u00f3n a alta temperatura.<\/p>\n<p>En el campo de la qu\u00edmica anal\u00edtica: Debido a que el polvo de Li\u2082B\u2084O\u2087 tiene buena solubilidad para muchos \u00f3xidos met\u00e1licos, a menudo se usa en la preparaci\u00f3n de fundentes para la descomposici\u00f3n de muestras de minerales, rocas, etc. para an\u00e1lisis elemental. Es un reactivo de pretratamiento de muestras com\u00fanmente utilizado en t\u00e9cnicas anal\u00edticas modernas como la espectroscopia de fluorescencia de rayos X (XRF) y la espectrometr\u00eda de masas de plasma acoplado inductivamente (ICP &#8211; MS).<\/p>\n<h2><span style=\"font-size: 14pt;\">Control de calidad<\/span><\/h2>\n<p><span style=\"color: #0000ff;\"><a style=\"color: #0000ff;\" href=\"https:\/\/vimaterial.de\/es\/control-de-calidad\/\">Nuestros productos<\/a><\/span> siguen un estricto y exhaustivo sistema de gesti\u00f3n de calidad. En la inspecci\u00f3n de productos terminados, utilizamos equipos de prueba avanzados, como difract\u00f3metro de rayos X (XRD), microscopio electr\u00f3nico de barrido (SEM), analizador l\u00e1ser de tama\u00f1o de part\u00edcula, etc., para llevar a cabo una prueba completa y detallada de indicadores clave como pureza, estructura cristalina, distribuci\u00f3n del tama\u00f1o de part\u00edcula, \u00e1rea de superficie espec\u00edfica, etc. De acuerdo con los requisitos especiales de los clientes, proporcionamos muestras de muestras de productos para facilitar a los clientes la realizaci\u00f3n de pruebas independientes y evaluaciones de calidad.<\/p>\n<h2><span style=\"font-size: 14pt;\">Embalaje y almacenamiento<\/span><\/h2>\n<p>El polvo de tetraborato de litio est\u00e1 empaquetado en una soluci\u00f3n de empaque profesional que protege contra la humedad y la oxidaci\u00f3n. La protecci\u00f3n externa la proporcionan cajas de cart\u00f3n o bidones de papel.<\/p>\n<p>El polvo de tetraborato de litio debe almacenarse en un almac\u00e9n seco y bien ventilado, lejos de la luz solar directa. Al mismo tiempo, debe mantenerse alejado de sustancias corrosivas como \u00e1cidos y \u00e1lcalis, as\u00ed como de oxidantes fuertes para evitar reacciones qu\u00edmicas.<\/p>\n","protected":false},"excerpt":{"rendered":"<p>El polvo de tetraborato de litio es un polvo compuesto inorg\u00e1nico de apariencia blanca que se utiliza como fundente, aditivo o reactivo de descomposici\u00f3n de muestras en la fabricaci\u00f3n de vidrio, producci\u00f3n de cer\u00e1mica, industria metal\u00fargica y qu\u00edmica anal\u00edtica.<\/p>\n","protected":false},"featured_media":998604,"comment_status":"open","ping_status":"closed","template":"","meta":{"_acf_changed":false},"product_brand":[],"product_cat":[180],"product_tag":[],"class_list":{"0":"post-1036517","1":"product","2":"type-product","3":"status-publish","4":"has-post-thumbnail","6":"product_cat-materiales-de-la-bateria","8":"first","9":"instock","10":"shipping-taxable","11":"purchasable","12":"product-type-variable"},"acf":[],"_links":{"self":[{"href":"https:\/\/vimaterial.de\/es\/wp-json\/wp\/v2\/product\/1036517","targetHints":{"allow":["GET"]}}],"collection":[{"href":"https:\/\/vimaterial.de\/es\/wp-json\/wp\/v2\/product"}],"about":[{"href":"https:\/\/vimaterial.de\/es\/wp-json\/wp\/v2\/types\/product"}],"replies":[{"embeddable":true,"href":"https:\/\/vimaterial.de\/es\/wp-json\/wp\/v2\/comments?post=1036517"}],"wp:featuredmedia":[{"embeddable":true,"href":"https:\/\/vimaterial.de\/es\/wp-json\/wp\/v2\/media\/998604"}],"wp:attachment":[{"href":"https:\/\/vimaterial.de\/es\/wp-json\/wp\/v2\/media?parent=1036517"}],"wp:term":[{"taxonomy":"product_brand","embeddable":true,"href":"https:\/\/vimaterial.de\/es\/wp-json\/wp\/v2\/product_brand?post=1036517"},{"taxonomy":"product_cat","embeddable":true,"href":"https:\/\/vimaterial.de\/es\/wp-json\/wp\/v2\/product_cat?post=1036517"},{"taxonomy":"product_tag","embeddable":true,"href":"https:\/\/vimaterial.de\/es\/wp-json\/wp\/v2\/product_tag?post=1036517"}],"curies":[{"name":"wp","href":"https:\/\/api.w.org\/{rel}","templated":true}]}}