{"id":1036506,"date":"2024-08-16T11:21:14","date_gmt":"2024-08-16T03:21:14","guid":{"rendered":"https:\/\/vimaterial.de\/product\/ortosilicato-de-magnesio\/"},"modified":"2025-02-07T17:11:23","modified_gmt":"2025-02-07T09:11:23","slug":"ortosilicato-de-magnesio","status":"publish","type":"product","link":"https:\/\/vimaterial.de\/es\/product\/ortosilicato-de-magnesio\/","title":{"rendered":"Ortosilicato de magnesio"},"content":{"rendered":"<p>El objetivo de pulverizaci\u00f3n cat\u00f3dica de <span style=\"color: #0000ff;\"><a style=\"color: #0000ff;\" href=\"https:\/\/vimaterial.de\/es\/product\/ortosilicato-de-magnesio\/\">ortosilicato de magnesio <\/a><\/span>es un material de pulverizaci\u00f3n cat\u00f3dica de alto rendimiento con un papel clave en el campo del tratamiento de superficies de materiales y la preparaci\u00f3n de pel\u00edculas delgadas. Con su composici\u00f3n qu\u00edmica \u00fanica y estructura cristalina, se puede aplicar en los campos de la \u00f3ptica, la electr\u00f3nica, la energ\u00eda, etc.<\/p>\n<p>VIMATERIAL siempre se centra en la investigaci\u00f3n y el desarrollo en profundidad y en la producci\u00f3n innovadora de materiales de alto rendimiento, y se compromete a proporcionar soluciones objetivo fiables y de alta calidad para diversas aplicaciones de ingenier\u00eda avanzada. Nuestro objetivo de pulverizaci\u00f3n cat\u00f3dica de ortosilicato de magnesio es bien conocido por su alta pureza, rendimiento de pulverizaci\u00f3n cat\u00f3dica estable, flexibilidad para aceptar pedidos peque\u00f1os, garant\u00eda de stock suficiente y ciclo de entrega r\u00e1pido. <span style=\"color: #0000ff;\"><a style=\"color: #0000ff;\" href=\"https:\/\/vimaterial.de\/es\/contacto\/\">Contacta con nosotros<\/a> <\/span>para cualquier duda o necesidad.<\/p>\n<h2><span style=\"font-size: 14pt;\">Caracter\u00edsticas<\/span><\/h2>\n<p>F\u00f3rmula qu\u00edmica: Mg\u2082SiO\u2084.<\/p>\n<p>Densidad te\u00f3rica: aprox. 3,21 &#8211; 3,34 g\/cm3<\/p>\n<p>Punto de fusi\u00f3n: hasta 1890\u00b0C<\/p>\n<p>Estructura cristalina: muestra principalmente la estructura cristalina de magnesio olivino, la disposici\u00f3n ordenada de los tetraedros de s\u00edlice-ox\u00edgeno y los iones de magnesio forma una estructura de red cristalina estable.<\/p>\n<h2><span style=\"font-size: 14pt;\">Aplicaciones<\/span><\/h2>\n<p>Campo de la pel\u00edcula \u00f3ptica: Tiene aplicaciones importantes en la preparaci\u00f3n de filtros \u00f3pticos, pel\u00edculas reflectantes y que mejoran la transmitancia, etc. Las pel\u00edculas preparadas por pulverizaci\u00f3n cat\u00f3dica de ortilicato de magnesio tienen buenas propiedades \u00f3pticas.<\/p>\n<p>Campo de dispositivos electr\u00f3nicos: se utiliza para preparar la capa aislante, la capa de pasivaci\u00f3n y la capa tamp\u00f3n en dispositivos electr\u00f3nicos.<\/p>\n<p>En el campo del almacenamiento y conversi\u00f3n de energ\u00eda: tiene aplicaciones potenciales en la modificaci\u00f3n superficial de materiales de electrodos para bater\u00edas de iones de litio y en la preparaci\u00f3n de pel\u00edculas de electrolitos de estado s\u00f3lido.<\/p>\n<p>Campo de los recubrimientos biom\u00e9dicos: debido a la buena biocompatibilidad del Mg\u2082SiO\u2084, su material objetivo se puede utilizar para preparar recubrimientos biom\u00e9dicos.<\/p>\n<h2><span style=\"font-size: 14pt;\">Control de calidad<\/span><\/h2>\n<p><span style=\"color: #0000ff;\"><a style=\"color: #0000ff;\" href=\"https:\/\/vimaterial.de\/es\/control-de-calidad\/\">Nuestros productos<\/a><\/span> siguen un sistema de gesti\u00f3n de calidad integral y estricto para controlar la calidad del producto desde la fuente. En la etapa de inspecci\u00f3n del producto terminado, se utilizan equipos de prueba avanzados, como el espectr\u00f3metro de fluorescencia de rayos X (XRF), el microscopio electr\u00f3nico de barrido (SEM), el espectr\u00f3metro de energ\u00eda (EDS), etc., para llevar a cabo una inspecci\u00f3n completa y detallada de los \u00edndices clave, como la pureza, la densidad, la estructura organizativa, la planitud, la rugosidad y el rendimiento de pulverizaci\u00f3n cat\u00f3dica del material objetivo.<\/p>\n<h2><span style=\"font-size: 14pt;\">Embalaje y almacenamiento<\/span><\/h2>\n<p>Los objetivos de pulverizaci\u00f3n cat\u00f3dica de ortosilicato de magnesio se empaquetan en bolsas de vac\u00edo dobles y luego se empaquetan, y finalmente los objetivos se colocan en cajas de cart\u00f3n fuertes o cajas de madera.<\/p>\n<p>Los objetivos de pulverizaci\u00f3n cat\u00f3dica de ortosilicato de magnesio deben almacenarse en un ambiente seco, bien ventilado y a temperatura estable, al mismo tiempo, para evitar el objetivo y las sustancias \u00e1cidas, alcalinas y otras corrosivas, as\u00ed como un fuerte campo magn\u00e9tico, contacto con el campo el\u00e9ctrico, para evitar que cambien la composici\u00f3n qu\u00edmica y las propiedades f\u00edsicas del objetivo.<\/p>\n","protected":false},"excerpt":{"rendered":"<p>El objetivo de pulverizaci\u00f3n cat\u00f3dica de <span style=\"color: #0000ff;\"><a style=\"color: #0000ff;\" href=\"https:\/\/vimaterial.de\/es\/product\/ortosilicato-de-magnesio\/\">ortosilicato de magnesio <\/a><\/span>es un material de pulverizaci\u00f3n cat\u00f3dica de alto rendimiento con un papel clave en el campo del tratamiento de superficies de materiales y la preparaci\u00f3n de pel\u00edculas delgadas. Con su composici\u00f3n qu\u00edmica \u00fanica y estructura cristalina, se puede aplicar en los campos de la \u00f3ptica, la electr\u00f3nica, la energ\u00eda, etc.<\/p>\n","protected":false},"featured_media":999404,"comment_status":"open","ping_status":"closed","template":"","meta":{"_acf_changed":false},"product_brand":[],"product_cat":[178],"product_tag":[],"class_list":{"0":"post-1036506","1":"product","2":"type-product","3":"status-publish","4":"has-post-thumbnail","6":"product_cat-catodos-para-sputtering-planar","8":"first","9":"instock","10":"shipping-taxable","11":"product-type-variable"},"acf":[],"_links":{"self":[{"href":"https:\/\/vimaterial.de\/es\/wp-json\/wp\/v2\/product\/1036506","targetHints":{"allow":["GET"]}}],"collection":[{"href":"https:\/\/vimaterial.de\/es\/wp-json\/wp\/v2\/product"}],"about":[{"href":"https:\/\/vimaterial.de\/es\/wp-json\/wp\/v2\/types\/product"}],"replies":[{"embeddable":true,"href":"https:\/\/vimaterial.de\/es\/wp-json\/wp\/v2\/comments?post=1036506"}],"wp:featuredmedia":[{"embeddable":true,"href":"https:\/\/vimaterial.de\/es\/wp-json\/wp\/v2\/media\/999404"}],"wp:attachment":[{"href":"https:\/\/vimaterial.de\/es\/wp-json\/wp\/v2\/media?parent=1036506"}],"wp:term":[{"taxonomy":"product_brand","embeddable":true,"href":"https:\/\/vimaterial.de\/es\/wp-json\/wp\/v2\/product_brand?post=1036506"},{"taxonomy":"product_cat","embeddable":true,"href":"https:\/\/vimaterial.de\/es\/wp-json\/wp\/v2\/product_cat?post=1036506"},{"taxonomy":"product_tag","embeddable":true,"href":"https:\/\/vimaterial.de\/es\/wp-json\/wp\/v2\/product_tag?post=1036506"}],"curies":[{"name":"wp","href":"https:\/\/api.w.org\/{rel}","templated":true}]}}