{"id":1035063,"date":"2024-07-02T10:00:16","date_gmt":"2024-07-02T02:00:16","guid":{"rendered":"https:\/\/vimaterial.de\/product\/barco-crucible\/"},"modified":"2025-02-08T17:33:30","modified_gmt":"2025-02-08T09:33:30","slug":"barco-crisol","status":"publish","type":"product","link":"https:\/\/vimaterial.de\/es\/product\/barco-crisol\/","title":{"rendered":"Barco\/Crisol"},"content":{"rendered":"<p>El bote de crisol es un contenedor de alta temperatura que se utiliza para el manejo eficiente de metales fundidos o muestras qu\u00edmicas. Fabricado con materiales de alta pureza, ofrece una excelente estabilidad t\u00e9rmica y resistencia qu\u00edmica, lo que garantiza un rendimiento fiable en condiciones extremas.<\/p>\n<p>&nbsp;<\/p>\n<p>Un crisol es un recipiente dise\u00f1ado para calentar, fundir y procesar metales, vidrio y otros materiales a altas temperaturas. Fabricado con materiales duraderos, proporciona una excepcional resistencia al calor y a la corrosi\u00f3n, lo que lo hace ideal para la metalurgia, la ciencia de los materiales y las pruebas de laboratorio.<\/p>\n<p>&nbsp;<\/p>\n<p>Los principales materiales de crisol producidos por nuestra empresa son:<\/p>\n<p>1. Crisol de cuarzo: hecho principalmente de cuarzo de alta pureza, con resistencia a altas temperaturas, resistencia a \u00e1cidos y \u00e1lcalis y otras caracter\u00edsticas.<\/p>\n<p>2. Crisol cer\u00e1mico: generalmente hecho de materiales cer\u00e1micos como la al\u00famina, con buena estabilidad qu\u00edmica.<\/p>\n<p>3. Crisol de grafito: hecho de material de grafito, puede soportar altas temperaturas y tiene buena conductividad t\u00e9rmica.<\/p>\n<p>4. Los crisoles met\u00e1licos, como los crisoles de platino, los crisoles de n\u00edquel, etc., tienen buena resistencia a altas temperaturas y cierta resistencia a la corrosi\u00f3n<\/p>\n","protected":false},"excerpt":{"rendered":"<p><strong>Nombre:<\/strong>Barco\/Crisol<\/p>\n<p><strong>Material:<\/strong>Personalizable<\/p>\n<p><strong>Pureza:<\/strong>\u226599.95%<\/p>\n<p><strong>Volumen:<\/strong> 5-20mL<\/p>\n<p><strong>Dimensi\u00f3n:<\/strong>Personalizable<\/p>\n<p>&nbsp;<\/p>\n<p>VI HALBLEITERMATERIAL GmbH produce principalmente varios tipos de barcos\/crisoles, y los materiales, tama\u00f1os y capacidades son personalizables. Para m\u00e1s informaci\u00f3n, \u00a1no dudes en ponerte en contacto con nosotros!<\/p>\n","protected":false},"featured_media":1035431,"comment_status":"closed","ping_status":"closed","template":"","meta":{"_acf_changed":false},"product_brand":[],"product_cat":[172],"product_tag":[],"class_list":{"0":"post-1035063","1":"product","2":"type-product","3":"status-publish","4":"has-post-thumbnail","6":"product_cat-reactor-es","8":"first","9":"instock","10":"shipping-taxable","11":"product-type-simple"},"acf":[],"_links":{"self":[{"href":"https:\/\/vimaterial.de\/es\/wp-json\/wp\/v2\/product\/1035063","targetHints":{"allow":["GET"]}}],"collection":[{"href":"https:\/\/vimaterial.de\/es\/wp-json\/wp\/v2\/product"}],"about":[{"href":"https:\/\/vimaterial.de\/es\/wp-json\/wp\/v2\/types\/product"}],"replies":[{"embeddable":true,"href":"https:\/\/vimaterial.de\/es\/wp-json\/wp\/v2\/comments?post=1035063"}],"wp:featuredmedia":[{"embeddable":true,"href":"https:\/\/vimaterial.de\/es\/wp-json\/wp\/v2\/media\/1035431"}],"wp:attachment":[{"href":"https:\/\/vimaterial.de\/es\/wp-json\/wp\/v2\/media?parent=1035063"}],"wp:term":[{"taxonomy":"product_brand","embeddable":true,"href":"https:\/\/vimaterial.de\/es\/wp-json\/wp\/v2\/product_brand?post=1035063"},{"taxonomy":"product_cat","embeddable":true,"href":"https:\/\/vimaterial.de\/es\/wp-json\/wp\/v2\/product_cat?post=1035063"},{"taxonomy":"product_tag","embeddable":true,"href":"https:\/\/vimaterial.de\/es\/wp-json\/wp\/v2\/product_tag?post=1035063"}],"curies":[{"name":"wp","href":"https:\/\/api.w.org\/{rel}","templated":true}]}}