{"id":1035036,"date":"2024-07-02T09:48:43","date_gmt":"2024-07-02T01:48:43","guid":{"rendered":"https:\/\/vimaterial.de\/product\/reactor-hidrotermal\/"},"modified":"2025-03-14T18:24:13","modified_gmt":"2025-03-14T10:24:13","slug":"reactor-hidrotermal","status":"publish","type":"product","link":"https:\/\/vimaterial.de\/es\/product\/reactor-hidrotermal\/","title":{"rendered":"Reactor de s\u00edntesis hidrotermal"},"content":{"rendered":"<p>El reactor de s\u00edntesis hidrotermal se utiliza en recipientes de digesti\u00f3n a alta presi\u00f3n, tambi\u00e9n llamados dispositivos de disoluci\u00f3n, c\u00e1psulas de digesti\u00f3n a presi\u00f3n, reactor t\u00e9rmico de agua, c\u00e1psula de digesti\u00f3n, recipientes de alta presi\u00f3n de PTFE. Utiliza un \u00e1cido fuerte o una base fuerte, un entorno de alta temperatura y alta presi\u00f3n dentro del recipiente para descomponer r\u00e1pidamente las sustancias poco solubles. El reactor se compone principalmente de dos partes: una camisa exterior de acero inoxidable de alta calidad y un revestimiento o c\u00e1mara interior de tefl\u00f3n.<\/p>\n<h2><span style=\"font-size: 14pt;\">Propiedades t\u00e9cnicas del reactor hidrotermal en autoclave<\/span><\/h2>\n<ul style=\"list-style-type: square;\">\n<li>Material \u2013 Cuerpo exterior: acero inoxidable 304<\/li>\n<li>Material \u2013 C\u00e1mara interior: PTFE \/PPL<\/li>\n<li>Volumen: 25 ml, 50 ml, 100 ml, 200 ml, 500 ml, 1000 ml<\/li>\n<li>Partes: Cuerpo del reactor, tapa del reactor, almohadilla inferior, almohadilla superior, revestimiento, tapa del revestimiento<\/li>\n<li>Presi\u00f3n de trabajo &#8211; 5 MPa \/ 10MPa<\/li>\n<li>Temperatura m\u00e1xima de funcionamiento: \u2264 240 \u00b0C (revestimiento de tefl\u00f3n)<\/li>\n<li>Temperatura de funcionamiento segura: 200 \u00b0C (revestimiento de tefl\u00f3n)<\/li>\n<li>Temperatura m\u00e1xima de funcionamiento: \u2264 280 \u00b0C (revestimiento PPL)<\/li>\n<li>Temperatura de funcionamiento segura: 260 \u00b0C (revestimiento PPL)<\/li>\n<li>Velocidad de calentamiento\/enfriamiento &#8211; \u2264 5 \u00b0C (min)<\/li>\n<\/ul>\n<h2><span style=\"font-size: 14pt;\">Caracter\u00edsticas del reactor hidrotermal en autoclave.<\/span><\/h2>\n<ul style=\"list-style-type: disc;\">\n<li>El cuerpo del autoclave presenta una estructura de apertura r\u00e1pida: operaci\u00f3n simple, conveniente y r\u00e1pida, sin necesidad de herramientas.<\/li>\n<li>La protecci\u00f3n contra sobrepresi\u00f3n garantiza la seguridad experimental: El reactor est\u00e1 equipado con un disco de ruptura y protecci\u00f3n contra sobrepresi\u00f3n para el alivio autom\u00e1tico de la presi\u00f3n, lo que garantiza un funcionamiento seguro.<\/li>\n<li>El cuerpo del autoclave est\u00e1 hecho de acero inoxidable forjado 304: material m\u00e1s denso con mayor resistencia a la corrosi\u00f3n y mayor resistencia a la presi\u00f3n, soportando presiones de 5 MPa y 10 MPa.<\/li>\n<li>El revestimiento est\u00e1 hecho de material PTFE de Daikin, Jap\u00f3n: alta resistencia, alta resistencia al calor y excelente resistencia qu\u00edmica. Tambi\u00e9n est\u00e1 disponible un revestimiento de PPL bajo pedido, con una resistencia m\u00e1xima a la temperatura de 260 \u00b0C. <\/li>\n<\/ul>\n<h2><span style=\"font-size: 14pt;\">Campos de aplicaci\u00f3n del reactor hidrotermal en autoclave<\/span><\/h2>\n<ul>\n<li>Laboratorios universitarios<\/li>\n<li>Supervisi\u00f3n de calidad<\/li>\n<li>Vigilancia ambiental<\/li>\n<li>Salud y prevenci\u00f3n de epidemias<\/li>\n<\/ul>\n<h2><span style=\"font-size: 14pt;\">\u00bfC\u00f3mo utilizar el Reactor de S\u00edntesis Hidrotermal?<\/span><\/h2>\n<ul>\n<li>Coloque el reactor hidrotermal sobre una superficie limpia. Gire la varilla de acero inoxidable en sentido contrario a las agujas del reloj, luego gire la tapa principal de acero inoxidable roscada tipo tornillo en sentido contrario a las agujas del reloj hasta que se abra. <\/li>\n<li>Retire el disco superior de acero inoxidable, saque el revestimiento, agregue el solvente requerido en el revestimiento y vuelva a colocarlo en la carcasa exterior de acero inoxidable. A continuaci\u00f3n, coloque el disco superior de acero inoxidable y ci\u00e9rrelo con la cubierta principal. <\/li>\n<li>Finalmente, apri\u00e9telo completamente con la varilla de acero inoxidable y coloque el reactor en el horno.<\/li>\n<\/ul>\n<h2><span style=\"font-size: 14pt;\">Precauciones para el uso del reactor hidrotermal en autoclave<\/span><\/h2>\n<ol>\n<li>Antes de usar el reactor hidrotermal de autoclave, verifique cuidadosamente la presi\u00f3n de vapor saturado del solvente a la temperatura de reacci\u00f3n. Aseg\u00farese de que no exceda la presi\u00f3n m\u00e1xima permitida del reactor antes de su uso. <\/li>\n<li>Cuando utilice el reactor de s\u00edntesis hidrotermal, tenga en cuenta que el revestimiento interior est\u00e1 hecho de PTFE, que tiene un cierto grado de compresibilidad en condiciones de alta temperatura y alta presi\u00f3n. Para el primer uso, no apriete demasiado la tapa del reactor o los tornillos de apriete superiores para evitar una deformaci\u00f3n severa del revestimiento debido a la expansi\u00f3n t\u00e9rmica y la extrusi\u00f3n. <\/li>\n<li>La limpieza adecuada del recipiente de reacci\u00f3n de PTFE antes de su uso puede ayudar a prevenir la contaminaci\u00f3n.<\/li>\n<li>Cuando la temperatura de funcionamiento del reactor hidrotermal en autoclave supera los 150 \u00b0C, se recomienda aplicar una capa de grasa a base de litio de alta temperatura a las roscas antes de apretar la tapa del reactor. Esto evita el desgaste de la rosca del acero inoxidable a altas temperaturas. (Para los modelos con una tapa de reactor plateada, no se requiere lubricaci\u00f3n).  <\/li>\n<li>No utilice el reactor hidrotermal de autoclave en las siguientes condiciones:<\/li>\n<\/ol>\n<ol style=\"list-style-type: lower-alpha;\">\n<li>El disolvente tiene un punto de ebullici\u00f3n inferior a 60 \u00b0C (por ejemplo, \u00e9ter, acetona, diclorometano, etc.).<\/li>\n<li>La reacci\u00f3n genera una gran cantidad de gas.<\/li>\n<li>Los materiales utilizados son inflamables, explosivos o est\u00e1n clasificados como sustancias t\u00f3xicas altamente o extremadamente peligrosas.<\/li>\n<\/ol>\n","protected":false},"excerpt":{"rendered":"<p><strong>Nombre:<\/strong> Reactor de s\u00edntesis hidrotermal<\/p>\n<p><strong>Material de la carcasa exterior:<\/strong> Acero inoxidable (SS-304)<\/p>\n<p><strong>Material de la carcasa interior:<\/strong> PTFE (tefl\u00f3n) \/ PPL<\/p>\n<p><strong>Volumen: <\/strong>25\/50\/100\/200\/500\/1000mL (tama\u00f1o personalizado disponible)<\/p>\n<p><strong>Velocidad de calentamiento y enfriamiento:<\/strong> \u22645 \u00b0C \/ min<\/p>\n<p><strong>Presi\u00f3n de trabajo:<\/strong> 5Mpa \/ 10Mpa<\/p>\n","protected":false},"featured_media":1035007,"comment_status":"closed","ping_status":"closed","template":"","meta":{"_acf_changed":false},"product_brand":[],"product_cat":[172],"product_tag":[],"class_list":{"0":"post-1035036","1":"product","2":"type-product","3":"status-publish","4":"has-post-thumbnail","6":"product_cat-reactor-es","8":"first","9":"instock","10":"shipping-taxable","11":"product-type-simple"},"acf":[],"_links":{"self":[{"href":"https:\/\/vimaterial.de\/es\/wp-json\/wp\/v2\/product\/1035036","targetHints":{"allow":["GET"]}}],"collection":[{"href":"https:\/\/vimaterial.de\/es\/wp-json\/wp\/v2\/product"}],"about":[{"href":"https:\/\/vimaterial.de\/es\/wp-json\/wp\/v2\/types\/product"}],"replies":[{"embeddable":true,"href":"https:\/\/vimaterial.de\/es\/wp-json\/wp\/v2\/comments?post=1035036"}],"wp:featuredmedia":[{"embeddable":true,"href":"https:\/\/vimaterial.de\/es\/wp-json\/wp\/v2\/media\/1035007"}],"wp:attachment":[{"href":"https:\/\/vimaterial.de\/es\/wp-json\/wp\/v2\/media?parent=1035036"}],"wp:term":[{"taxonomy":"product_brand","embeddable":true,"href":"https:\/\/vimaterial.de\/es\/wp-json\/wp\/v2\/product_brand?post=1035036"},{"taxonomy":"product_cat","embeddable":true,"href":"https:\/\/vimaterial.de\/es\/wp-json\/wp\/v2\/product_cat?post=1035036"},{"taxonomy":"product_tag","embeddable":true,"href":"https:\/\/vimaterial.de\/es\/wp-json\/wp\/v2\/product_tag?post=1035036"}],"curies":[{"name":"wp","href":"https:\/\/api.w.org\/{rel}","templated":true}]}}