{"id":1031157,"date":"2024-06-27T19:57:02","date_gmt":"2024-06-27T11:57:02","guid":{"rendered":"https:\/\/vimaterial.de\/product\/iterbio-metalico-7\/"},"modified":"2025-02-11T17:27:03","modified_gmt":"2025-02-11T09:27:03","slug":"iterbio-metalico-7","status":"publish","type":"product","link":"https:\/\/vimaterial.de\/es\/product\/iterbio-metalico-7\/","title":{"rendered":"Iterbio met\u00e1lico"},"content":{"rendered":"<p>El objetivo de tubo <span style=\"color: #0000ff;\"><a style=\"color: #0000ff;\" href=\"https:\/\/vimaterial.de\/es\/product\/iterbio-metalico\/\">de metal de iterbio<\/a> <\/span>es un objetivo de pulverizaci\u00f3n cat\u00f3dica con forma tubular e iterbio como componente principal, que se puede transferir a la superficie de otros objetos a trav\u00e9s del proceso de pulverizaci\u00f3n cat\u00f3dica, y se utiliza principalmente en los campos de fabricaci\u00f3n de semiconductores, recubrimiento \u00f3ptico, experimentos de investigaci\u00f3n cient\u00edfica, c\u00e9lulas solares, pantallas planas, etc.<\/p>\n<p>Podemos aceptar la personalizaci\u00f3n del producto y los experimentos, y respaldar el servicio de enlace de objetivos. Los productos VIMATERIAL admiten paquetes peque\u00f1os, MOQ peque\u00f1o, stock suficiente, buenas ventajas del servicio postventa, si lo necesita, <span style=\"color: #0000ff;\"><a style=\"color: #0000ff;\" href=\"https:\/\/vimaterial.de\/es\/contacto\/\">cont\u00e1ctenos<\/a><\/span>.<\/p>\n<h2><span style=\"font-size: 14pt;\">Caracter\u00edstica<\/span><\/h2>\n<p>F\u00f3rmula molecular: Yb<\/p>\n<p>Peso molecular: 173.0546<\/p>\n<p>Aspecto: generalmente procesado en tubos, mostrando un brillo met\u00e1lico de color blanco plateado.<\/p>\n<p>Densidad: 6,979 g\/cm\u00b3 (\u03b1 fases), 6,54 g\/cm\u00b3 (\u03b2 fases)<\/p>\n<p>Punto de fusi\u00f3n: 824 \u00b0C<\/p>\n<p>Punto de ebullici\u00f3n: 1196\u00b0C<\/p>\n<p>Estructura cristalina: Face Centred Cubic (FCC) a temperatura ambiente.<\/p>\n<h2><span style=\"font-size: 14pt;\">Aplicaciones<\/span><\/h2>\n<p>Electr\u00f3nica: Los objetivos de tubo met\u00e1lico de iterbio se utilizan en la fabricaci\u00f3n de dispositivos electr\u00f3nicos. Las pel\u00edculas delgadas de iterbio formadas por pulverizaci\u00f3n cat\u00f3dica pueden optimizar el rendimiento de los componentes semiconductores y mejorar la estabilidad y la velocidad de funcionamiento de los circuitos integrados.<\/p>\n<p>\u00d3ptica: En el recubrimiento \u00f3ptico, las pel\u00edculas delgadas pulverizadas por los objetivos de tubo de iterbio pueden mejorar las propiedades antirreflectantes y de transmitancia de las lentes \u00f3pticas, mejorando la calidad de imagen de los instrumentos \u00f3pticos.<\/p>\n<p>Magnetismo: Los objetivos de los tubos de iterbio se utilizan para preparar materiales magn\u00e9ticos, lo que ayuda a desarrollar pel\u00edculas magn\u00e9ticas de alto rendimiento para respaldar tecnolog\u00edas como el almacenamiento magn\u00e9tico y los sensores magn\u00e9ticos.<\/p>\n<p>Energ\u00eda: En la fabricaci\u00f3n de c\u00e9lulas solares y electrodos de bater\u00edas, los materiales pulverizados por los objetivos de los tubos de iterbio pueden mejorar la eficiencia de la conversi\u00f3n fotoel\u00e9ctrica y el rendimiento de carga\/descarga de la bater\u00eda, aumentando la eficiencia energ\u00e9tica.<\/p>\n<h2><span style=\"font-size: 14pt;\">Control de calidad<\/span><\/h2>\n<p><span style=\"color: #0000ff;\"><a style=\"color: #0000ff;\" href=\"https:\/\/vimaterial.de\/es\/control-de-calidad\/\">Nuestros productos<\/a> <\/span>se fabrican bajo un estricto sistema de garant\u00eda de calidad para garantizar la confiabilidad de la calidad del producto, adhiri\u00e9ndose a los m\u00e1s altos est\u00e1ndares en todos los aspectos del proceso, desde investigaci\u00f3n y desarrollo, producci\u00f3n hasta env\u00edo y servicio al cliente, todo el proceso se gestiona cuidadosamente y cualquier desviaci\u00f3n o no conformidad se investiga en estricta conformidad con el 8D procedimientos de resoluci\u00f3n de problemas, manteniendo la documentaci\u00f3n completa y la trazabilidad de los lotes.<\/p>\n<h2><span style=\"font-size: 14pt;\">Embalaje y almacenamiento<\/span><\/h2>\n<p>Los objetivos de tubo de metal de iterbio se empaquetan en bolsas de vac\u00edo dobles reforzadas con cajas de madera protectoras de espuma suave.<\/p>\n<p>Los tubos met\u00e1licos de iterbio deben almacenarse en una pel\u00edcula de pl\u00e1stico o en bolsas de vac\u00edo selladas para el embalaje interno, en cajas de madera o cart\u00f3n para el embalaje externo, colocarse verticalmente en estantes o estantes especiales y evitar apilados.<\/p>\n","protected":false},"excerpt":{"rendered":"<p>El objetivo de tubo <span style=\"color: #0000ff;\"><a style=\"color: #0000ff;\" href=\"https:\/\/vimaterial.de\/es\/product\/iterbio-metalico\/\">de metal de iterbio<\/a> <\/span>es un objetivo de pulverizaci\u00f3n cat\u00f3dica con forma tubular e iterbio como componente principal, que se puede transferir a la superficie de otros objetos a trav\u00e9s del proceso de pulverizaci\u00f3n cat\u00f3dica, y se utiliza principalmente en los campos de fabricaci\u00f3n de semiconductores, recubrimiento \u00f3ptico, experimentos de investigaci\u00f3n cient\u00edfica, c\u00e9lulas solares, pantallas planas, etc.<\/p>\n","protected":false},"featured_media":1034933,"comment_status":"open","ping_status":"closed","template":"","meta":{"_acf_changed":false},"product_brand":[],"product_cat":[190,184],"product_tag":[],"class_list":{"0":"post-1031157","1":"product","2":"type-product","3":"status-publish","4":"has-post-thumbnail","6":"product_cat-capsulas-para-sputtering-rotativo","7":"product_cat-materiales-de-tierras-raras","9":"first","10":"instock","11":"shipping-taxable","12":"product-type-variable"},"acf":[],"_links":{"self":[{"href":"https:\/\/vimaterial.de\/es\/wp-json\/wp\/v2\/product\/1031157","targetHints":{"allow":["GET"]}}],"collection":[{"href":"https:\/\/vimaterial.de\/es\/wp-json\/wp\/v2\/product"}],"about":[{"href":"https:\/\/vimaterial.de\/es\/wp-json\/wp\/v2\/types\/product"}],"replies":[{"embeddable":true,"href":"https:\/\/vimaterial.de\/es\/wp-json\/wp\/v2\/comments?post=1031157"}],"wp:featuredmedia":[{"embeddable":true,"href":"https:\/\/vimaterial.de\/es\/wp-json\/wp\/v2\/media\/1034933"}],"wp:attachment":[{"href":"https:\/\/vimaterial.de\/es\/wp-json\/wp\/v2\/media?parent=1031157"}],"wp:term":[{"taxonomy":"product_brand","embeddable":true,"href":"https:\/\/vimaterial.de\/es\/wp-json\/wp\/v2\/product_brand?post=1031157"},{"taxonomy":"product_cat","embeddable":true,"href":"https:\/\/vimaterial.de\/es\/wp-json\/wp\/v2\/product_cat?post=1031157"},{"taxonomy":"product_tag","embeddable":true,"href":"https:\/\/vimaterial.de\/es\/wp-json\/wp\/v2\/product_tag?post=1031157"}],"curies":[{"name":"wp","href":"https:\/\/api.w.org\/{rel}","templated":true}]}}