{"id":1031140,"date":"2024-06-27T19:57:01","date_gmt":"2024-06-27T11:57:01","guid":{"rendered":"https:\/\/vimaterial.de\/product\/iterbio-metalico-6\/"},"modified":"2025-02-11T17:50:08","modified_gmt":"2025-02-11T09:50:08","slug":"iterbio-metalico-6","status":"publish","type":"product","link":"https:\/\/vimaterial.de\/es\/product\/iterbio-metalico-6\/","title":{"rendered":"Iterbio met\u00e1lico"},"content":{"rendered":"<p>El objetivo de pulverizaci\u00f3n cat\u00f3dica de <span style=\"color: #0000ff;\"><a style=\"color: #0000ff;\" href=\"https:\/\/vimaterial.de\/es\/product\/iterbio-metalico\/\">iterbio<\/a> <\/span>es un tipo de objetivo de pulverizaci\u00f3n cat\u00f3dica con iterbio como componente principal, que tiene un brillo met\u00e1lico blanco plateado, buena conductividad el\u00e9ctrica, propiedades \u00f3pticas \u00fanicas y algunas propiedades magn\u00e9ticas, y se utiliza principalmente en el campo de la electr\u00f3nica, la \u00f3ptica y la energ\u00eda.<\/p>\n<p>Somos capaces de realizar productos personalizados y proyectos experimentales, y apoyamos plenamente el servicio de encuadernaci\u00f3n objetivo, los productos de VIMATERIAL est\u00e1n disponibles en paquetes peque\u00f1os, con MOQ peque\u00f1os, stock suficiente y servicio postventa. No dude <span style=\"color: #0000ff;\"><a style=\"color: #0000ff;\" href=\"https:\/\/vimaterial.de\/es\/contacto\/\">en ponerse en contacto con nosotros<\/a> <\/span>si tiene alguna necesidad relacionada.<\/p>\n<h2><span style=\"font-size: 14pt;\">Caracter\u00edsticas<\/span><\/h2>\n<p>F\u00f3rmula molecular: Yb<\/p>\n<p>Peso molecular: 173.0546<\/p>\n<p>Aspecto: brillo met\u00e1lico de color blanco plateado brillante<\/p>\n<p>Densidad: 6,979 g\/cm\u00b3 (\u03b1 fases), 6,54 g\/cm\u00b3 (\u03b2 fases)<\/p>\n<p>Punto de fusi\u00f3n: 824 \u00b0C<\/p>\n<p>Punto de ebullici\u00f3n: 1196\u00b0C<\/p>\n<p>Estructura cristalina: Face Centred Cubic (FCC) a temperatura ambiente.<\/p>\n<h2><span style=\"font-size: 14pt;\">Aplicaciones<\/span><\/h2>\n<p>Electr\u00f3nica: Las pel\u00edculas delgadas de iterbio formadas por el uso de objetivos de pulverizaci\u00f3n cat\u00f3dica de iterbio en la fabricaci\u00f3n de dispositivos electr\u00f3nicos pueden optimizar eficazmente el rendimiento de los componentes semiconductores y mejorar significativamente la estabilidad y la velocidad de funcionamiento de los circuitos integrados.<\/p>\n<p>Campo \u00f3ptico: Utilizado en recubrimiento \u00f3ptico, la pel\u00edcula delgada pulverizada por el objetivo de pulverizaci\u00f3n cat\u00f3dica de iterbio puede mejorar las propiedades antirreflectantes y de transmitancia de las lentes \u00f3pticas, y mejorar significativamente la calidad de imagen de los instrumentos \u00f3pticos.<\/p>\n<p>Magnetismo: se utiliza en la preparaci\u00f3n de materiales magn\u00e9ticos, para ayudar a desarrollar pel\u00edculas magn\u00e9ticas de alto rendimiento, para almacenamiento magn\u00e9tico y sensores magn\u00e9ticos y otras tecnolog\u00edas de vanguardia para proporcionar un fuerte soporte.<\/p>\n<p>Campo de energ\u00eda: En el proceso de fabricaci\u00f3n de c\u00e9lulas solares y electrodos de bater\u00edas, los materiales pulverizados por los objetivos de pulverizaci\u00f3n cat\u00f3dica de iterbio pueden mejorar efectivamente la eficiencia de conversi\u00f3n fotoel\u00e9ctrica y el rendimiento de carga y descarga de la bater\u00eda, y mejorar a\u00fan m\u00e1s la eficiencia del uso de energ\u00eda.<\/p>\n<h2><span style=\"font-size: 14pt;\">Control de calidad<\/span><\/h2>\n<p><span style=\"color: #0000ff;\"><a style=\"color: #0000ff;\" href=\"https:\/\/vimaterial.de\/es\/control-de-calidad\/\">Nuestros productos<\/a><\/span> se fabrican bajo un estricto sistema de aseguramiento de la calidad que se adhiere a los m\u00e1s altos est\u00e1ndares a lo largo de todo el proceso, desde la investigaci\u00f3n y el desarrollo, la producci\u00f3n hasta el env\u00edo y el servicio al cliente, gestionando cuidadosamente cada paso del proceso. Cualquier desviaci\u00f3n o no conformidad se investiga en profundidad en estricta conformidad con 8D procedimientos de resoluci\u00f3n de problemas, manteniendo al mismo tiempo la documentaci\u00f3n completa y la trazabilidad de los lotes para garantizar la fiabilidad de la calidad del producto.<\/p>\n<h2><span style=\"font-size: 14pt;\">Embalaje y almacenamiento<\/span><\/h2>\n<p>Los objetivos de pulverizaci\u00f3n cat\u00f3dica de iterbio se empaquetan en bolsas de vac\u00edo dobles y se refuerzan con cajas\/cajas protectoras de espuma suave para garantizar la m\u00e1xima seguridad de transporte.<\/p>\n<p>Los objetivos de pulverizaci\u00f3n cat\u00f3dica de iterbio deben almacenarse en un entorno a temperatura ambiente, el rango de temperatura general de 15 \u00b0C -35 \u00b0C es apropiado, el entorno de almacenamiento tambi\u00e9n requiere limpio, sin polvo, aceite y otros contaminantes, para no contaminar el objetivo.<\/p>\n","protected":false},"excerpt":{"rendered":"<p>El objetivo de pulverizaci\u00f3n cat\u00f3dica de <span style=\"color: #0000ff;\"><a style=\"color: #0000ff;\" href=\"https:\/\/vimaterial.de\/es\/product\/iterbio-metalico\/\">iterbio<\/a> <\/span>es un tipo de objetivo de pulverizaci\u00f3n cat\u00f3dica con iterbio como componente principal, que tiene un brillo met\u00e1lico blanco plateado, buena conductividad el\u00e9ctrica, propiedades \u00f3pticas \u00fanicas y algunas propiedades magn\u00e9ticas, y se utiliza principalmente en el campo de la electr\u00f3nica, la \u00f3ptica y la energ\u00eda.<\/p>\n","protected":false},"featured_media":1034928,"comment_status":"open","ping_status":"closed","template":"","meta":{"_acf_changed":false},"product_brand":[],"product_cat":[178,184],"product_tag":[],"class_list":{"0":"post-1031140","1":"product","2":"type-product","3":"status-publish","4":"has-post-thumbnail","6":"product_cat-catodos-para-sputtering-planar","7":"product_cat-materiales-de-tierras-raras","9":"first","10":"instock","11":"shipping-taxable","12":"product-type-variable"},"acf":[],"_links":{"self":[{"href":"https:\/\/vimaterial.de\/es\/wp-json\/wp\/v2\/product\/1031140","targetHints":{"allow":["GET"]}}],"collection":[{"href":"https:\/\/vimaterial.de\/es\/wp-json\/wp\/v2\/product"}],"about":[{"href":"https:\/\/vimaterial.de\/es\/wp-json\/wp\/v2\/types\/product"}],"replies":[{"embeddable":true,"href":"https:\/\/vimaterial.de\/es\/wp-json\/wp\/v2\/comments?post=1031140"}],"wp:featuredmedia":[{"embeddable":true,"href":"https:\/\/vimaterial.de\/es\/wp-json\/wp\/v2\/media\/1034928"}],"wp:attachment":[{"href":"https:\/\/vimaterial.de\/es\/wp-json\/wp\/v2\/media?parent=1031140"}],"wp:term":[{"taxonomy":"product_brand","embeddable":true,"href":"https:\/\/vimaterial.de\/es\/wp-json\/wp\/v2\/product_brand?post=1031140"},{"taxonomy":"product_cat","embeddable":true,"href":"https:\/\/vimaterial.de\/es\/wp-json\/wp\/v2\/product_cat?post=1031140"},{"taxonomy":"product_tag","embeddable":true,"href":"https:\/\/vimaterial.de\/es\/wp-json\/wp\/v2\/product_tag?post=1031140"}],"curies":[{"name":"wp","href":"https:\/\/api.w.org\/{rel}","templated":true}]}}