{"id":1031108,"date":"2024-06-27T19:56:59","date_gmt":"2024-06-27T11:56:59","guid":{"rendered":"https:\/\/vimaterial.de\/product\/iterbio-metalico-4\/"},"modified":"2025-02-12T09:55:00","modified_gmt":"2025-02-12T01:55:00","slug":"iterbio-metalico-4","status":"publish","type":"product","link":"https:\/\/vimaterial.de\/es\/product\/iterbio-metalico-4\/","title":{"rendered":"Iterbio met\u00e1lico"},"content":{"rendered":"<p><span style=\"color: #0000ff;\"><a style=\"color: #0000ff;\" href=\"https:\/\/vimaterial.de\/es\/product\/iterbio-metalico\/\">La l\u00e1mina de iterbio<\/a><\/span> es un material hecho de iterbio como componente principal, procesado en una l\u00e1mina mediante un proceso especial, que, con sus propiedades fisicoqu\u00edmicas \u00fanicas, muestra su valor clave en muchos campos de alta tecnolog\u00eda.<\/p>\n<p>Brindamos servicios personalizados para crear l\u00e1minas de iterbio de acuerdo con sus necesidades especiales, y tambi\u00e9n damos una calurosa bienvenida a la cooperaci\u00f3n en experimentos de investigaci\u00f3n cient\u00edfica. Apoyamos el servicio de encuadernaci\u00f3n de objetivos, que puede ayudarlo a resolver los problemas en la aplicaci\u00f3n de materiales. Nuestros productos se empaquetan en paquetes peque\u00f1os con MOQ bajo, lo que puede reducir efectivamente su costo de compra y la presi\u00f3n del inventario. Al mismo tiempo, tenemos suficiente inventario para garantizar la entrega oportuna y nunca retrasar su cronograma de producci\u00f3n. Adem\u00e1s, tambi\u00e9n ofrecemos una gama completa de servicio postventa de alta calidad, para que no tenga que preocuparse. Si tiene necesidades relacionadas, no dude <span style=\"color: #0000ff;\"><a style=\"color: #0000ff;\" href=\"https:\/\/vimaterial.de\/es\/contacto\/\">en contactarnos<\/a><\/span>.<\/p>\n<h2><span style=\"font-size: 14pt;\">Caracter\u00edstica<\/span><\/h2>\n<p>F\u00f3rmula molecular: Yb<\/p>\n<p>Peso molecular: 173.0546<\/p>\n<p>Apariencia: Similar a una l\u00e1mina, brillante con brillo met\u00e1lico blanco plateado, textura ligera y buena flexibilidad, f\u00e1cil de procesar y operar.<\/p>\n<p>Densidad: 6,979 g\/cm\u00b3 (\u03b1 fases), 6,54 g\/cm\u00b3 (\u03b2 fases)<\/p>\n<p>Punto de fusi\u00f3n: 824 \u00b0C<\/p>\n<p>Punto de ebullici\u00f3n: 1196\u00b0C<\/p>\n<p>Estructura cristalina: Estructura cristalina c\u00fabica centrada en la cara (FCC) a temperatura ambiente, lo que le da a la l\u00e1mina de iterbio propiedades f\u00edsicas estables.<\/p>\n<h2><span style=\"font-size: 14pt;\">Aplicaciones<\/span><\/h2>\n<p>Campo electr\u00f3nico: en la fabricaci\u00f3n de chips electr\u00f3nicos, el papel de iterbio se puede utilizar como material de embalaje electr\u00f3nico especial, utilizando su buena conductividad el\u00e9ctrica y estabilidad t\u00e9rmica, mejora efectivamente la eficiencia de disipaci\u00f3n de calor del chip, para garantizar la estabilidad de los componentes electr\u00f3nicos en la operaci\u00f3n de alta carga, reducir la probabilidad de falla y prolongar la vida \u00fatil del chip.<\/p>\n<p>Campo \u00f3ptico: utilizado en la producci\u00f3n de filtros \u00f3pticos, en virtud de su absorci\u00f3n selectiva de longitudes de onda espec\u00edficas de luz y caracter\u00edsticas de transmitancia, control preciso de la distribuci\u00f3n espectral de la luz, mejora la resoluci\u00f3n de los instrumentos \u00f3pticos y la claridad de las im\u00e1genes.<\/p>\n<p>Campo magn\u00e9tico: es una materia prima importante para la preparaci\u00f3n de pel\u00edcula magn\u00e9tica de alto rendimiento, a trav\u00e9s de un proceso especial de papel de iterbio en una pel\u00edcula magn\u00e9tica, se puede aplicar a dispositivos de almacenamiento magn\u00e9tico, mejorar significativamente la densidad de almacenamiento y la velocidad de lectura y escritura, para que la era del almacenamiento de datos big data brinde un fuerte soporte.<\/p>\n<p>Energ\u00eda: En el desarrollo de nuevas bater\u00edas, la l\u00e1mina de iterbio puede utilizarse como aditivo o capa de modificaci\u00f3n de los materiales de los electrodos de las bater\u00edas para optimizar la estructura y el rendimiento del electrodo, mejorar la eficiencia de carga y descarga y la estabilidad del ciclo de la bater\u00eda, y proporcionar una soluci\u00f3n energ\u00e9tica m\u00e1s eficiente para el desarrollo de veh\u00edculos el\u00e9ctricos. equipos de almacenamiento de energ\u00eda y otros campos.<\/p>\n<h2><span style=\"font-size: 14pt;\">Control de calidad<\/span><\/h2>\n<p><span style=\"color: #0000ff;\"><a style=\"color: #0000ff;\" href=\"https:\/\/vimaterial.de\/es\/control-de-calidad\/\">Hemos establecido<\/a><\/span> un sistema de aseguramiento de calidad riguroso y completo que sigue los m\u00e1s altos est\u00e1ndares en cada paso del proceso, desde el control de origen de las compras de materias primas, hasta cada paso del proceso de producci\u00f3n, el env\u00edo de productos y el servicio al cliente postventa. Durante el proceso de producci\u00f3n, utilizamos equipos y tecnolog\u00eda de prueba avanzados para monitorear nuestros productos en tiempo real, y una vez que se encuentra cualquier desviaci\u00f3n o no conformidad, iniciamos inmediatamente el 8D Procedimiento de resoluci\u00f3n de problemas para llevar a cabo una investigaci\u00f3n y un an\u00e1lisis en profundidad, para garantizar que el problema se resuelva a fondo.<\/p>\n<p>Al mismo tiempo, mantenemos una documentaci\u00f3n detallada de todo el proceso de producci\u00f3n para lograr una trazabilidad completa de cada lote de productos, para que pueda estar seguro de la calidad de nuestros productos.<\/p>\n<h2><span style=\"font-size: 14pt;\">Embalaje y almacenamiento<\/span><\/h2>\n<p>El papel de iterbio se empaqueta en un embalaje protector multicapa, primero envuelto en una pel\u00edcula de pl\u00e1stico bien enrollada, luego se coloca en bolsas de vac\u00edo para la encapsulaci\u00f3n al vac\u00edo y, finalmente, se coloca en cajas de cart\u00f3n personalizadas o cajas de madera, y se rellena con espuma suave y otros materiales de amortiguaci\u00f3n en el interior, para garantizar que no est\u00e9 sujeto a da\u00f1os por colisi\u00f3n y extrusi\u00f3n en el curso del transporte.<\/p>\n<p>El entorno de almacenamiento de papel de iterbio requiere un entorno seco, limpio, alejado del fuego, oxidantes fuertes y productos qu\u00edmicos corrosivos para garantizar la seguridad del entorno de almacenamiento.<\/p>\n","protected":false},"excerpt":{"rendered":"<p><span style=\"color: #0000ff;\"><a style=\"color: #0000ff;\" href=\"https:\/\/vimaterial.de\/es\/product\/iterbio-metalico\/\">La l\u00e1mina de iterbio<\/a><\/span> es un material hecho de iterbio como componente principal, procesado en una l\u00e1mina mediante un proceso especial, que, con sus propiedades fisicoqu\u00edmicas \u00fanicas, muestra su valor clave en muchos campos de alta tecnolog\u00eda.<\/p>\n","protected":false},"featured_media":1034918,"comment_status":"open","ping_status":"closed","template":"","meta":{"_acf_changed":false},"product_brand":[],"product_cat":[184,188],"product_tag":[],"class_list":{"0":"post-1031108","1":"product","2":"type-product","3":"status-publish","4":"has-post-thumbnail","6":"product_cat-materiales-de-tierras-raras","7":"product_cat-perfil","9":"first","10":"instock","11":"shipping-taxable","12":"purchasable","13":"product-type-variable"},"acf":[],"_links":{"self":[{"href":"https:\/\/vimaterial.de\/es\/wp-json\/wp\/v2\/product\/1031108","targetHints":{"allow":["GET"]}}],"collection":[{"href":"https:\/\/vimaterial.de\/es\/wp-json\/wp\/v2\/product"}],"about":[{"href":"https:\/\/vimaterial.de\/es\/wp-json\/wp\/v2\/types\/product"}],"replies":[{"embeddable":true,"href":"https:\/\/vimaterial.de\/es\/wp-json\/wp\/v2\/comments?post=1031108"}],"wp:featuredmedia":[{"embeddable":true,"href":"https:\/\/vimaterial.de\/es\/wp-json\/wp\/v2\/media\/1034918"}],"wp:attachment":[{"href":"https:\/\/vimaterial.de\/es\/wp-json\/wp\/v2\/media?parent=1031108"}],"wp:term":[{"taxonomy":"product_brand","embeddable":true,"href":"https:\/\/vimaterial.de\/es\/wp-json\/wp\/v2\/product_brand?post=1031108"},{"taxonomy":"product_cat","embeddable":true,"href":"https:\/\/vimaterial.de\/es\/wp-json\/wp\/v2\/product_cat?post=1031108"},{"taxonomy":"product_tag","embeddable":true,"href":"https:\/\/vimaterial.de\/es\/wp-json\/wp\/v2\/product_tag?post=1031108"}],"curies":[{"name":"wp","href":"https:\/\/api.w.org\/{rel}","templated":true}]}}